{"id":1201,"date":"2020-06-06T11:04:58","date_gmt":"2020-06-06T11:04:58","guid":{"rendered":"http:\/\/www.taxes4u.co.uk\/?page_id=1201"},"modified":"2026-04-03T21:25:52","modified_gmt":"2026-04-03T21:25:52","slug":"services-self-assessment-tax-return-refund","status":"publish","type":"page","link":"https:\/\/www.taxes4u.co.uk\/lt\/services-self-assessment-tax-return-refund","title":{"rendered":"Pajam\u0173 Deklaravimas ir Mokes\u010di\u0173 Gr\u0105\u017einimas"},"content":{"rendered":"<h5>\n\t\t\t\tPaslaugos\n\t\t\t<\/h5>\n\t<h1>\n\t\t\t\tMokes\u010di\u0173 Deklaracijos ir Mokes\u010di\u0173 Gr\u0105\u017einimas\n\t\t\t<\/h1>\n\t<h4>\ud83d\udd25 \u00a0Promotion: Tax Refund Cost \u00a3120 \u2192 \u00a3100! Contact us now before the offer ends! \ud83d\udd25\u00a0<\/h4>\n\t<h5>\ud83d\udd25 \u00a0Promotion: Tax Refund Cost\u00a0 \u00a3120 \u2192 \u00a3100! \ud83d\udd25 <\/h5>\n\t<h2>\n\t\t\t\tTax Refund - Mokes\u010di\u0173 gr\u0105\u017einimas\n\t\t\t<\/h2>\n\t<h4>\n\t\t\t\tK\u0105 mes si\u016blome\n\t\t\t<\/h4>\n\t\t\t<p>Jei per pastaruosius 4 finansinius metus permok\u0117jote pajam\u0173 mokest\u012f, galime pad\u0117ti jums susigr\u0105\u017einti mokest\u012f. Nedelskite susigr\u0105\u017einti savo pinigus.<\/p>\t\n\t<h4>\n\t\t\t\tDa\u017eniausiai Pasitaikan\u010dios Mokes\u010di\u0173 Permok\u0173 Prie\u017eastys\n\t\t\t<\/h4>\n\t\t\t<p>Mokes\u010di\u0173 gr\u0105\u017einimas - tai permok\u0117t\u0173 mokes\u010di\u0173 gr\u0105\u017einimas. Mokes\u010di\u0173 permok\u0105 galima susigr\u0105\u017einti d\u0117l \u012fvairi\u0173 prie\u017eas\u010di\u0173, pvz:<\/p><ul><li>Dirbote pagal Statybos pramon\u0117s schem\u0105 (CIS) kaip subrangovas (subcontractor)<\/li><li>Nei\u0161dirbote piln\u0173 finansini\u0173 mokestini\u0173 met\u0173.<\/li><li>Pradedate dirbti naujame darbe ir kur\u012f laik\u0105 esate apmokestinamas pagal nepaprastosios pad\u0117ties kod\u0105.<\/li><li>HM Revenue and Customs (HMRC) j\u016bs\u0173 darbdaviui atsiun\u010dia neteising\u0105 mokes\u010di\u0173 kod\u0105 arba darbdavys nenaudoja teisingo kodo.<\/li><li>Esate savaranki\u0161kai dirbantis asmuo ir mokate \u012fmokas \u012f s\u0105skait\u0105 u\u017e kitus metus pagal savaranki\u0161ko apmokestinimo schem\u0105. \u0160ie mok\u0117jimai yra per dideli d\u0117l pasikeitusi\u0173 aplinkybi\u0173, pavyzd\u017eiui, d\u0117l to, kad j\u016bs\u0173 verslas patyr\u0117 nuosmuk\u012f. J\u016bs nepateik\u0117te pra\u0161ymo suma\u017einti \u012fmokas \u012f s\u0105skait\u0105 ir paai\u0161k\u0117ja, kad j\u016bs\u0173 galutin\u0117 mokestin\u0117 prievol\u0117 yra ma\u017eesn\u0117 u\u017e fakti\u0161kai sumok\u0117tus mokes\u010dius.<\/li><li>Turite daugiau nei vien\u0105 darb\u0105. Antroje darboviet\u0117je darbdavys automati\u0161kai i\u0161skai\u010diuos mokes\u010dius pagal pagrindin\u012f tarif\u0105, tod\u0117l galite nepasinaudoti visomis neapmokestinamomis asmenin\u0117mis lengvatomis. Tai da\u017enai taikoma, jei esate studentas arba ma\u017eai apmokamas darbuotojas.<\/li><\/ul>\t\n\t<h4>\n\t\t\t\tM\u016bs\u0173 kaina\n\t\t\t<\/h4>\n\t\t\t<h5>\ud83d\udd25 Promotion: \u00a3120 \u2192 \u00a3100! Contact us now before the offer ends! \ud83d\udd25<\/h5>\t\n\t\t\t<a href=\"http:\/\/www.taxes4u.co.uk\/lt\/contact\/\" title=\"Susisiekite su Dumis Dabar!\" target=\"_blank\" rel=\"noopener\"  role=\"button\" aria-label=\"Susisiekite su Dumis Dabar!\">\n\t\t\t\t\t\t\tSusisiekite su Dumis Dabar!\n\t\t<\/a>\n\t\t\t\t<img decoding=\"async\" src=\"https:\/\/www.taxes4u.co.uk\/wp-content\/uploads\/2025\/04\/Taxes4u-Tax-Return-2025.png\" alt=\"Mokes\u010di\u0173 deklaracija 2025 \u0412\u043e\u0437\u0432\u0440\u0430\u0442 \u041d\u0430\u043b\u043e\u0433\u043e\u0432 \u0432 \u0410\u043d\u0433\u043b\u0438\u0438\" title=\"Taxes4u - Mokes\u010di\u0173 gr\u0105\u017einimas JK 2025\" itemprop=\"image\"\/>\n\t\t\t\t<img decoding=\"async\" src=\"http:\/\/www.taxes4u.co.uk\/wp-content\/uploads\/2019\/06\/feature1-free-img-1.png\" alt=\"Taxes4u. Mokes\u010di\u0173 deklaravimas, mokes\u010di\u0173 gr\u0105\u017einimas, darbo u\u017emokes\u010dio apskaita ir buhalterija\" title=\"Taxes4u. Mokes\u010di\u0173 deklaravimas, mokes\u010di\u0173 gr\u0105\u017einimas, darbo u\u017emokes\u010dio apskaita ir buhalterija\" itemprop=\"image\"\/>\n\t<h2>\n\t\t\t\tSelf Assessment - Mokes\u010di\u0173 Deklaracija\n\t\t\t<\/h2>\n\t<h4>\n\t\t\t\tK\u0105 mes si\u016blome\n\t\t\t<\/h4>\n\t\t\t<p>Apskai\u010diuosime J\u016bs\u0173 savaranki\u0161ko (Self Assessment) mokes\u010di\u0173 apskai\u010diavimo deklaracij\u0105 ir patarsime, kokias i\u0161laidas ir lengvatas galima deklaruoti, kad daugiau nepermok\u0117tum\u0117te pajam\u0173 mokes\u010dio!<\/p>\t\n\t<h4>\n\t\t\t\tMokes\u010di\u0173 Deklaravimas (Self Assessment)\n\t\t\t<\/h4>\n\t\t\t<p>Self Assessment is a system HM Revenue and Customs (HMRC) uses to collect Income Tax.Tax is usually deducted automatically from wages, pension and savings. People and businesses with other income must report it in a Tax Return. You must send a Tax Return if in the last tax year (6 April to 5 April) you were:<ul><li>Savaranki\u0161kai dirbantys kaip individual\u016bs verslininkai ir u\u017edirbantys daugiau nei \u00a31000<\/li><li>Partneris verslo partneryst\u0117je<\/li><\/ul>Mokes\u010di\u0173 deklaracijos paprastai nereikia si\u0173sti, jei vienintel\u0117s j\u016bs\u0173 pajamos yra darbo u\u017emokestis arba pensija. Ta\u010diau jums gali tekti j\u0105 si\u0173sti, jei gaunate kit\u0173 pajam\u0173, pvz:<\/p><ul><li>Pajamos i\u0161 nekilnojamojo turto nuomos<\/li><li>Arbatpinigiai ir komisiniai<\/li><li>Pajamos i\u0161 santaup\u0173, investicij\u0173 ir dividend\u0173<\/li><li>Pajamos i\u0161 u\u017esienio<\/li><li>If you get Child Benefit and your income (or your partner&#8217;s, if you have one) was over \u00a360,000 you may need to send a return and pay the Higher Income Child Benefit Charge<\/li><\/ul>\t\n\t<h4>\n\t\t\t\tM\u016bs\u0173 kaina\n\t\t\t<\/h4>\n\t\t\t<h5>Nuo \u00a360*<\/h5><p>*Price may vary, depends on complexity of calculation<\/p>\t\n\t\t\t<a href=\"http:\/\/www.taxes4u.co.uk\/lt\/contact\/\" title=\"Susisiekite su Dumis Dabar!\" target=\"_blank\" rel=\"noopener\"  role=\"button\" aria-label=\"Susisiekite su Dumis Dabar!\">\n\t\t\t\t\t\t\tSusisiekite su Dumis Dabar!\n\t\t<\/a>\n\t\t\t\t<img decoding=\"async\" src=\"http:\/\/www.taxes4u.co.uk\/wp-content\/uploads\/2019\/06\/feature3-free-img-1.png\" alt=\"Mokes\u010di\u0173 deklaravimas, mokes\u010di\u0173 gr\u0105\u017einimas ir hipotekos brokeri\u0173 paslaugos Lietuvoje | Taxes4u\" title=\"Mokes\u010di\u0173 gr\u0105\u017einimas Mokes\u010di\u0173 gr\u0105\u017einimas ir hipotekos brokeris\" itemprop=\"image\"\/>\n\t<h2>\n\t\t\t\tLeistinos individualios veiklos i\u0161laidos\n\t\t\t<\/h2>\n\t<h4>\n\t\t\t\tAp\u017evalga\n\t\t\t<\/h4>\n\t\t\t<p>Jei esate savaranki\u0161kai dirbantis asmuo, j\u016bs\u0173 verslas tur\u0117s \u012fvairi\u0173 einam\u0173j\u0173 i\u0161laid\u0173. Kai kurias i\u0161 \u0161i\u0173 i\u0161laid\u0173 galite nura\u0161yti, kad apskai\u010diuotum\u0117te apmokestinam\u0105 peln\u0105, jei tai yra leid\u017eiamos i\u0161laidos.\u00a0<strong>Pavyzdys:<\/strong>Your turnover is \u00a330,000, and you claim \u00a35,000 in allowable expenses. You only pay tax on the remaining \u00a325,000 &#8211; known as your taxable profit.\u00a0Allowable expenses do not include money taken from your business to pay for private purchases.<\/p>\t\n\t<h4>\n\t\t\t\tI\u0161laidos Kurias Galite Deklaruoti\n\t\t\t<\/h4>\n\t\t\t<p>Kaip leistinas i\u0161laidas:\u00a0<ul><li>ofiso i\u0161laidos, pavyzd\u017eiui, kanceliarin\u0117s prek\u0117s arba telefono i\u0161laidos.<\/li><li>kelioni\u0173 i\u0161laidos, pavyzd\u017eiui, degal\u0173, automobili\u0173 stov\u0117jimo aik\u0161tel\u0117s, traukinio ar autobuso bilietai.<\/li><li>aprangos i\u0161laidos, pavyzd\u017eiui, uniformos.<\/li><li>Darbuotoj\u0173 i\u0161laidos, pavyzd\u017eiui, atlyginimai arba subrangov\u0173 i\u0161laidos.<\/li><li>daiktai, kuriuos perkate tam, kad parduotum\u0117te, pavyzd\u017eiui, atsargos arba \u017ealiavos.\u00a0<\/li><li>finansin\u0117s i\u0161laidos, pavyzd\u017eiui, draudimo ar banko mokes\u010diai.<\/li><li>verslo patalp\u0173 i\u0161laidos, pavyzd\u017eiui, \u0161ildymo, ap\u0161vietimo, verslo rinkliavos.<\/li><li>reklama ar marketingas, pavyzd\u017eiui, interneto svetain\u0117s i\u0161laidos.<\/li><li>su j\u016bs\u0173 verslu susij\u0119 mokymo kursai, pavyzd\u017eiui, kvalifikacijos k\u0117limo kursai.<\/li><li>jei \u012fsigyjate automobil\u012f savo verslui, galite j\u012f priskirti prie kapitalo lengvat\u0173.\u00a0<\/li><\/ul>\u00a0You cannot claim expenses if you use your \u00a31,000 tax-free &#8216;trading allowance&#8217;. The trading allowance is a tax exemption of up to \u00a31000 a year for individuals with trading income.<\/p>\t\n\t<h4>\n\t\t\t\tKaip Ilgai Saugoti Dokumentus\n\t\t\t<\/h4>\n\t\t\t<p>Dokumentus turite saugoti ne trumpiau kaip 5 metus nuo mokestini\u0173 met\u0173 sausio 31 d. termino pabaigos. HM Revenue and Customs (HMRC) gali patikrinti j\u016bs\u0173 apskait\u0105, kad \u012fsitikint\u0173, jog mokate teising\u0105 mokes\u010di\u0173 sum\u0105.<strong>Pavyzdys:<\/strong>Jei i\u0161siunt\u0117te 2023-2024 m. mokes\u010di\u0173 deklaracij\u0105 internetu iki 2025 m. sausio 31 d., privalote saugoti dokumentus ne trumpiau kaip iki 2030 m. sausio pabaigos.<\/p>\t\n\t\t\t<a href=\"http:\/\/www.taxes4u.co.uk\/lt\/contact\/\" title=\"Susisiekite su Dumis Dabar!\" target=\"_blank\" rel=\"noopener\"  role=\"button\" aria-label=\"Susisiekite su Dumis Dabar!\">\n\t\t\t\t\t\t\tSusisiekite su Dumis Dabar!\n\t\t<\/a>\n\t<h5>\n\t\t\t\tNemokamas paslaug\u0173 \u012fvertinimas\n\t\t\t<\/h5>\n\t<h2>\n\t\t\t\tKainos u\u017eklausimas\n\t\t\t<\/h2>\n\t\t\t<p>Norite aptarti buhalterin\u0117s apskaitos paslaugas jums ir j\u016bs\u0173 verslui? Susisiekite ir gaukite nemokam\u0105 ne\u012fpareigojant\u012f pasi\u016blym\u0105.<\/p>\t\n\t\t\t<a href=\"http:\/\/www.taxes4u.co.uk\/lt\/contact\/\" title=\"Gaukite pasi\u016blym\u0105\" target=\"_self\"   role=\"button\" aria-label=\"Gaukite pasi\u016blym\u0105\">\n\t\t\t\t\t\t\tGaukite pasi\u016blym\u0105\n\t\t<\/a>","protected":false},"excerpt":{"rendered":"<p>Services Tax Return and Tax Refund \ud83d\udd25 \u00a0Promotion: Tax Refund Cost \u00a3120 \u2192 \u00a3100! Contact us now before the offer ends! \ud83d\udd25\u00a0 \ud83d\udd25 \u00a0Promotion: Tax Refund Cost\u00a0 \u00a3120 \u2192 \u00a3100! \ud83d\udd25 Tax Refund What we offer If you have overpaid your Income Tax in the last 4 financial years we can help you to get [&hellip;]<\/p>\n","protected":false},"author":1,"featured_media":0,"parent":0,"menu_order":0,"comment_status":"closed","ping_status":"closed","template":"","meta":{"_uag_custom_page_level_css":"","site-sidebar-layout":"default","site-content-layout":"page-builder","ast-site-content-layout":"full-width-container","site-content-style":"unboxed","site-sidebar-style":"unboxed","ast-global-header-display":"","ast-banner-title-visibility":"","ast-main-header-display":"","ast-hfb-above-header-display":"","ast-hfb-below-header-display":"","ast-hfb-mobile-header-display":"","site-post-title":"disabled","ast-breadcrumbs-content":"","ast-featured-img":"disabled","footer-sml-layout":"","ast-disable-related-posts":"","theme-transparent-header-meta":"enabled","adv-header-id-meta":"","stick-header-meta":"default","header-above-stick-meta":"","header-main-stick-meta":"","header-below-stick-meta":"","astra-migrate-meta-layouts":"set","ast-page-background-enabled":"default","ast-page-background-meta":{"desktop":{"background-color":"","background-image":"","background-repeat":"repeat","background-position":"center center","background-size":"auto","background-attachment":"scroll","background-type":"","background-media":"","overlay-type":"","overlay-color":"","overlay-opacity":"","overlay-gradient":""},"tablet":{"background-color":"","background-image":"","background-repeat":"repeat","background-position":"center center","background-size":"auto","background-attachment":"scroll","background-type":"","background-media":"","overlay-type":"","overlay-color":"","overlay-opacity":"","overlay-gradient":""},"mobile":{"background-color":"","background-image":"","background-repeat":"repeat","background-position":"center center","background-size":"auto","background-attachment":"scroll","background-type":"","background-media":"","overlay-type":"","overlay-color":"","overlay-opacity":"","overlay-gradient":""}},"ast-content-background-meta":{"desktop":{"background-color":"var(--ast-global-color-5)","background-image":"","background-repeat":"repeat","background-position":"center center","background-size":"auto","background-attachment":"scroll","background-type":"","background-media":"","overlay-type":"","overlay-color":"","overlay-opacity":"","overlay-gradient":""},"tablet":{"background-color":"var(--ast-global-color-5)","background-image":"","background-repeat":"repeat","background-position":"center center","background-size":"auto","background-attachment":"scroll","background-type":"","background-media":"","overlay-type":"","overlay-color":"","overlay-opacity":"","overlay-gradient":""},"mobile":{"background-color":"var(--ast-global-color-5)","background-image":"","background-repeat":"repeat","background-position":"center center","background-size":"auto","background-attachment":"scroll","background-type":"","background-media":"","overlay-type":"","overlay-color":"","overlay-opacity":"","overlay-gradient":""}},"footnotes":""},"class_list":["post-1201","page","type-page","status-publish","hentry"],"yoast_head":"<!-- This site is optimized with the Yoast SEO plugin v27.4 - https:\/\/yoast.com\/product\/yoast-seo-wordpress\/ -->\n<title>Self Assessment Tax Return and Tax Refund UK | Taxes4u<\/title>\n<meta name=\"description\" content=\"We will calculate your Self Assessment Tax Return and advise on what expenses and allowances can be claimed so you will not overpay your Income Tax anymore.\" \/>\n<meta name=\"robots\" content=\"index, follow, max-snippet:-1, max-image-preview:large, max-video-preview:-1\" \/>\n<link rel=\"canonical\" href=\"https:\/\/www.taxes4u.co.uk\/lt\/services-self-assessment-tax-return-refund\/\" \/>\n<meta property=\"og:locale\" content=\"lt_LT\" \/>\n<meta property=\"og:type\" content=\"article\" \/>\n<meta property=\"og:title\" content=\"Self Assessment Tax Return and Tax Refund UK | Taxes4u\" \/>\n<meta property=\"og:description\" content=\"We will calculate your Self Assessment Tax Return and advise on what expenses and allowances can be claimed so you will not overpay your Income Tax anymore.\" \/>\n<meta property=\"og:url\" content=\"https:\/\/www.taxes4u.co.uk\/lt\/services-self-assessment-tax-return-refund\/\" \/>\n<meta property=\"og:site_name\" content=\"Taxes4u\" \/>\n<meta property=\"article:modified_time\" content=\"2026-04-03T21:25:52+00:00\" \/>\n<meta property=\"og:image\" content=\"https:\/\/www.taxes4u.co.uk\/wp-content\/uploads\/2025\/04\/Taxes4u-Tax-Return-2025.png\" \/>\n<meta name=\"twitter:card\" content=\"summary_large_image\" \/>\n<meta name=\"twitter:label1\" content=\"Est. reading time\" \/>\n\t<meta name=\"twitter:data1\" content=\"4 minut\u0117s\" \/>\n<script type=\"application\/ld+json\" class=\"yoast-schema-graph\">{\"@context\":\"https:\\\/\\\/schema.org\",\"@graph\":[{\"@type\":\"WebPage\",\"@id\":\"https:\\\/\\\/www.taxes4u.co.uk\\\/services-self-assessment-tax-return-refund\",\"url\":\"https:\\\/\\\/www.taxes4u.co.uk\\\/services-self-assessment-tax-return-refund\",\"name\":\"Self Assessment Tax Return and Tax Refund UK | Taxes4u\",\"isPartOf\":{\"@id\":\"https:\\\/\\\/www.taxes4u.co.uk\\\/#website\"},\"primaryImageOfPage\":{\"@id\":\"https:\\\/\\\/www.taxes4u.co.uk\\\/services-self-assessment-tax-return-refund#primaryimage\"},\"image\":{\"@id\":\"https:\\\/\\\/www.taxes4u.co.uk\\\/services-self-assessment-tax-return-refund#primaryimage\"},\"thumbnailUrl\":\"https:\\\/\\\/www.taxes4u.co.uk\\\/wp-content\\\/uploads\\\/2025\\\/04\\\/Taxes4u-Tax-Return-2025.png\",\"datePublished\":\"2020-06-06T11:04:58+00:00\",\"dateModified\":\"2026-04-03T21:25:52+00:00\",\"description\":\"We will calculate your Self Assessment Tax Return and advise on what expenses and allowances can be claimed so you will not overpay your Income Tax anymore.\",\"breadcrumb\":{\"@id\":\"https:\\\/\\\/www.taxes4u.co.uk\\\/services-self-assessment-tax-return-refund#breadcrumb\"},\"inLanguage\":\"lt-LT\",\"potentialAction\":[{\"@type\":\"ReadAction\",\"target\":[\"https:\\\/\\\/www.taxes4u.co.uk\\\/services-self-assessment-tax-return-refund\"]}]},{\"@type\":\"ImageObject\",\"inLanguage\":\"lt-LT\",\"@id\":\"https:\\\/\\\/www.taxes4u.co.uk\\\/services-self-assessment-tax-return-refund#primaryimage\",\"url\":\"https:\\\/\\\/www.taxes4u.co.uk\\\/wp-content\\\/uploads\\\/2025\\\/04\\\/Taxes4u-Tax-Return-2025.png\",\"contentUrl\":\"https:\\\/\\\/www.taxes4u.co.uk\\\/wp-content\\\/uploads\\\/2025\\\/04\\\/Taxes4u-Tax-Return-2025.png\"},{\"@type\":\"BreadcrumbList\",\"@id\":\"https:\\\/\\\/www.taxes4u.co.uk\\\/services-self-assessment-tax-return-refund#breadcrumb\",\"itemListElement\":[{\"@type\":\"ListItem\",\"position\":1,\"name\":\"Home\",\"item\":\"https:\\\/\\\/www.taxes4u.co.uk\\\/\"},{\"@type\":\"ListItem\",\"position\":2,\"name\":\"Tax Return &#038; Refund\"}]},{\"@type\":\"WebSite\",\"@id\":\"https:\\\/\\\/www.taxes4u.co.uk\\\/#website\",\"url\":\"https:\\\/\\\/www.taxes4u.co.uk\\\/\",\"name\":\"Taxes4u\",\"description\":\"Tax Returns, Payroll, Bookkeeping\",\"publisher\":{\"@id\":\"https:\\\/\\\/www.taxes4u.co.uk\\\/#organization\"},\"potentialAction\":[{\"@type\":\"SearchAction\",\"target\":{\"@type\":\"EntryPoint\",\"urlTemplate\":\"https:\\\/\\\/www.taxes4u.co.uk\\\/?s={search_term_string}\"},\"query-input\":{\"@type\":\"PropertyValueSpecification\",\"valueRequired\":true,\"valueName\":\"search_term_string\"}}],\"inLanguage\":\"lt-LT\"},{\"@type\":\"Organization\",\"@id\":\"https:\\\/\\\/www.taxes4u.co.uk\\\/#organization\",\"name\":\"Taxes4u\",\"url\":\"https:\\\/\\\/www.taxes4u.co.uk\\\/\",\"logo\":{\"@type\":\"ImageObject\",\"inLanguage\":\"lt-LT\",\"@id\":\"https:\\\/\\\/www.taxes4u.co.uk\\\/#\\\/schema\\\/logo\\\/image\\\/\",\"url\":\"https:\\\/\\\/www.taxes4u.co.uk\\\/wp-content\\\/uploads\\\/2020\\\/06\\\/cropped-3001_Taxes4u_RB_GR-02.png\",\"contentUrl\":\"https:\\\/\\\/www.taxes4u.co.uk\\\/wp-content\\\/uploads\\\/2020\\\/06\\\/cropped-3001_Taxes4u_RB_GR-02.png\",\"width\":396,\"height\":82,\"caption\":\"Taxes4u\"},\"image\":{\"@id\":\"https:\\\/\\\/www.taxes4u.co.uk\\\/#\\\/schema\\\/logo\\\/image\\\/\"}}]}<\/script>\n<!-- \/ Yoast SEO plugin. -->","yoast_head_json":{"title":"Mokes\u010di\u0173 deklaracija ir gr\u0105\u017einimas JK | Taxes4u","description":"Apskai\u010diuosime j\u016bs\u0173 mokes\u010di\u0173 deklaracij\u0105 ir patarsime, kokias i\u0161laidas bei lengvatas galite reikalauti, kad nebemok\u0117tum\u0117te per daug pajam\u0173 mokes\u010dio.","robots":{"index":"index","follow":"follow","max-snippet":"max-snippet:-1","max-image-preview":"max-image-preview:large","max-video-preview":"max-video-preview:-1"},"canonical":"https:\/\/www.taxes4u.co.uk\/lt\/services-self-assessment-tax-return-refund\/","og_locale":"lt_LT","og_type":"article","og_title":"Self Assessment Tax Return and Tax Refund UK | Taxes4u","og_description":"We will calculate your Self Assessment Tax Return and advise on what expenses and allowances can be claimed so you will not overpay your Income Tax anymore.","og_url":"https:\/\/www.taxes4u.co.uk\/lt\/services-self-assessment-tax-return-refund\/","og_site_name":"Taxes4u","article_modified_time":"2026-04-03T21:25:52+00:00","og_image":[{"url":"https:\/\/www.taxes4u.co.uk\/wp-content\/uploads\/2025\/04\/Taxes4u-Tax-Return-2025.png","type":"","width":"","height":""}],"twitter_card":"summary_large_image","twitter_misc":{"Est. reading time":"4 minut\u0117s"},"schema":{"@context":"https:\/\/schema.org","@graph":[{"@type":"WebPage","@id":"https:\/\/www.taxes4u.co.uk\/services-self-assessment-tax-return-refund","url":"https:\/\/www.taxes4u.co.uk\/services-self-assessment-tax-return-refund","name":"Mokes\u010di\u0173 deklaracija ir gr\u0105\u017einimas JK | Taxes4u","isPartOf":{"@id":"https:\/\/www.taxes4u.co.uk\/#website"},"primaryImageOfPage":{"@id":"https:\/\/www.taxes4u.co.uk\/services-self-assessment-tax-return-refund#primaryimage"},"image":{"@id":"https:\/\/www.taxes4u.co.uk\/services-self-assessment-tax-return-refund#primaryimage"},"thumbnailUrl":"https:\/\/www.taxes4u.co.uk\/wp-content\/uploads\/2025\/04\/Taxes4u-Tax-Return-2025.png","datePublished":"2020-06-06T11:04:58+00:00","dateModified":"2026-04-03T21:25:52+00:00","description":"Apskai\u010diuosime j\u016bs\u0173 mokes\u010di\u0173 deklaracij\u0105 ir patarsime, kokias i\u0161laidas bei lengvatas galite reikalauti, kad nebemok\u0117tum\u0117te per daug pajam\u0173 mokes\u010dio.","breadcrumb":{"@id":"https:\/\/www.taxes4u.co.uk\/services-self-assessment-tax-return-refund#breadcrumb"},"inLanguage":"lt-LT","potentialAction":[{"@type":"ReadAction","target":["https:\/\/www.taxes4u.co.uk\/services-self-assessment-tax-return-refund"]}]},{"@type":"ImageObject","inLanguage":"lt-LT","@id":"https:\/\/www.taxes4u.co.uk\/services-self-assessment-tax-return-refund#primaryimage","url":"https:\/\/www.taxes4u.co.uk\/wp-content\/uploads\/2025\/04\/Taxes4u-Tax-Return-2025.png","contentUrl":"https:\/\/www.taxes4u.co.uk\/wp-content\/uploads\/2025\/04\/Taxes4u-Tax-Return-2025.png"},{"@type":"BreadcrumbList","@id":"https:\/\/www.taxes4u.co.uk\/services-self-assessment-tax-return-refund#breadcrumb","itemListElement":[{"@type":"ListItem","position":1,"name":"Home","item":"https:\/\/www.taxes4u.co.uk\/"},{"@type":"ListItem","position":2,"name":"Tax Return &#038; Refund"}]},{"@type":"WebSite","@id":"https:\/\/www.taxes4u.co.uk\/#website","url":"https:\/\/www.taxes4u.co.uk\/","name":"Taxes4u","description":"Mokes\u010di\u0173 deklaracijos, darbo u\u017emokestis, buhalterin\u0117 apskaita","publisher":{"@id":"https:\/\/www.taxes4u.co.uk\/#organization"},"potentialAction":[{"@type":"SearchAction","target":{"@type":"EntryPoint","urlTemplate":"https:\/\/www.taxes4u.co.uk\/?s={search_term_string}"},"query-input":{"@type":"PropertyValueSpecification","valueRequired":true,"valueName":"search_term_string"}}],"inLanguage":"lt-LT"},{"@type":"Organization","@id":"https:\/\/www.taxes4u.co.uk\/#organization","name":"Taxes4u","url":"https:\/\/www.taxes4u.co.uk\/","logo":{"@type":"ImageObject","inLanguage":"lt-LT","@id":"https:\/\/www.taxes4u.co.uk\/#\/schema\/logo\/image\/","url":"https:\/\/www.taxes4u.co.uk\/wp-content\/uploads\/2020\/06\/cropped-3001_Taxes4u_RB_GR-02.png","contentUrl":"https:\/\/www.taxes4u.co.uk\/wp-content\/uploads\/2020\/06\/cropped-3001_Taxes4u_RB_GR-02.png","width":396,"height":82,"caption":"Taxes4u"},"image":{"@id":"https:\/\/www.taxes4u.co.uk\/#\/schema\/logo\/image\/"}}]}},"uagb_featured_image_src":{"full":false,"thumbnail":false,"medium":false,"medium_large":false,"large":false,"1536x1536":false,"2048x2048":false,"trp-custom-language-flag":false},"uagb_author_info":{"display_name":"Malaicik","author_link":"https:\/\/www.taxes4u.co.uk\/lt\/author\/malaicik"},"uagb_comment_info":0,"uagb_excerpt":"Services Tax Return and Tax Refund \ud83d\udd25 \u00a0Promotion: Tax Refund Cost \u00a3120 \u2192 \u00a3100! Contact us now before the offer ends! \ud83d\udd25\u00a0 \ud83d\udd25 \u00a0Promotion: Tax Refund Cost\u00a0 \u00a3120 \u2192 \u00a3100! \ud83d\udd25 Tax Refund What we offer If you have overpaid your Income Tax in the last 4 financial years we can help you to get&hellip;","_links":{"self":[{"href":"https:\/\/www.taxes4u.co.uk\/lt\/wp-json\/wp\/v2\/pages\/1201","targetHints":{"allow":["GET"]}}],"collection":[{"href":"https:\/\/www.taxes4u.co.uk\/lt\/wp-json\/wp\/v2\/pages"}],"about":[{"href":"https:\/\/www.taxes4u.co.uk\/lt\/wp-json\/wp\/v2\/types\/page"}],"author":[{"embeddable":true,"href":"https:\/\/www.taxes4u.co.uk\/lt\/wp-json\/wp\/v2\/users\/1"}],"replies":[{"embeddable":true,"href":"https:\/\/www.taxes4u.co.uk\/lt\/wp-json\/wp\/v2\/comments?post=1201"}],"version-history":[{"count":12,"href":"https:\/\/www.taxes4u.co.uk\/lt\/wp-json\/wp\/v2\/pages\/1201\/revisions"}],"predecessor-version":[{"id":2185,"href":"https:\/\/www.taxes4u.co.uk\/lt\/wp-json\/wp\/v2\/pages\/1201\/revisions\/2185"}],"wp:attachment":[{"href":"https:\/\/www.taxes4u.co.uk\/lt\/wp-json\/wp\/v2\/media?parent=1201"}],"curies":[{"name":"wp","href":"https:\/\/api.w.org\/{rel}","templated":true}]}}