{"id":1214,"date":"2020-06-06T12:56:25","date_gmt":"2020-06-06T12:56:25","guid":{"rendered":"http:\/\/www.taxes4u.co.uk\/?page_id=1214"},"modified":"2025-03-27T20:52:21","modified_gmt":"2025-03-27T20:52:21","slug":"services-utr-registration-and-cancellation","status":"publish","type":"page","link":"https:\/\/www.taxes4u.co.uk\/lt\/services-utr-registration-and-cancellation","title":{"rendered":"UTR Registracija ir Nutraukimas"},"content":{"rendered":"<h5>\n\t\t\t\tPaslaugos\n\t\t\t<\/h5>\n\t<h1>\n\t\t\t\tUTR Registracija ir Nutraukimas\n\t\t\t<\/h1>\n\t\t\t\t<img decoding=\"async\" src=\"http:\/\/www.taxes4u.co.uk\/wp-content\/uploads\/2019\/06\/feature2-free-img-1.png\" alt=\"Mokes\u010di\u0173 deklaravimas, mokes\u010di\u0173 gr\u0105\u017einimas ir hipotekos brokeri\u0173 paslaugos Lietuvoje | Taxes4u\" title=\"Taxes4u. Mokes\u010di\u0173 gr\u0105\u017einimas Mokes\u010di\u0173 gr\u0105\u017einimas ir hipotekos brokeris\" itemprop=\"image\"\/>\n\t<h2>\n\t\t\t\tUTR Registracija\n\t\t\t<\/h2>\n\t<h4>\n\t\t\t\tK\u0105 mes si\u016blome\n\t\t\t<\/h4>\n\t\t\t<p>Galime jus u\u017eregistruoti kaip savaranki\u0161kai dirbant\u012f asmen\u012f: Individuali\u0105 veikl\u0105, partneri\u0173 arba partneryst\u0119.<\/p>\t\n\t<h4>\n\t\t\t\tUnique Tax Reference &#8211; UTR\n\t\t\t<\/h4>\n\t\t\t<p>A UTR number (Unique Taxpayer Reference) is a ten digit number issued by HM Revenue and Customs, and is used to identify individual Tax payers within their system.There are a number of different people who must be registered for Self Assessment, send Self Assessment Tax Return and pay Income Tax and National Insurance Contributions on their taxable income:<ul><li>Savaranki\u0161kai dirbantys individualios veiklos vykdytojai, kurie u\u017edirbo daugiau nei \u00a31000<\/li><li>Akcini\u0173 bendrovi\u0173 direktoriai<\/li><li>Akcininkai, i\u0161 dividend\u0173 gaunantys daugiau nei \u00a31000 pajam\u0173 (2024\/25 mokestiniais metais)<\/li><li>Partneryst\u0117s partneriai<\/li><li>Darbuotojai, pra\u0161antys padengti i\u0161laidas, vir\u0161ijan\u010dias \u00a32500 per mokestinius metus<\/li><li>Bet kuris fizinis asmuo, kurio metin\u0117s pajamos vir\u0161ija \u00a3100,000<\/li><li>Visi, kurie gauna didesnes nei \u00a32500 nuomos pajamas i\u0161 JK nekilnojamojo turto ar \u017eem\u0117s.<\/li><\/ul><strong>Terminai<\/strong>:If you need to register for Self Assessment, you must do so before 5 October after the end of the relevant tax year. For example: the registration deadline for the 2024\/2025 tax year (6 April 2024 to 5 April 2025) is <strong>2025 m. spalio 5 d.<\/strong><\/p>\t\n\t<h4>\n\t\t\t\tM\u016bs\u0173 Kaina\n\t\t\t<\/h4>\n\t\t\t<p>\u00a355<\/p>\t\n\t<h2>\n\t\t\t\tUTR Nutraukimas\n\t\t\t<\/h2>\n\t<h4>\n\t\t\t\tK\u0105 mes si\u016blome\n\t\t\t<\/h4>\n\t\t\t<p>Jei nustojote veikl\u0105 kaip savaranki\u0161kai dirbantis asmuo arba nutraukiate ar paliekate verslo partneryst\u0119, galime sustabdyti j\u016bs\u0173 UTR numer\u012f.<\/p>\t\n\t<h4>\n\t\t\t\tIndividualios Veiklos Nutraukimas\n\t\t\t<\/h4>\n\t\t\t<p>You must tell HM Revenue and Customs (HMRC) if you have stopped trading as a sole trader or you are ending or leaving a business partnership.If you will earn \u00a31,000 or less in this tax year you do not need to be registered as self-employed.\u00a0\u00a0But you can choose to stay registered to:<\/p><ul><li>\u012frodyti, kad esate savaranki\u0161kai dirbantis asmuo, pvz., nor\u0117damas pra\u0161yti neapmokestinam\u0173 vaik\u0173 prie\u017ei\u016bros i\u0161mok\u0173 (Tax Free Childcare)<\/li><li>Make voluntary Class 2 National Insurance payments to avoid gaps in your record. Gaps can mean you will not have enough years of National Insurance Contributions to get full State Pension or be able to get income based benefits (such as Maternity Allowance, Jobseeker&#8217;s Allowance, Employment and Support Allowance, etc.)<\/li><\/ul>\t\n\t<h4>\n\t\t\t\tM\u016bs\u0173 Kaina\n\t\t\t<\/h4>\n\t\t\t<p>\u00a335<\/p>\t\n\t\t\t\t<img decoding=\"async\" src=\"http:\/\/www.taxes4u.co.uk\/wp-content\/uploads\/2019\/06\/feature1-free-img-1.png\" alt=\"Taxes4u. Mokes\u010di\u0173 deklaravimas, mokes\u010di\u0173 gr\u0105\u017einimas, darbo u\u017emokes\u010dio apskaita ir buhalterija\" title=\"Taxes4u. Mokes\u010di\u0173 deklaravimas, mokes\u010di\u0173 gr\u0105\u017einimas, darbo u\u017emokes\u010dio apskaita ir buhalterija\" itemprop=\"image\"\/>\n\t<h5>\n\t\t\t\tNemokamas paslaug\u0173 \u012fvertinimas\n\t\t\t<\/h5>\n\t<h2>\n\t\t\t\tKainos u\u017eklausimas\n\t\t\t<\/h2>\n\t\t\t<p>Norite aptarti buhalterin\u0117s apskaitos paslaugas jums ir j\u016bs\u0173 verslui? Susisiekite ir gaukite nemokam\u0105 ne\u012fpareigojant\u012f pasi\u016blym\u0105.<\/p>\t\n\t\t\t<a href=\"http:\/\/www.taxes4u.co.uk\/lt\/contact\/\" title=\"Click Here\" target=\"_self\"   role=\"button\" aria-label=\"Gaukite pasi\u016blym\u0105\">\n\t\t\t\t\t\t\tGaukite pasi\u016blym\u0105\n\t\t<\/a>","protected":false},"excerpt":{"rendered":"<p>Services UTR Registration &#038; Cancellation UTR Registration What we offer We can register you for Self Assessment, Self-Employment: Sole trader, Partner or a Partnership Unique Tax Reference &#8211; UTR A UTR number (Unique Taxpayer Reference) is a ten digit number issued by HM Revenue and Customs, and is used to identify individual Tax payers within [&hellip;]<\/p>\n","protected":false},"author":1,"featured_media":0,"parent":0,"menu_order":0,"comment_status":"closed","ping_status":"closed","template":"","meta":{"_uag_custom_page_level_css":"","site-sidebar-layout":"default","site-content-layout":"page-builder","ast-site-content-layout":"default","site-content-style":"default","site-sidebar-style":"default","ast-global-header-display":"","ast-banner-title-visibility":"","ast-main-header-display":"","ast-hfb-above-header-display":"","ast-hfb-below-header-display":"","ast-hfb-mobile-header-display":"","site-post-title":"disabled","ast-breadcrumbs-content":"","ast-featured-img":"disabled","footer-sml-layout":"","ast-disable-related-posts":"","theme-transparent-header-meta":"enabled","adv-header-id-meta":"","stick-header-meta":"default","header-above-stick-meta":"","header-main-stick-meta":"","header-below-stick-meta":"","astra-migrate-meta-layouts":"default","ast-page-background-enabled":"default","ast-page-background-meta":{"desktop":{"background-color":"","background-image":"","background-repeat":"repeat","background-position":"center center","background-size":"auto","background-attachment":"scroll","background-type":"","background-media":"","overlay-type":"","overlay-color":"","overlay-opacity":"","overlay-gradient":""},"tablet":{"background-color":"","background-image":"","background-repeat":"repeat","background-position":"center center","background-size":"auto","background-attachment":"scroll","background-type":"","background-media":"","overlay-type":"","overlay-color":"","overlay-opacity":"","overlay-gradient":""},"mobile":{"background-color":"","background-image":"","background-repeat":"repeat","background-position":"center center","background-size":"auto","background-attachment":"scroll","background-type":"","background-media":"","overlay-type":"","overlay-color":"","overlay-opacity":"","overlay-gradient":""}},"ast-content-background-meta":{"desktop":{"background-color":"var(--ast-global-color-5)","background-image":"","background-repeat":"repeat","background-position":"center center","background-size":"auto","background-attachment":"scroll","background-type":"","background-media":"","overlay-type":"","overlay-color":"","overlay-opacity":"","overlay-gradient":""},"tablet":{"background-color":"var(--ast-global-color-5)","background-image":"","background-repeat":"repeat","background-position":"center center","background-size":"auto","background-attachment":"scroll","background-type":"","background-media":"","overlay-type":"","overlay-color":"","overlay-opacity":"","overlay-gradient":""},"mobile":{"background-color":"var(--ast-global-color-5)","background-image":"","background-repeat":"repeat","background-position":"center center","background-size":"auto","background-attachment":"scroll","background-type":"","background-media":"","overlay-type":"","overlay-color":"","overlay-opacity":"","overlay-gradient":""}},"footnotes":""},"class_list":["post-1214","page","type-page","status-publish","hentry"],"yoast_head":"<!-- This site is optimized with the Yoast SEO plugin v27.4 - https:\/\/yoast.com\/product\/yoast-seo-wordpress\/ -->\n<title>Help with UTR Registration and Cancellation UK - Taxes4u<\/title>\n<meta name=\"description\" content=\"Need help with UTR Registration or UTR Cancellation? We can register you for UTR, Self Assessment, Self-Employment: Sole trader, Partner or a Partnership\" \/>\n<meta name=\"robots\" content=\"index, follow, max-snippet:-1, max-image-preview:large, max-video-preview:-1\" \/>\n<link rel=\"canonical\" href=\"https:\/\/www.taxes4u.co.uk\/lt\/services-utr-registration-and-cancellation\/\" \/>\n<meta property=\"og:locale\" content=\"lt_LT\" \/>\n<meta property=\"og:type\" content=\"article\" \/>\n<meta property=\"og:title\" content=\"Help with UTR Registration and Cancellation UK - Taxes4u\" \/>\n<meta property=\"og:description\" content=\"Need help with UTR Registration or UTR Cancellation? We can register you for UTR, Self Assessment, Self-Employment: Sole trader, Partner or a Partnership\" \/>\n<meta property=\"og:url\" content=\"https:\/\/www.taxes4u.co.uk\/lt\/services-utr-registration-and-cancellation\/\" \/>\n<meta property=\"og:site_name\" content=\"Taxes4u\" \/>\n<meta property=\"article:modified_time\" content=\"2025-03-27T20:52:21+00:00\" \/>\n<meta property=\"og:image\" content=\"http:\/\/www.taxes4u.co.uk\/wp-content\/uploads\/2019\/06\/feature2-free-img-1.png\" \/>\n<meta name=\"twitter:card\" content=\"summary_large_image\" \/>\n<meta name=\"twitter:label1\" content=\"Est. reading time\" \/>\n\t<meta name=\"twitter:data1\" content=\"3 minut\u0117s\" \/>\n<script type=\"application\/ld+json\" class=\"yoast-schema-graph\">{\"@context\":\"https:\\\/\\\/schema.org\",\"@graph\":[{\"@type\":\"WebPage\",\"@id\":\"https:\\\/\\\/www.taxes4u.co.uk\\\/services-utr-registration-and-cancellation\",\"url\":\"https:\\\/\\\/www.taxes4u.co.uk\\\/services-utr-registration-and-cancellation\",\"name\":\"Help with UTR Registration and Cancellation UK - Taxes4u\",\"isPartOf\":{\"@id\":\"https:\\\/\\\/www.taxes4u.co.uk\\\/#website\"},\"primaryImageOfPage\":{\"@id\":\"https:\\\/\\\/www.taxes4u.co.uk\\\/services-utr-registration-and-cancellation#primaryimage\"},\"image\":{\"@id\":\"https:\\\/\\\/www.taxes4u.co.uk\\\/services-utr-registration-and-cancellation#primaryimage\"},\"thumbnailUrl\":\"http:\\\/\\\/www.taxes4u.co.uk\\\/wp-content\\\/uploads\\\/2019\\\/06\\\/feature2-free-img-1.png\",\"datePublished\":\"2020-06-06T12:56:25+00:00\",\"dateModified\":\"2025-03-27T20:52:21+00:00\",\"description\":\"Need help with UTR Registration or UTR Cancellation? We can register you for UTR, Self Assessment, Self-Employment: Sole trader, Partner or a Partnership\",\"breadcrumb\":{\"@id\":\"https:\\\/\\\/www.taxes4u.co.uk\\\/services-utr-registration-and-cancellation#breadcrumb\"},\"inLanguage\":\"lt-LT\",\"potentialAction\":[{\"@type\":\"ReadAction\",\"target\":[\"https:\\\/\\\/www.taxes4u.co.uk\\\/services-utr-registration-and-cancellation\"]}]},{\"@type\":\"ImageObject\",\"inLanguage\":\"lt-LT\",\"@id\":\"https:\\\/\\\/www.taxes4u.co.uk\\\/services-utr-registration-and-cancellation#primaryimage\",\"url\":\"http:\\\/\\\/www.taxes4u.co.uk\\\/wp-content\\\/uploads\\\/2019\\\/06\\\/feature2-free-img-1.png\",\"contentUrl\":\"http:\\\/\\\/www.taxes4u.co.uk\\\/wp-content\\\/uploads\\\/2019\\\/06\\\/feature2-free-img-1.png\"},{\"@type\":\"BreadcrumbList\",\"@id\":\"https:\\\/\\\/www.taxes4u.co.uk\\\/services-utr-registration-and-cancellation#breadcrumb\",\"itemListElement\":[{\"@type\":\"ListItem\",\"position\":1,\"name\":\"Home\",\"item\":\"https:\\\/\\\/www.taxes4u.co.uk\\\/\"},{\"@type\":\"ListItem\",\"position\":2,\"name\":\"UTR Registration &#038; Cancellation\"}]},{\"@type\":\"WebSite\",\"@id\":\"https:\\\/\\\/www.taxes4u.co.uk\\\/#website\",\"url\":\"https:\\\/\\\/www.taxes4u.co.uk\\\/\",\"name\":\"Taxes4u\",\"description\":\"Tax Returns, Payroll, Bookkeeping\",\"publisher\":{\"@id\":\"https:\\\/\\\/www.taxes4u.co.uk\\\/#organization\"},\"potentialAction\":[{\"@type\":\"SearchAction\",\"target\":{\"@type\":\"EntryPoint\",\"urlTemplate\":\"https:\\\/\\\/www.taxes4u.co.uk\\\/?s={search_term_string}\"},\"query-input\":{\"@type\":\"PropertyValueSpecification\",\"valueRequired\":true,\"valueName\":\"search_term_string\"}}],\"inLanguage\":\"lt-LT\"},{\"@type\":\"Organization\",\"@id\":\"https:\\\/\\\/www.taxes4u.co.uk\\\/#organization\",\"name\":\"Taxes4u\",\"url\":\"https:\\\/\\\/www.taxes4u.co.uk\\\/\",\"logo\":{\"@type\":\"ImageObject\",\"inLanguage\":\"lt-LT\",\"@id\":\"https:\\\/\\\/www.taxes4u.co.uk\\\/#\\\/schema\\\/logo\\\/image\\\/\",\"url\":\"https:\\\/\\\/www.taxes4u.co.uk\\\/wp-content\\\/uploads\\\/2020\\\/06\\\/cropped-3001_Taxes4u_RB_GR-02.png\",\"contentUrl\":\"https:\\\/\\\/www.taxes4u.co.uk\\\/wp-content\\\/uploads\\\/2020\\\/06\\\/cropped-3001_Taxes4u_RB_GR-02.png\",\"width\":396,\"height\":82,\"caption\":\"Taxes4u\"},\"image\":{\"@id\":\"https:\\\/\\\/www.taxes4u.co.uk\\\/#\\\/schema\\\/logo\\\/image\\\/\"}}]}<\/script>\n<!-- \/ Yoast SEO plugin. -->","yoast_head_json":{"title":"UTR registracija ir at\u0161aukimas UK | Taxes4u","description":"Reikia pagalbos d\u0117l UTR registracijos ar at\u0161aukimo? U\u017eregistruosime jus kaip individual\u0173 verslinink\u0105, partner\u012f ar \u016bkin\u0119 bendrij\u0105 HMRC sistemoje.","robots":{"index":"index","follow":"follow","max-snippet":"max-snippet:-1","max-image-preview":"max-image-preview:large","max-video-preview":"max-video-preview:-1"},"canonical":"https:\/\/www.taxes4u.co.uk\/lt\/services-utr-registration-and-cancellation\/","og_locale":"lt_LT","og_type":"article","og_title":"Help with UTR Registration and Cancellation UK - Taxes4u","og_description":"Need help with UTR Registration or UTR Cancellation? We can register you for UTR, Self Assessment, Self-Employment: Sole trader, Partner or a Partnership","og_url":"https:\/\/www.taxes4u.co.uk\/lt\/services-utr-registration-and-cancellation\/","og_site_name":"Taxes4u","article_modified_time":"2025-03-27T20:52:21+00:00","og_image":[{"url":"http:\/\/www.taxes4u.co.uk\/wp-content\/uploads\/2019\/06\/feature2-free-img-1.png","type":"","width":"","height":""}],"twitter_card":"summary_large_image","twitter_misc":{"Est. reading time":"3 minut\u0117s"},"schema":{"@context":"https:\/\/schema.org","@graph":[{"@type":"WebPage","@id":"https:\/\/www.taxes4u.co.uk\/services-utr-registration-and-cancellation","url":"https:\/\/www.taxes4u.co.uk\/services-utr-registration-and-cancellation","name":"UTR registracija ir at\u0161aukimas UK | Taxes4u","isPartOf":{"@id":"https:\/\/www.taxes4u.co.uk\/#website"},"primaryImageOfPage":{"@id":"https:\/\/www.taxes4u.co.uk\/services-utr-registration-and-cancellation#primaryimage"},"image":{"@id":"https:\/\/www.taxes4u.co.uk\/services-utr-registration-and-cancellation#primaryimage"},"thumbnailUrl":"http:\/\/www.taxes4u.co.uk\/wp-content\/uploads\/2019\/06\/feature2-free-img-1.png","datePublished":"2020-06-06T12:56:25+00:00","dateModified":"2025-03-27T20:52:21+00:00","description":"Reikia pagalbos d\u0117l UTR registracijos ar at\u0161aukimo? U\u017eregistruosime jus kaip individual\u0173 verslinink\u0105, partner\u012f ar \u016bkin\u0119 bendrij\u0105 HMRC sistemoje.","breadcrumb":{"@id":"https:\/\/www.taxes4u.co.uk\/services-utr-registration-and-cancellation#breadcrumb"},"inLanguage":"lt-LT","potentialAction":[{"@type":"ReadAction","target":["https:\/\/www.taxes4u.co.uk\/services-utr-registration-and-cancellation"]}]},{"@type":"ImageObject","inLanguage":"lt-LT","@id":"https:\/\/www.taxes4u.co.uk\/services-utr-registration-and-cancellation#primaryimage","url":"http:\/\/www.taxes4u.co.uk\/wp-content\/uploads\/2019\/06\/feature2-free-img-1.png","contentUrl":"http:\/\/www.taxes4u.co.uk\/wp-content\/uploads\/2019\/06\/feature2-free-img-1.png"},{"@type":"BreadcrumbList","@id":"https:\/\/www.taxes4u.co.uk\/services-utr-registration-and-cancellation#breadcrumb","itemListElement":[{"@type":"ListItem","position":1,"name":"Home","item":"https:\/\/www.taxes4u.co.uk\/"},{"@type":"ListItem","position":2,"name":"UTR Registration &#038; Cancellation"}]},{"@type":"WebSite","@id":"https:\/\/www.taxes4u.co.uk\/#website","url":"https:\/\/www.taxes4u.co.uk\/","name":"Taxes4u","description":"Mokes\u010di\u0173 deklaracijos, darbo u\u017emokestis, buhalterin\u0117 apskaita","publisher":{"@id":"https:\/\/www.taxes4u.co.uk\/#organization"},"potentialAction":[{"@type":"SearchAction","target":{"@type":"EntryPoint","urlTemplate":"https:\/\/www.taxes4u.co.uk\/?s={search_term_string}"},"query-input":{"@type":"PropertyValueSpecification","valueRequired":true,"valueName":"search_term_string"}}],"inLanguage":"lt-LT"},{"@type":"Organization","@id":"https:\/\/www.taxes4u.co.uk\/#organization","name":"Taxes4u","url":"https:\/\/www.taxes4u.co.uk\/","logo":{"@type":"ImageObject","inLanguage":"lt-LT","@id":"https:\/\/www.taxes4u.co.uk\/#\/schema\/logo\/image\/","url":"https:\/\/www.taxes4u.co.uk\/wp-content\/uploads\/2020\/06\/cropped-3001_Taxes4u_RB_GR-02.png","contentUrl":"https:\/\/www.taxes4u.co.uk\/wp-content\/uploads\/2020\/06\/cropped-3001_Taxes4u_RB_GR-02.png","width":396,"height":82,"caption":"Taxes4u"},"image":{"@id":"https:\/\/www.taxes4u.co.uk\/#\/schema\/logo\/image\/"}}]}},"uagb_featured_image_src":{"full":false,"thumbnail":false,"medium":false,"medium_large":false,"large":false,"1536x1536":false,"2048x2048":false,"trp-custom-language-flag":false},"uagb_author_info":{"display_name":"Malaicik","author_link":"https:\/\/www.taxes4u.co.uk\/lt\/author\/malaicik"},"uagb_comment_info":0,"uagb_excerpt":"Services UTR Registration &#038; Cancellation UTR Registration What we offer We can register you for Self Assessment, Self-Employment: Sole trader, Partner or a Partnership Unique Tax Reference &#8211; UTR A UTR number (Unique Taxpayer Reference) is a ten digit number issued by HM Revenue and Customs, and is used to identify individual Tax payers within&hellip;","_links":{"self":[{"href":"https:\/\/www.taxes4u.co.uk\/lt\/wp-json\/wp\/v2\/pages\/1214","targetHints":{"allow":["GET"]}}],"collection":[{"href":"https:\/\/www.taxes4u.co.uk\/lt\/wp-json\/wp\/v2\/pages"}],"about":[{"href":"https:\/\/www.taxes4u.co.uk\/lt\/wp-json\/wp\/v2\/types\/page"}],"author":[{"embeddable":true,"href":"https:\/\/www.taxes4u.co.uk\/lt\/wp-json\/wp\/v2\/users\/1"}],"replies":[{"embeddable":true,"href":"https:\/\/www.taxes4u.co.uk\/lt\/wp-json\/wp\/v2\/comments?post=1214"}],"version-history":[{"count":33,"href":"https:\/\/www.taxes4u.co.uk\/lt\/wp-json\/wp\/v2\/pages\/1214\/revisions"}],"predecessor-version":[{"id":1947,"href":"https:\/\/www.taxes4u.co.uk\/lt\/wp-json\/wp\/v2\/pages\/1214\/revisions\/1947"}],"wp:attachment":[{"href":"https:\/\/www.taxes4u.co.uk\/lt\/wp-json\/wp\/v2\/media?parent=1214"}],"curies":[{"name":"wp","href":"https:\/\/api.w.org\/{rel}","templated":true}]}}