{"id":1224,"date":"2020-06-06T13:03:08","date_gmt":"2020-06-06T13:03:08","guid":{"rendered":"http:\/\/www.taxes4u.co.uk\/?page_id=1224"},"modified":"2024-04-04T17:21:59","modified_gmt":"2024-04-04T17:21:59","slug":"services-construction-industry-scheme-cis-registration","status":"publish","type":"page","link":"https:\/\/www.taxes4u.co.uk\/lt\/services-construction-industry-scheme-cis-registration","title":{"rendered":"CIS Registracija"},"content":{"rendered":"<h5>\n\t\t\t\tPaslaugos\n\t\t\t<\/h5>\n\t<h1>\n\t\t\t\tStatyb\u0173 Sektoriaus Schemos - CIS Registracija\n\t\t\t<\/h1>\n\t\t\t\t<img decoding=\"async\" src=\"http:\/\/www.taxes4u.co.uk\/wp-content\/uploads\/2019\/06\/feature2-free-img-1.png\" alt=\"Mokes\u010di\u0173 deklaravimas, mokes\u010di\u0173 gr\u0105\u017einimas ir hipotekos brokeri\u0173 paslaugos Lietuvoje | Taxes4u\" title=\"Taxes4u. Mokes\u010di\u0173 gr\u0105\u017einimas Mokes\u010di\u0173 gr\u0105\u017einimas ir hipotekos brokeris\" itemprop=\"image\"\/>\n\t<h2>\n\t\t\t\tStatyb\u0173 Sektoriaus Schemos - CIS Registracija\n\t\t\t<\/h2>\n\t<h4>\n\t\t\t\tK\u0105 mes si\u016blome\n\t\t\t<\/h4>\n\t\t\t<p>Galime u\u017eregistruoti savaranki\u0161kai dirban\u010dius asmenis pagal Statyb\u0173 sektoriaus schem\u0105 (CIS)<\/p>\t\n\t<h4>\n\t\t\t\tStatyb\u0173 sektoriaus schema (CIS)\n\t\t\t<\/h4>\n\t\t\t<p>Tur\u0117tum\u0117te u\u017esiregistruoti Statyb\u0173 sektoriaus sistemoje (CIS), jei dirbate rangovui ir priklausote vienai i\u0161 \u0161i\u0173 kategorij\u0173:\u00a0<ul><li><ul><li>Savaranki\u0161kai dirbantis<\/li><li>Akcin\u0117s bendrov\u0117s savininkas<\/li><li>Partneris partneryst\u0117je<\/li><\/ul><\/li><\/ul>\u00a0Pagal CIS rangovas privalo i\u0161skai\u010diuoti 20% i\u0161 j\u016bs\u0173 mok\u0117jim\u0173 ir perduoti j\u012f Mokes\u010di\u0173 ir muit\u0173 tarnybai (HMRC). \u0160ie atskaitymai laikomi avansiniais mok\u0117jimais j\u016bs\u0173 mokes\u010di\u0173 ir nacionalinio draudimo s\u0105skaita.Jei nesate u\u017esiregistrav\u0119 sistemoje, rangovai i\u0161 j\u016bs\u0173 mok\u0117jim\u0173 turi i\u0161skai\u010diuoti 30%.\u00a0<strong>Jei nenorite, kad b\u016bt\u0173 daromi atskaitymai:<\/strong>Jei nenorite, kad rangovai atlikt\u0173 i\u0161ankstinius atskaitymus, galite kreiptis d\u0117l Brutto mok\u0117jimo statuso (CIS Gross Status). Tai rei\u0161kia, kad rangovai jums sumok\u0117s vis\u0105 sum\u0105 be atskaitym\u0173. Visus mokes\u010dius ir socialinio draudimo \u012fmokas sumok\u0117site mokestini\u0173 met\u0173 pabaigoje.\u00a0<strong>Mok\u0117ti mokes\u010dius ir pra\u0161yti mokes\u010di\u0173 gr\u0105\u017einimo<\/strong>Kai esate registruotas statyb\u0173 sektoriaus sistemoje (CIS), j\u016bs vis tiek esate atsakingas u\u017e teising\u0173 mokes\u010di\u0173 ir socialinio draudimo mok\u0117jim\u0105 u\u017e savo versl\u0105, net jei rangovai per metus atliko atskaitymus.\u00a0<\/p>\t\n\t<h4>\n\t\t\t\tM\u016bs\u0173 kaina\n\t\t\t<\/h4>\n\t\t\t<p>\u00a335<\/p>\t\n\t<h5>\n\t\t\t\tNemokamas paslaug\u0173 \u012fvertinimas\n\t\t\t<\/h5>\n\t<h2>\n\t\t\t\tKainos u\u017eklausimas\n\t\t\t<\/h2>\n\t\t\t<p>Norite aptarti buhalterin\u0117s apskaitos paslaugas jums ir j\u016bs\u0173 verslui? Susisiekite ir gaukite nemokam\u0105 ne\u012fpareigojant\u012f pasi\u016blym\u0105.<\/p>\t\n\t\t\t<a href=\"http:\/\/www.taxes4u.co.uk\/lt\/contact\/\" target=\"_self\" role=\"button\" aria-label=\"Gaukite pasi\u016blym\u0105\" rel=\"noopener\">\n\t\t\t\t\t\t\tGaukite pasi\u016blym\u0105\n\t\t<\/a>","protected":false},"excerpt":{"rendered":"<p>Services Construction Industry Scheme (CIS) Registration Construction Industry Scheme (CIS) Registration What we offer We can register Self Employed person for the Construction Industry Scheme (CIS) Construction Industry Scheme (CIS) You should register for the Construction Industry Scheme (CIS) if you work for a contractor and you are one of the following:\u00a0 Self-employed The owner [&hellip;]<\/p>\n","protected":false},"author":1,"featured_media":0,"parent":0,"menu_order":0,"comment_status":"closed","ping_status":"closed","template":"","meta":{"_uag_custom_page_level_css":"","site-sidebar-layout":"default","site-content-layout":"page-builder","ast-site-content-layout":"default","site-content-style":"default","site-sidebar-style":"default","ast-global-header-display":"","ast-banner-title-visibility":"","ast-main-header-display":"","ast-hfb-above-header-display":"","ast-hfb-below-header-display":"","ast-hfb-mobile-header-display":"","site-post-title":"disabled","ast-breadcrumbs-content":"","ast-featured-img":"disabled","footer-sml-layout":"","ast-disable-related-posts":"","theme-transparent-header-meta":"enabled","adv-header-id-meta":"","stick-header-meta":"default","header-above-stick-meta":"","header-main-stick-meta":"","header-below-stick-meta":"","astra-migrate-meta-layouts":"default","ast-page-background-enabled":"default","ast-page-background-meta":{"desktop":{"background-color":"","background-image":"","background-repeat":"repeat","background-position":"center center","background-size":"auto","background-attachment":"scroll","background-type":"","background-media":"","overlay-type":"","overlay-color":"","overlay-opacity":"","overlay-gradient":""},"tablet":{"background-color":"","background-image":"","background-repeat":"repeat","background-position":"center center","background-size":"auto","background-attachment":"scroll","background-type":"","background-media":"","overlay-type":"","overlay-color":"","overlay-opacity":"","overlay-gradient":""},"mobile":{"background-color":"","background-image":"","background-repeat":"repeat","background-position":"center center","background-size":"auto","background-attachment":"scroll","background-type":"","background-media":"","overlay-type":"","overlay-color":"","overlay-opacity":"","overlay-gradient":""}},"ast-content-background-meta":{"desktop":{"background-color":"var(--ast-global-color-5)","background-image":"","background-repeat":"repeat","background-position":"center center","background-size":"auto","background-attachment":"scroll","background-type":"","background-media":"","overlay-type":"","overlay-color":"","overlay-opacity":"","overlay-gradient":""},"tablet":{"background-color":"var(--ast-global-color-5)","background-image":"","background-repeat":"repeat","background-position":"center center","background-size":"auto","background-attachment":"scroll","background-type":"","background-media":"","overlay-type":"","overlay-color":"","overlay-opacity":"","overlay-gradient":""},"mobile":{"background-color":"var(--ast-global-color-5)","background-image":"","background-repeat":"repeat","background-position":"center center","background-size":"auto","background-attachment":"scroll","background-type":"","background-media":"","overlay-type":"","overlay-color":"","overlay-opacity":"","overlay-gradient":""}},"footnotes":""},"class_list":["post-1224","page","type-page","status-publish","hentry"],"yoast_head":"<!-- This site is optimized with the Yoast SEO plugin v27.4 - https:\/\/yoast.com\/product\/yoast-seo-wordpress\/ -->\n<title>Construction Industry Scheme (CIS) Registration - Taxes4u<\/title>\n<meta name=\"description\" content=\"We can take care of Construction Industry Scheme (CIS) registration for you if you work for a contractor and you are Self Emplyed or owner of a LTD\" \/>\n<meta name=\"robots\" content=\"index, follow, max-snippet:-1, max-image-preview:large, max-video-preview:-1\" \/>\n<link rel=\"canonical\" href=\"https:\/\/www.taxes4u.co.uk\/lt\/services-construction-industry-scheme-cis-registration\/\" \/>\n<meta property=\"og:locale\" content=\"lt_LT\" \/>\n<meta property=\"og:type\" content=\"article\" \/>\n<meta property=\"og:title\" content=\"Construction Industry Scheme (CIS) Registration - Taxes4u\" \/>\n<meta property=\"og:description\" content=\"We can take care of Construction Industry Scheme (CIS) registration for you if you work for a contractor and you are Self Emplyed or owner of a LTD\" \/>\n<meta property=\"og:url\" content=\"https:\/\/www.taxes4u.co.uk\/lt\/services-construction-industry-scheme-cis-registration\/\" \/>\n<meta property=\"og:site_name\" content=\"Taxes4u\" \/>\n<meta property=\"article:modified_time\" content=\"2024-04-04T17:21:59+00:00\" \/>\n<meta property=\"og:image\" content=\"http:\/\/www.taxes4u.co.uk\/wp-content\/uploads\/2019\/06\/feature2-free-img-1.png\" \/>\n<meta name=\"twitter:card\" content=\"summary_large_image\" \/>\n<meta name=\"twitter:label1\" content=\"Est. reading time\" \/>\n\t<meta name=\"twitter:data1\" content=\"1 minut\u0117\" \/>\n<script type=\"application\/ld+json\" class=\"yoast-schema-graph\">{\"@context\":\"https:\\\/\\\/schema.org\",\"@graph\":[{\"@type\":\"WebPage\",\"@id\":\"https:\\\/\\\/www.taxes4u.co.uk\\\/services-construction-industry-scheme-cis-registration\",\"url\":\"https:\\\/\\\/www.taxes4u.co.uk\\\/services-construction-industry-scheme-cis-registration\",\"name\":\"Construction Industry Scheme (CIS) Registration - Taxes4u\",\"isPartOf\":{\"@id\":\"https:\\\/\\\/www.taxes4u.co.uk\\\/#website\"},\"primaryImageOfPage\":{\"@id\":\"https:\\\/\\\/www.taxes4u.co.uk\\\/services-construction-industry-scheme-cis-registration#primaryimage\"},\"image\":{\"@id\":\"https:\\\/\\\/www.taxes4u.co.uk\\\/services-construction-industry-scheme-cis-registration#primaryimage\"},\"thumbnailUrl\":\"http:\\\/\\\/www.taxes4u.co.uk\\\/wp-content\\\/uploads\\\/2019\\\/06\\\/feature2-free-img-1.png\",\"datePublished\":\"2020-06-06T13:03:08+00:00\",\"dateModified\":\"2024-04-04T17:21:59+00:00\",\"description\":\"We can take care of Construction Industry Scheme (CIS) registration for you if you work for a contractor and you are Self Emplyed or owner of a LTD\",\"breadcrumb\":{\"@id\":\"https:\\\/\\\/www.taxes4u.co.uk\\\/services-construction-industry-scheme-cis-registration#breadcrumb\"},\"inLanguage\":\"lt-LT\",\"potentialAction\":[{\"@type\":\"ReadAction\",\"target\":[\"https:\\\/\\\/www.taxes4u.co.uk\\\/services-construction-industry-scheme-cis-registration\"]}]},{\"@type\":\"ImageObject\",\"inLanguage\":\"lt-LT\",\"@id\":\"https:\\\/\\\/www.taxes4u.co.uk\\\/services-construction-industry-scheme-cis-registration#primaryimage\",\"url\":\"http:\\\/\\\/www.taxes4u.co.uk\\\/wp-content\\\/uploads\\\/2019\\\/06\\\/feature2-free-img-1.png\",\"contentUrl\":\"http:\\\/\\\/www.taxes4u.co.uk\\\/wp-content\\\/uploads\\\/2019\\\/06\\\/feature2-free-img-1.png\"},{\"@type\":\"BreadcrumbList\",\"@id\":\"https:\\\/\\\/www.taxes4u.co.uk\\\/services-construction-industry-scheme-cis-registration#breadcrumb\",\"itemListElement\":[{\"@type\":\"ListItem\",\"position\":1,\"name\":\"Home\",\"item\":\"https:\\\/\\\/www.taxes4u.co.uk\\\/\"},{\"@type\":\"ListItem\",\"position\":2,\"name\":\"CIS Registration\"}]},{\"@type\":\"WebSite\",\"@id\":\"https:\\\/\\\/www.taxes4u.co.uk\\\/#website\",\"url\":\"https:\\\/\\\/www.taxes4u.co.uk\\\/\",\"name\":\"Taxes4u\",\"description\":\"Tax Returns, Payroll, Bookkeeping\",\"publisher\":{\"@id\":\"https:\\\/\\\/www.taxes4u.co.uk\\\/#organization\"},\"potentialAction\":[{\"@type\":\"SearchAction\",\"target\":{\"@type\":\"EntryPoint\",\"urlTemplate\":\"https:\\\/\\\/www.taxes4u.co.uk\\\/?s={search_term_string}\"},\"query-input\":{\"@type\":\"PropertyValueSpecification\",\"valueRequired\":true,\"valueName\":\"search_term_string\"}}],\"inLanguage\":\"lt-LT\"},{\"@type\":\"Organization\",\"@id\":\"https:\\\/\\\/www.taxes4u.co.uk\\\/#organization\",\"name\":\"Taxes4u\",\"url\":\"https:\\\/\\\/www.taxes4u.co.uk\\\/\",\"logo\":{\"@type\":\"ImageObject\",\"inLanguage\":\"lt-LT\",\"@id\":\"https:\\\/\\\/www.taxes4u.co.uk\\\/#\\\/schema\\\/logo\\\/image\\\/\",\"url\":\"https:\\\/\\\/www.taxes4u.co.uk\\\/wp-content\\\/uploads\\\/2020\\\/06\\\/cropped-3001_Taxes4u_RB_GR-02.png\",\"contentUrl\":\"https:\\\/\\\/www.taxes4u.co.uk\\\/wp-content\\\/uploads\\\/2020\\\/06\\\/cropped-3001_Taxes4u_RB_GR-02.png\",\"width\":396,\"height\":82,\"caption\":\"Taxes4u\"},\"image\":{\"@id\":\"https:\\\/\\\/www.taxes4u.co.uk\\\/#\\\/schema\\\/logo\\\/image\\\/\"}}]}<\/script>\n<!-- \/ Yoast SEO plugin. -->","yoast_head_json":{"title":"Statybos pramon\u0117s schemos (CIS) registracija | Taxes4u","description":"Pasir\u016bpiname CIS registracija jums, jei dirbate rangovui kaip savaranki\u0161kai dirbantis asmuo arba esate ribotos atsakomyb\u0117s bendrov\u0117s savininkas UK.","robots":{"index":"index","follow":"follow","max-snippet":"max-snippet:-1","max-image-preview":"max-image-preview:large","max-video-preview":"max-video-preview:-1"},"canonical":"https:\/\/www.taxes4u.co.uk\/lt\/services-construction-industry-scheme-cis-registration\/","og_locale":"lt_LT","og_type":"article","og_title":"Construction Industry Scheme (CIS) Registration - Taxes4u","og_description":"We can take care of Construction Industry Scheme (CIS) registration for you if you work for a contractor and you are Self Emplyed or owner of a LTD","og_url":"https:\/\/www.taxes4u.co.uk\/lt\/services-construction-industry-scheme-cis-registration\/","og_site_name":"Taxes4u","article_modified_time":"2024-04-04T17:21:59+00:00","og_image":[{"url":"http:\/\/www.taxes4u.co.uk\/wp-content\/uploads\/2019\/06\/feature2-free-img-1.png","type":"","width":"","height":""}],"twitter_card":"summary_large_image","twitter_misc":{"Est. reading time":"1 minut\u0117"},"schema":{"@context":"https:\/\/schema.org","@graph":[{"@type":"WebPage","@id":"https:\/\/www.taxes4u.co.uk\/services-construction-industry-scheme-cis-registration","url":"https:\/\/www.taxes4u.co.uk\/services-construction-industry-scheme-cis-registration","name":"Statybos pramon\u0117s schemos (CIS) registracija | Taxes4u","isPartOf":{"@id":"https:\/\/www.taxes4u.co.uk\/#website"},"primaryImageOfPage":{"@id":"https:\/\/www.taxes4u.co.uk\/services-construction-industry-scheme-cis-registration#primaryimage"},"image":{"@id":"https:\/\/www.taxes4u.co.uk\/services-construction-industry-scheme-cis-registration#primaryimage"},"thumbnailUrl":"http:\/\/www.taxes4u.co.uk\/wp-content\/uploads\/2019\/06\/feature2-free-img-1.png","datePublished":"2020-06-06T13:03:08+00:00","dateModified":"2024-04-04T17:21:59+00:00","description":"Pasir\u016bpiname CIS registracija jums, jei dirbate rangovui kaip savaranki\u0161kai dirbantis asmuo arba esate ribotos atsakomyb\u0117s bendrov\u0117s savininkas UK.","breadcrumb":{"@id":"https:\/\/www.taxes4u.co.uk\/services-construction-industry-scheme-cis-registration#breadcrumb"},"inLanguage":"lt-LT","potentialAction":[{"@type":"ReadAction","target":["https:\/\/www.taxes4u.co.uk\/services-construction-industry-scheme-cis-registration"]}]},{"@type":"ImageObject","inLanguage":"lt-LT","@id":"https:\/\/www.taxes4u.co.uk\/services-construction-industry-scheme-cis-registration#primaryimage","url":"http:\/\/www.taxes4u.co.uk\/wp-content\/uploads\/2019\/06\/feature2-free-img-1.png","contentUrl":"http:\/\/www.taxes4u.co.uk\/wp-content\/uploads\/2019\/06\/feature2-free-img-1.png"},{"@type":"BreadcrumbList","@id":"https:\/\/www.taxes4u.co.uk\/services-construction-industry-scheme-cis-registration#breadcrumb","itemListElement":[{"@type":"ListItem","position":1,"name":"Home","item":"https:\/\/www.taxes4u.co.uk\/"},{"@type":"ListItem","position":2,"name":"CIS Registration"}]},{"@type":"WebSite","@id":"https:\/\/www.taxes4u.co.uk\/#website","url":"https:\/\/www.taxes4u.co.uk\/","name":"Taxes4u","description":"Mokes\u010di\u0173 deklaracijos, darbo u\u017emokestis, buhalterin\u0117 apskaita","publisher":{"@id":"https:\/\/www.taxes4u.co.uk\/#organization"},"potentialAction":[{"@type":"SearchAction","target":{"@type":"EntryPoint","urlTemplate":"https:\/\/www.taxes4u.co.uk\/?s={search_term_string}"},"query-input":{"@type":"PropertyValueSpecification","valueRequired":true,"valueName":"search_term_string"}}],"inLanguage":"lt-LT"},{"@type":"Organization","@id":"https:\/\/www.taxes4u.co.uk\/#organization","name":"Taxes4u","url":"https:\/\/www.taxes4u.co.uk\/","logo":{"@type":"ImageObject","inLanguage":"lt-LT","@id":"https:\/\/www.taxes4u.co.uk\/#\/schema\/logo\/image\/","url":"https:\/\/www.taxes4u.co.uk\/wp-content\/uploads\/2020\/06\/cropped-3001_Taxes4u_RB_GR-02.png","contentUrl":"https:\/\/www.taxes4u.co.uk\/wp-content\/uploads\/2020\/06\/cropped-3001_Taxes4u_RB_GR-02.png","width":396,"height":82,"caption":"Taxes4u"},"image":{"@id":"https:\/\/www.taxes4u.co.uk\/#\/schema\/logo\/image\/"}}]}},"uagb_featured_image_src":{"full":false,"thumbnail":false,"medium":false,"medium_large":false,"large":false,"1536x1536":false,"2048x2048":false,"trp-custom-language-flag":false},"uagb_author_info":{"display_name":"Malaicik","author_link":"https:\/\/www.taxes4u.co.uk\/lt\/author\/malaicik"},"uagb_comment_info":0,"uagb_excerpt":"Services Construction Industry Scheme (CIS) Registration Construction Industry Scheme (CIS) Registration What we offer We can register Self Employed person for the Construction Industry Scheme (CIS) Construction Industry Scheme (CIS) You should register for the Construction Industry Scheme (CIS) if you work for a contractor and you are one of the following:\u00a0 Self-employed The owner&hellip;","_links":{"self":[{"href":"https:\/\/www.taxes4u.co.uk\/lt\/wp-json\/wp\/v2\/pages\/1224","targetHints":{"allow":["GET"]}}],"collection":[{"href":"https:\/\/www.taxes4u.co.uk\/lt\/wp-json\/wp\/v2\/pages"}],"about":[{"href":"https:\/\/www.taxes4u.co.uk\/lt\/wp-json\/wp\/v2\/types\/page"}],"author":[{"embeddable":true,"href":"https:\/\/www.taxes4u.co.uk\/lt\/wp-json\/wp\/v2\/users\/1"}],"replies":[{"embeddable":true,"href":"https:\/\/www.taxes4u.co.uk\/lt\/wp-json\/wp\/v2\/comments?post=1224"}],"version-history":[{"count":22,"href":"https:\/\/www.taxes4u.co.uk\/lt\/wp-json\/wp\/v2\/pages\/1224\/revisions"}],"predecessor-version":[{"id":1826,"href":"https:\/\/www.taxes4u.co.uk\/lt\/wp-json\/wp\/v2\/pages\/1224\/revisions\/1826"}],"wp:attachment":[{"href":"https:\/\/www.taxes4u.co.uk\/lt\/wp-json\/wp\/v2\/media?parent=1224"}],"curies":[{"name":"wp","href":"https:\/\/api.w.org\/{rel}","templated":true}]}}