{"id":1228,"date":"2020-06-06T13:09:53","date_gmt":"2020-06-06T13:09:53","guid":{"rendered":"http:\/\/www.taxes4u.co.uk\/?page_id=1228"},"modified":"2025-04-06T13:42:47","modified_gmt":"2025-04-06T13:42:47","slug":"services-penalties-and-appeals-for-late-tax-return-submissions","status":"publish","type":"page","link":"https:\/\/www.taxes4u.co.uk\/lt\/services-penalties-and-appeals-for-late-tax-return-submissions","title":{"rendered":"HMRC Baud\u0173 Panaikinimas"},"content":{"rendered":"<h5>\n\t\t\t\tPaslaugos\n\t\t\t<\/h5>\n\t<h1>\n\t\t\t\tPenalties &#038; Appeals for late Tax Return submission\n\t\t\t<\/h1>\n\t\t\t\t<img decoding=\"async\" src=\"https:\/\/www.taxes4u.co.uk\/wp-content\/uploads\/bb-plugin\/cache\/Taxes4u-Penalties-Appeals-for-late-Tax-Return-submission-square.png\" alt=\"Baudos ir apeliacijos u\u017e pav\u0117luot\u0105 mokes\u010di\u0173 deklaracijos pateikim\u0105. Penalit\u0103\u021bi \u0219i recursuri pentru depunerea cu \u00eent\u00e2rziere a declara\u021biei fiscale. \u0428\u0442\u0440\u0430\u0444\u044b \u0438 \u0430\u043f\u0435\u043b\u043b\u044f\u0446\u0438\u0438 \u0437\u0430 \u043d\u0435\u0441\u0432\u043e\u0435\u0432\u0440\u0435\u043c\u0435\u043d\u043d\u0443\u044e \u043f\u043e\u0434\u0430\u0447\u0443 \u043d\u0430\u043b\u043e\u0433\u043e\u0432\u043e\u0439 \u0434\u0435\u043a\u043b\u0430\u0440\u0430\u0446\u0438\u0438. Baudos ir apeliacijos u\u017e pav\u0117luot\u0105 mokes\u010di\u0173 deklaracijos pateikim\u0105.\" title=\"Taxes4u - Baudos ir apeliacijos u\u017e pav\u0117luot\u0105 mokes\u010di\u0173 deklaracijos pateikim\u0105\" itemprop=\"image\"\/>\n\t<h2>\n\t\t\t\tPenalties &#038; Appeals for late Tax Return submission\n\t\t\t<\/h2>\n\t<h4>\n\t\t\t\tK\u0105 mes si\u016blome\n\t\t\t<\/h4>\n\t\t\t<p>Jei laiku nepateik\u0117te mokes\u010di\u0173 deklaracijos, galime pad\u0117ti apsk\u0173sti baud\u0105 u\u017e pav\u0117luot\u0105 mokes\u010di\u0173 deklaracijos i\u0161siuntim\u0105.<\/p>\t\n\t<h4>\n\t\t\t\tGalutiniai terminai ir baudos\n\t\t\t<\/h4>\n\t\t\t<p>HM Revenue and Customs (HMRC) must receive your Tax Return and any money you owe by the deadline.The Last tax year started 6 April 2024 and ended on 5 April 2025.<strong>Terminai:<\/strong><table><tbody><tr><td width=\"301\">U\u017esiregistruoti mokes\u010di\u0173 deklaravimui<\/td><td width=\"301\">2025 m. spalio 5 d.<\/td><\/tr><tr><td width=\"301\">Popierin\u0117 mokes\u010di\u0173 deklaracija<\/td><td width=\"301\">Iki 2025 m. spalio 31 d. vidurnak\u010dio<\/td><\/tr><tr><td width=\"301\">Mokes\u010di\u0173 deklaravimas internetu<\/td><td width=\"301\">Iki 2026 m. sausio 31 d. vidurnak\u010dio<\/td><\/tr><tr><td width=\"301\">Sumok\u0117ti mokes\u010dius<\/td><td width=\"301\">Iki 2026 m. sausio 31 d. vidurnak\u010dio<\/td><\/tr><\/tbody><\/table>Jei mokate i\u0161ankstinius avansinius mok\u0117jimus, gali b\u016bti nustatytas antrasis mok\u0117jimo terminas - liepos 31 d. (Payment on Account)<strong>Baudos:<\/strong>Pav\u0117luotai pateiktoms asmenin\u0117ms mokes\u010di\u0173 deklaracijoms taikomos \u0161ios baudos:<ul><li>\u00a3100 bauda i\u0161 karto po nustatyto termino (net jei mokes\u010di\u0173 mok\u0117ti nereikia arba mokes\u010diai jau sumok\u0117ti).<\/li><\/ul>Papildomos baudos gali b\u016bti skiriamos taip:<\/p><ul><li>over 3 months late &#8211; a \u00a310 daily penalty up to a maximum of \u00a3900<\/li><li>over 6 months late &#8211; an additional \u00a3300 or 5% of the tax due if higher<\/li><li>over 12 months late &#8211; a further \u00a3300 or a further 5% of the tax due if higher. In particularly serious cases there is a penalty of up to 100% of the tax due<\/li><\/ul>\t\n\t<h4>\n\t\t\t\tM\u016bs\u0173 kaina\n\t\t\t<\/h4>\n\t\t\t<p>\u00a355<\/p>\t\n\t<h5>\n\t\t\t\tNemokamas paslaug\u0173 \u012fvertinimas\n\t\t\t<\/h5>\n\t<h2>\n\t\t\t\tKainos u\u017eklausimas\n\t\t\t<\/h2>\n\t\t\t<p>Norite aptarti buhalterin\u0117s apskaitos paslaugas jums ir j\u016bs\u0173 verslui? Susisiekite ir gaukite nemokam\u0105 ne\u012fpareigojant\u012f pasi\u016blym\u0105.<\/p>\t\n\t\t\t<a href=\"http:\/\/www.taxes4u.co.uk\/lt\/contact\/\" title=\"Click Here\" target=\"_self\"   role=\"button\" aria-label=\"Gaukite pasi\u016blym\u0105\">\n\t\t\t\t\t\t\tGaukite pasi\u016blym\u0105\n\t\t<\/a>","protected":false},"excerpt":{"rendered":"<p>Services Penalties &#038; Appeals for late Tax Return submission Penalties &#038; Appeals for late Tax Return submission What we offer If you have not submitted your Tax Return on time we can help you to appeal against a penalty for sending your Tax return late, if you have reasonable excuse Deadlines and penalties HM Revenue [&hellip;]<\/p>\n","protected":false},"author":1,"featured_media":0,"parent":0,"menu_order":0,"comment_status":"closed","ping_status":"closed","template":"","meta":{"_uag_custom_page_level_css":"","site-sidebar-layout":"default","site-content-layout":"page-builder","ast-site-content-layout":"default","site-content-style":"default","site-sidebar-style":"default","ast-global-header-display":"","ast-banner-title-visibility":"","ast-main-header-display":"","ast-hfb-above-header-display":"","ast-hfb-below-header-display":"","ast-hfb-mobile-header-display":"","site-post-title":"disabled","ast-breadcrumbs-content":"","ast-featured-img":"disabled","footer-sml-layout":"","ast-disable-related-posts":"","theme-transparent-header-meta":"enabled","adv-header-id-meta":"","stick-header-meta":"default","header-above-stick-meta":"","header-main-stick-meta":"","header-below-stick-meta":"","astra-migrate-meta-layouts":"default","ast-page-background-enabled":"default","ast-page-background-meta":{"desktop":{"background-color":"","background-image":"","background-repeat":"repeat","background-position":"center center","background-size":"auto","background-attachment":"scroll","background-type":"","background-media":"","overlay-type":"","overlay-color":"","overlay-opacity":"","overlay-gradient":""},"tablet":{"background-color":"","background-image":"","background-repeat":"repeat","background-position":"center center","background-size":"auto","background-attachment":"scroll","background-type":"","background-media":"","overlay-type":"","overlay-color":"","overlay-opacity":"","overlay-gradient":""},"mobile":{"background-color":"","background-image":"","background-repeat":"repeat","background-position":"center center","background-size":"auto","background-attachment":"scroll","background-type":"","background-media":"","overlay-type":"","overlay-color":"","overlay-opacity":"","overlay-gradient":""}},"ast-content-background-meta":{"desktop":{"background-color":"var(--ast-global-color-5)","background-image":"","background-repeat":"repeat","background-position":"center center","background-size":"auto","background-attachment":"scroll","background-type":"","background-media":"","overlay-type":"","overlay-color":"","overlay-opacity":"","overlay-gradient":""},"tablet":{"background-color":"var(--ast-global-color-5)","background-image":"","background-repeat":"repeat","background-position":"center center","background-size":"auto","background-attachment":"scroll","background-type":"","background-media":"","overlay-type":"","overlay-color":"","overlay-opacity":"","overlay-gradient":""},"mobile":{"background-color":"var(--ast-global-color-5)","background-image":"","background-repeat":"repeat","background-position":"center center","background-size":"auto","background-attachment":"scroll","background-type":"","background-media":"","overlay-type":"","overlay-color":"","overlay-opacity":"","overlay-gradient":""}},"footnotes":""},"class_list":["post-1228","page","type-page","status-publish","hentry"],"yoast_head":"<!-- This site is optimized with the Yoast SEO plugin v27.4 - https:\/\/yoast.com\/product\/yoast-seo-wordpress\/ -->\n<title>Penalties And Appeals For Late Tax Return Submission - Taxes4u<\/title>\n<meta name=\"description\" content=\"We can assist you with Penalties And Appeals for late Tax Return Submission if you have not submitted your Tax Return on time and have reasonable excuse.\" \/>\n<meta name=\"robots\" content=\"index, follow, max-snippet:-1, max-image-preview:large, max-video-preview:-1\" \/>\n<link rel=\"canonical\" href=\"https:\/\/www.taxes4u.co.uk\/lt\/services-penalties-and-appeals-for-late-tax-return-submissions\/\" \/>\n<meta property=\"og:locale\" content=\"lt_LT\" \/>\n<meta property=\"og:type\" content=\"article\" \/>\n<meta property=\"og:title\" content=\"Penalties And Appeals For Late Tax Return Submission - Taxes4u\" \/>\n<meta property=\"og:description\" content=\"We can assist you with Penalties And Appeals for late Tax Return Submission if you have not submitted your Tax Return on time and have reasonable excuse.\" \/>\n<meta property=\"og:url\" content=\"https:\/\/www.taxes4u.co.uk\/lt\/services-penalties-and-appeals-for-late-tax-return-submissions\/\" \/>\n<meta property=\"og:site_name\" content=\"Taxes4u\" \/>\n<meta property=\"article:modified_time\" content=\"2025-04-06T13:42:47+00:00\" \/>\n<meta property=\"og:image\" content=\"https:\/\/www.taxes4u.co.uk\/wp-content\/uploads\/bb-plugin\/cache\/Taxes4u-Penalties-Appeals-for-late-Tax-Return-submission-square.png\" \/>\n<meta name=\"twitter:card\" content=\"summary_large_image\" \/>\n<meta name=\"twitter:label1\" content=\"Est. reading time\" \/>\n\t<meta name=\"twitter:data1\" content=\"1 minut\u0117\" \/>\n<script type=\"application\/ld+json\" class=\"yoast-schema-graph\">{\"@context\":\"https:\\\/\\\/schema.org\",\"@graph\":[{\"@type\":\"WebPage\",\"@id\":\"https:\\\/\\\/www.taxes4u.co.uk\\\/services-penalties-and-appeals-for-late-tax-return-submissions\",\"url\":\"https:\\\/\\\/www.taxes4u.co.uk\\\/services-penalties-and-appeals-for-late-tax-return-submissions\",\"name\":\"Penalties And Appeals For Late Tax Return Submission - Taxes4u\",\"isPartOf\":{\"@id\":\"https:\\\/\\\/www.taxes4u.co.uk\\\/#website\"},\"primaryImageOfPage\":{\"@id\":\"https:\\\/\\\/www.taxes4u.co.uk\\\/services-penalties-and-appeals-for-late-tax-return-submissions#primaryimage\"},\"image\":{\"@id\":\"https:\\\/\\\/www.taxes4u.co.uk\\\/services-penalties-and-appeals-for-late-tax-return-submissions#primaryimage\"},\"thumbnailUrl\":\"https:\\\/\\\/www.taxes4u.co.uk\\\/wp-content\\\/uploads\\\/bb-plugin\\\/cache\\\/Taxes4u-Penalties-Appeals-for-late-Tax-Return-submission-square.png\",\"datePublished\":\"2020-06-06T13:09:53+00:00\",\"dateModified\":\"2025-04-06T13:42:47+00:00\",\"description\":\"We can assist you with Penalties And Appeals for late Tax Return Submission if you have not submitted your Tax Return on time and have reasonable excuse.\",\"breadcrumb\":{\"@id\":\"https:\\\/\\\/www.taxes4u.co.uk\\\/services-penalties-and-appeals-for-late-tax-return-submissions#breadcrumb\"},\"inLanguage\":\"lt-LT\",\"potentialAction\":[{\"@type\":\"ReadAction\",\"target\":[\"https:\\\/\\\/www.taxes4u.co.uk\\\/services-penalties-and-appeals-for-late-tax-return-submissions\"]}]},{\"@type\":\"ImageObject\",\"inLanguage\":\"lt-LT\",\"@id\":\"https:\\\/\\\/www.taxes4u.co.uk\\\/services-penalties-and-appeals-for-late-tax-return-submissions#primaryimage\",\"url\":\"https:\\\/\\\/www.taxes4u.co.uk\\\/wp-content\\\/uploads\\\/bb-plugin\\\/cache\\\/Taxes4u-Penalties-Appeals-for-late-Tax-Return-submission-square.png\",\"contentUrl\":\"https:\\\/\\\/www.taxes4u.co.uk\\\/wp-content\\\/uploads\\\/bb-plugin\\\/cache\\\/Taxes4u-Penalties-Appeals-for-late-Tax-Return-submission-square.png\"},{\"@type\":\"BreadcrumbList\",\"@id\":\"https:\\\/\\\/www.taxes4u.co.uk\\\/services-penalties-and-appeals-for-late-tax-return-submissions#breadcrumb\",\"itemListElement\":[{\"@type\":\"ListItem\",\"position\":1,\"name\":\"Home\",\"item\":\"https:\\\/\\\/www.taxes4u.co.uk\\\/\"},{\"@type\":\"ListItem\",\"position\":2,\"name\":\"Penalties &#038; Appeals\"}]},{\"@type\":\"WebSite\",\"@id\":\"https:\\\/\\\/www.taxes4u.co.uk\\\/#website\",\"url\":\"https:\\\/\\\/www.taxes4u.co.uk\\\/\",\"name\":\"Taxes4u\",\"description\":\"Tax Returns, Payroll, Bookkeeping\",\"publisher\":{\"@id\":\"https:\\\/\\\/www.taxes4u.co.uk\\\/#organization\"},\"potentialAction\":[{\"@type\":\"SearchAction\",\"target\":{\"@type\":\"EntryPoint\",\"urlTemplate\":\"https:\\\/\\\/www.taxes4u.co.uk\\\/?s={search_term_string}\"},\"query-input\":{\"@type\":\"PropertyValueSpecification\",\"valueRequired\":true,\"valueName\":\"search_term_string\"}}],\"inLanguage\":\"lt-LT\"},{\"@type\":\"Organization\",\"@id\":\"https:\\\/\\\/www.taxes4u.co.uk\\\/#organization\",\"name\":\"Taxes4u\",\"url\":\"https:\\\/\\\/www.taxes4u.co.uk\\\/\",\"logo\":{\"@type\":\"ImageObject\",\"inLanguage\":\"lt-LT\",\"@id\":\"https:\\\/\\\/www.taxes4u.co.uk\\\/#\\\/schema\\\/logo\\\/image\\\/\",\"url\":\"https:\\\/\\\/www.taxes4u.co.uk\\\/wp-content\\\/uploads\\\/2020\\\/06\\\/cropped-3001_Taxes4u_RB_GR-02.png\",\"contentUrl\":\"https:\\\/\\\/www.taxes4u.co.uk\\\/wp-content\\\/uploads\\\/2020\\\/06\\\/cropped-3001_Taxes4u_RB_GR-02.png\",\"width\":396,\"height\":82,\"caption\":\"Taxes4u\"},\"image\":{\"@id\":\"https:\\\/\\\/www.taxes4u.co.uk\\\/#\\\/schema\\\/logo\\\/image\\\/\"}}]}<\/script>\n<!-- \/ Yoast SEO plugin. -->","yoast_head_json":{"title":"Baudos ir apeliacijos d\u0117l v\u0117luojan\u010dios deklaracijos | Taxes4u","description":"Padedame apsk\u0173sti baudas u\u017e pav\u0117luot\u0105 mokes\u010di\u0173 deklaracijos pateikim\u0105, jei turite pagr\u012fst\u0105 prie\u017east\u012f. Susisiekite su Taxes4u jau \u0161iandien.","robots":{"index":"index","follow":"follow","max-snippet":"max-snippet:-1","max-image-preview":"max-image-preview:large","max-video-preview":"max-video-preview:-1"},"canonical":"https:\/\/www.taxes4u.co.uk\/lt\/services-penalties-and-appeals-for-late-tax-return-submissions\/","og_locale":"lt_LT","og_type":"article","og_title":"Penalties And Appeals For Late Tax Return Submission - Taxes4u","og_description":"We can assist you with Penalties And Appeals for late Tax Return Submission if you have not submitted your Tax Return on time and have reasonable excuse.","og_url":"https:\/\/www.taxes4u.co.uk\/lt\/services-penalties-and-appeals-for-late-tax-return-submissions\/","og_site_name":"Taxes4u","article_modified_time":"2025-04-06T13:42:47+00:00","og_image":[{"url":"https:\/\/www.taxes4u.co.uk\/wp-content\/uploads\/bb-plugin\/cache\/Taxes4u-Penalties-Appeals-for-late-Tax-Return-submission-square.png","type":"","width":"","height":""}],"twitter_card":"summary_large_image","twitter_misc":{"Est. reading time":"1 minut\u0117"},"schema":{"@context":"https:\/\/schema.org","@graph":[{"@type":"WebPage","@id":"https:\/\/www.taxes4u.co.uk\/services-penalties-and-appeals-for-late-tax-return-submissions","url":"https:\/\/www.taxes4u.co.uk\/services-penalties-and-appeals-for-late-tax-return-submissions","name":"Baudos ir apeliacijos d\u0117l v\u0117luojan\u010dios deklaracijos | Taxes4u","isPartOf":{"@id":"https:\/\/www.taxes4u.co.uk\/#website"},"primaryImageOfPage":{"@id":"https:\/\/www.taxes4u.co.uk\/services-penalties-and-appeals-for-late-tax-return-submissions#primaryimage"},"image":{"@id":"https:\/\/www.taxes4u.co.uk\/services-penalties-and-appeals-for-late-tax-return-submissions#primaryimage"},"thumbnailUrl":"https:\/\/www.taxes4u.co.uk\/wp-content\/uploads\/bb-plugin\/cache\/Taxes4u-Penalties-Appeals-for-late-Tax-Return-submission-square.png","datePublished":"2020-06-06T13:09:53+00:00","dateModified":"2025-04-06T13:42:47+00:00","description":"Padedame apsk\u0173sti baudas u\u017e pav\u0117luot\u0105 mokes\u010di\u0173 deklaracijos pateikim\u0105, jei turite pagr\u012fst\u0105 prie\u017east\u012f. Susisiekite su Taxes4u jau \u0161iandien.","breadcrumb":{"@id":"https:\/\/www.taxes4u.co.uk\/services-penalties-and-appeals-for-late-tax-return-submissions#breadcrumb"},"inLanguage":"lt-LT","potentialAction":[{"@type":"ReadAction","target":["https:\/\/www.taxes4u.co.uk\/services-penalties-and-appeals-for-late-tax-return-submissions"]}]},{"@type":"ImageObject","inLanguage":"lt-LT","@id":"https:\/\/www.taxes4u.co.uk\/services-penalties-and-appeals-for-late-tax-return-submissions#primaryimage","url":"https:\/\/www.taxes4u.co.uk\/wp-content\/uploads\/bb-plugin\/cache\/Taxes4u-Penalties-Appeals-for-late-Tax-Return-submission-square.png","contentUrl":"https:\/\/www.taxes4u.co.uk\/wp-content\/uploads\/bb-plugin\/cache\/Taxes4u-Penalties-Appeals-for-late-Tax-Return-submission-square.png"},{"@type":"BreadcrumbList","@id":"https:\/\/www.taxes4u.co.uk\/services-penalties-and-appeals-for-late-tax-return-submissions#breadcrumb","itemListElement":[{"@type":"ListItem","position":1,"name":"Home","item":"https:\/\/www.taxes4u.co.uk\/"},{"@type":"ListItem","position":2,"name":"Penalties &#038; Appeals"}]},{"@type":"WebSite","@id":"https:\/\/www.taxes4u.co.uk\/#website","url":"https:\/\/www.taxes4u.co.uk\/","name":"Taxes4u","description":"Mokes\u010di\u0173 deklaracijos, darbo u\u017emokestis, buhalterin\u0117 apskaita","publisher":{"@id":"https:\/\/www.taxes4u.co.uk\/#organization"},"potentialAction":[{"@type":"SearchAction","target":{"@type":"EntryPoint","urlTemplate":"https:\/\/www.taxes4u.co.uk\/?s={search_term_string}"},"query-input":{"@type":"PropertyValueSpecification","valueRequired":true,"valueName":"search_term_string"}}],"inLanguage":"lt-LT"},{"@type":"Organization","@id":"https:\/\/www.taxes4u.co.uk\/#organization","name":"Taxes4u","url":"https:\/\/www.taxes4u.co.uk\/","logo":{"@type":"ImageObject","inLanguage":"lt-LT","@id":"https:\/\/www.taxes4u.co.uk\/#\/schema\/logo\/image\/","url":"https:\/\/www.taxes4u.co.uk\/wp-content\/uploads\/2020\/06\/cropped-3001_Taxes4u_RB_GR-02.png","contentUrl":"https:\/\/www.taxes4u.co.uk\/wp-content\/uploads\/2020\/06\/cropped-3001_Taxes4u_RB_GR-02.png","width":396,"height":82,"caption":"Taxes4u"},"image":{"@id":"https:\/\/www.taxes4u.co.uk\/#\/schema\/logo\/image\/"}}]}},"uagb_featured_image_src":{"full":false,"thumbnail":false,"medium":false,"medium_large":false,"large":false,"1536x1536":false,"2048x2048":false,"trp-custom-language-flag":false},"uagb_author_info":{"display_name":"Malaicik","author_link":"https:\/\/www.taxes4u.co.uk\/lt\/author\/malaicik"},"uagb_comment_info":0,"uagb_excerpt":"Services Penalties &#038; Appeals for late Tax Return submission Penalties &#038; Appeals for late Tax Return submission What we offer If you have not submitted your Tax Return on time we can help you to appeal against a penalty for sending your Tax return late, if you have reasonable excuse Deadlines and penalties HM Revenue&hellip;","_links":{"self":[{"href":"https:\/\/www.taxes4u.co.uk\/lt\/wp-json\/wp\/v2\/pages\/1228","targetHints":{"allow":["GET"]}}],"collection":[{"href":"https:\/\/www.taxes4u.co.uk\/lt\/wp-json\/wp\/v2\/pages"}],"about":[{"href":"https:\/\/www.taxes4u.co.uk\/lt\/wp-json\/wp\/v2\/types\/page"}],"author":[{"embeddable":true,"href":"https:\/\/www.taxes4u.co.uk\/lt\/wp-json\/wp\/v2\/users\/1"}],"replies":[{"embeddable":true,"href":"https:\/\/www.taxes4u.co.uk\/lt\/wp-json\/wp\/v2\/comments?post=1228"}],"version-history":[{"count":18,"href":"https:\/\/www.taxes4u.co.uk\/lt\/wp-json\/wp\/v2\/pages\/1228\/revisions"}],"predecessor-version":[{"id":1993,"href":"https:\/\/www.taxes4u.co.uk\/lt\/wp-json\/wp\/v2\/pages\/1228\/revisions\/1993"}],"wp:attachment":[{"href":"https:\/\/www.taxes4u.co.uk\/lt\/wp-json\/wp\/v2\/media?parent=1228"}],"curies":[{"name":"wp","href":"https:\/\/api.w.org\/{rel}","templated":true}]}}