{"id":1233,"date":"2020-06-06T13:16:30","date_gmt":"2020-06-06T13:16:30","guid":{"rendered":"http:\/\/www.taxes4u.co.uk\/?page_id=1233"},"modified":"2020-11-04T16:13:43","modified_gmt":"2020-11-04T16:13:43","slug":"services-payroll-cis-for-self-employed","status":"publish","type":"page","link":"https:\/\/www.taxes4u.co.uk\/lt\/services-payroll-cis-for-self-employed","title":{"rendered":"Darbo U\u017emokes\u010dio (Payroll\/CIS) Ataskaitos"},"content":{"rendered":"<h5>\n\t\t\t\tPaslaugos\n\t\t\t<\/h5>\n\t<h1>\n\t\t\t\tDarbo u\u017emokes\u010dio (Payroll\/CIS) ataskaitos\n\t\t\t<\/h1>\n\t\t\t\t<img decoding=\"async\" src=\"http:\/\/www.taxes4u.co.uk\/wp-content\/uploads\/2019\/06\/feature2-free-img-1.png\" alt=\"Taxes4u. Mokes\u010di\u0173 deklaravimas, mokes\u010di\u0173 gr\u0105\u017einimas, darbo u\u017emokes\u010dio apskaita ir buhalterija\" title=\"Taxes4u. Mokes\u010di\u0173 deklaravimas, mokes\u010di\u0173 gr\u0105\u017einimas, darbo u\u017emokes\u010dio apskaita ir buhalterija\" itemprop=\"image\"\/>\n\t<h2>\n\t\t\t\tDarbo u\u017emokes\u010dio (Payroll\/CIS) ataskaitos\n\t\t\t<\/h2>\n\t<h4>\n\t\t\t\tK\u0105 mes si\u016blome\n\t\t\t<\/h4>\n\t\t<p>Mes galime atlikti darbdavio registracij\u0105 savaranki\u0161kai dirban\u010diam asmeniui ir kas m\u0117nes\u012f pristatyti darbo u\u017emokes\u010dio (Payroll\/CIS) deklaracijas<\/p>\t\n\t<h4>\n\t\t\t\tDarbo u\u017emokes\u010dio apskaita (Payroll)\n\t\t\t<\/h4>\n\t\t<p>You do not need to have Limited company to employ people.Being self-employed you can register as an Employer, start employing staff and pay monthly (or weekly) salary.\u00a0<\/p>\t\n\t<h4>\n\t\t\t\tM\u016bs\u0173 kaina\n\t\t\t<\/h4>\n\t\t<p>\u00a350* per month*Price can vary<\/p>\t\n\t<h5>\n\t\t\t\tNemokamas paslaug\u0173 \u012fvertinimas\n\t\t\t<\/h5>\n\t<h2>\n\t\t\t\tKainos u\u017eklausimas\n\t\t\t<\/h2>\n\t\t<p>Norite aptarti buhalterin\u0117s apskaitos paslaugas jums ir j\u016bs\u0173 verslui? Susisiekite ir gaukite nemokam\u0105 ne\u012fpareigojant\u012f pasi\u016blym\u0105.<\/p>\t\n\t\t\t<a href=\"http:\/\/www.taxes4u.co.uk\/lt\/contact\/\" target=\"_self\" role=\"button\" rel=\"noopener noreferrer\">\n\t\t\t\t\t\t\tGaukite pasi\u016blym\u0105\n\t\t<\/a>","protected":false},"excerpt":{"rendered":"<p>Services Payroll\/CIS for Self Employed Payroll\/CIS for Self Employed What we offer We can make Employer registration for Self-employed person and process monthly Payroll\/CIS Returns Payroll You do not need to have Limited company to employ people.Being self-employed you can register as an Employer, start employing staff and pay monthly (or weekly) salary.\u00a0 Our Price [&hellip;]<\/p>\n","protected":false},"author":1,"featured_media":0,"parent":0,"menu_order":0,"comment_status":"closed","ping_status":"closed","template":"","meta":{"_uag_custom_page_level_css":"","site-sidebar-layout":"default","site-content-layout":"page-builder","ast-site-content-layout":"default","site-content-style":"default","site-sidebar-style":"default","ast-global-header-display":"","ast-banner-title-visibility":"","ast-main-header-display":"","ast-hfb-above-header-display":"","ast-hfb-below-header-display":"","ast-hfb-mobile-header-display":"","site-post-title":"disabled","ast-breadcrumbs-content":"","ast-featured-img":"disabled","footer-sml-layout":"","ast-disable-related-posts":"","theme-transparent-header-meta":"enabled","adv-header-id-meta":"","stick-header-meta":"default","header-above-stick-meta":"","header-main-stick-meta":"","header-below-stick-meta":"","astra-migrate-meta-layouts":"default","ast-page-background-enabled":"default","ast-page-background-meta":{"desktop":{"background-color":"","background-image":"","background-repeat":"repeat","background-position":"center center","background-size":"auto","background-attachment":"scroll","background-type":"","background-media":"","overlay-type":"","overlay-color":"","overlay-opacity":"","overlay-gradient":""},"tablet":{"background-color":"","background-image":"","background-repeat":"repeat","background-position":"center center","background-size":"auto","background-attachment":"scroll","background-type":"","background-media":"","overlay-type":"","overlay-color":"","overlay-opacity":"","overlay-gradient":""},"mobile":{"background-color":"","background-image":"","background-repeat":"repeat","background-position":"center center","background-size":"auto","background-attachment":"scroll","background-type":"","background-media":"","overlay-type":"","overlay-color":"","overlay-opacity":"","overlay-gradient":""}},"ast-content-background-meta":{"desktop":{"background-color":"var(--ast-global-color-5)","background-image":"","background-repeat":"repeat","background-position":"center center","background-size":"auto","background-attachment":"scroll","background-type":"","background-media":"","overlay-type":"","overlay-color":"","overlay-opacity":"","overlay-gradient":""},"tablet":{"background-color":"var(--ast-global-color-5)","background-image":"","background-repeat":"repeat","background-position":"center center","background-size":"auto","background-attachment":"scroll","background-type":"","background-media":"","overlay-type":"","overlay-color":"","overlay-opacity":"","overlay-gradient":""},"mobile":{"background-color":"var(--ast-global-color-5)","background-image":"","background-repeat":"repeat","background-position":"center center","background-size":"auto","background-attachment":"scroll","background-type":"","background-media":"","overlay-type":"","overlay-color":"","overlay-opacity":"","overlay-gradient":""}},"footnotes":""},"class_list":["post-1233","page","type-page","status-publish","hentry"],"yoast_head":"<!-- This site is optimized with the Yoast SEO plugin v27.4 - https:\/\/yoast.com\/product\/yoast-seo-wordpress\/ -->\n<title>Payroll\/CIS For Self Employed Services (UK) - Taxes4u<\/title>\n<meta name=\"description\" content=\"Payroll\/CIS For Self Employed Services. We can make Employer registration for Self Employed person and process monthly Payroll\/CIS Returns.\" \/>\n<meta name=\"robots\" content=\"index, follow, max-snippet:-1, max-image-preview:large, max-video-preview:-1\" \/>\n<link rel=\"canonical\" href=\"https:\/\/www.taxes4u.co.uk\/lt\/services-payroll-cis-for-self-employed\/\" \/>\n<meta property=\"og:locale\" content=\"lt_LT\" \/>\n<meta property=\"og:type\" content=\"article\" \/>\n<meta property=\"og:title\" content=\"Payroll\/CIS For Self Employed Services (UK) - Taxes4u\" \/>\n<meta property=\"og:description\" content=\"Payroll\/CIS For Self Employed Services. We can make Employer registration for Self Employed person and process monthly Payroll\/CIS Returns.\" \/>\n<meta property=\"og:url\" content=\"https:\/\/www.taxes4u.co.uk\/lt\/services-payroll-cis-for-self-employed\/\" \/>\n<meta property=\"og:site_name\" content=\"Taxes4u\" \/>\n<meta property=\"article:modified_time\" content=\"2020-11-04T16:13:43+00:00\" \/>\n<meta property=\"og:image\" content=\"http:\/\/www.taxes4u.co.uk\/wp-content\/uploads\/2019\/06\/feature2-free-img-1.png\" \/>\n<meta name=\"twitter:card\" content=\"summary_large_image\" \/>\n<script type=\"application\/ld+json\" class=\"yoast-schema-graph\">{\"@context\":\"https:\\\/\\\/schema.org\",\"@graph\":[{\"@type\":\"WebPage\",\"@id\":\"https:\\\/\\\/www.taxes4u.co.uk\\\/services-payroll-cis-for-self-employed\",\"url\":\"https:\\\/\\\/www.taxes4u.co.uk\\\/services-payroll-cis-for-self-employed\",\"name\":\"Payroll\\\/CIS For Self Employed Services (UK) - Taxes4u\",\"isPartOf\":{\"@id\":\"https:\\\/\\\/www.taxes4u.co.uk\\\/#website\"},\"primaryImageOfPage\":{\"@id\":\"https:\\\/\\\/www.taxes4u.co.uk\\\/services-payroll-cis-for-self-employed#primaryimage\"},\"image\":{\"@id\":\"https:\\\/\\\/www.taxes4u.co.uk\\\/services-payroll-cis-for-self-employed#primaryimage\"},\"thumbnailUrl\":\"http:\\\/\\\/www.taxes4u.co.uk\\\/wp-content\\\/uploads\\\/2019\\\/06\\\/feature2-free-img-1.png\",\"datePublished\":\"2020-06-06T13:16:30+00:00\",\"dateModified\":\"2020-11-04T16:13:43+00:00\",\"description\":\"Payroll\\\/CIS For Self Employed Services. We can make Employer registration for Self Employed person and process monthly Payroll\\\/CIS Returns.\",\"breadcrumb\":{\"@id\":\"https:\\\/\\\/www.taxes4u.co.uk\\\/services-payroll-cis-for-self-employed#breadcrumb\"},\"inLanguage\":\"lt-LT\",\"potentialAction\":[{\"@type\":\"ReadAction\",\"target\":[\"https:\\\/\\\/www.taxes4u.co.uk\\\/services-payroll-cis-for-self-employed\"]}]},{\"@type\":\"ImageObject\",\"inLanguage\":\"lt-LT\",\"@id\":\"https:\\\/\\\/www.taxes4u.co.uk\\\/services-payroll-cis-for-self-employed#primaryimage\",\"url\":\"http:\\\/\\\/www.taxes4u.co.uk\\\/wp-content\\\/uploads\\\/2019\\\/06\\\/feature2-free-img-1.png\",\"contentUrl\":\"http:\\\/\\\/www.taxes4u.co.uk\\\/wp-content\\\/uploads\\\/2019\\\/06\\\/feature2-free-img-1.png\"},{\"@type\":\"BreadcrumbList\",\"@id\":\"https:\\\/\\\/www.taxes4u.co.uk\\\/services-payroll-cis-for-self-employed#breadcrumb\",\"itemListElement\":[{\"@type\":\"ListItem\",\"position\":1,\"name\":\"Home\",\"item\":\"https:\\\/\\\/www.taxes4u.co.uk\\\/\"},{\"@type\":\"ListItem\",\"position\":2,\"name\":\"Payroll\\\/CIS For Self Employed\"}]},{\"@type\":\"WebSite\",\"@id\":\"https:\\\/\\\/www.taxes4u.co.uk\\\/#website\",\"url\":\"https:\\\/\\\/www.taxes4u.co.uk\\\/\",\"name\":\"Taxes4u\",\"description\":\"Tax Returns, Payroll, Bookkeeping\",\"publisher\":{\"@id\":\"https:\\\/\\\/www.taxes4u.co.uk\\\/#organization\"},\"potentialAction\":[{\"@type\":\"SearchAction\",\"target\":{\"@type\":\"EntryPoint\",\"urlTemplate\":\"https:\\\/\\\/www.taxes4u.co.uk\\\/?s={search_term_string}\"},\"query-input\":{\"@type\":\"PropertyValueSpecification\",\"valueRequired\":true,\"valueName\":\"search_term_string\"}}],\"inLanguage\":\"lt-LT\"},{\"@type\":\"Organization\",\"@id\":\"https:\\\/\\\/www.taxes4u.co.uk\\\/#organization\",\"name\":\"Taxes4u\",\"url\":\"https:\\\/\\\/www.taxes4u.co.uk\\\/\",\"logo\":{\"@type\":\"ImageObject\",\"inLanguage\":\"lt-LT\",\"@id\":\"https:\\\/\\\/www.taxes4u.co.uk\\\/#\\\/schema\\\/logo\\\/image\\\/\",\"url\":\"https:\\\/\\\/www.taxes4u.co.uk\\\/wp-content\\\/uploads\\\/2020\\\/06\\\/cropped-3001_Taxes4u_RB_GR-02.png\",\"contentUrl\":\"https:\\\/\\\/www.taxes4u.co.uk\\\/wp-content\\\/uploads\\\/2020\\\/06\\\/cropped-3001_Taxes4u_RB_GR-02.png\",\"width\":396,\"height\":82,\"caption\":\"Taxes4u\"},\"image\":{\"@id\":\"https:\\\/\\\/www.taxes4u.co.uk\\\/#\\\/schema\\\/logo\\\/image\\\/\"}}]}<\/script>\n<!-- \/ Yoast SEO plugin. -->","yoast_head_json":{"title":"Darbo u\u017emokestis \/ CIS savaranki\u0161kai dirbantiems JK | Taxes4u","description":"Registruojame jus kaip darbdav\u012f ir tvarkome m\u0117nesinius darbo u\u017emokes\u010dio bei CIS prane\u0161imus savaranki\u0161kai dirbantiems asmenims Jungtin\u0117je Karalyst\u0117je.","robots":{"index":"index","follow":"follow","max-snippet":"max-snippet:-1","max-image-preview":"max-image-preview:large","max-video-preview":"max-video-preview:-1"},"canonical":"https:\/\/www.taxes4u.co.uk\/lt\/services-payroll-cis-for-self-employed\/","og_locale":"lt_LT","og_type":"article","og_title":"Payroll\/CIS For Self Employed Services (UK) - Taxes4u","og_description":"Payroll\/CIS For Self Employed Services. We can make Employer registration for Self Employed person and process monthly Payroll\/CIS Returns.","og_url":"https:\/\/www.taxes4u.co.uk\/lt\/services-payroll-cis-for-self-employed\/","og_site_name":"Taxes4u","article_modified_time":"2020-11-04T16:13:43+00:00","og_image":[{"url":"http:\/\/www.taxes4u.co.uk\/wp-content\/uploads\/2019\/06\/feature2-free-img-1.png","type":"","width":"","height":""}],"twitter_card":"summary_large_image","schema":{"@context":"https:\/\/schema.org","@graph":[{"@type":"WebPage","@id":"https:\/\/www.taxes4u.co.uk\/services-payroll-cis-for-self-employed","url":"https:\/\/www.taxes4u.co.uk\/services-payroll-cis-for-self-employed","name":"Darbo u\u017emokestis \/ CIS savaranki\u0161kai dirbantiems JK | Taxes4u","isPartOf":{"@id":"https:\/\/www.taxes4u.co.uk\/#website"},"primaryImageOfPage":{"@id":"https:\/\/www.taxes4u.co.uk\/services-payroll-cis-for-self-employed#primaryimage"},"image":{"@id":"https:\/\/www.taxes4u.co.uk\/services-payroll-cis-for-self-employed#primaryimage"},"thumbnailUrl":"http:\/\/www.taxes4u.co.uk\/wp-content\/uploads\/2019\/06\/feature2-free-img-1.png","datePublished":"2020-06-06T13:16:30+00:00","dateModified":"2020-11-04T16:13:43+00:00","description":"Registruojame jus kaip darbdav\u012f ir tvarkome m\u0117nesinius darbo u\u017emokes\u010dio bei CIS prane\u0161imus savaranki\u0161kai dirbantiems asmenims Jungtin\u0117je Karalyst\u0117je.","breadcrumb":{"@id":"https:\/\/www.taxes4u.co.uk\/services-payroll-cis-for-self-employed#breadcrumb"},"inLanguage":"lt-LT","potentialAction":[{"@type":"ReadAction","target":["https:\/\/www.taxes4u.co.uk\/services-payroll-cis-for-self-employed"]}]},{"@type":"ImageObject","inLanguage":"lt-LT","@id":"https:\/\/www.taxes4u.co.uk\/services-payroll-cis-for-self-employed#primaryimage","url":"http:\/\/www.taxes4u.co.uk\/wp-content\/uploads\/2019\/06\/feature2-free-img-1.png","contentUrl":"http:\/\/www.taxes4u.co.uk\/wp-content\/uploads\/2019\/06\/feature2-free-img-1.png"},{"@type":"BreadcrumbList","@id":"https:\/\/www.taxes4u.co.uk\/services-payroll-cis-for-self-employed#breadcrumb","itemListElement":[{"@type":"ListItem","position":1,"name":"Home","item":"https:\/\/www.taxes4u.co.uk\/"},{"@type":"ListItem","position":2,"name":"Payroll\/CIS For Self Employed"}]},{"@type":"WebSite","@id":"https:\/\/www.taxes4u.co.uk\/#website","url":"https:\/\/www.taxes4u.co.uk\/","name":"Taxes4u","description":"Mokes\u010di\u0173 deklaracijos, darbo u\u017emokestis, buhalterin\u0117 apskaita","publisher":{"@id":"https:\/\/www.taxes4u.co.uk\/#organization"},"potentialAction":[{"@type":"SearchAction","target":{"@type":"EntryPoint","urlTemplate":"https:\/\/www.taxes4u.co.uk\/?s={search_term_string}"},"query-input":{"@type":"PropertyValueSpecification","valueRequired":true,"valueName":"search_term_string"}}],"inLanguage":"lt-LT"},{"@type":"Organization","@id":"https:\/\/www.taxes4u.co.uk\/#organization","name":"Taxes4u","url":"https:\/\/www.taxes4u.co.uk\/","logo":{"@type":"ImageObject","inLanguage":"lt-LT","@id":"https:\/\/www.taxes4u.co.uk\/#\/schema\/logo\/image\/","url":"https:\/\/www.taxes4u.co.uk\/wp-content\/uploads\/2020\/06\/cropped-3001_Taxes4u_RB_GR-02.png","contentUrl":"https:\/\/www.taxes4u.co.uk\/wp-content\/uploads\/2020\/06\/cropped-3001_Taxes4u_RB_GR-02.png","width":396,"height":82,"caption":"Taxes4u"},"image":{"@id":"https:\/\/www.taxes4u.co.uk\/#\/schema\/logo\/image\/"}}]}},"uagb_featured_image_src":{"full":false,"thumbnail":false,"medium":false,"medium_large":false,"large":false,"1536x1536":false,"2048x2048":false,"trp-custom-language-flag":false},"uagb_author_info":{"display_name":"Malaicik","author_link":"https:\/\/www.taxes4u.co.uk\/lt\/author\/malaicik"},"uagb_comment_info":0,"uagb_excerpt":"Services Payroll\/CIS for Self Employed Payroll\/CIS for Self Employed What we offer We can make Employer registration for Self-employed person and process monthly Payroll\/CIS Returns Payroll You do not need to have Limited company to employ people.Being self-employed you can register as an Employer, start employing staff and pay monthly (or weekly) salary.\u00a0 Our Price&hellip;","_links":{"self":[{"href":"https:\/\/www.taxes4u.co.uk\/lt\/wp-json\/wp\/v2\/pages\/1233","targetHints":{"allow":["GET"]}}],"collection":[{"href":"https:\/\/www.taxes4u.co.uk\/lt\/wp-json\/wp\/v2\/pages"}],"about":[{"href":"https:\/\/www.taxes4u.co.uk\/lt\/wp-json\/wp\/v2\/types\/page"}],"author":[{"embeddable":true,"href":"https:\/\/www.taxes4u.co.uk\/lt\/wp-json\/wp\/v2\/users\/1"}],"replies":[{"embeddable":true,"href":"https:\/\/www.taxes4u.co.uk\/lt\/wp-json\/wp\/v2\/comments?post=1233"}],"version-history":[{"count":17,"href":"https:\/\/www.taxes4u.co.uk\/lt\/wp-json\/wp\/v2\/pages\/1233\/revisions"}],"predecessor-version":[{"id":1606,"href":"https:\/\/www.taxes4u.co.uk\/lt\/wp-json\/wp\/v2\/pages\/1233\/revisions\/1606"}],"wp:attachment":[{"href":"https:\/\/www.taxes4u.co.uk\/lt\/wp-json\/wp\/v2\/media?parent=1233"}],"curies":[{"name":"wp","href":"https:\/\/api.w.org\/{rel}","templated":true}]}}