{"id":1239,"date":"2020-06-06T13:19:27","date_gmt":"2020-06-06T13:19:27","guid":{"rendered":"http:\/\/www.taxes4u.co.uk\/?page_id=1239"},"modified":"2025-03-28T20:45:23","modified_gmt":"2025-03-28T20:45:23","slug":"services-vat-returns-for-self-employed","status":"publish","type":"page","link":"https:\/\/www.taxes4u.co.uk\/lt\/services-vat-returns-for-self-employed","title":{"rendered":"PVM (VAT) Ataskaitos Savaranki\u0161kai Dirbantiems Asmenims"},"content":{"rendered":"<h5>\n\t\t\t\tPaslaugos\n\t\t\t<\/h5>\n\t<h1>\n\t\t\t\tPVM ataskaitos savaranki\u0161kai dirbantiems asmenims\n\t\t\t<\/h1>\n\t\t\t\t<img decoding=\"async\" src=\"http:\/\/www.taxes4u.co.uk\/wp-content\/uploads\/2019\/06\/feature2-free-img-1.png\" alt=\"Mokes\u010di\u0173 deklaravimas, mokes\u010di\u0173 gr\u0105\u017einimas ir hipotekos brokeri\u0173 paslaugos Lietuvoje | Taxes4u\" title=\"Taxes4u. Mokes\u010di\u0173 gr\u0105\u017einimas Mokes\u010di\u0173 gr\u0105\u017einimas ir hipotekos brokeris\" itemprop=\"image\"\/>\n\t<h2>\n\t\t\t\tPVM ataskaitos savaranki\u0161kai dirbantiems asmenims\n\t\t\t<\/h2>\n\t<h4>\n\t\t\t\tK\u0105 mes si\u016blome\n\t\t\t<\/h4>\n\t\t\t<p>Mes galime u\u017eregistruoti j\u016bs\u0173 versl\u0105 PVM (VAT) mok\u0117toju, patarti d\u0117l galim\u0173 schem\u0173, parengti ir pateikti PVM (VAT) deklaracijas HM Revenue and Customs (HMRC).<\/p>\t\n\t<h4>\n\t\t\t\tPrid\u0117tin\u0117s vert\u0117s mokestis - PVM (VAT)\n\t\t\t<\/h4>\n\t\t\t<p>If your business turnover is more than \u00a390,000 you are legally required to register for VAT. This will require you to charge VAT on all goods or services offered by your business. You can only charge VAT if you are registered to do so. Being VAT registered also allows you to reclaim VAT on goods and services purchased by your business.Current VAT Rates in the UK:<table><tbody><tr><td width=\"132\"><strong>Tarifas\u00a0<\/strong><\/td><td width=\"94\"><strong>% PVM<\/strong><\/td><td width=\"375\"><strong>Kam taikomas tarifas<\/strong><\/td><\/tr><tr><td width=\"132\">Standartinis<\/td><td width=\"94\">20%<\/td><td width=\"375\">Did\u017eioji dalis preki\u0173 ir paslaug\u0173<\/td><\/tr><tr><td width=\"132\">Lengvatinis tarifas<\/td><td width=\"94\">5%<\/td><td width=\"375\">Some goods and services, eg home energy and children&#8217;s car seats<\/td><\/tr><tr><td width=\"132\">Nulinis tarifas<\/td><td width=\"94\">0%<\/td><td width=\"375\">Zero-rated goods and services, eg most food and children&#8217;s clothes<\/td><\/tr><\/tbody><\/table><\/p>\t\n\t<h4>\n\t\t\t\tM\u016bs\u0173 kaina\n\t\t\t<\/h4>\n\t\t\t<p>From \u00a3100**Price can be fixed per month or be paid for quarter\u00a0<\/p>\t\n\t<h5>\n\t\t\t\tNemokamas paslaug\u0173 \u012fvertinimas\n\t\t\t<\/h5>\n\t<h2>\n\t\t\t\tKainos u\u017eklausimas\n\t\t\t<\/h2>\n\t\t\t<p>Norite aptarti buhalterin\u0117s apskaitos paslaugas jums ir j\u016bs\u0173 verslui? Susisiekite ir gaukite nemokam\u0105 ne\u012fpareigojant\u012f pasi\u016blym\u0105.<\/p>\t\n\t\t\t<a href=\"http:\/\/www.taxes4u.co.uk\/lt\/contact\/\" title=\"Click Here\" target=\"_self\"   role=\"button\" aria-label=\"Gaukite pasi\u016blym\u0105\">\n\t\t\t\t\t\t\tGaukite pasi\u016blym\u0105\n\t\t<\/a>","protected":false},"excerpt":{"rendered":"<p>Services VAT Returns for Self Employed VAT Returns for Self Employed What we offer We can register your business for VAT, advise on available schemes, prepare and submit VAT Returns to HM Revenue and Customs (HMRC). Value added tax (VAT) If your business turnover is more than \u00a390,000 you are legally required to register for [&hellip;]<\/p>\n","protected":false},"author":1,"featured_media":0,"parent":0,"menu_order":0,"comment_status":"closed","ping_status":"closed","template":"","meta":{"_uag_custom_page_level_css":"","site-sidebar-layout":"default","site-content-layout":"page-builder","ast-site-content-layout":"default","site-content-style":"default","site-sidebar-style":"default","ast-global-header-display":"","ast-banner-title-visibility":"","ast-main-header-display":"","ast-hfb-above-header-display":"","ast-hfb-below-header-display":"","ast-hfb-mobile-header-display":"","site-post-title":"disabled","ast-breadcrumbs-content":"","ast-featured-img":"disabled","footer-sml-layout":"","ast-disable-related-posts":"","theme-transparent-header-meta":"enabled","adv-header-id-meta":"","stick-header-meta":"default","header-above-stick-meta":"","header-main-stick-meta":"","header-below-stick-meta":"","astra-migrate-meta-layouts":"default","ast-page-background-enabled":"default","ast-page-background-meta":{"desktop":{"background-color":"","background-image":"","background-repeat":"repeat","background-position":"center center","background-size":"auto","background-attachment":"scroll","background-type":"","background-media":"","overlay-type":"","overlay-color":"","overlay-opacity":"","overlay-gradient":""},"tablet":{"background-color":"","background-image":"","background-repeat":"repeat","background-position":"center center","background-size":"auto","background-attachment":"scroll","background-type":"","background-media":"","overlay-type":"","overlay-color":"","overlay-opacity":"","overlay-gradient":""},"mobile":{"background-color":"","background-image":"","background-repeat":"repeat","background-position":"center center","background-size":"auto","background-attachment":"scroll","background-type":"","background-media":"","overlay-type":"","overlay-color":"","overlay-opacity":"","overlay-gradient":""}},"ast-content-background-meta":{"desktop":{"background-color":"var(--ast-global-color-5)","background-image":"","background-repeat":"repeat","background-position":"center center","background-size":"auto","background-attachment":"scroll","background-type":"","background-media":"","overlay-type":"","overlay-color":"","overlay-opacity":"","overlay-gradient":""},"tablet":{"background-color":"var(--ast-global-color-5)","background-image":"","background-repeat":"repeat","background-position":"center center","background-size":"auto","background-attachment":"scroll","background-type":"","background-media":"","overlay-type":"","overlay-color":"","overlay-opacity":"","overlay-gradient":""},"mobile":{"background-color":"var(--ast-global-color-5)","background-image":"","background-repeat":"repeat","background-position":"center center","background-size":"auto","background-attachment":"scroll","background-type":"","background-media":"","overlay-type":"","overlay-color":"","overlay-opacity":"","overlay-gradient":""}},"footnotes":""},"class_list":["post-1239","page","type-page","status-publish","hentry"],"yoast_head":"<!-- This site is optimized with the Yoast SEO plugin v27.4 - https:\/\/yoast.com\/product\/yoast-seo-wordpress\/ -->\n<title>VAT Returns For Self Employed Services - Taxes4u<\/title>\n<meta name=\"description\" content=\"VAT Returns For Self Employed Services. We can register your business for VAT, advise on available schemes, prepare and submit VAT Returns to HMRC.\" \/>\n<meta name=\"robots\" content=\"index, follow, max-snippet:-1, max-image-preview:large, max-video-preview:-1\" \/>\n<link rel=\"canonical\" href=\"https:\/\/www.taxes4u.co.uk\/lt\/services-vat-returns-for-self-employed\/\" \/>\n<meta property=\"og:locale\" content=\"lt_LT\" \/>\n<meta property=\"og:type\" content=\"article\" \/>\n<meta property=\"og:title\" content=\"VAT Returns For Self Employed Services - Taxes4u\" \/>\n<meta property=\"og:description\" content=\"VAT Returns For Self Employed Services. We can register your business for VAT, advise on available schemes, prepare and submit VAT Returns to HMRC.\" \/>\n<meta property=\"og:url\" content=\"https:\/\/www.taxes4u.co.uk\/lt\/services-vat-returns-for-self-employed\/\" \/>\n<meta property=\"og:site_name\" content=\"Taxes4u\" \/>\n<meta property=\"article:modified_time\" content=\"2025-03-28T20:45:23+00:00\" \/>\n<meta property=\"og:image\" content=\"http:\/\/www.taxes4u.co.uk\/wp-content\/uploads\/2019\/06\/feature2-free-img-1.png\" \/>\n<meta name=\"twitter:card\" content=\"summary_large_image\" \/>\n<meta name=\"twitter:label1\" content=\"Est. reading time\" \/>\n\t<meta name=\"twitter:data1\" content=\"1 minut\u0117\" \/>\n<script type=\"application\/ld+json\" class=\"yoast-schema-graph\">{\"@context\":\"https:\\\/\\\/schema.org\",\"@graph\":[{\"@type\":\"WebPage\",\"@id\":\"https:\\\/\\\/www.taxes4u.co.uk\\\/services-vat-returns-for-self-employed\",\"url\":\"https:\\\/\\\/www.taxes4u.co.uk\\\/services-vat-returns-for-self-employed\",\"name\":\"VAT Returns For Self Employed Services - Taxes4u\",\"isPartOf\":{\"@id\":\"https:\\\/\\\/www.taxes4u.co.uk\\\/#website\"},\"primaryImageOfPage\":{\"@id\":\"https:\\\/\\\/www.taxes4u.co.uk\\\/services-vat-returns-for-self-employed#primaryimage\"},\"image\":{\"@id\":\"https:\\\/\\\/www.taxes4u.co.uk\\\/services-vat-returns-for-self-employed#primaryimage\"},\"thumbnailUrl\":\"http:\\\/\\\/www.taxes4u.co.uk\\\/wp-content\\\/uploads\\\/2019\\\/06\\\/feature2-free-img-1.png\",\"datePublished\":\"2020-06-06T13:19:27+00:00\",\"dateModified\":\"2025-03-28T20:45:23+00:00\",\"description\":\"VAT Returns For Self Employed Services. We can register your business for VAT, advise on available schemes, prepare and submit VAT Returns to HMRC.\",\"breadcrumb\":{\"@id\":\"https:\\\/\\\/www.taxes4u.co.uk\\\/services-vat-returns-for-self-employed#breadcrumb\"},\"inLanguage\":\"lt-LT\",\"potentialAction\":[{\"@type\":\"ReadAction\",\"target\":[\"https:\\\/\\\/www.taxes4u.co.uk\\\/services-vat-returns-for-self-employed\"]}]},{\"@type\":\"ImageObject\",\"inLanguage\":\"lt-LT\",\"@id\":\"https:\\\/\\\/www.taxes4u.co.uk\\\/services-vat-returns-for-self-employed#primaryimage\",\"url\":\"http:\\\/\\\/www.taxes4u.co.uk\\\/wp-content\\\/uploads\\\/2019\\\/06\\\/feature2-free-img-1.png\",\"contentUrl\":\"http:\\\/\\\/www.taxes4u.co.uk\\\/wp-content\\\/uploads\\\/2019\\\/06\\\/feature2-free-img-1.png\"},{\"@type\":\"BreadcrumbList\",\"@id\":\"https:\\\/\\\/www.taxes4u.co.uk\\\/services-vat-returns-for-self-employed#breadcrumb\",\"itemListElement\":[{\"@type\":\"ListItem\",\"position\":1,\"name\":\"Home\",\"item\":\"https:\\\/\\\/www.taxes4u.co.uk\\\/\"},{\"@type\":\"ListItem\",\"position\":2,\"name\":\"VAT for Self Employed\"}]},{\"@type\":\"WebSite\",\"@id\":\"https:\\\/\\\/www.taxes4u.co.uk\\\/#website\",\"url\":\"https:\\\/\\\/www.taxes4u.co.uk\\\/\",\"name\":\"Taxes4u\",\"description\":\"Tax Returns, Payroll, Bookkeeping\",\"publisher\":{\"@id\":\"https:\\\/\\\/www.taxes4u.co.uk\\\/#organization\"},\"potentialAction\":[{\"@type\":\"SearchAction\",\"target\":{\"@type\":\"EntryPoint\",\"urlTemplate\":\"https:\\\/\\\/www.taxes4u.co.uk\\\/?s={search_term_string}\"},\"query-input\":{\"@type\":\"PropertyValueSpecification\",\"valueRequired\":true,\"valueName\":\"search_term_string\"}}],\"inLanguage\":\"lt-LT\"},{\"@type\":\"Organization\",\"@id\":\"https:\\\/\\\/www.taxes4u.co.uk\\\/#organization\",\"name\":\"Taxes4u\",\"url\":\"https:\\\/\\\/www.taxes4u.co.uk\\\/\",\"logo\":{\"@type\":\"ImageObject\",\"inLanguage\":\"lt-LT\",\"@id\":\"https:\\\/\\\/www.taxes4u.co.uk\\\/#\\\/schema\\\/logo\\\/image\\\/\",\"url\":\"https:\\\/\\\/www.taxes4u.co.uk\\\/wp-content\\\/uploads\\\/2020\\\/06\\\/cropped-3001_Taxes4u_RB_GR-02.png\",\"contentUrl\":\"https:\\\/\\\/www.taxes4u.co.uk\\\/wp-content\\\/uploads\\\/2020\\\/06\\\/cropped-3001_Taxes4u_RB_GR-02.png\",\"width\":396,\"height\":82,\"caption\":\"Taxes4u\"},\"image\":{\"@id\":\"https:\\\/\\\/www.taxes4u.co.uk\\\/#\\\/schema\\\/logo\\\/image\\\/\"}}]}<\/script>\n<!-- \/ Yoast SEO plugin. -->","yoast_head_json":{"title":"PVM deklaracijos savaranki\u0161kai dirbantiems asmenims - Taxes4u","description":"\u0412\u043e\u0437\u0432\u0440\u0430\u0442 \u041d\u0414\u0421 (VAT) \u0437\u0430 \u0443\u0441\u043b\u0443\u0433\u0438 \u043f\u043e \u0438\u043d\u0434\u0438\u0432\u0438\u0434\u0443\u0430\u043b\u044c\u043d\u043e\u043c\u0443 \u043f\u0440\u0435\u0434\u043f\u0440\u0438\u043d\u0438\u043c\u0430\u0442\u0435\u043b\u044c\u0441\u0442\u0432\u0443. \u041c\u044b \u043c\u043e\u0436\u0435\u043c \u0437\u0430\u0440\u0435\u0433\u0438\u0441\u0442\u0440\u0438\u0440\u043e\u0432\u0430\u0442\u044c \u0432\u0430\u0448 \u0431\u0438\u0437\u043d\u0435\u0441 \u0434\u043b\u044f \u041d\u0414\u0421, \u043f\u0440\u043e\u043a\u043e\u043d\u0441\u0443\u043b\u044c\u0442\u0438\u0440\u043e\u0432\u0430\u0442\u044c \u043f\u043e \u0434\u043e\u0441\u0442\u0443\u043f\u043d\u044b\u043c \u0441\u0445\u0435\u043c\u0430\u043c, \u043f\u043e\u0434\u0433\u043e\u0442\u043e\u0432\u0438\u0442\u044c \u0438 \u043e\u0442\u043f\u0440\u0430\u0432\u0438\u0442\u044c \u041d\u0414\u0421 \u0434\u043e\u0445\u043e\u0434\u044b \u0432 HMRC.","robots":{"index":"index","follow":"follow","max-snippet":"max-snippet:-1","max-image-preview":"max-image-preview:large","max-video-preview":"max-video-preview:-1"},"canonical":"https:\/\/www.taxes4u.co.uk\/lt\/services-vat-returns-for-self-employed\/","og_locale":"lt_LT","og_type":"article","og_title":"VAT Returns For Self Employed Services - Taxes4u","og_description":"VAT Returns For Self Employed Services. We can register your business for VAT, advise on available schemes, prepare and submit VAT Returns to HMRC.","og_url":"https:\/\/www.taxes4u.co.uk\/lt\/services-vat-returns-for-self-employed\/","og_site_name":"Taxes4u","article_modified_time":"2025-03-28T20:45:23+00:00","og_image":[{"url":"http:\/\/www.taxes4u.co.uk\/wp-content\/uploads\/2019\/06\/feature2-free-img-1.png","type":"","width":"","height":""}],"twitter_card":"summary_large_image","twitter_misc":{"Est. reading time":"1 minut\u0117"},"schema":{"@context":"https:\/\/schema.org","@graph":[{"@type":"WebPage","@id":"https:\/\/www.taxes4u.co.uk\/services-vat-returns-for-self-employed","url":"https:\/\/www.taxes4u.co.uk\/services-vat-returns-for-self-employed","name":"PVM deklaracijos savaranki\u0161kai dirbantiems asmenims - Taxes4u","isPartOf":{"@id":"https:\/\/www.taxes4u.co.uk\/#website"},"primaryImageOfPage":{"@id":"https:\/\/www.taxes4u.co.uk\/services-vat-returns-for-self-employed#primaryimage"},"image":{"@id":"https:\/\/www.taxes4u.co.uk\/services-vat-returns-for-self-employed#primaryimage"},"thumbnailUrl":"http:\/\/www.taxes4u.co.uk\/wp-content\/uploads\/2019\/06\/feature2-free-img-1.png","datePublished":"2020-06-06T13:19:27+00:00","dateModified":"2025-03-28T20:45:23+00:00","description":"\u0412\u043e\u0437\u0432\u0440\u0430\u0442 \u041d\u0414\u0421 (VAT) \u0437\u0430 \u0443\u0441\u043b\u0443\u0433\u0438 \u043f\u043e \u0438\u043d\u0434\u0438\u0432\u0438\u0434\u0443\u0430\u043b\u044c\u043d\u043e\u043c\u0443 \u043f\u0440\u0435\u0434\u043f\u0440\u0438\u043d\u0438\u043c\u0430\u0442\u0435\u043b\u044c\u0441\u0442\u0432\u0443. \u041c\u044b \u043c\u043e\u0436\u0435\u043c \u0437\u0430\u0440\u0435\u0433\u0438\u0441\u0442\u0440\u0438\u0440\u043e\u0432\u0430\u0442\u044c \u0432\u0430\u0448 \u0431\u0438\u0437\u043d\u0435\u0441 \u0434\u043b\u044f \u041d\u0414\u0421, \u043f\u0440\u043e\u043a\u043e\u043d\u0441\u0443\u043b\u044c\u0442\u0438\u0440\u043e\u0432\u0430\u0442\u044c \u043f\u043e \u0434\u043e\u0441\u0442\u0443\u043f\u043d\u044b\u043c \u0441\u0445\u0435\u043c\u0430\u043c, \u043f\u043e\u0434\u0433\u043e\u0442\u043e\u0432\u0438\u0442\u044c \u0438 \u043e\u0442\u043f\u0440\u0430\u0432\u0438\u0442\u044c \u041d\u0414\u0421 \u0434\u043e\u0445\u043e\u0434\u044b \u0432 HMRC.","breadcrumb":{"@id":"https:\/\/www.taxes4u.co.uk\/services-vat-returns-for-self-employed#breadcrumb"},"inLanguage":"lt-LT","potentialAction":[{"@type":"ReadAction","target":["https:\/\/www.taxes4u.co.uk\/services-vat-returns-for-self-employed"]}]},{"@type":"ImageObject","inLanguage":"lt-LT","@id":"https:\/\/www.taxes4u.co.uk\/services-vat-returns-for-self-employed#primaryimage","url":"http:\/\/www.taxes4u.co.uk\/wp-content\/uploads\/2019\/06\/feature2-free-img-1.png","contentUrl":"http:\/\/www.taxes4u.co.uk\/wp-content\/uploads\/2019\/06\/feature2-free-img-1.png"},{"@type":"BreadcrumbList","@id":"https:\/\/www.taxes4u.co.uk\/services-vat-returns-for-self-employed#breadcrumb","itemListElement":[{"@type":"ListItem","position":1,"name":"Home","item":"https:\/\/www.taxes4u.co.uk\/"},{"@type":"ListItem","position":2,"name":"VAT for Self Employed"}]},{"@type":"WebSite","@id":"https:\/\/www.taxes4u.co.uk\/#website","url":"https:\/\/www.taxes4u.co.uk\/","name":"Taxes4u","description":"Mokes\u010di\u0173 deklaracijos, darbo u\u017emokestis, buhalterin\u0117 apskaita","publisher":{"@id":"https:\/\/www.taxes4u.co.uk\/#organization"},"potentialAction":[{"@type":"SearchAction","target":{"@type":"EntryPoint","urlTemplate":"https:\/\/www.taxes4u.co.uk\/?s={search_term_string}"},"query-input":{"@type":"PropertyValueSpecification","valueRequired":true,"valueName":"search_term_string"}}],"inLanguage":"lt-LT"},{"@type":"Organization","@id":"https:\/\/www.taxes4u.co.uk\/#organization","name":"Taxes4u","url":"https:\/\/www.taxes4u.co.uk\/","logo":{"@type":"ImageObject","inLanguage":"lt-LT","@id":"https:\/\/www.taxes4u.co.uk\/#\/schema\/logo\/image\/","url":"https:\/\/www.taxes4u.co.uk\/wp-content\/uploads\/2020\/06\/cropped-3001_Taxes4u_RB_GR-02.png","contentUrl":"https:\/\/www.taxes4u.co.uk\/wp-content\/uploads\/2020\/06\/cropped-3001_Taxes4u_RB_GR-02.png","width":396,"height":82,"caption":"Taxes4u"},"image":{"@id":"https:\/\/www.taxes4u.co.uk\/#\/schema\/logo\/image\/"}}]}},"uagb_featured_image_src":{"full":false,"thumbnail":false,"medium":false,"medium_large":false,"large":false,"1536x1536":false,"2048x2048":false,"trp-custom-language-flag":false},"uagb_author_info":{"display_name":"Malaicik","author_link":"https:\/\/www.taxes4u.co.uk\/lt\/author\/malaicik"},"uagb_comment_info":0,"uagb_excerpt":"Services VAT Returns for Self Employed VAT Returns for Self Employed What we offer We can register your business for VAT, advise on available schemes, prepare and submit VAT Returns to HM Revenue and Customs (HMRC). Value added tax (VAT) If your business turnover is more than \u00a390,000 you are legally required to register for&hellip;","_links":{"self":[{"href":"https:\/\/www.taxes4u.co.uk\/lt\/wp-json\/wp\/v2\/pages\/1239","targetHints":{"allow":["GET"]}}],"collection":[{"href":"https:\/\/www.taxes4u.co.uk\/lt\/wp-json\/wp\/v2\/pages"}],"about":[{"href":"https:\/\/www.taxes4u.co.uk\/lt\/wp-json\/wp\/v2\/types\/page"}],"author":[{"embeddable":true,"href":"https:\/\/www.taxes4u.co.uk\/lt\/wp-json\/wp\/v2\/users\/1"}],"replies":[{"embeddable":true,"href":"https:\/\/www.taxes4u.co.uk\/lt\/wp-json\/wp\/v2\/comments?post=1239"}],"version-history":[{"count":19,"href":"https:\/\/www.taxes4u.co.uk\/lt\/wp-json\/wp\/v2\/pages\/1239\/revisions"}],"predecessor-version":[{"id":1951,"href":"https:\/\/www.taxes4u.co.uk\/lt\/wp-json\/wp\/v2\/pages\/1239\/revisions\/1951"}],"wp:attachment":[{"href":"https:\/\/www.taxes4u.co.uk\/lt\/wp-json\/wp\/v2\/media?parent=1239"}],"curies":[{"name":"wp","href":"https:\/\/api.w.org\/{rel}","templated":true}]}}