{"id":1245,"date":"2020-06-06T13:26:18","date_gmt":"2020-06-06T13:26:18","guid":{"rendered":"http:\/\/www.taxes4u.co.uk\/?page_id=1245"},"modified":"2025-03-28T21:07:47","modified_gmt":"2025-03-28T21:07:47","slug":"services-national-insurance-for-self-employed","status":"publish","type":"page","link":"https:\/\/www.taxes4u.co.uk\/lt\/services-national-insurance-for-self-employed","title":{"rendered":"Socialinis Draudimas Savaranki\u0161kai Dirbantiems Asmenims"},"content":{"rendered":"<h5>\n\t\t\t\tPaslaugos\n\t\t\t<\/h5>\n\t<h1>\n\t\t\t\tSocialinis Draudimas Savaranki\u0161kai Dirbantiems Asmenims\n\t\t\t<\/h1>\n\t\t\t\t<img decoding=\"async\" src=\"http:\/\/www.taxes4u.co.uk\/wp-content\/uploads\/2019\/06\/feature2-free-img-1.png\" alt=\"Mokes\u010di\u0173 deklaravimas, mokes\u010di\u0173 gr\u0105\u017einimas ir hipotekos brokeri\u0173 paslaugos Lietuvoje | Taxes4u\" title=\"Taxes4u. Mokes\u010di\u0173 gr\u0105\u017einimas Mokes\u010di\u0173 gr\u0105\u017einimas ir hipotekos brokeris\" itemprop=\"image\"\/>\n\t<h2>\n\t\t\t\tSocialinis Draudimas Savaranki\u0161kai Dirbantiems Asmenims\n\t\t\t<\/h2>\n\t<h4>\n\t\t\t\tK\u0105 mes si\u016blome\n\t\t\t<\/h4>\n\t\t\t<p>Jei turite klausim\u0173 d\u0117l savo socialinio draudimo ar norite gauti savo socialinio draudimo \u012fra\u0161us, galime j\u016bs\u0173 vardu susisiekti su HMRC ir papra\u0161yti reikalingos informacijos.<\/p>\t\n\t<h4>\n\t\t\t\tSocialinis Draudimas Savaranki\u0161kai Dirbantiems Asmenims\n\t\t\t<\/h4>\n\t\t\t<p><strong>Savaranki\u0161kai dirban\u010di\u0173 asmen\u0173 socialinio draudimo tarifai:<\/strong>Jei dirbate savaranki\u0161kai, \u012fprastai mokate 2 r\u016b\u0161i\u0173 socialinio draudimo \u012fmokas:<ul><li>2-os klas\u0117s, jei j\u016bs\u0173 pelnas yra \u00a36,725 ar daugiau per metus<\/li><li>4-os klas\u0117s, jei j\u016bs\u0173 pelnas yra \u00a3 12,570 ar daugiau per metus<\/li><\/ul>Kiek mokate:<table><tbody><tr><td width=\"123\"><strong>Klas\u0117<\/strong><\/td><td width=\"479\"><strong>2024\/2025 mokestini\u0173 met\u0173 tarifas<\/strong><\/td><\/tr><tr><td width=\"123\">2 klas\u0117<\/td><td width=\"479\">\u00a33,45 per savait\u0119\u00a0<\/td><\/tr><tr><td width=\"123\">4 klas\u0117<\/td><td width=\"479\">9% on profits between \u00a312,570 and \u00a350,2702% on profits over \u00a350,270<\/td><\/tr><\/tbody><\/table>If your profit is lower than \u00a36,725 you still can pay voluntary National Insurance to avoid gaps in National Insurance record.Gaps can mean you will not have enough years of National Insurance contributions to get the full State Pension (sometimes called qualifying years)<strong>Kam skirtas socialinis draudimas:<\/strong>Valstybinio socialinio draudimo \u012fmokos \u012fskai\u010diuojamos \u012f lentel\u0117je nurodytas i\u0161mokas ir pensijas.<table><tbody><tr><td width=\"150\"><strong>I\u0161mokos<\/strong><\/td><td width=\"95\"><strong>1 klas\u0117: darbuotojai\u00a0<\/strong><\/td><td width=\"95\"><strong>2 klas\u0117: savaranki\u0161kai dirbantys asmenys<\/strong><\/td><td width=\"95\"><strong>3 klas\u0117: savanori\u0161kos \u012fmokos<\/strong><\/td><\/tr><tr><td width=\"150\">Pagrindin\u0117 valstybin\u0117 pensija<\/td><td width=\"95\">Taip<\/td><td width=\"95\">Taip<\/td><td width=\"95\">Taip<\/td><\/tr><tr><td width=\"150\">Papildoma valstybin\u0117 pensija<\/td><td width=\"95\">Taip<\/td><td width=\"95\">Ne<\/td><td width=\"95\">Ne<\/td><\/tr><tr><td width=\"150\">Nauja valstybin\u0117 pensija<\/td><td width=\"95\">Taip<\/td><td width=\"95\">Taip<\/td><td width=\"95\">Taip<\/td><\/tr><tr><td width=\"150\">Contribution-based Jobseeker&#8217;s Allowance<\/td><td width=\"95\">Taip<\/td><td width=\"95\">Ne<\/td><td width=\"95\">Ne<\/td><\/tr><tr><td width=\"150\">\u012emokomis pagr\u012fsta u\u017eimtumo ir paramos pa\u0161alpa\u00a0<\/td><td width=\"95\">Taip<\/td><td width=\"95\">Taip<\/td><td width=\"95\">Ne<\/td><\/tr><tr><td width=\"150\">Motinyst\u0117s pa\u0161alpa<\/td><td width=\"95\">Taip<\/td><td width=\"95\">Taip<\/td><td width=\"95\">Ne<\/td><\/tr><tr><td width=\"150\">Paramos netekus artimojo i\u0161moka<\/td><td width=\"95\">Taip<\/td><td width=\"95\">Taip<\/td><td width=\"95\">Ne<\/td><\/tr><\/tbody><\/table>4 klas\u0117s \u012fmokos, kurias moka savaranki\u0161kai dirbantys asmenys, kuri\u0173 pelnas yra \u00a312,570 ar daugiau, paprastai ne\u012fskaitomos \u012f valstyb\u0117s i\u0161mokas.<\/p>\t\n\t<h4>\n\t\t\t\t2 ir 4 klas\u0117s socialinio draudimo mok\u0117jimas\n\t\t\t<\/h4>\n\t\t\t<p>Dauguma \u017emoni\u0173 moka \u012fmokas kaip dal\u012f savo mokes\u010di\u0173 deklaracijos.<\/p>\t\n\t<h4>\n\t\t\t\tM\u016bs\u0173 kaina\n\t\t\t<\/h4>\n\t\t\t<p>\u00a335<\/p>\t\n\t<h5>\n\t\t\t\tNemokamas paslaug\u0173 \u012fvertinimas\n\t\t\t<\/h5>\n\t<h2>\n\t\t\t\tKainos u\u017eklausimas\n\t\t\t<\/h2>\n\t\t\t<p>Norite aptarti buhalterin\u0117s apskaitos paslaugas jums ir j\u016bs\u0173 verslui? Susisiekite ir gaukite nemokam\u0105 ne\u012fpareigojant\u012f pasi\u016blym\u0105.<\/p>\t\n\t\t\t<a href=\"http:\/\/www.taxes4u.co.uk\/lt\/contact\/\" title=\"Click Here\" target=\"_self\"   role=\"button\" aria-label=\"Gaukite pasi\u016blym\u0105\">\n\t\t\t\t\t\t\tGaukite pasi\u016blym\u0105\n\t\t<\/a>","protected":false},"excerpt":{"rendered":"<p>Services National Insurance for Self Employed National Insurance for Self Employed What we offer If you have any queries regarding your National Insurance or want to get your National Insurance records we can contact HMRC on your behalf and request required information. National Insurance for Self Employed Self-employed National Insurance rates:You usually pay 2 types [&hellip;]<\/p>\n","protected":false},"author":1,"featured_media":0,"parent":0,"menu_order":0,"comment_status":"closed","ping_status":"closed","template":"","meta":{"_uag_custom_page_level_css":"","site-sidebar-layout":"default","site-content-layout":"page-builder","ast-site-content-layout":"default","site-content-style":"default","site-sidebar-style":"default","ast-global-header-display":"","ast-banner-title-visibility":"","ast-main-header-display":"","ast-hfb-above-header-display":"","ast-hfb-below-header-display":"","ast-hfb-mobile-header-display":"","site-post-title":"disabled","ast-breadcrumbs-content":"","ast-featured-img":"disabled","footer-sml-layout":"","ast-disable-related-posts":"","theme-transparent-header-meta":"enabled","adv-header-id-meta":"","stick-header-meta":"default","header-above-stick-meta":"","header-main-stick-meta":"","header-below-stick-meta":"","astra-migrate-meta-layouts":"default","ast-page-background-enabled":"default","ast-page-background-meta":{"desktop":{"background-color":"","background-image":"","background-repeat":"repeat","background-position":"center center","background-size":"auto","background-attachment":"scroll","background-type":"","background-media":"","overlay-type":"","overlay-color":"","overlay-opacity":"","overlay-gradient":""},"tablet":{"background-color":"","background-image":"","background-repeat":"repeat","background-position":"center center","background-size":"auto","background-attachment":"scroll","background-type":"","background-media":"","overlay-type":"","overlay-color":"","overlay-opacity":"","overlay-gradient":""},"mobile":{"background-color":"","background-image":"","background-repeat":"repeat","background-position":"center center","background-size":"auto","background-attachment":"scroll","background-type":"","background-media":"","overlay-type":"","overlay-color":"","overlay-opacity":"","overlay-gradient":""}},"ast-content-background-meta":{"desktop":{"background-color":"var(--ast-global-color-5)","background-image":"","background-repeat":"repeat","background-position":"center center","background-size":"auto","background-attachment":"scroll","background-type":"","background-media":"","overlay-type":"","overlay-color":"","overlay-opacity":"","overlay-gradient":""},"tablet":{"background-color":"var(--ast-global-color-5)","background-image":"","background-repeat":"repeat","background-position":"center center","background-size":"auto","background-attachment":"scroll","background-type":"","background-media":"","overlay-type":"","overlay-color":"","overlay-opacity":"","overlay-gradient":""},"mobile":{"background-color":"var(--ast-global-color-5)","background-image":"","background-repeat":"repeat","background-position":"center center","background-size":"auto","background-attachment":"scroll","background-type":"","background-media":"","overlay-type":"","overlay-color":"","overlay-opacity":"","overlay-gradient":""}},"footnotes":""},"class_list":["post-1245","page","type-page","status-publish","hentry"],"yoast_head":"<!-- This site is optimized with the Yoast SEO plugin v27.4 - https:\/\/yoast.com\/product\/yoast-seo-wordpress\/ -->\n<title>National Insurance For Self Employed Services - Taxes4u<\/title>\n<meta name=\"description\" content=\"If you&#039;re Self Employed and have queries about your National Insurance or want to get your National Insurance records we can contact HMRC on your behalf.\" \/>\n<meta name=\"robots\" content=\"index, follow, max-snippet:-1, max-image-preview:large, max-video-preview:-1\" \/>\n<link rel=\"canonical\" href=\"https:\/\/www.taxes4u.co.uk\/lt\/services-national-insurance-for-self-employed\/\" \/>\n<meta property=\"og:locale\" content=\"lt_LT\" \/>\n<meta property=\"og:type\" content=\"article\" \/>\n<meta property=\"og:title\" content=\"National Insurance For Self Employed Services - Taxes4u\" \/>\n<meta property=\"og:description\" content=\"If you&#039;re Self Employed and have queries about your National Insurance or want to get your National Insurance records we can contact HMRC on your behalf.\" \/>\n<meta property=\"og:url\" content=\"https:\/\/www.taxes4u.co.uk\/lt\/services-national-insurance-for-self-employed\/\" \/>\n<meta property=\"og:site_name\" content=\"Taxes4u\" \/>\n<meta property=\"article:modified_time\" content=\"2025-03-28T21:07:47+00:00\" \/>\n<meta property=\"og:image\" content=\"http:\/\/www.taxes4u.co.uk\/wp-content\/uploads\/2019\/06\/feature2-free-img-1.png\" \/>\n<meta name=\"twitter:card\" content=\"summary_large_image\" \/>\n<meta name=\"twitter:label1\" content=\"Est. reading time\" \/>\n\t<meta name=\"twitter:data1\" content=\"1 minut\u0117\" \/>\n<script type=\"application\/ld+json\" class=\"yoast-schema-graph\">{\"@context\":\"https:\\\/\\\/schema.org\",\"@graph\":[{\"@type\":\"WebPage\",\"@id\":\"https:\\\/\\\/www.taxes4u.co.uk\\\/services-national-insurance-for-self-employed\",\"url\":\"https:\\\/\\\/www.taxes4u.co.uk\\\/services-national-insurance-for-self-employed\",\"name\":\"National Insurance For Self Employed Services - Taxes4u\",\"isPartOf\":{\"@id\":\"https:\\\/\\\/www.taxes4u.co.uk\\\/#website\"},\"primaryImageOfPage\":{\"@id\":\"https:\\\/\\\/www.taxes4u.co.uk\\\/services-national-insurance-for-self-employed#primaryimage\"},\"image\":{\"@id\":\"https:\\\/\\\/www.taxes4u.co.uk\\\/services-national-insurance-for-self-employed#primaryimage\"},\"thumbnailUrl\":\"http:\\\/\\\/www.taxes4u.co.uk\\\/wp-content\\\/uploads\\\/2019\\\/06\\\/feature2-free-img-1.png\",\"datePublished\":\"2020-06-06T13:26:18+00:00\",\"dateModified\":\"2025-03-28T21:07:47+00:00\",\"description\":\"If you're Self Employed and have queries about your National Insurance or want to get your National Insurance records we can contact HMRC on your behalf.\",\"breadcrumb\":{\"@id\":\"https:\\\/\\\/www.taxes4u.co.uk\\\/services-national-insurance-for-self-employed#breadcrumb\"},\"inLanguage\":\"lt-LT\",\"potentialAction\":[{\"@type\":\"ReadAction\",\"target\":[\"https:\\\/\\\/www.taxes4u.co.uk\\\/services-national-insurance-for-self-employed\"]}]},{\"@type\":\"ImageObject\",\"inLanguage\":\"lt-LT\",\"@id\":\"https:\\\/\\\/www.taxes4u.co.uk\\\/services-national-insurance-for-self-employed#primaryimage\",\"url\":\"http:\\\/\\\/www.taxes4u.co.uk\\\/wp-content\\\/uploads\\\/2019\\\/06\\\/feature2-free-img-1.png\",\"contentUrl\":\"http:\\\/\\\/www.taxes4u.co.uk\\\/wp-content\\\/uploads\\\/2019\\\/06\\\/feature2-free-img-1.png\"},{\"@type\":\"BreadcrumbList\",\"@id\":\"https:\\\/\\\/www.taxes4u.co.uk\\\/services-national-insurance-for-self-employed#breadcrumb\",\"itemListElement\":[{\"@type\":\"ListItem\",\"position\":1,\"name\":\"Home\",\"item\":\"https:\\\/\\\/www.taxes4u.co.uk\\\/\"},{\"@type\":\"ListItem\",\"position\":2,\"name\":\"National Insurance for Self Employed\"}]},{\"@type\":\"WebSite\",\"@id\":\"https:\\\/\\\/www.taxes4u.co.uk\\\/#website\",\"url\":\"https:\\\/\\\/www.taxes4u.co.uk\\\/\",\"name\":\"Taxes4u\",\"description\":\"Tax Returns, Payroll, Bookkeeping\",\"publisher\":{\"@id\":\"https:\\\/\\\/www.taxes4u.co.uk\\\/#organization\"},\"potentialAction\":[{\"@type\":\"SearchAction\",\"target\":{\"@type\":\"EntryPoint\",\"urlTemplate\":\"https:\\\/\\\/www.taxes4u.co.uk\\\/?s={search_term_string}\"},\"query-input\":{\"@type\":\"PropertyValueSpecification\",\"valueRequired\":true,\"valueName\":\"search_term_string\"}}],\"inLanguage\":\"lt-LT\"},{\"@type\":\"Organization\",\"@id\":\"https:\\\/\\\/www.taxes4u.co.uk\\\/#organization\",\"name\":\"Taxes4u\",\"url\":\"https:\\\/\\\/www.taxes4u.co.uk\\\/\",\"logo\":{\"@type\":\"ImageObject\",\"inLanguage\":\"lt-LT\",\"@id\":\"https:\\\/\\\/www.taxes4u.co.uk\\\/#\\\/schema\\\/logo\\\/image\\\/\",\"url\":\"https:\\\/\\\/www.taxes4u.co.uk\\\/wp-content\\\/uploads\\\/2020\\\/06\\\/cropped-3001_Taxes4u_RB_GR-02.png\",\"contentUrl\":\"https:\\\/\\\/www.taxes4u.co.uk\\\/wp-content\\\/uploads\\\/2020\\\/06\\\/cropped-3001_Taxes4u_RB_GR-02.png\",\"width\":396,\"height\":82,\"caption\":\"Taxes4u\"},\"image\":{\"@id\":\"https:\\\/\\\/www.taxes4u.co.uk\\\/#\\\/schema\\\/logo\\\/image\\\/\"}}]}<\/script>\n<!-- \/ Yoast SEO plugin. -->","yoast_head_json":{"title":"Nacionalinis draudimas savaranki\u0161kai dirbantiems JK | Taxes4u","description":"Turite klausim\u0173 d\u0117l Nacionalinio draudimo kaip savaranki\u0161kai dirbantis asmuo? Susisieksime su HMRC j\u016bs\u0173 vardu ir gausime reikiamus \u012fra\u0161us.","robots":{"index":"index","follow":"follow","max-snippet":"max-snippet:-1","max-image-preview":"max-image-preview:large","max-video-preview":"max-video-preview:-1"},"canonical":"https:\/\/www.taxes4u.co.uk\/lt\/services-national-insurance-for-self-employed\/","og_locale":"lt_LT","og_type":"article","og_title":"National Insurance For Self Employed Services - Taxes4u","og_description":"If you're Self Employed and have queries about your National Insurance or want to get your National Insurance records we can contact HMRC on your behalf.","og_url":"https:\/\/www.taxes4u.co.uk\/lt\/services-national-insurance-for-self-employed\/","og_site_name":"Taxes4u","article_modified_time":"2025-03-28T21:07:47+00:00","og_image":[{"url":"http:\/\/www.taxes4u.co.uk\/wp-content\/uploads\/2019\/06\/feature2-free-img-1.png","type":"","width":"","height":""}],"twitter_card":"summary_large_image","twitter_misc":{"Est. reading time":"1 minut\u0117"},"schema":{"@context":"https:\/\/schema.org","@graph":[{"@type":"WebPage","@id":"https:\/\/www.taxes4u.co.uk\/services-national-insurance-for-self-employed","url":"https:\/\/www.taxes4u.co.uk\/services-national-insurance-for-self-employed","name":"Nacionalinis draudimas savaranki\u0161kai dirbantiems JK | Taxes4u","isPartOf":{"@id":"https:\/\/www.taxes4u.co.uk\/#website"},"primaryImageOfPage":{"@id":"https:\/\/www.taxes4u.co.uk\/services-national-insurance-for-self-employed#primaryimage"},"image":{"@id":"https:\/\/www.taxes4u.co.uk\/services-national-insurance-for-self-employed#primaryimage"},"thumbnailUrl":"http:\/\/www.taxes4u.co.uk\/wp-content\/uploads\/2019\/06\/feature2-free-img-1.png","datePublished":"2020-06-06T13:26:18+00:00","dateModified":"2025-03-28T21:07:47+00:00","description":"Turite klausim\u0173 d\u0117l Nacionalinio draudimo kaip savaranki\u0161kai dirbantis asmuo? Susisieksime su HMRC j\u016bs\u0173 vardu ir gausime reikiamus \u012fra\u0161us.","breadcrumb":{"@id":"https:\/\/www.taxes4u.co.uk\/services-national-insurance-for-self-employed#breadcrumb"},"inLanguage":"lt-LT","potentialAction":[{"@type":"ReadAction","target":["https:\/\/www.taxes4u.co.uk\/services-national-insurance-for-self-employed"]}]},{"@type":"ImageObject","inLanguage":"lt-LT","@id":"https:\/\/www.taxes4u.co.uk\/services-national-insurance-for-self-employed#primaryimage","url":"http:\/\/www.taxes4u.co.uk\/wp-content\/uploads\/2019\/06\/feature2-free-img-1.png","contentUrl":"http:\/\/www.taxes4u.co.uk\/wp-content\/uploads\/2019\/06\/feature2-free-img-1.png"},{"@type":"BreadcrumbList","@id":"https:\/\/www.taxes4u.co.uk\/services-national-insurance-for-self-employed#breadcrumb","itemListElement":[{"@type":"ListItem","position":1,"name":"Home","item":"https:\/\/www.taxes4u.co.uk\/"},{"@type":"ListItem","position":2,"name":"National Insurance for Self Employed"}]},{"@type":"WebSite","@id":"https:\/\/www.taxes4u.co.uk\/#website","url":"https:\/\/www.taxes4u.co.uk\/","name":"Taxes4u","description":"Mokes\u010di\u0173 deklaracijos, darbo u\u017emokestis, buhalterin\u0117 apskaita","publisher":{"@id":"https:\/\/www.taxes4u.co.uk\/#organization"},"potentialAction":[{"@type":"SearchAction","target":{"@type":"EntryPoint","urlTemplate":"https:\/\/www.taxes4u.co.uk\/?s={search_term_string}"},"query-input":{"@type":"PropertyValueSpecification","valueRequired":true,"valueName":"search_term_string"}}],"inLanguage":"lt-LT"},{"@type":"Organization","@id":"https:\/\/www.taxes4u.co.uk\/#organization","name":"Taxes4u","url":"https:\/\/www.taxes4u.co.uk\/","logo":{"@type":"ImageObject","inLanguage":"lt-LT","@id":"https:\/\/www.taxes4u.co.uk\/#\/schema\/logo\/image\/","url":"https:\/\/www.taxes4u.co.uk\/wp-content\/uploads\/2020\/06\/cropped-3001_Taxes4u_RB_GR-02.png","contentUrl":"https:\/\/www.taxes4u.co.uk\/wp-content\/uploads\/2020\/06\/cropped-3001_Taxes4u_RB_GR-02.png","width":396,"height":82,"caption":"Taxes4u"},"image":{"@id":"https:\/\/www.taxes4u.co.uk\/#\/schema\/logo\/image\/"}}]}},"uagb_featured_image_src":{"full":false,"thumbnail":false,"medium":false,"medium_large":false,"large":false,"1536x1536":false,"2048x2048":false,"trp-custom-language-flag":false},"uagb_author_info":{"display_name":"Malaicik","author_link":"https:\/\/www.taxes4u.co.uk\/lt\/author\/malaicik"},"uagb_comment_info":0,"uagb_excerpt":"Services National Insurance for Self Employed National Insurance for Self Employed What we offer If you have any queries regarding your National Insurance or want to get your National Insurance records we can contact HMRC on your behalf and request required information. National Insurance for Self Employed Self-employed National Insurance rates:You usually pay 2 types&hellip;","_links":{"self":[{"href":"https:\/\/www.taxes4u.co.uk\/lt\/wp-json\/wp\/v2\/pages\/1245","targetHints":{"allow":["GET"]}}],"collection":[{"href":"https:\/\/www.taxes4u.co.uk\/lt\/wp-json\/wp\/v2\/pages"}],"about":[{"href":"https:\/\/www.taxes4u.co.uk\/lt\/wp-json\/wp\/v2\/types\/page"}],"author":[{"embeddable":true,"href":"https:\/\/www.taxes4u.co.uk\/lt\/wp-json\/wp\/v2\/users\/1"}],"replies":[{"embeddable":true,"href":"https:\/\/www.taxes4u.co.uk\/lt\/wp-json\/wp\/v2\/comments?post=1245"}],"version-history":[{"count":16,"href":"https:\/\/www.taxes4u.co.uk\/lt\/wp-json\/wp\/v2\/pages\/1245\/revisions"}],"predecessor-version":[{"id":1953,"href":"https:\/\/www.taxes4u.co.uk\/lt\/wp-json\/wp\/v2\/pages\/1245\/revisions\/1953"}],"wp:attachment":[{"href":"https:\/\/www.taxes4u.co.uk\/lt\/wp-json\/wp\/v2\/media?parent=1245"}],"curies":[{"name":"wp","href":"https:\/\/api.w.org\/{rel}","templated":true}]}}