{"id":1255,"date":"2020-06-06T13:45:05","date_gmt":"2020-06-06T13:45:05","guid":{"rendered":"http:\/\/www.taxes4u.co.uk\/?page_id=1255"},"modified":"2024-04-04T17:28:35","modified_gmt":"2024-04-04T17:28:35","slug":"services-sa302-calculation-and-tax-overview-forms","status":"publish","type":"page","link":"https:\/\/www.taxes4u.co.uk\/lt\/services-sa302-calculation-and-tax-overview-forms","title":{"rendered":"SA302 ir Mokestini\u0173 Met\u0173 Ap\u017evalgos Form\u0173 U\u017esakymas"},"content":{"rendered":"<h5>\n\t\t\t\tPaslaugos\n\t\t\t<\/h5>\n\t<h1>\n\t\t\t\tSA302 paskai\u010diavimo ir mokestini\u0173 met\u0173 ap\u017evalgos (Tax Year Overview) formos\n\t\t\t<\/h1>\n\t\t\t\t<img decoding=\"async\" src=\"http:\/\/www.taxes4u.co.uk\/wp-content\/uploads\/2019\/06\/feature2-free-img-1.png\" alt=\"Mokes\u010di\u0173 deklaravimas, mokes\u010di\u0173 gr\u0105\u017einimas ir hipotekos brokeri\u0173 paslaugos Lietuvoje | Taxes4u\" title=\"Taxes4u. Mokes\u010di\u0173 gr\u0105\u017einimas Mokes\u010di\u0173 gr\u0105\u017einimas ir hipotekos brokeris\" itemprop=\"image\"\/>\n\t<h2>\n\t\t\t\tSA302 Tax Calculation &#038; Tax Year Overview Forms\n\t\t\t<\/h2>\n\t<h4>\n\t\t\t\tK\u0105 mes si\u016blome\n\t\t\t<\/h4>\n\t\t\t<p>Mes galime jums u\u017esisakyti SA302 paskai\u010diavimo ir Mokes\u010di\u0173 met\u0173 ap\u017evalgos (Tax Year Overview) formas.<\/p>\t\n\t<h4>\n\t\t\t\tSA302 forma\n\t\t\t<\/h4>\n\t\t\t<p>What is SA302 form?\u00a0\u00a0The SA302 is a summary of the income that has been reported to the HMRC. The form shows your income for the year and how much tax you owe. It is effectively a certificate that documents exactly how much income you have declared. Therefore, the form SA302 is an easy way for a lender to verify that the income on a mortgage application is the same as you have shown to HMRC.\u00a0Our advice for anybody who does not receive a form SA302 from HMRC is to order a copy right at the start of a mortgage application, so your applications will not be delayed. Usually it takes 2-3 weeks to arrive by post.\u00a0<\/p>\t\n\t<h4>\n\t\t\t\tM\u016bs\u0173 kaina\n\t\t\t<\/h4>\n\t\t\t<p>\u00a335<\/p>\t\n\t<h4>\n\t\t\t\tMokestini\u0173 met\u0173 ap\u017evalgos forma (TYO)\n\t\t\t<\/h4>\n\t\t\t<p>Papildomu dokumentu, vadinamu Mokestini\u0173 met\u0173 ap\u017evalga, patikrinama, ar SA302 informacija yra teisinga. J\u012f parengia HM Revenue and Customs (HMRC), kai pateikiate savaranki\u0161ko mokes\u010di\u0173 apskai\u010diavimo deklaracij\u0105, ir jame nurodoma mokes\u010di\u0173 suma, kuri\u0105 reikia sumok\u0117ti tiesiogiai HMRC, arba bet kokia galima susigr\u0105\u017einti suma u\u017e tam tikrus mokestinius metus.\u00a0<\/p>\t\n\t<h4>\n\t\t\t\tM\u016bs\u0173 kaina\n\t\t\t<\/h4>\n\t\t\t<p>\u00a335<\/p>\t\n\t\t\t\t<img decoding=\"async\" src=\"http:\/\/www.taxes4u.co.uk\/wp-content\/uploads\/2019\/06\/feature1-free-img-1.png\" alt=\"Taxes4u. Mokes\u010di\u0173 deklaravimas, mokes\u010di\u0173 gr\u0105\u017einimas, darbo u\u017emokes\u010dio apskaita ir buhalterija\" title=\"Taxes4u. Mokes\u010di\u0173 deklaravimas, mokes\u010di\u0173 gr\u0105\u017einimas, darbo u\u017emokes\u010dio apskaita ir buhalterija\" itemprop=\"image\"\/>\n\t<h2>\n\t\t\t\tJei jums reikia abiej\u0173 form\u0173\n\t\t\t<\/h2>\n\t<h4>\n\t\t\t\tM\u016bs\u0173 kaina\n\t\t\t<\/h4>\n\t\t\t<p>\u00a350<\/p>\t\n\t<h5>\n\t\t\t\tNemokamas paslaug\u0173 \u012fvertinimas\n\t\t\t<\/h5>\n\t<h2>\n\t\t\t\tKainos u\u017eklausimas\n\t\t\t<\/h2>\n\t\t\t<p>Norite aptarti buhalterin\u0117s apskaitos paslaugas jums ir j\u016bs\u0173 verslui? Susisiekite ir gaukite nemokam\u0105 ne\u012fpareigojant\u012f pasi\u016blym\u0105.<\/p>\t\n\t\t\t<a href=\"http:\/\/www.taxes4u.co.uk\/lt\/contact\/\" target=\"_self\" role=\"button\" aria-label=\"Gaukite pasi\u016blym\u0105\" rel=\"noopener\">\n\t\t\t\t\t\t\tGaukite pasi\u016blym\u0105\n\t\t<\/a>","protected":false},"excerpt":{"rendered":"<p>Services SA302 Calculation and Tax Year Overview Forms SA302 Tax Calculation &#038; Tax Year Overview Forms What we offer We can order SA302 and Tax Year Overview forms for you. SA302 Form What is SA302 form?\u00a0\u00a0The SA302 is a summary of the income that has been reported to the HMRC. The form shows your income [&hellip;]<\/p>\n","protected":false},"author":1,"featured_media":0,"parent":0,"menu_order":0,"comment_status":"closed","ping_status":"closed","template":"","meta":{"_uag_custom_page_level_css":"","site-sidebar-layout":"default","site-content-layout":"page-builder","ast-site-content-layout":"default","site-content-style":"default","site-sidebar-style":"default","ast-global-header-display":"","ast-banner-title-visibility":"","ast-main-header-display":"","ast-hfb-above-header-display":"","ast-hfb-below-header-display":"","ast-hfb-mobile-header-display":"","site-post-title":"disabled","ast-breadcrumbs-content":"","ast-featured-img":"disabled","footer-sml-layout":"","ast-disable-related-posts":"","theme-transparent-header-meta":"enabled","adv-header-id-meta":"","stick-header-meta":"default","header-above-stick-meta":"","header-main-stick-meta":"","header-below-stick-meta":"","astra-migrate-meta-layouts":"default","ast-page-background-enabled":"default","ast-page-background-meta":{"desktop":{"background-color":"","background-image":"","background-repeat":"repeat","background-position":"center center","background-size":"auto","background-attachment":"scroll","background-type":"","background-media":"","overlay-type":"","overlay-color":"","overlay-opacity":"","overlay-gradient":""},"tablet":{"background-color":"","background-image":"","background-repeat":"repeat","background-position":"center center","background-size":"auto","background-attachment":"scroll","background-type":"","background-media":"","overlay-type":"","overlay-color":"","overlay-opacity":"","overlay-gradient":""},"mobile":{"background-color":"","background-image":"","background-repeat":"repeat","background-position":"center center","background-size":"auto","background-attachment":"scroll","background-type":"","background-media":"","overlay-type":"","overlay-color":"","overlay-opacity":"","overlay-gradient":""}},"ast-content-background-meta":{"desktop":{"background-color":"var(--ast-global-color-5)","background-image":"","background-repeat":"repeat","background-position":"center center","background-size":"auto","background-attachment":"scroll","background-type":"","background-media":"","overlay-type":"","overlay-color":"","overlay-opacity":"","overlay-gradient":""},"tablet":{"background-color":"var(--ast-global-color-5)","background-image":"","background-repeat":"repeat","background-position":"center center","background-size":"auto","background-attachment":"scroll","background-type":"","background-media":"","overlay-type":"","overlay-color":"","overlay-opacity":"","overlay-gradient":""},"mobile":{"background-color":"var(--ast-global-color-5)","background-image":"","background-repeat":"repeat","background-position":"center center","background-size":"auto","background-attachment":"scroll","background-type":"","background-media":"","overlay-type":"","overlay-color":"","overlay-opacity":"","overlay-gradient":""}},"footnotes":""},"class_list":["post-1255","page","type-page","status-publish","hentry"],"yoast_head":"<!-- This site is optimized with the Yoast SEO plugin v27.4 - https:\/\/yoast.com\/product\/yoast-seo-wordpress\/ -->\n<title>SA302 Calculation and Tax Overview Forms - Taxes4u<\/title>\n<meta name=\"description\" content=\"We can assist with SA302 Tax Calculation &amp; Tax Year Overview Forms. The SA302 is an easy way for a lender to verify your income for a mortgage application.\" \/>\n<meta name=\"robots\" content=\"index, follow, max-snippet:-1, max-image-preview:large, max-video-preview:-1\" \/>\n<link rel=\"canonical\" href=\"https:\/\/www.taxes4u.co.uk\/lt\/services-sa302-calculation-and-tax-overview-forms\/\" \/>\n<meta property=\"og:locale\" content=\"lt_LT\" \/>\n<meta property=\"og:type\" content=\"article\" \/>\n<meta property=\"og:title\" content=\"SA302 Calculation and Tax Overview Forms - Taxes4u\" \/>\n<meta property=\"og:description\" content=\"We can assist with SA302 Tax Calculation &amp; Tax Year Overview Forms. The SA302 is an easy way for a lender to verify your income for a mortgage application.\" \/>\n<meta property=\"og:url\" content=\"https:\/\/www.taxes4u.co.uk\/lt\/services-sa302-calculation-and-tax-overview-forms\/\" \/>\n<meta property=\"og:site_name\" content=\"Taxes4u\" \/>\n<meta property=\"article:modified_time\" content=\"2024-04-04T17:28:35+00:00\" \/>\n<meta property=\"og:image\" content=\"http:\/\/www.taxes4u.co.uk\/wp-content\/uploads\/2019\/06\/feature2-free-img-1.png\" \/>\n<meta name=\"twitter:card\" content=\"summary_large_image\" \/>\n<meta name=\"twitter:label1\" content=\"Est. reading time\" \/>\n\t<meta name=\"twitter:data1\" content=\"1 minut\u0117\" \/>\n<script type=\"application\/ld+json\" class=\"yoast-schema-graph\">{\"@context\":\"https:\\\/\\\/schema.org\",\"@graph\":[{\"@type\":\"WebPage\",\"@id\":\"https:\\\/\\\/www.taxes4u.co.uk\\\/services-sa302-calculation-and-tax-overview-forms\",\"url\":\"https:\\\/\\\/www.taxes4u.co.uk\\\/services-sa302-calculation-and-tax-overview-forms\",\"name\":\"SA302 Calculation and Tax Overview Forms - Taxes4u\",\"isPartOf\":{\"@id\":\"https:\\\/\\\/www.taxes4u.co.uk\\\/#website\"},\"primaryImageOfPage\":{\"@id\":\"https:\\\/\\\/www.taxes4u.co.uk\\\/services-sa302-calculation-and-tax-overview-forms#primaryimage\"},\"image\":{\"@id\":\"https:\\\/\\\/www.taxes4u.co.uk\\\/services-sa302-calculation-and-tax-overview-forms#primaryimage\"},\"thumbnailUrl\":\"http:\\\/\\\/www.taxes4u.co.uk\\\/wp-content\\\/uploads\\\/2019\\\/06\\\/feature2-free-img-1.png\",\"datePublished\":\"2020-06-06T13:45:05+00:00\",\"dateModified\":\"2024-04-04T17:28:35+00:00\",\"description\":\"We can assist with SA302 Tax Calculation & Tax Year Overview Forms. The SA302 is an easy way for a lender to verify your income for a mortgage application.\",\"breadcrumb\":{\"@id\":\"https:\\\/\\\/www.taxes4u.co.uk\\\/services-sa302-calculation-and-tax-overview-forms#breadcrumb\"},\"inLanguage\":\"lt-LT\",\"potentialAction\":[{\"@type\":\"ReadAction\",\"target\":[\"https:\\\/\\\/www.taxes4u.co.uk\\\/services-sa302-calculation-and-tax-overview-forms\"]}]},{\"@type\":\"ImageObject\",\"inLanguage\":\"lt-LT\",\"@id\":\"https:\\\/\\\/www.taxes4u.co.uk\\\/services-sa302-calculation-and-tax-overview-forms#primaryimage\",\"url\":\"http:\\\/\\\/www.taxes4u.co.uk\\\/wp-content\\\/uploads\\\/2019\\\/06\\\/feature2-free-img-1.png\",\"contentUrl\":\"http:\\\/\\\/www.taxes4u.co.uk\\\/wp-content\\\/uploads\\\/2019\\\/06\\\/feature2-free-img-1.png\"},{\"@type\":\"BreadcrumbList\",\"@id\":\"https:\\\/\\\/www.taxes4u.co.uk\\\/services-sa302-calculation-and-tax-overview-forms#breadcrumb\",\"itemListElement\":[{\"@type\":\"ListItem\",\"position\":1,\"name\":\"Home\",\"item\":\"https:\\\/\\\/www.taxes4u.co.uk\\\/\"},{\"@type\":\"ListItem\",\"position\":2,\"name\":\"SA302 Calculation and Tax Overview Forms\"}]},{\"@type\":\"WebSite\",\"@id\":\"https:\\\/\\\/www.taxes4u.co.uk\\\/#website\",\"url\":\"https:\\\/\\\/www.taxes4u.co.uk\\\/\",\"name\":\"Taxes4u\",\"description\":\"Tax Returns, Payroll, Bookkeeping\",\"publisher\":{\"@id\":\"https:\\\/\\\/www.taxes4u.co.uk\\\/#organization\"},\"potentialAction\":[{\"@type\":\"SearchAction\",\"target\":{\"@type\":\"EntryPoint\",\"urlTemplate\":\"https:\\\/\\\/www.taxes4u.co.uk\\\/?s={search_term_string}\"},\"query-input\":{\"@type\":\"PropertyValueSpecification\",\"valueRequired\":true,\"valueName\":\"search_term_string\"}}],\"inLanguage\":\"lt-LT\"},{\"@type\":\"Organization\",\"@id\":\"https:\\\/\\\/www.taxes4u.co.uk\\\/#organization\",\"name\":\"Taxes4u\",\"url\":\"https:\\\/\\\/www.taxes4u.co.uk\\\/\",\"logo\":{\"@type\":\"ImageObject\",\"inLanguage\":\"lt-LT\",\"@id\":\"https:\\\/\\\/www.taxes4u.co.uk\\\/#\\\/schema\\\/logo\\\/image\\\/\",\"url\":\"https:\\\/\\\/www.taxes4u.co.uk\\\/wp-content\\\/uploads\\\/2020\\\/06\\\/cropped-3001_Taxes4u_RB_GR-02.png\",\"contentUrl\":\"https:\\\/\\\/www.taxes4u.co.uk\\\/wp-content\\\/uploads\\\/2020\\\/06\\\/cropped-3001_Taxes4u_RB_GR-02.png\",\"width\":396,\"height\":82,\"caption\":\"Taxes4u\"},\"image\":{\"@id\":\"https:\\\/\\\/www.taxes4u.co.uk\\\/#\\\/schema\\\/logo\\\/image\\\/\"}}]}<\/script>\n<!-- \/ Yoast SEO plugin. -->","yoast_head_json":{"title":"SA302 apskai\u010diavimas ir mokes\u010di\u0173 ap\u017evalgos formos | Taxes4u","description":"Padedame gauti SA302 mokes\u010di\u0173 apskai\u010diavim\u0105 ir met\u0173 ap\u017evalgos formas, kurios reikalingos skolintojams pajam\u0173 patvirtinimui hipotekos parai\u0161koje JK.","robots":{"index":"index","follow":"follow","max-snippet":"max-snippet:-1","max-image-preview":"max-image-preview:large","max-video-preview":"max-video-preview:-1"},"canonical":"https:\/\/www.taxes4u.co.uk\/lt\/services-sa302-calculation-and-tax-overview-forms\/","og_locale":"lt_LT","og_type":"article","og_title":"SA302 Calculation and Tax Overview Forms - Taxes4u","og_description":"We can assist with SA302 Tax Calculation & Tax Year Overview Forms. The SA302 is an easy way for a lender to verify your income for a mortgage application.","og_url":"https:\/\/www.taxes4u.co.uk\/lt\/services-sa302-calculation-and-tax-overview-forms\/","og_site_name":"Taxes4u","article_modified_time":"2024-04-04T17:28:35+00:00","og_image":[{"url":"http:\/\/www.taxes4u.co.uk\/wp-content\/uploads\/2019\/06\/feature2-free-img-1.png","type":"","width":"","height":""}],"twitter_card":"summary_large_image","twitter_misc":{"Est. reading time":"1 minut\u0117"},"schema":{"@context":"https:\/\/schema.org","@graph":[{"@type":"WebPage","@id":"https:\/\/www.taxes4u.co.uk\/services-sa302-calculation-and-tax-overview-forms","url":"https:\/\/www.taxes4u.co.uk\/services-sa302-calculation-and-tax-overview-forms","name":"SA302 apskai\u010diavimas ir mokes\u010di\u0173 ap\u017evalgos formos | Taxes4u","isPartOf":{"@id":"https:\/\/www.taxes4u.co.uk\/#website"},"primaryImageOfPage":{"@id":"https:\/\/www.taxes4u.co.uk\/services-sa302-calculation-and-tax-overview-forms#primaryimage"},"image":{"@id":"https:\/\/www.taxes4u.co.uk\/services-sa302-calculation-and-tax-overview-forms#primaryimage"},"thumbnailUrl":"http:\/\/www.taxes4u.co.uk\/wp-content\/uploads\/2019\/06\/feature2-free-img-1.png","datePublished":"2020-06-06T13:45:05+00:00","dateModified":"2024-04-04T17:28:35+00:00","description":"Padedame gauti SA302 mokes\u010di\u0173 apskai\u010diavim\u0105 ir met\u0173 ap\u017evalgos formas, kurios reikalingos skolintojams pajam\u0173 patvirtinimui hipotekos parai\u0161koje JK.","breadcrumb":{"@id":"https:\/\/www.taxes4u.co.uk\/services-sa302-calculation-and-tax-overview-forms#breadcrumb"},"inLanguage":"lt-LT","potentialAction":[{"@type":"ReadAction","target":["https:\/\/www.taxes4u.co.uk\/services-sa302-calculation-and-tax-overview-forms"]}]},{"@type":"ImageObject","inLanguage":"lt-LT","@id":"https:\/\/www.taxes4u.co.uk\/services-sa302-calculation-and-tax-overview-forms#primaryimage","url":"http:\/\/www.taxes4u.co.uk\/wp-content\/uploads\/2019\/06\/feature2-free-img-1.png","contentUrl":"http:\/\/www.taxes4u.co.uk\/wp-content\/uploads\/2019\/06\/feature2-free-img-1.png"},{"@type":"BreadcrumbList","@id":"https:\/\/www.taxes4u.co.uk\/services-sa302-calculation-and-tax-overview-forms#breadcrumb","itemListElement":[{"@type":"ListItem","position":1,"name":"Home","item":"https:\/\/www.taxes4u.co.uk\/"},{"@type":"ListItem","position":2,"name":"SA302 Calculation and Tax Overview Forms"}]},{"@type":"WebSite","@id":"https:\/\/www.taxes4u.co.uk\/#website","url":"https:\/\/www.taxes4u.co.uk\/","name":"Taxes4u","description":"Mokes\u010di\u0173 deklaracijos, darbo u\u017emokestis, buhalterin\u0117 apskaita","publisher":{"@id":"https:\/\/www.taxes4u.co.uk\/#organization"},"potentialAction":[{"@type":"SearchAction","target":{"@type":"EntryPoint","urlTemplate":"https:\/\/www.taxes4u.co.uk\/?s={search_term_string}"},"query-input":{"@type":"PropertyValueSpecification","valueRequired":true,"valueName":"search_term_string"}}],"inLanguage":"lt-LT"},{"@type":"Organization","@id":"https:\/\/www.taxes4u.co.uk\/#organization","name":"Taxes4u","url":"https:\/\/www.taxes4u.co.uk\/","logo":{"@type":"ImageObject","inLanguage":"lt-LT","@id":"https:\/\/www.taxes4u.co.uk\/#\/schema\/logo\/image\/","url":"https:\/\/www.taxes4u.co.uk\/wp-content\/uploads\/2020\/06\/cropped-3001_Taxes4u_RB_GR-02.png","contentUrl":"https:\/\/www.taxes4u.co.uk\/wp-content\/uploads\/2020\/06\/cropped-3001_Taxes4u_RB_GR-02.png","width":396,"height":82,"caption":"Taxes4u"},"image":{"@id":"https:\/\/www.taxes4u.co.uk\/#\/schema\/logo\/image\/"}}]}},"uagb_featured_image_src":{"full":false,"thumbnail":false,"medium":false,"medium_large":false,"large":false,"1536x1536":false,"2048x2048":false,"trp-custom-language-flag":false},"uagb_author_info":{"display_name":"Malaicik","author_link":"https:\/\/www.taxes4u.co.uk\/lt\/author\/malaicik"},"uagb_comment_info":0,"uagb_excerpt":"Services SA302 Calculation and Tax Year Overview Forms SA302 Tax Calculation &#038; Tax Year Overview Forms What we offer We can order SA302 and Tax Year Overview forms for you. SA302 Form What is SA302 form?\u00a0\u00a0The SA302 is a summary of the income that has been reported to the HMRC. The form shows your income&hellip;","_links":{"self":[{"href":"https:\/\/www.taxes4u.co.uk\/lt\/wp-json\/wp\/v2\/pages\/1255","targetHints":{"allow":["GET"]}}],"collection":[{"href":"https:\/\/www.taxes4u.co.uk\/lt\/wp-json\/wp\/v2\/pages"}],"about":[{"href":"https:\/\/www.taxes4u.co.uk\/lt\/wp-json\/wp\/v2\/types\/page"}],"author":[{"embeddable":true,"href":"https:\/\/www.taxes4u.co.uk\/lt\/wp-json\/wp\/v2\/users\/1"}],"replies":[{"embeddable":true,"href":"https:\/\/www.taxes4u.co.uk\/lt\/wp-json\/wp\/v2\/comments?post=1255"}],"version-history":[{"count":17,"href":"https:\/\/www.taxes4u.co.uk\/lt\/wp-json\/wp\/v2\/pages\/1255\/revisions"}],"predecessor-version":[{"id":1830,"href":"https:\/\/www.taxes4u.co.uk\/lt\/wp-json\/wp\/v2\/pages\/1255\/revisions\/1830"}],"wp:attachment":[{"href":"https:\/\/www.taxes4u.co.uk\/lt\/wp-json\/wp\/v2\/media?parent=1255"}],"curies":[{"name":"wp","href":"https:\/\/api.w.org\/{rel}","templated":true}]}}