{"id":1259,"date":"2020-06-06T13:50:08","date_gmt":"2020-06-06T13:50:08","guid":{"rendered":"http:\/\/www.taxes4u.co.uk\/?page_id=1259"},"modified":"2025-03-28T21:37:13","modified_gmt":"2025-03-28T21:37:13","slug":"services-profit-and-loss-account","status":"publish","type":"page","link":"https:\/\/www.taxes4u.co.uk\/lt\/services-profit-and-loss-account","title":{"rendered":"Pelno ir Nuostolio Ataskaita (Profit and Loss Account)"},"content":{"rendered":"<h5>\n\t\t\t\tPaslaugos\n\t\t\t<\/h5>\n\t<h1>\n\t\t\t\tPelno Ir Nuostolio Ataskaita (Profit And Loss Accounts)\n\t\t\t<\/h1>\n\t\t\t\t<img decoding=\"async\" src=\"http:\/\/www.taxes4u.co.uk\/wp-content\/uploads\/2019\/06\/feature2-free-img-1.png\" alt=\"Mokes\u010di\u0173 deklaravimas, mokes\u010di\u0173 gr\u0105\u017einimas ir hipotekos brokeri\u0173 paslaugos Lietuvoje | Taxes4u\" title=\"Taxes4u. Mokes\u010di\u0173 gr\u0105\u017einimas Mokes\u010di\u0173 gr\u0105\u017einimas ir hipotekos brokeris\" itemprop=\"image\"\/>\n\t<h2>\n\t\t\t\tPelno Ir Nuostolio Ataskaita (Profit And Loss Accounts)\n\t\t\t<\/h2>\n\t<h4>\n\t\t\t\tK\u0105 mes si\u016blome\n\t\t\t<\/h4>\n\t\t\t<p>Mes galime parengti savaranki\u0161kai dirban\u010di\u0173 asmen\u0173 pajam\u0173 ir i\u0161laid\u0173 pelno (nuostolio) ataskait\u0105 (Profit and Loss Accounts) ji taip pat vadinama Profit and Loss Statement \/ Statement of Account or Financial Statement of Account.<\/p>\t\n\t<h4>\n\t\t\t\tKas tai yra ir kas gali pra\u0161yti pateikti \u0161\u012f dokument\u0105?\n\t\t\t<\/h4>\n\t\t\t<p><strong>Kas yra pelno (nuostolio) ataskaita?<\/strong>Pelno (nuostoli\u0173) ataskaita - tai finansin\u0117 ataskaita, kurioje apibendrinamos pajamos, s\u0105naudos ir i\u0161laidos, patirtos per tam tikr\u0105 laikotarp\u012f, paprastai per ketvirt\u012f ar metus. \u0160iose ataskaitose pateikiama informacija apie geb\u0117jim\u0105 ar negeb\u0117jim\u0105 gauti pelno.<strong>Kas gali pra\u0161yti \u0161io dokumento?<\/strong><\/p><ul><li>Lenders &#8211; If you intend to approach a lender to negotiate financing for your business, you may be asked to provide a Profit and Loss Statement.<\/li><li>Housing Benefit office &#8211; being self-employed you have to provide your Financial Statement of accounts (Profit and Loss Statement) to prove your income and expenditure.<\/li><li>Kiti<\/li><\/ul>\t\n\t<h4>\n\t\t\t\tM\u016bs\u0173 kaina\n\t\t\t<\/h4>\n\t\t\t<p>\u00a3100<\/p>\t\n\t<h5>\n\t\t\t\tNemokamas paslaug\u0173 \u012fvertinimas\n\t\t\t<\/h5>\n\t<h2>\n\t\t\t\tKainos u\u017eklausimas\n\t\t\t<\/h2>\n\t\t\t<p>Norite aptarti buhalterin\u0117s apskaitos paslaugas jums ir j\u016bs\u0173 verslui? Susisiekite ir gaukite nemokam\u0105 ne\u012fpareigojant\u012f pasi\u016blym\u0105.<\/p>\t\n\t\t\t<a href=\"http:\/\/www.taxes4u.co.uk\/lt\/contact\/\" title=\"Click Here\" target=\"_self\"   role=\"button\" aria-label=\"Gaukite pasi\u016blym\u0105\">\n\t\t\t\t\t\t\tGaukite pasi\u016blym\u0105\n\t\t<\/a>","protected":false},"excerpt":{"rendered":"<p>Services Profit and Loss Accounts Profit and Loss Accounts What we offer We can prepare your Profit and Loss Accounts ( it also called Profit and Loss Statement \/ Statement of Account or Financial Statement of Account) of Self-employed income and expenditure. What is it and who can request this document to be provided? What [&hellip;]<\/p>\n","protected":false},"author":1,"featured_media":0,"parent":0,"menu_order":0,"comment_status":"closed","ping_status":"closed","template":"","meta":{"_uag_custom_page_level_css":"","site-sidebar-layout":"default","site-content-layout":"page-builder","ast-site-content-layout":"default","site-content-style":"default","site-sidebar-style":"default","ast-global-header-display":"","ast-banner-title-visibility":"","ast-main-header-display":"","ast-hfb-above-header-display":"","ast-hfb-below-header-display":"","ast-hfb-mobile-header-display":"","site-post-title":"disabled","ast-breadcrumbs-content":"","ast-featured-img":"disabled","footer-sml-layout":"","ast-disable-related-posts":"","theme-transparent-header-meta":"enabled","adv-header-id-meta":"","stick-header-meta":"default","header-above-stick-meta":"","header-main-stick-meta":"","header-below-stick-meta":"","astra-migrate-meta-layouts":"default","ast-page-background-enabled":"default","ast-page-background-meta":{"desktop":{"background-color":"","background-image":"","background-repeat":"repeat","background-position":"center center","background-size":"auto","background-attachment":"scroll","background-type":"","background-media":"","overlay-type":"","overlay-color":"","overlay-opacity":"","overlay-gradient":""},"tablet":{"background-color":"","background-image":"","background-repeat":"repeat","background-position":"center center","background-size":"auto","background-attachment":"scroll","background-type":"","background-media":"","overlay-type":"","overlay-color":"","overlay-opacity":"","overlay-gradient":""},"mobile":{"background-color":"","background-image":"","background-repeat":"repeat","background-position":"center center","background-size":"auto","background-attachment":"scroll","background-type":"","background-media":"","overlay-type":"","overlay-color":"","overlay-opacity":"","overlay-gradient":""}},"ast-content-background-meta":{"desktop":{"background-color":"var(--ast-global-color-5)","background-image":"","background-repeat":"repeat","background-position":"center center","background-size":"auto","background-attachment":"scroll","background-type":"","background-media":"","overlay-type":"","overlay-color":"","overlay-opacity":"","overlay-gradient":""},"tablet":{"background-color":"var(--ast-global-color-5)","background-image":"","background-repeat":"repeat","background-position":"center center","background-size":"auto","background-attachment":"scroll","background-type":"","background-media":"","overlay-type":"","overlay-color":"","overlay-opacity":"","overlay-gradient":""},"mobile":{"background-color":"var(--ast-global-color-5)","background-image":"","background-repeat":"repeat","background-position":"center center","background-size":"auto","background-attachment":"scroll","background-type":"","background-media":"","overlay-type":"","overlay-color":"","overlay-opacity":"","overlay-gradient":""}},"footnotes":""},"class_list":["post-1259","page","type-page","status-publish","hentry"],"yoast_head":"<!-- This site is optimized with the Yoast SEO plugin v27.4 - https:\/\/yoast.com\/product\/yoast-seo-wordpress\/ -->\n<title>Profit And Loss Accounts Statement (UK) - Taxes4u<\/title>\n<meta name=\"description\" content=\"We can prepare your Profit and Loss Accounts, also known as Profit and Loss Statement, Statement of Account or Financial Statement of Account.\" \/>\n<meta name=\"robots\" content=\"index, follow, max-snippet:-1, max-image-preview:large, max-video-preview:-1\" \/>\n<link rel=\"canonical\" href=\"https:\/\/www.taxes4u.co.uk\/lt\/services-profit-and-loss-account\/\" \/>\n<meta property=\"og:locale\" content=\"lt_LT\" \/>\n<meta property=\"og:type\" content=\"article\" \/>\n<meta property=\"og:title\" content=\"Profit And Loss Accounts Statement (UK) - Taxes4u\" \/>\n<meta property=\"og:description\" content=\"We can prepare your Profit and Loss Accounts, also known as Profit and Loss Statement, Statement of Account or Financial Statement of Account.\" \/>\n<meta property=\"og:url\" content=\"https:\/\/www.taxes4u.co.uk\/lt\/services-profit-and-loss-account\/\" \/>\n<meta property=\"og:site_name\" content=\"Taxes4u\" \/>\n<meta property=\"article:modified_time\" content=\"2025-03-28T21:37:13+00:00\" \/>\n<meta property=\"og:image\" content=\"http:\/\/www.taxes4u.co.uk\/wp-content\/uploads\/2019\/06\/feature2-free-img-1.png\" \/>\n<meta name=\"twitter:card\" content=\"summary_large_image\" \/>\n<meta name=\"twitter:label1\" content=\"Est. reading time\" \/>\n\t<meta name=\"twitter:data1\" content=\"1 minut\u0117\" \/>\n<script type=\"application\/ld+json\" class=\"yoast-schema-graph\">{\"@context\":\"https:\\\/\\\/schema.org\",\"@graph\":[{\"@type\":\"WebPage\",\"@id\":\"https:\\\/\\\/www.taxes4u.co.uk\\\/services-profit-and-loss-account\",\"url\":\"https:\\\/\\\/www.taxes4u.co.uk\\\/services-profit-and-loss-account\",\"name\":\"Profit And Loss Accounts Statement (UK) - Taxes4u\",\"isPartOf\":{\"@id\":\"https:\\\/\\\/www.taxes4u.co.uk\\\/#website\"},\"primaryImageOfPage\":{\"@id\":\"https:\\\/\\\/www.taxes4u.co.uk\\\/services-profit-and-loss-account#primaryimage\"},\"image\":{\"@id\":\"https:\\\/\\\/www.taxes4u.co.uk\\\/services-profit-and-loss-account#primaryimage\"},\"thumbnailUrl\":\"http:\\\/\\\/www.taxes4u.co.uk\\\/wp-content\\\/uploads\\\/2019\\\/06\\\/feature2-free-img-1.png\",\"datePublished\":\"2020-06-06T13:50:08+00:00\",\"dateModified\":\"2025-03-28T21:37:13+00:00\",\"description\":\"We can prepare your Profit and Loss Accounts, also known as Profit and Loss Statement, Statement of Account or Financial Statement of Account.\",\"breadcrumb\":{\"@id\":\"https:\\\/\\\/www.taxes4u.co.uk\\\/services-profit-and-loss-account#breadcrumb\"},\"inLanguage\":\"lt-LT\",\"potentialAction\":[{\"@type\":\"ReadAction\",\"target\":[\"https:\\\/\\\/www.taxes4u.co.uk\\\/services-profit-and-loss-account\"]}]},{\"@type\":\"ImageObject\",\"inLanguage\":\"lt-LT\",\"@id\":\"https:\\\/\\\/www.taxes4u.co.uk\\\/services-profit-and-loss-account#primaryimage\",\"url\":\"http:\\\/\\\/www.taxes4u.co.uk\\\/wp-content\\\/uploads\\\/2019\\\/06\\\/feature2-free-img-1.png\",\"contentUrl\":\"http:\\\/\\\/www.taxes4u.co.uk\\\/wp-content\\\/uploads\\\/2019\\\/06\\\/feature2-free-img-1.png\"},{\"@type\":\"BreadcrumbList\",\"@id\":\"https:\\\/\\\/www.taxes4u.co.uk\\\/services-profit-and-loss-account#breadcrumb\",\"itemListElement\":[{\"@type\":\"ListItem\",\"position\":1,\"name\":\"Home\",\"item\":\"https:\\\/\\\/www.taxes4u.co.uk\\\/\"},{\"@type\":\"ListItem\",\"position\":2,\"name\":\"Profit and Loss Account\"}]},{\"@type\":\"WebSite\",\"@id\":\"https:\\\/\\\/www.taxes4u.co.uk\\\/#website\",\"url\":\"https:\\\/\\\/www.taxes4u.co.uk\\\/\",\"name\":\"Taxes4u\",\"description\":\"Tax Returns, Payroll, Bookkeeping\",\"publisher\":{\"@id\":\"https:\\\/\\\/www.taxes4u.co.uk\\\/#organization\"},\"potentialAction\":[{\"@type\":\"SearchAction\",\"target\":{\"@type\":\"EntryPoint\",\"urlTemplate\":\"https:\\\/\\\/www.taxes4u.co.uk\\\/?s={search_term_string}\"},\"query-input\":{\"@type\":\"PropertyValueSpecification\",\"valueRequired\":true,\"valueName\":\"search_term_string\"}}],\"inLanguage\":\"lt-LT\"},{\"@type\":\"Organization\",\"@id\":\"https:\\\/\\\/www.taxes4u.co.uk\\\/#organization\",\"name\":\"Taxes4u\",\"url\":\"https:\\\/\\\/www.taxes4u.co.uk\\\/\",\"logo\":{\"@type\":\"ImageObject\",\"inLanguage\":\"lt-LT\",\"@id\":\"https:\\\/\\\/www.taxes4u.co.uk\\\/#\\\/schema\\\/logo\\\/image\\\/\",\"url\":\"https:\\\/\\\/www.taxes4u.co.uk\\\/wp-content\\\/uploads\\\/2020\\\/06\\\/cropped-3001_Taxes4u_RB_GR-02.png\",\"contentUrl\":\"https:\\\/\\\/www.taxes4u.co.uk\\\/wp-content\\\/uploads\\\/2020\\\/06\\\/cropped-3001_Taxes4u_RB_GR-02.png\",\"width\":396,\"height\":82,\"caption\":\"Taxes4u\"},\"image\":{\"@id\":\"https:\\\/\\\/www.taxes4u.co.uk\\\/#\\\/schema\\\/logo\\\/image\\\/\"}}]}<\/script>\n<!-- \/ Yoast SEO plugin. -->","yoast_head_json":{"title":"Pelno ir nuostolio ataskaitos (JK) - Taxes4u","description":"Galime parengti pelno (nuostolio) ataskaitas, dar vadinamas pelno (nuostolio) ataskaita, s\u0105skaitos ataskaita arba finansine s\u0105skaitos ataskaita.","robots":{"index":"index","follow":"follow","max-snippet":"max-snippet:-1","max-image-preview":"max-image-preview:large","max-video-preview":"max-video-preview:-1"},"canonical":"https:\/\/www.taxes4u.co.uk\/lt\/services-profit-and-loss-account\/","og_locale":"lt_LT","og_type":"article","og_title":"Profit And Loss Accounts Statement (UK) - Taxes4u","og_description":"We can prepare your Profit and Loss Accounts, also known as Profit and Loss Statement, Statement of Account or Financial Statement of Account.","og_url":"https:\/\/www.taxes4u.co.uk\/lt\/services-profit-and-loss-account\/","og_site_name":"Taxes4u","article_modified_time":"2025-03-28T21:37:13+00:00","og_image":[{"url":"http:\/\/www.taxes4u.co.uk\/wp-content\/uploads\/2019\/06\/feature2-free-img-1.png","type":"","width":"","height":""}],"twitter_card":"summary_large_image","twitter_misc":{"Est. reading time":"1 minut\u0117"},"schema":{"@context":"https:\/\/schema.org","@graph":[{"@type":"WebPage","@id":"https:\/\/www.taxes4u.co.uk\/services-profit-and-loss-account","url":"https:\/\/www.taxes4u.co.uk\/services-profit-and-loss-account","name":"Pelno ir nuostolio ataskaitos (JK) - Taxes4u","isPartOf":{"@id":"https:\/\/www.taxes4u.co.uk\/#website"},"primaryImageOfPage":{"@id":"https:\/\/www.taxes4u.co.uk\/services-profit-and-loss-account#primaryimage"},"image":{"@id":"https:\/\/www.taxes4u.co.uk\/services-profit-and-loss-account#primaryimage"},"thumbnailUrl":"http:\/\/www.taxes4u.co.uk\/wp-content\/uploads\/2019\/06\/feature2-free-img-1.png","datePublished":"2020-06-06T13:50:08+00:00","dateModified":"2025-03-28T21:37:13+00:00","description":"Galime parengti pelno (nuostolio) ataskaitas, dar vadinamas pelno (nuostolio) ataskaita, s\u0105skaitos ataskaita arba finansine s\u0105skaitos ataskaita.","breadcrumb":{"@id":"https:\/\/www.taxes4u.co.uk\/services-profit-and-loss-account#breadcrumb"},"inLanguage":"lt-LT","potentialAction":[{"@type":"ReadAction","target":["https:\/\/www.taxes4u.co.uk\/services-profit-and-loss-account"]}]},{"@type":"ImageObject","inLanguage":"lt-LT","@id":"https:\/\/www.taxes4u.co.uk\/services-profit-and-loss-account#primaryimage","url":"http:\/\/www.taxes4u.co.uk\/wp-content\/uploads\/2019\/06\/feature2-free-img-1.png","contentUrl":"http:\/\/www.taxes4u.co.uk\/wp-content\/uploads\/2019\/06\/feature2-free-img-1.png"},{"@type":"BreadcrumbList","@id":"https:\/\/www.taxes4u.co.uk\/services-profit-and-loss-account#breadcrumb","itemListElement":[{"@type":"ListItem","position":1,"name":"Home","item":"https:\/\/www.taxes4u.co.uk\/"},{"@type":"ListItem","position":2,"name":"Profit and Loss Account"}]},{"@type":"WebSite","@id":"https:\/\/www.taxes4u.co.uk\/#website","url":"https:\/\/www.taxes4u.co.uk\/","name":"Taxes4u","description":"Mokes\u010di\u0173 deklaracijos, darbo u\u017emokestis, buhalterin\u0117 apskaita","publisher":{"@id":"https:\/\/www.taxes4u.co.uk\/#organization"},"potentialAction":[{"@type":"SearchAction","target":{"@type":"EntryPoint","urlTemplate":"https:\/\/www.taxes4u.co.uk\/?s={search_term_string}"},"query-input":{"@type":"PropertyValueSpecification","valueRequired":true,"valueName":"search_term_string"}}],"inLanguage":"lt-LT"},{"@type":"Organization","@id":"https:\/\/www.taxes4u.co.uk\/#organization","name":"Taxes4u","url":"https:\/\/www.taxes4u.co.uk\/","logo":{"@type":"ImageObject","inLanguage":"lt-LT","@id":"https:\/\/www.taxes4u.co.uk\/#\/schema\/logo\/image\/","url":"https:\/\/www.taxes4u.co.uk\/wp-content\/uploads\/2020\/06\/cropped-3001_Taxes4u_RB_GR-02.png","contentUrl":"https:\/\/www.taxes4u.co.uk\/wp-content\/uploads\/2020\/06\/cropped-3001_Taxes4u_RB_GR-02.png","width":396,"height":82,"caption":"Taxes4u"},"image":{"@id":"https:\/\/www.taxes4u.co.uk\/#\/schema\/logo\/image\/"}}]}},"uagb_featured_image_src":{"full":false,"thumbnail":false,"medium":false,"medium_large":false,"large":false,"1536x1536":false,"2048x2048":false,"trp-custom-language-flag":false},"uagb_author_info":{"display_name":"Malaicik","author_link":"https:\/\/www.taxes4u.co.uk\/lt\/author\/malaicik"},"uagb_comment_info":0,"uagb_excerpt":"Services Profit and Loss Accounts Profit and Loss Accounts What we offer We can prepare your Profit and Loss Accounts ( it also called Profit and Loss Statement \/ Statement of Account or Financial Statement of Account) of Self-employed income and expenditure. What is it and who can request this document to be provided? What&hellip;","_links":{"self":[{"href":"https:\/\/www.taxes4u.co.uk\/lt\/wp-json\/wp\/v2\/pages\/1259","targetHints":{"allow":["GET"]}}],"collection":[{"href":"https:\/\/www.taxes4u.co.uk\/lt\/wp-json\/wp\/v2\/pages"}],"about":[{"href":"https:\/\/www.taxes4u.co.uk\/lt\/wp-json\/wp\/v2\/types\/page"}],"author":[{"embeddable":true,"href":"https:\/\/www.taxes4u.co.uk\/lt\/wp-json\/wp\/v2\/users\/1"}],"replies":[{"embeddable":true,"href":"https:\/\/www.taxes4u.co.uk\/lt\/wp-json\/wp\/v2\/comments?post=1259"}],"version-history":[{"count":14,"href":"https:\/\/www.taxes4u.co.uk\/lt\/wp-json\/wp\/v2\/pages\/1259\/revisions"}],"predecessor-version":[{"id":1955,"href":"https:\/\/www.taxes4u.co.uk\/lt\/wp-json\/wp\/v2\/pages\/1259\/revisions\/1955"}],"wp:attachment":[{"href":"https:\/\/www.taxes4u.co.uk\/lt\/wp-json\/wp\/v2\/media?parent=1259"}],"curies":[{"name":"wp","href":"https:\/\/api.w.org\/{rel}","templated":true}]}}