{"id":128,"date":"2018-08-27T12:16:33","date_gmt":"2018-08-27T12:16:33","guid":{"rendered":"http:\/\/www.taxes4u.co.uk\/services"},"modified":"2023-03-11T12:56:53","modified_gmt":"2023-03-11T12:56:53","slug":"services","status":"publish","type":"page","link":"https:\/\/www.taxes4u.co.uk\/lt\/services","title":{"rendered":"Apskaitos paslaugos"},"content":{"rendered":"<h5>\n\t\t\t\tPaslaugos\n\t\t\t<\/h5>\n\t<h1>\n\t\t\t\tK\u0105 Mes Si\u016blome\n\t\t\t<\/h1>\n\t\t\t\t<img decoding=\"async\" src=\"http:\/\/www.taxes4u.co.uk\/wp-content\/uploads\/2019\/06\/feature2-free-img-1.png\" alt=\"Taxes4u. Mokes\u010di\u0173 deklaravimas, mokes\u010di\u0173 gr\u0105\u017einimas, darbo u\u017emokes\u010dio apskaita ir buhalterija\" title=\"Taxes4u. Mokes\u010di\u0173 deklaravimas, mokes\u010di\u0173 gr\u0105\u017einimas, darbo u\u017emokes\u010dio apskaita ir buhalterija\" itemprop=\"image\">\n\t<h2>\n\t\t\t\tMokes\u010di\u0173 deklaravimas ir gr\u0105\u017einimas\n\t\t\t<\/h2>\n\t<h4>\n\t\t\t\tK\u0105 mes si\u016blome\n\t\t\t<\/h4>\n\t\t<p>We will calculate your Tax Return and advise on what expenses and allowances can be claimed so you will not overpay your Income Tax anymore!&nbsp;If you have overpaid your Income Tax in the last 4 financial years we can help you to get a Tax Refund. Do not wait to get your money back.<\/p>\t\n\t\t\t<a href=\"http:\/\/www.taxes4u.co.uk\/lt\/services-self-assessment-tax-return-refund\/\" target=\"_self\" role=\"button\" rel=\"noopener noreferrer\">\n\t\t\t\t\t\t\tSkaityti Daugiau\n\t\t<\/a>\n\t<h2>\n\t\t\t\tUTR registracija ir at\u0161aukimas\n\t\t\t<\/h2>\n\t<h4>\n\t\t\t\tK\u0105 mes si\u016blome\n\t\t\t<\/h4>\n\t\t<p>We can register you for Self Assessment, Self-Employment: Sole trader, Partner or a Partnership.&nbsp;If you have stopped trading as a sole trader or you are ending or leaving a business partnership, we can stop your UTR number.<\/p>\t\n\t\t\t<a href=\"http:\/\/www.taxes4u.co.uk\/lt\/services-utr-registration-and-cancellation\/\" target=\"_self\" role=\"button\" rel=\"noopener noreferrer\">\n\t\t\t\t\t\t\tSkaityti Daugiau\n\t\t<\/a>\n\t\t\t\t<img decoding=\"async\" src=\"http:\/\/www.taxes4u.co.uk\/wp-content\/uploads\/2019\/06\/feature1-free-img-1.png\" alt=\"Taxes4u. Mokes\u010di\u0173 deklaravimas, mokes\u010di\u0173 gr\u0105\u017einimas, darbo u\u017emokes\u010dio apskaita ir buhalterija\" title=\"Taxes4u. Mokes\u010di\u0173 deklaravimas, mokes\u010di\u0173 gr\u0105\u017einimas, darbo u\u017emokes\u010dio apskaita ir buhalterija\" itemprop=\"image\">\n\t\t\t\t<img decoding=\"async\" src=\"http:\/\/www.taxes4u.co.uk\/wp-content\/uploads\/2019\/06\/feature3-free-img-1.png\" alt=\"feature3-free-img.png\" title=\"feature3-free-img.png\" itemprop=\"image\">\n\t<h2>\n\t\t\t\tCIS Registracija\n\t\t\t<\/h2>\n\t<h4>\n\t\t\t\tK\u0105 mes si\u016blome\n\t\t\t<\/h4>\n\t\t<p>Mes galime padaryti Savaranki\u0161kai dirban\u010dio asmens registracija pagal statyb\u0173 schem\u0105 (CIS - construction industry scheme).<\/p>\t\n\t\t\t<a href=\"http:\/\/www.taxes4u.co.uk\/lt\/services-construction-industry-scheme-cis-registration\/\" target=\"_self\" role=\"button\" rel=\"noopener noreferrer\">\n\t\t\t\t\t\t\tSkaityti Daugiau\n\t\t<\/a>\n\t<h2>\n\t\t\t\tNuobaudos ir apeliacijos d\u0117l pav\u0117luoto pateikimo\n\t\t\t<\/h2>\n\t<h4>\n\t\t\t\tK\u0105 mes si\u016blome\n\t\t\t<\/h4>\n\t\t<p>Jei laiku nepateik\u0117te mokes\u010di\u0173 deklaracijos, galime pad\u0117ti apsk\u0173sti baud\u0105 u\u017e pav\u0117luot\u0105 mokes\u010di\u0173 deklaracijos i\u0161siuntim\u0105.<\/p>\t\n\t\t\t<a href=\"http:\/\/www.taxes4u.co.uk\/lt\/services-penalties-and-appeals-for-late-tax-return-submissions\/\" target=\"_self\" role=\"button\" rel=\"noopener noreferrer\">\n\t\t\t\t\t\t\tSkaityti Daugiau\n\t\t<\/a>\n\t\t\t\t<img decoding=\"async\" src=\"http:\/\/www.taxes4u.co.uk\/wp-content\/uploads\/2019\/06\/feature1-free-img-1.png\" alt=\"Taxes4u. Mokes\u010di\u0173 deklaravimas, mokes\u010di\u0173 gr\u0105\u017einimas, darbo u\u017emokes\u010dio apskaita ir buhalterija\" title=\"Taxes4u. Mokes\u010di\u0173 deklaravimas, mokes\u010di\u0173 gr\u0105\u017einimas, darbo u\u017emokes\u010dio apskaita ir buhalterija\" itemprop=\"image\">\n\t\t\t\t<img decoding=\"async\" src=\"http:\/\/www.taxes4u.co.uk\/wp-content\/uploads\/2019\/06\/feature3-free-img-1.png\" alt=\"feature3-free-img.png\" title=\"feature3-free-img.png\" itemprop=\"image\">\n\t<h2>\n\t\t\t\tDarbo u\u017emokes\u010dio (Payroll\/CIS) ataskaitos\n\t\t\t<\/h2>\n\t<h4>\n\t\t\t\tK\u0105 mes si\u016blome\n\t\t\t<\/h4>\n\t\t<p>Mes galime atlikti darbdavio registracij\u0105 savaranki\u0161kai dirban\u010diam asmeniui ir kas m\u0117nes\u012f pristatyti darbo u\u017emokes\u010dio (Payroll\/CIS) deklaracijas<\/p>\t\n\t\t\t<a href=\"http:\/\/www.taxes4u.co.uk\/lt\/services-payroll-cis-for-self-employed\/\" target=\"_self\" role=\"button\" rel=\"noopener noreferrer\">\n\t\t\t\t\t\t\tSkaityti Daugiau\n\t\t<\/a>\n\t<h2>\n\t\t\t\tPVM (VAT) Ataskaitos Savaranki\u0161kai Dirbantiems Asmenims\n\t\t\t<\/h2>\n\t<h4>\n\t\t\t\tK\u0105 mes si\u016blome\n\t\t\t<\/h4>\n\t\t<p>Mes galime u\u017eregistruoti j\u016bs\u0173 versl\u0105 PVM (VAT) mok\u0117toju, patarti d\u0117l galim\u0173 schem\u0173, parengti ir pateikti PVM (VAT) deklaracijas HM Revenue and Customs (HMRC).<\/p>\t\n\t\t\t<a href=\"http:\/\/www.taxes4u.co.uk\/lt\/services-vat-returns-for-self-employed\/\" target=\"_self\" role=\"button\" rel=\"noopener noreferrer\">\n\t\t\t\t\t\t\tSkaityti Daugiau\n\t\t<\/a>\n\t\t\t\t<img decoding=\"async\" src=\"http:\/\/www.taxes4u.co.uk\/wp-content\/uploads\/2019\/06\/feature1-free-img-1.png\" alt=\"Taxes4u. Mokes\u010di\u0173 deklaravimas, mokes\u010di\u0173 gr\u0105\u017einimas, darbo u\u017emokes\u010dio apskaita ir buhalterija\" title=\"Taxes4u. Mokes\u010di\u0173 deklaravimas, mokes\u010di\u0173 gr\u0105\u017einimas, darbo u\u017emokes\u010dio apskaita ir buhalterija\" itemprop=\"image\">\n\t\t\t\t<img decoding=\"async\" src=\"http:\/\/www.taxes4u.co.uk\/wp-content\/uploads\/2019\/06\/feature3-free-img-1.png\" alt=\"feature3-free-img.png\" title=\"feature3-free-img.png\" itemprop=\"image\">\n\t<h2>\n\t\t\t\tSocialinis Draudimas Savaranki\u0161kai Dirbantiems Asmenims\n\t\t\t<\/h2>\n\t<h4>\n\t\t\t\tK\u0105 mes si\u016blome\n\t\t\t<\/h4>\n\t\t<p>Jei turite klausim\u0173 d\u0117l savo socialinio draudimo ar norite gauti savo socialinio draudimo \u012fra\u0161us, galime j\u016bs\u0173 vardu susisiekti su HMRC ir papra\u0161yti reikalingos informacijos.<\/p>\t\n\t\t\t<a href=\"http:\/\/www.taxes4u.co.uk\/lt\/services-national-insurance-for-self-employed\/\" target=\"_self\" role=\"button\" rel=\"noopener noreferrer\">\n\t\t\t\t\t\t\tSkaityti Daugiau\n\t\t<\/a>\n\t<h2>\n\t\t\t\tSA302 paskai\u010diavimo ir mokestini\u0173 met\u0173 ap\u017evalgos (Tax Year Overview) formos\n\t\t\t<\/h2>\n\t<h4>\n\t\t\t\tK\u0105 mes si\u016blome\n\t\t\t<\/h4>\n\t\t<p>Mes galime jums u\u017esisakyti SA302 paskai\u010diavimo ir Mokes\u010di\u0173 met\u0173 ap\u017evalgos (Tax Year Overview) formas.<\/p>\t\n\t\t\t<a href=\"http:\/\/www.taxes4u.co.uk\/lt\/services-sa302-calculation-and-tax-overview-forms\/\" target=\"_self\" role=\"button\" rel=\"noopener noreferrer\">\n\t\t\t\t\t\t\tSkaityti Daugiau\n\t\t<\/a>\n\t\t\t\t<img decoding=\"async\" src=\"http:\/\/www.taxes4u.co.uk\/wp-content\/uploads\/2019\/06\/feature1-free-img-1.png\" alt=\"Taxes4u. Mokes\u010di\u0173 deklaravimas, mokes\u010di\u0173 gr\u0105\u017einimas, darbo u\u017emokes\u010dio apskaita ir buhalterija\" title=\"Taxes4u. Mokes\u010di\u0173 deklaravimas, mokes\u010di\u0173 gr\u0105\u017einimas, darbo u\u017emokes\u010dio apskaita ir buhalterija\" itemprop=\"image\">\n\t\t\t\t<img decoding=\"async\" src=\"http:\/\/www.taxes4u.co.uk\/wp-content\/uploads\/2019\/06\/feature3-free-img-1.png\" alt=\"feature3-free-img.png\" title=\"feature3-free-img.png\" itemprop=\"image\">\n\t<h2>\n\t\t\t\tPelno Ir Nuostolio Ataskaita (Profit And Loss Accounts)\n\t\t\t<\/h2>\n\t<h4>\n\t\t\t\tK\u0105 mes si\u016blome\n\t\t\t<\/h4>\n\t\t<p>Mes galime parengti savaranki\u0161kai dirban\u010di\u0173 asmen\u0173 pajam\u0173 ir i\u0161laid\u0173 pelno (nuostolio) ataskait\u0105 (Profit and Loss Accounts) ji taip pat vadinama Profit and Loss Statement \/ Statement of Account or Financial Statement of Account.<\/p>\t\n\t\t\t<a href=\"http:\/\/www.taxes4u.co.uk\/lt\/services-profit-and-loss-account\/\" target=\"_self\" role=\"button\" rel=\"noopener noreferrer\">\n\t\t\t\t\t\t\tSkaityti Daugiau\n\t\t<\/a>\n\t<h2>\n\t\t\t\t\u012emon\u0117s\n\t\t\t<\/h2>\n\t<h4>\n\t\t\t\tK\u0105 mes si\u016blome\n\t\t\t<\/h4>\n\t\t<p>Si\u016blome vis\u0105 spektr\u0105 paslaug\u0173 u\u017edar\u0173j\u0173 akcini\u0173 bendrovi\u0173 \u012fmon\u0117ms, pradedant registracija, buhalterine apskaita, darbo u\u017emokes\u010dio apskaita ir daug daugiau.<\/p>\t\n\t\t\t<a href=\"http:\/\/www.taxes4u.co.uk\/lt\/services-limited-companies\/\" target=\"_self\" role=\"button\" rel=\"noopener noreferrer\">\n\t\t\t\t\t\t\tSkaityti Daugiau\n\t\t<\/a>\n\t\t\t\t<img decoding=\"async\" src=\"http:\/\/www.taxes4u.co.uk\/wp-content\/uploads\/2019\/06\/feature1-free-img-1.png\" alt=\"Taxes4u. Mokes\u010di\u0173 deklaravimas, mokes\u010di\u0173 gr\u0105\u017einimas, darbo u\u017emokes\u010dio apskaita ir buhalterija\" title=\"Taxes4u. Mokes\u010di\u0173 deklaravimas, mokes\u010di\u0173 gr\u0105\u017einimas, darbo u\u017emokes\u010dio apskaita ir buhalterija\" itemprop=\"image\">\n\t\t\t\t<img decoding=\"async\" src=\"http:\/\/www.taxes4u.co.uk\/wp-content\/uploads\/2019\/06\/feature3-free-img-1.png\" alt=\"feature3-free-img.png\" title=\"feature3-free-img.png\" itemprop=\"image\">\n\t<h2>\n\t\t\t\tKitos Paslaugos\n\t\t\t<\/h2>\n\t<h4>\n\t\t\t\tK\u0105 mes si\u016blome\n\t\t\t<\/h4>\n\t\t<ul><li>Mokes\u010di\u0173 kodekso pakeitimai<\/li><li>HMRC J\u016bs\u0173 asmens duomen\u0173 pakeitimai<\/li><li>Darbas su HMRC u\u017eklausomis<\/li><li>Tax Kredit\u0173 atnaujinimas (Tax Credit Renewal)<\/li><li>Pra\u0161ymas skirti motinyst\u0117s pa\u0161alp\u0105<\/li><li>Pra\u0161ymas skirti i\u0161mok\u0105 vaikui<\/li><li>Nemokama vaik\u0173 prie\u017ei\u016bra<\/li><\/ul>\t\n\t\t\t<a href=\"http:\/\/www.taxes4u.co.uk\/lt\/services-other\/\" target=\"_self\" role=\"button\" rel=\"noopener noreferrer\">\n\t\t\t\t\t\t\tSkaityti Daugiau\n\t\t<\/a>\n\t<h5>\n\t\t\t\tNemokamas paslaug\u0173 \u012fvertinimas\n\t\t\t<\/h5>\n\t<h2>\n\t\t\t\tKainos u\u017eklausimas\n\t\t\t<\/h2>\n\t\t<p>Norite aptarti buhalterin\u0117s apskaitos paslaugas jums ir j\u016bs\u0173 verslui? Susisiekite ir gaukite nemokam\u0105 ne\u012fpareigojant\u012f pasi\u016blym\u0105.<\/p>\t\n\t\t\t<a href=\"http:\/\/www.taxes4u.co.uk\/lt\/contact\/\" target=\"_self\" role=\"button\" rel=\"noopener noreferrer\">\n\t\t\t\t\t\t\tGaukite pasi\u016blym\u0105\n\t\t<\/a>","protected":false},"excerpt":{"rendered":"<p>Services What We Do Tax Return &amp; Refund What we offer We will calculate your Tax Return and advise on what expenses and allowances can be claimed so you will not overpay your Income Tax anymore!&nbsp;If you have overpaid your Income Tax in the last 4 financial years we can help you to get a [&hellip;]<\/p>\n","protected":false},"author":1,"featured_media":0,"parent":0,"menu_order":0,"comment_status":"closed","ping_status":"closed","template":"","meta":{"_uag_custom_page_level_css":"","site-sidebar-layout":"default","site-content-layout":"page-builder","ast-site-content-layout":"default","site-content-style":"default","site-sidebar-style":"default","ast-global-header-display":"","ast-banner-title-visibility":"","ast-main-header-display":"","ast-hfb-above-header-display":"","ast-hfb-below-header-display":"","ast-hfb-mobile-header-display":"","site-post-title":"disabled","ast-breadcrumbs-content":"","ast-featured-img":"disabled","footer-sml-layout":"","ast-disable-related-posts":"","theme-transparent-header-meta":"enabled","adv-header-id-meta":"","stick-header-meta":"default","header-above-stick-meta":"","header-main-stick-meta":"","header-below-stick-meta":"","astra-migrate-meta-layouts":"default","ast-page-background-enabled":"default","ast-page-background-meta":{"desktop":{"background-color":"","background-image":"","background-repeat":"repeat","background-position":"center center","background-size":"auto","background-attachment":"scroll","background-type":"","background-media":"","overlay-type":"","overlay-color":"","overlay-opacity":"","overlay-gradient":""},"tablet":{"background-color":"","background-image":"","background-repeat":"repeat","background-position":"center center","background-size":"auto","background-attachment":"scroll","background-type":"","background-media":"","overlay-type":"","overlay-color":"","overlay-opacity":"","overlay-gradient":""},"mobile":{"background-color":"","background-image":"","background-repeat":"repeat","background-position":"center center","background-size":"auto","background-attachment":"scroll","background-type":"","background-media":"","overlay-type":"","overlay-color":"","overlay-opacity":"","overlay-gradient":""}},"ast-content-background-meta":{"desktop":{"background-color":"var(--ast-global-color-5)","background-image":"","background-repeat":"repeat","background-position":"center center","background-size":"auto","background-attachment":"scroll","background-type":"","background-media":"","overlay-type":"","overlay-color":"","overlay-opacity":"","overlay-gradient":""},"tablet":{"background-color":"var(--ast-global-color-5)","background-image":"","background-repeat":"repeat","background-position":"center center","background-size":"auto","background-attachment":"scroll","background-type":"","background-media":"","overlay-type":"","overlay-color":"","overlay-opacity":"","overlay-gradient":""},"mobile":{"background-color":"var(--ast-global-color-5)","background-image":"","background-repeat":"repeat","background-position":"center center","background-size":"auto","background-attachment":"scroll","background-type":"","background-media":"","overlay-type":"","overlay-color":"","overlay-opacity":"","overlay-gradient":""}},"footnotes":""},"class_list":["post-128","page","type-page","status-publish","hentry"],"yoast_head":"<!-- This site is optimized with the Yoast SEO plugin v27.4 - https:\/\/yoast.com\/product\/yoast-seo-wordpress\/ -->\n<title>Accountancy Services for Companies and Self Employed in UK - Taxes4u<\/title>\n<meta name=\"description\" content=\"Accountancy services: Tax Returns and Tax Refund, Self Assessment, UTR and CIS Registrations, Payroll, Penalty Appeals, CIS and VAT Returns\" \/>\n<meta name=\"robots\" content=\"index, follow, max-snippet:-1, max-image-preview:large, max-video-preview:-1\" \/>\n<link rel=\"canonical\" href=\"https:\/\/www.taxes4u.co.uk\/lt\/services\/\" \/>\n<meta property=\"og:locale\" content=\"lt_LT\" \/>\n<meta property=\"og:type\" content=\"article\" \/>\n<meta property=\"og:title\" content=\"Accountancy Services for Companies and Self Employed in UK - Taxes4u\" \/>\n<meta property=\"og:description\" content=\"Accountancy services: Tax Returns and Tax Refund, Self Assessment, UTR and CIS Registrations, Payroll, Penalty Appeals, CIS and VAT Returns\" \/>\n<meta property=\"og:url\" content=\"https:\/\/www.taxes4u.co.uk\/lt\/services\/\" \/>\n<meta property=\"og:site_name\" content=\"Taxes4u\" \/>\n<meta property=\"article:modified_time\" content=\"2023-03-11T12:56:53+00:00\" \/>\n<meta property=\"og:image\" content=\"http:\/\/www.taxes4u.co.uk\/wp-content\/uploads\/2019\/06\/feature2-free-img-1.png\" \/>\n<meta name=\"twitter:card\" content=\"summary_large_image\" \/>\n<meta name=\"twitter:label1\" content=\"Est. reading time\" \/>\n\t<meta name=\"twitter:data1\" content=\"4 minut\u0117s\" \/>\n<script type=\"application\/ld+json\" class=\"yoast-schema-graph\">{\"@context\":\"https:\\\/\\\/schema.org\",\"@graph\":[{\"@type\":\"WebPage\",\"@id\":\"https:\\\/\\\/www.taxes4u.co.uk\\\/services\",\"url\":\"https:\\\/\\\/www.taxes4u.co.uk\\\/services\",\"name\":\"Accountancy Services for Companies and Self Employed in UK - Taxes4u\",\"isPartOf\":{\"@id\":\"https:\\\/\\\/www.taxes4u.co.uk\\\/#website\"},\"primaryImageOfPage\":{\"@id\":\"https:\\\/\\\/www.taxes4u.co.uk\\\/services#primaryimage\"},\"image\":{\"@id\":\"https:\\\/\\\/www.taxes4u.co.uk\\\/services#primaryimage\"},\"thumbnailUrl\":\"http:\\\/\\\/www.taxes4u.co.uk\\\/wp-content\\\/uploads\\\/2019\\\/06\\\/feature2-free-img-1.png\",\"datePublished\":\"2018-08-27T12:16:33+00:00\",\"dateModified\":\"2023-03-11T12:56:53+00:00\",\"description\":\"Accountancy services: Tax Returns and Tax Refund, Self Assessment, UTR and CIS Registrations, Payroll, Penalty Appeals, CIS and VAT Returns\",\"breadcrumb\":{\"@id\":\"https:\\\/\\\/www.taxes4u.co.uk\\\/services#breadcrumb\"},\"inLanguage\":\"lt-LT\",\"potentialAction\":[{\"@type\":\"ReadAction\",\"target\":[\"https:\\\/\\\/www.taxes4u.co.uk\\\/services\"]}]},{\"@type\":\"ImageObject\",\"inLanguage\":\"lt-LT\",\"@id\":\"https:\\\/\\\/www.taxes4u.co.uk\\\/services#primaryimage\",\"url\":\"http:\\\/\\\/www.taxes4u.co.uk\\\/wp-content\\\/uploads\\\/2019\\\/06\\\/feature2-free-img-1.png\",\"contentUrl\":\"http:\\\/\\\/www.taxes4u.co.uk\\\/wp-content\\\/uploads\\\/2019\\\/06\\\/feature2-free-img-1.png\"},{\"@type\":\"BreadcrumbList\",\"@id\":\"https:\\\/\\\/www.taxes4u.co.uk\\\/services#breadcrumb\",\"itemListElement\":[{\"@type\":\"ListItem\",\"position\":1,\"name\":\"Home\",\"item\":\"https:\\\/\\\/www.taxes4u.co.uk\\\/\"},{\"@type\":\"ListItem\",\"position\":2,\"name\":\"Accountancy Services\"}]},{\"@type\":\"WebSite\",\"@id\":\"https:\\\/\\\/www.taxes4u.co.uk\\\/#website\",\"url\":\"https:\\\/\\\/www.taxes4u.co.uk\\\/\",\"name\":\"Taxes4u\",\"description\":\"Tax Returns, Payroll, Bookkeeping\",\"publisher\":{\"@id\":\"https:\\\/\\\/www.taxes4u.co.uk\\\/#organization\"},\"potentialAction\":[{\"@type\":\"SearchAction\",\"target\":{\"@type\":\"EntryPoint\",\"urlTemplate\":\"https:\\\/\\\/www.taxes4u.co.uk\\\/?s={search_term_string}\"},\"query-input\":{\"@type\":\"PropertyValueSpecification\",\"valueRequired\":true,\"valueName\":\"search_term_string\"}}],\"inLanguage\":\"lt-LT\"},{\"@type\":\"Organization\",\"@id\":\"https:\\\/\\\/www.taxes4u.co.uk\\\/#organization\",\"name\":\"Taxes4u\",\"url\":\"https:\\\/\\\/www.taxes4u.co.uk\\\/\",\"logo\":{\"@type\":\"ImageObject\",\"inLanguage\":\"lt-LT\",\"@id\":\"https:\\\/\\\/www.taxes4u.co.uk\\\/#\\\/schema\\\/logo\\\/image\\\/\",\"url\":\"https:\\\/\\\/www.taxes4u.co.uk\\\/wp-content\\\/uploads\\\/2020\\\/06\\\/cropped-3001_Taxes4u_RB_GR-02.png\",\"contentUrl\":\"https:\\\/\\\/www.taxes4u.co.uk\\\/wp-content\\\/uploads\\\/2020\\\/06\\\/cropped-3001_Taxes4u_RB_GR-02.png\",\"width\":396,\"height\":82,\"caption\":\"Taxes4u\"},\"image\":{\"@id\":\"https:\\\/\\\/www.taxes4u.co.uk\\\/#\\\/schema\\\/logo\\\/image\\\/\"}}]}<\/script>\n<!-- \/ Yoast SEO plugin. -->","yoast_head_json":{"title":"Buhalterin\u0117s apskaitos paslaugos \u012fmon\u0117ms ir savaranki\u0161kai dirbantiems JK - Taxes4u","description":"Apskaitos paslaugos: Mokes\u010di\u0173 deklaracijos ir mokes\u010di\u0173 susigr\u0105\u017einimas, sav\u0119s vertinimas, UTR ir CIS registracija, darbo u\u017emokestis, apeliacijos d\u0117l baud\u0173, CIS ir PVM deklaracijos","robots":{"index":"index","follow":"follow","max-snippet":"max-snippet:-1","max-image-preview":"max-image-preview:large","max-video-preview":"max-video-preview:-1"},"canonical":"https:\/\/www.taxes4u.co.uk\/lt\/services\/","og_locale":"lt_LT","og_type":"article","og_title":"Accountancy Services for Companies and Self Employed in UK - Taxes4u","og_description":"Accountancy services: Tax Returns and Tax Refund, Self Assessment, UTR and CIS Registrations, Payroll, Penalty Appeals, CIS and VAT Returns","og_url":"https:\/\/www.taxes4u.co.uk\/lt\/services\/","og_site_name":"Taxes4u","article_modified_time":"2023-03-11T12:56:53+00:00","og_image":[{"url":"http:\/\/www.taxes4u.co.uk\/wp-content\/uploads\/2019\/06\/feature2-free-img-1.png","type":"","width":"","height":""}],"twitter_card":"summary_large_image","twitter_misc":{"Est. reading time":"4 minut\u0117s"},"schema":{"@context":"https:\/\/schema.org","@graph":[{"@type":"WebPage","@id":"https:\/\/www.taxes4u.co.uk\/services","url":"https:\/\/www.taxes4u.co.uk\/services","name":"Buhalterin\u0117s apskaitos paslaugos \u012fmon\u0117ms ir savaranki\u0161kai dirbantiems JK - Taxes4u","isPartOf":{"@id":"https:\/\/www.taxes4u.co.uk\/#website"},"primaryImageOfPage":{"@id":"https:\/\/www.taxes4u.co.uk\/services#primaryimage"},"image":{"@id":"https:\/\/www.taxes4u.co.uk\/services#primaryimage"},"thumbnailUrl":"http:\/\/www.taxes4u.co.uk\/wp-content\/uploads\/2019\/06\/feature2-free-img-1.png","datePublished":"2018-08-27T12:16:33+00:00","dateModified":"2023-03-11T12:56:53+00:00","description":"Apskaitos paslaugos: Mokes\u010di\u0173 deklaracijos ir mokes\u010di\u0173 susigr\u0105\u017einimas, sav\u0119s vertinimas, UTR ir CIS registracija, darbo u\u017emokestis, apeliacijos d\u0117l baud\u0173, CIS ir PVM deklaracijos","breadcrumb":{"@id":"https:\/\/www.taxes4u.co.uk\/services#breadcrumb"},"inLanguage":"lt-LT","potentialAction":[{"@type":"ReadAction","target":["https:\/\/www.taxes4u.co.uk\/services"]}]},{"@type":"ImageObject","inLanguage":"lt-LT","@id":"https:\/\/www.taxes4u.co.uk\/services#primaryimage","url":"http:\/\/www.taxes4u.co.uk\/wp-content\/uploads\/2019\/06\/feature2-free-img-1.png","contentUrl":"http:\/\/www.taxes4u.co.uk\/wp-content\/uploads\/2019\/06\/feature2-free-img-1.png"},{"@type":"BreadcrumbList","@id":"https:\/\/www.taxes4u.co.uk\/services#breadcrumb","itemListElement":[{"@type":"ListItem","position":1,"name":"Home","item":"https:\/\/www.taxes4u.co.uk\/"},{"@type":"ListItem","position":2,"name":"Accountancy Services"}]},{"@type":"WebSite","@id":"https:\/\/www.taxes4u.co.uk\/#website","url":"https:\/\/www.taxes4u.co.uk\/","name":"Taxes4u","description":"Mokes\u010di\u0173 deklaracijos, darbo u\u017emokestis, buhalterin\u0117 apskaita","publisher":{"@id":"https:\/\/www.taxes4u.co.uk\/#organization"},"potentialAction":[{"@type":"SearchAction","target":{"@type":"EntryPoint","urlTemplate":"https:\/\/www.taxes4u.co.uk\/?s={search_term_string}"},"query-input":{"@type":"PropertyValueSpecification","valueRequired":true,"valueName":"search_term_string"}}],"inLanguage":"lt-LT"},{"@type":"Organization","@id":"https:\/\/www.taxes4u.co.uk\/#organization","name":"Taxes4u","url":"https:\/\/www.taxes4u.co.uk\/","logo":{"@type":"ImageObject","inLanguage":"lt-LT","@id":"https:\/\/www.taxes4u.co.uk\/#\/schema\/logo\/image\/","url":"https:\/\/www.taxes4u.co.uk\/wp-content\/uploads\/2020\/06\/cropped-3001_Taxes4u_RB_GR-02.png","contentUrl":"https:\/\/www.taxes4u.co.uk\/wp-content\/uploads\/2020\/06\/cropped-3001_Taxes4u_RB_GR-02.png","width":396,"height":82,"caption":"Taxes4u"},"image":{"@id":"https:\/\/www.taxes4u.co.uk\/#\/schema\/logo\/image\/"}}]}},"uagb_featured_image_src":{"full":false,"thumbnail":false,"medium":false,"medium_large":false,"large":false,"1536x1536":false,"2048x2048":false,"trp-custom-language-flag":false},"uagb_author_info":{"display_name":"Malaicik","author_link":"https:\/\/www.taxes4u.co.uk\/lt\/author\/malaicik"},"uagb_comment_info":0,"uagb_excerpt":"Services What We Do Tax Return &amp; Refund What we offer We will calculate your Tax Return and advise on what expenses and allowances can be claimed so you will not overpay your Income Tax anymore!&nbsp;If you have overpaid your Income Tax in the last 4 financial years we can help you to get a&hellip;","_links":{"self":[{"href":"https:\/\/www.taxes4u.co.uk\/lt\/wp-json\/wp\/v2\/pages\/128","targetHints":{"allow":["GET"]}}],"collection":[{"href":"https:\/\/www.taxes4u.co.uk\/lt\/wp-json\/wp\/v2\/pages"}],"about":[{"href":"https:\/\/www.taxes4u.co.uk\/lt\/wp-json\/wp\/v2\/types\/page"}],"author":[{"embeddable":true,"href":"https:\/\/www.taxes4u.co.uk\/lt\/wp-json\/wp\/v2\/users\/1"}],"replies":[{"embeddable":true,"href":"https:\/\/www.taxes4u.co.uk\/lt\/wp-json\/wp\/v2\/comments?post=128"}],"version-history":[{"count":26,"href":"https:\/\/www.taxes4u.co.uk\/lt\/wp-json\/wp\/v2\/pages\/128\/revisions"}],"predecessor-version":[{"id":1721,"href":"https:\/\/www.taxes4u.co.uk\/lt\/wp-json\/wp\/v2\/pages\/128\/revisions\/1721"}],"wp:attachment":[{"href":"https:\/\/www.taxes4u.co.uk\/lt\/wp-json\/wp\/v2\/media?parent=128"}],"curies":[{"name":"wp","href":"https:\/\/api.w.org\/{rel}","templated":true}]}}