{"id":1657,"date":"2023-03-06T20:00:29","date_gmt":"2023-03-06T20:00:29","guid":{"rendered":"http:\/\/www.taxes4u.co.uk\/?page_id=1657"},"modified":"2026-04-12T09:26:51","modified_gmt":"2026-04-12T09:26:51","slug":"blog","status":"publish","type":"page","link":"https:\/\/www.taxes4u.co.uk\/lt\/blog","title":{"rendered":"Tinklara\u0161tis"},"content":{"rendered":"<h5>\n\t\t\t\tTaxes4u\n\t\t\t<\/h5>\n\t<h1>\n\t\t\t\t<a href=\"http:\/\/www.taxes4u.co.uk\/lt\/blog\/\" title=\"Tinklara\u0161tis\" target=\"_self\">\n\t\t\t\tTinklara\u0161tis\n\t\t\t\t<\/a>\n\t\t\t<\/h1>\n\t\t\t\t<img decoding=\"async\" src=\"http:\/\/www.taxes4u.co.uk\/wp-content\/uploads\/2019\/06\/feature1-free-img-1.png\" alt=\"Taxes4u. Mokes\u010di\u0173 deklaravimas, mokes\u010di\u0173 gr\u0105\u017einimas, darbo u\u017emokes\u010dio apskaita ir buhalterija\" title=\"Taxes4u. Mokes\u010di\u0173 deklaravimas, mokes\u010di\u0173 gr\u0105\u017einimas, darbo u\u017emokes\u010dio apskaita ir buhalterija\" itemprop=\"image\"\/>\n\t<h2>\n\t\t\t\tTaxes4u Tinklara\u0161tis\n\t\t\t<\/h2>\n\t<h2>\n\t\t\t\tEsame \u010dia, kad jums pad\u0117tume\n\t\t\t<\/h2>\n\t\t\t<p>Sveiki atvyk\u0119 \u012f \"Taxes4u\" tinklara\u0161\u010dio puslap\u012f, kuriame pateikiame verting\u0173 \u012f\u017evalg\u0173 ir patarim\u0173 apie visus mokes\u010di\u0173 gr\u0105\u017einimo ir gr\u0105\u017einimo aspektus, UTR registracij\u0105, CIS registracij\u0105, baudas ir apeliacijas d\u0117l pav\u0117luotai pateikt\u0173 mokes\u010di\u0173 deklaracij\u0173. M\u016bs\u0173 buhalteri\u0173 ir mokes\u010di\u0173 specialist\u0173 komanda supranta Jungtin\u0117s Karalyst\u0117s mokes\u010di\u0173 sistemos sud\u0117tingum\u0105 ir niuansus, tod\u0117l esame pasiry\u017e\u0119 pad\u0117ti fiziniams ir juridiniams asmenims lengvai joje orientuotis. Nesvarbu, ar esate pirm\u0105 kart\u0105 mokes\u010di\u0173 mok\u0117tojas, ar patyr\u0119s verslo savininkas, m\u016bs\u0173 tinklara\u0161tyje rasite prakti\u0161k\u0173 ir prakti\u0161kai pritaikom\u0173 patarim\u0173, pad\u0117sian\u010di\u0173 laikytis reikalavim\u0173 ir maksimaliai padidinti mokes\u010di\u0173 efektyvum\u0105. Prisijunkite prie m\u016bs\u0173, nes dalijam\u0117s savo patirtimi ir padedame siekti finansini\u0173 tiksl\u0173.<\/p>\t\n\t<h2>\n\t\t\t\tM\u016bs\u0173 su apskaita susij\u0119 tinklara\u0161\u010dio \u012fra\u0161ai\n\t\t\t<\/h2>\n\t\t\t<ul><li><a href=\"https:\/\/www.taxes4u.co.uk\/lt\/blog-self-assessment-tax-return-uk-2025-2026\/\">Did\u017eiosios Britanijos savaranki\u0161ko pajam\u0173 mokes\u010dio deklaracija 2025\/26 m.: k\u0105 reikia \u017einoti ir kaip pateikti<\/a><\/li><li><a href=\"https:\/\/www.taxes4u.co.uk\/lt\/blog-mtd-late-quarterly-submission-penalty-uk\/\">MTD v\u0117luojan\u010dio prane\u0161imo bauda: praleidote ketvirtin\u012f atnaujinim\u0105?<\/a><\/li><li><a href=\"https:\/\/www.taxes4u.co.uk\/lt\/blog-making-tax-digital-for-income-tax-guide\/\" target=\"_blank\" rel=\"noopener\">Skaitmeninis pajam\u0173 mokes\u010dio k\u016brimas (MTD for ITSA): paprastas vadovas savaranki\u0161kai dirbantiems asmenims ir nuomotojams<\/a><\/li><li><a href=\"https:\/\/www.taxes4u.co.uk\/lt\/blog-self-employed-here-is-what-you-can-deduct-in-2025\/\">Savaranki\u0161kai dirbate? \u0160tai k\u0105 galite atskaityti 2025 m.<\/a><\/li><li><a href=\"https:\/\/www.taxes4u.co.uk\/lt\/blog-making-tax-digital-for-income-tax-mtd-for-itsa-what-it-means-and-how-we-can-help-you-stay-compliant\/\">Pajam\u0173 mokes\u010dio skaitmenizavimas (angl. \u201eMaking Tax Digital\u201c) (MTD for ITSA): K\u0105 tai rei\u0161kia ir kaip galime pad\u0117ti jums atitikti reikalavimus?<\/a><\/li><li><a href=\"https:\/\/www.taxes4u.co.uk\/lt\/blog-the-early-birds-guide-to-maximising-your-uk-tax-return-for-2024-2025\/\">\"Ankstyvojo pauk\u0161\u010dio vadovas, kaip maksimaliai padidinti savo JK mokes\u010di\u0173 deklaracij\u0105 2024\/2025 m.<\/a><\/li><li><a href=\"http:\/\/www.taxes4u.co.uk\/lt\/blog-timelines-guidelines-and-recommendations-for-the-uk-tax-return-submission\/\">JK mokes\u010di\u0173 deklaracij\u0173 pateikimo terminai, gair\u0117s ir rekomendacijos<\/a><\/li><li><a href=\"http:\/\/www.taxes4u.co.uk\/lt\/blog-late-tax-return-penalties-and-appeals\/\">Mokes\u010di\u0173 deklaracij\u0173 pav\u0117luoto pateikimo baudos ir apeliaciniai skundai - kas tai yra ir kaip su tuo kovoti?<\/a><\/li><li><a href=\"http:\/\/www.taxes4u.co.uk\/lt\/blog-how-to-register-as-self-employed-in-the-uk-a-step-by-step-guide\/\">Kaip u\u017esiregistruoti kaip savaranki\u0161kai dirbantis asmuo JK: \u017dingsnis po \u017eingsnio vadovas<\/a><\/li><li><a href=\"https:\/\/www.taxes4u.co.uk\/lt\/blog-ultimate-guide-to-self-employed-mortgages-in-the-uk-navigating-tax-returns-sa302-and-more\/\">Galutinis savaranki\u0161kai dirban\u010di\u0173 asmen\u0173 hipotekos Jungtin\u0117je Karalyst\u0117je vadovas: Knyga: Mokes\u010di\u0173 deklaracijos, SA302 ir kt.<\/a><\/li><li><a href=\"http:\/\/www.taxes4u.co.uk\/lt\/blog-cis-registration-uk-everything-you-need-to-know-about\/\">CIS registracija JK: Viskas, k\u0105 reikia \u017einoti apie<\/a><\/li><li><a href=\"http:\/\/www.taxes4u.co.uk\/lt\/blog-utr-registration-and-cancellation-what-you-need-to-know\/\">UTR registracija ir at\u0161aukimas: k\u0105 reikia \u017einoti<\/a><\/li><li><a href=\"https:\/\/www.taxes4u.co.uk\/lt\/blog-how-much-can-i-earn-before-paying-tax-in-the-uk-tax-thresholds-explained\/\">Kiek galiu u\u017edirbti prie\u0161 mok\u0117damas mokes\u010dius 2023\/2024 m. Anglijoje?<\/a><\/li><\/ul>\t\n\t\t\t\t<img decoding=\"async\" src=\"http:\/\/www.taxes4u.co.uk\/wp-content\/uploads\/2019\/06\/feature3-free-img-1.png\" alt=\"Mokes\u010di\u0173 deklaravimas, mokes\u010di\u0173 gr\u0105\u017einimas ir hipotekos brokeri\u0173 paslaugos Lietuvoje | Taxes4u\" title=\"Mokes\u010di\u0173 gr\u0105\u017einimas Mokes\u010di\u0173 gr\u0105\u017einimas ir hipotekos brokeris\" itemprop=\"image\"\/>\n\t\t\t\t<img decoding=\"async\" src=\"http:\/\/www.taxes4u.co.uk\/wp-content\/uploads\/2019\/06\/feature2-free-img-1.png\" alt=\"Mokes\u010di\u0173 deklaravimas, mokes\u010di\u0173 gr\u0105\u017einimas ir hipotekos brokeri\u0173 paslaugos Lietuvoje | Taxes4u\" title=\"Taxes4u. Mokes\u010di\u0173 gr\u0105\u017einimas Mokes\u010di\u0173 gr\u0105\u017einimas ir hipotekos brokeris\" itemprop=\"image\"\/>\n\t<h2>\n\t\t\t\tM\u016bs\u0173 su hipoteka (Mortgage) susij\u0119 tinklara\u0161\u010dio \u012fra\u0161ai\n\t\t\t<\/h2>\n\t\t\t<ul><li><a href=\"http:\/\/www.taxes4u.co.uk\/lt\/blog-mortgage-brokers-who-are-they-and-what-services-do-they-offer\/\">Hipotekos brokeriai JK: kas jie ir kokias paslaugas teikia?<\/a><\/li><li><a href=\"http:\/\/www.taxes4u.co.uk\/lt\/blog-interest-only-vs-repayment-uk-mortgages-understanding-the-differences-for-uk-homebuyers\/\">Tik pal\u016bkan\u0173 ir gr\u0105\u017einimo hipoteka: Suprasti skirtumus JK b\u016bsto pirk\u0117jams<\/a><\/li><li><a href=\"http:\/\/www.taxes4u.co.uk\/lt\/blog-how-much-mortgage-can-i-borrow\/\">Kokio dyd\u017eio hipotekos (Mortgage) paskol\u0105 galiu pasiskolinti?<\/a><\/li><li><a href=\"https:\/\/www.taxes4u.co.uk\/lt\/blog-uk-buy-to-let-mortgage-rates-types-a-comprehensive-guide\/\">JK nuomojamo NT hipoteka: pal\u016bkanos, tipai | Taxes4u<\/a><\/li><li><a href=\"https:\/\/www.taxes4u.co.uk\/lt\/blog-ultimate-guide-to-self-employed-mortgages-in-the-uk-navigating-tax-returns-sa302-and-more\/\">Galutinis savaranki\u0161kai dirban\u010di\u0173 asmen\u0173 hipotekos Jungtin\u0117je Karalyst\u0117je vadovas: Knyga: Mokes\u010di\u0173 deklaracijos, SA302 ir kt.<\/a><\/li><\/ul>\t\n\t<h5>\n\t\t\t\tNemokamas paslaug\u0173 \u012fvertinimas\n\t\t\t<\/h5>\n\t<h2>\n\t\t\t\tKainos u\u017eklausimas\n\t\t\t<\/h2>\n\t\t\t<p>Norite aptarti buhalterin\u0117s apskaitos paslaugas jums ir j\u016bs\u0173 verslui? Susisiekite ir gaukite nemokam\u0105 ne\u012fpareigojant\u012f pasi\u016blym\u0105.<\/p>\t\n\t\t\t<a href=\"http:\/\/www.taxes4u.co.uk\/lt\/contact\/\" title=\"Gaukite pasi\u016blym\u0105\" target=\"_self\"   role=\"button\" aria-label=\"Gaukite pasi\u016blym\u0105\">\n\t\t\t\t\t\t\tGaukite pasi\u016blym\u0105\n\t\t<\/a>","protected":false},"excerpt":{"rendered":"<p>Taxes4u Blog Taxes4u Blog We are here to help you Welcome to our Taxes4u blog page, where we provide valuable insights and tips on all aspects of tax return and refund, UTR registration, CIS registration, penalties, and appeals for late tax return submissions. Our team of expert accountants and tax professionals understand the complexities and [&hellip;]<\/p>\n","protected":false},"author":1,"featured_media":0,"parent":0,"menu_order":0,"comment_status":"closed","ping_status":"closed","template":"","meta":{"_uag_custom_page_level_css":"","site-sidebar-layout":"default","site-content-layout":"page-builder","ast-site-content-layout":"default","site-content-style":"default","site-sidebar-style":"default","ast-global-header-display":"","ast-banner-title-visibility":"","ast-main-header-display":"","ast-hfb-above-header-display":"","ast-hfb-below-header-display":"","ast-hfb-mobile-header-display":"","site-post-title":"disabled","ast-breadcrumbs-content":"","ast-featured-img":"disabled","footer-sml-layout":"","ast-disable-related-posts":"","theme-transparent-header-meta":"enabled","adv-header-id-meta":"","stick-header-meta":"default","header-above-stick-meta":"","header-main-stick-meta":"","header-below-stick-meta":"","astra-migrate-meta-layouts":"default","ast-page-background-enabled":"default","ast-page-background-meta":{"desktop":{"background-color":"","background-image":"","background-repeat":"repeat","background-position":"center center","background-size":"auto","background-attachment":"scroll","background-type":"","background-media":"","overlay-type":"","overlay-color":"","overlay-opacity":"","overlay-gradient":""},"tablet":{"background-color":"","background-image":"","background-repeat":"repeat","background-position":"center center","background-size":"auto","background-attachment":"scroll","background-type":"","background-media":"","overlay-type":"","overlay-color":"","overlay-opacity":"","overlay-gradient":""},"mobile":{"background-color":"","background-image":"","background-repeat":"repeat","background-position":"center center","background-size":"auto","background-attachment":"scroll","background-type":"","background-media":"","overlay-type":"","overlay-color":"","overlay-opacity":"","overlay-gradient":""}},"ast-content-background-meta":{"desktop":{"background-color":"var(--ast-global-color-5)","background-image":"","background-repeat":"repeat","background-position":"center center","background-size":"auto","background-attachment":"scroll","background-type":"","background-media":"","overlay-type":"","overlay-color":"","overlay-opacity":"","overlay-gradient":""},"tablet":{"background-color":"var(--ast-global-color-5)","background-image":"","background-repeat":"repeat","background-position":"center center","background-size":"auto","background-attachment":"scroll","background-type":"","background-media":"","overlay-type":"","overlay-color":"","overlay-opacity":"","overlay-gradient":""},"mobile":{"background-color":"var(--ast-global-color-5)","background-image":"","background-repeat":"repeat","background-position":"center center","background-size":"auto","background-attachment":"scroll","background-type":"","background-media":"","overlay-type":"","overlay-color":"","overlay-opacity":"","overlay-gradient":""}},"footnotes":""},"class_list":["post-1657","page","type-page","status-publish","hentry"],"yoast_head":"<!-- This site is optimized with the Yoast SEO plugin v27.4 - https:\/\/yoast.com\/product\/yoast-seo-wordpress\/ -->\n<title>Expert Tips for UK Tax Return Submission | Taxes4u Blog<\/title>\n<meta name=\"description\" content=\"Expert tips on UK tax returns submissions, UTR and CSS registrations Stay compliant &amp; efficient with Taxes4u blog.\" \/>\n<meta name=\"robots\" content=\"index, follow, max-snippet:-1, max-image-preview:large, max-video-preview:-1\" \/>\n<link rel=\"canonical\" href=\"https:\/\/www.taxes4u.co.uk\/lt\/blog\/\" \/>\n<meta property=\"og:locale\" content=\"lt_LT\" \/>\n<meta property=\"og:type\" content=\"article\" \/>\n<meta property=\"og:title\" content=\"Expert Tips for UK Tax Return Submission | Taxes4u Blog\" \/>\n<meta property=\"og:description\" content=\"Expert tips on UK tax returns submissions, UTR and CSS registrations Stay compliant &amp; efficient with Taxes4u blog.\" \/>\n<meta property=\"og:url\" content=\"https:\/\/www.taxes4u.co.uk\/lt\/blog\/\" \/>\n<meta property=\"og:site_name\" content=\"Taxes4u\" \/>\n<meta property=\"article:modified_time\" content=\"2026-04-12T09:26:51+00:00\" \/>\n<meta property=\"og:image\" content=\"http:\/\/www.taxes4u.co.uk\/wp-content\/uploads\/2019\/06\/feature1-free-img-1.png\" \/>\n<meta name=\"twitter:card\" content=\"summary_large_image\" \/>\n<meta name=\"twitter:label1\" content=\"Est. reading time\" \/>\n\t<meta name=\"twitter:data1\" content=\"4 minut\u0117s\" \/>\n<script type=\"application\/ld+json\" class=\"yoast-schema-graph\">{\"@context\":\"https:\\\/\\\/schema.org\",\"@graph\":[{\"@type\":\"WebPage\",\"@id\":\"https:\\\/\\\/www.taxes4u.co.uk\\\/blog\",\"url\":\"https:\\\/\\\/www.taxes4u.co.uk\\\/blog\",\"name\":\"Expert Tips for UK Tax Return Submission | Taxes4u Blog\",\"isPartOf\":{\"@id\":\"https:\\\/\\\/www.taxes4u.co.uk\\\/#website\"},\"primaryImageOfPage\":{\"@id\":\"https:\\\/\\\/www.taxes4u.co.uk\\\/blog#primaryimage\"},\"image\":{\"@id\":\"https:\\\/\\\/www.taxes4u.co.uk\\\/blog#primaryimage\"},\"thumbnailUrl\":\"http:\\\/\\\/www.taxes4u.co.uk\\\/wp-content\\\/uploads\\\/2019\\\/06\\\/feature1-free-img-1.png\",\"datePublished\":\"2023-03-06T20:00:29+00:00\",\"dateModified\":\"2026-04-12T09:26:51+00:00\",\"description\":\"Expert tips on UK tax returns submissions, UTR and CSS registrations Stay compliant & efficient with Taxes4u blog.\",\"breadcrumb\":{\"@id\":\"https:\\\/\\\/www.taxes4u.co.uk\\\/blog#breadcrumb\"},\"inLanguage\":\"lt-LT\",\"potentialAction\":[{\"@type\":\"ReadAction\",\"target\":[\"https:\\\/\\\/www.taxes4u.co.uk\\\/blog\"]}]},{\"@type\":\"ImageObject\",\"inLanguage\":\"lt-LT\",\"@id\":\"https:\\\/\\\/www.taxes4u.co.uk\\\/blog#primaryimage\",\"url\":\"http:\\\/\\\/www.taxes4u.co.uk\\\/wp-content\\\/uploads\\\/2019\\\/06\\\/feature1-free-img-1.png\",\"contentUrl\":\"http:\\\/\\\/www.taxes4u.co.uk\\\/wp-content\\\/uploads\\\/2019\\\/06\\\/feature1-free-img-1.png\"},{\"@type\":\"BreadcrumbList\",\"@id\":\"https:\\\/\\\/www.taxes4u.co.uk\\\/blog#breadcrumb\",\"itemListElement\":[{\"@type\":\"ListItem\",\"position\":1,\"name\":\"Home\",\"item\":\"https:\\\/\\\/www.taxes4u.co.uk\\\/\"},{\"@type\":\"ListItem\",\"position\":2,\"name\":\"Blog\"}]},{\"@type\":\"WebSite\",\"@id\":\"https:\\\/\\\/www.taxes4u.co.uk\\\/#website\",\"url\":\"https:\\\/\\\/www.taxes4u.co.uk\\\/\",\"name\":\"Taxes4u\",\"description\":\"Tax Returns, Payroll, Bookkeeping\",\"publisher\":{\"@id\":\"https:\\\/\\\/www.taxes4u.co.uk\\\/#organization\"},\"potentialAction\":[{\"@type\":\"SearchAction\",\"target\":{\"@type\":\"EntryPoint\",\"urlTemplate\":\"https:\\\/\\\/www.taxes4u.co.uk\\\/?s={search_term_string}\"},\"query-input\":{\"@type\":\"PropertyValueSpecification\",\"valueRequired\":true,\"valueName\":\"search_term_string\"}}],\"inLanguage\":\"lt-LT\"},{\"@type\":\"Organization\",\"@id\":\"https:\\\/\\\/www.taxes4u.co.uk\\\/#organization\",\"name\":\"Taxes4u\",\"url\":\"https:\\\/\\\/www.taxes4u.co.uk\\\/\",\"logo\":{\"@type\":\"ImageObject\",\"inLanguage\":\"lt-LT\",\"@id\":\"https:\\\/\\\/www.taxes4u.co.uk\\\/#\\\/schema\\\/logo\\\/image\\\/\",\"url\":\"https:\\\/\\\/www.taxes4u.co.uk\\\/wp-content\\\/uploads\\\/2020\\\/06\\\/cropped-3001_Taxes4u_RB_GR-02.png\",\"contentUrl\":\"https:\\\/\\\/www.taxes4u.co.uk\\\/wp-content\\\/uploads\\\/2020\\\/06\\\/cropped-3001_Taxes4u_RB_GR-02.png\",\"width\":396,\"height\":82,\"caption\":\"Taxes4u\"},\"image\":{\"@id\":\"https:\\\/\\\/www.taxes4u.co.uk\\\/#\\\/schema\\\/logo\\\/image\\\/\"}}]}<\/script>\n<!-- \/ Yoast SEO plugin. -->","yoast_head_json":{"title":"Ekspert\u0173 patarimai, kaip pateikti JK mokes\u010di\u0173 deklaracijas","description":"Ekspert\u0173 patarimai apie JK mokes\u010di\u0173 deklaracij\u0173 teikim\u0105, UTR ir CSS registracij\u0105 Laikykit\u0117s reikalavim\u0173 ir dirbkite efektyviai su \"Taxes4u\" tinklara\u0161\u010diu.","robots":{"index":"index","follow":"follow","max-snippet":"max-snippet:-1","max-image-preview":"max-image-preview:large","max-video-preview":"max-video-preview:-1"},"canonical":"https:\/\/www.taxes4u.co.uk\/lt\/blog\/","og_locale":"lt_LT","og_type":"article","og_title":"Expert Tips for UK Tax Return Submission | Taxes4u Blog","og_description":"Expert tips on UK tax returns submissions, UTR and CSS registrations Stay compliant & efficient with Taxes4u blog.","og_url":"https:\/\/www.taxes4u.co.uk\/lt\/blog\/","og_site_name":"Taxes4u","article_modified_time":"2026-04-12T09:26:51+00:00","og_image":[{"url":"http:\/\/www.taxes4u.co.uk\/wp-content\/uploads\/2019\/06\/feature1-free-img-1.png","type":"","width":"","height":""}],"twitter_card":"summary_large_image","twitter_misc":{"Est. reading time":"4 minut\u0117s"},"schema":{"@context":"https:\/\/schema.org","@graph":[{"@type":"WebPage","@id":"https:\/\/www.taxes4u.co.uk\/blog","url":"https:\/\/www.taxes4u.co.uk\/blog","name":"Ekspert\u0173 patarimai, kaip pateikti JK mokes\u010di\u0173 deklaracijas","isPartOf":{"@id":"https:\/\/www.taxes4u.co.uk\/#website"},"primaryImageOfPage":{"@id":"https:\/\/www.taxes4u.co.uk\/blog#primaryimage"},"image":{"@id":"https:\/\/www.taxes4u.co.uk\/blog#primaryimage"},"thumbnailUrl":"http:\/\/www.taxes4u.co.uk\/wp-content\/uploads\/2019\/06\/feature1-free-img-1.png","datePublished":"2023-03-06T20:00:29+00:00","dateModified":"2026-04-12T09:26:51+00:00","description":"Ekspert\u0173 patarimai apie JK mokes\u010di\u0173 deklaracij\u0173 teikim\u0105, UTR ir CSS registracij\u0105 Laikykit\u0117s reikalavim\u0173 ir dirbkite efektyviai su \"Taxes4u\" tinklara\u0161\u010diu.","breadcrumb":{"@id":"https:\/\/www.taxes4u.co.uk\/blog#breadcrumb"},"inLanguage":"lt-LT","potentialAction":[{"@type":"ReadAction","target":["https:\/\/www.taxes4u.co.uk\/blog"]}]},{"@type":"ImageObject","inLanguage":"lt-LT","@id":"https:\/\/www.taxes4u.co.uk\/blog#primaryimage","url":"http:\/\/www.taxes4u.co.uk\/wp-content\/uploads\/2019\/06\/feature1-free-img-1.png","contentUrl":"http:\/\/www.taxes4u.co.uk\/wp-content\/uploads\/2019\/06\/feature1-free-img-1.png"},{"@type":"BreadcrumbList","@id":"https:\/\/www.taxes4u.co.uk\/blog#breadcrumb","itemListElement":[{"@type":"ListItem","position":1,"name":"Home","item":"https:\/\/www.taxes4u.co.uk\/"},{"@type":"ListItem","position":2,"name":"Blog"}]},{"@type":"WebSite","@id":"https:\/\/www.taxes4u.co.uk\/#website","url":"https:\/\/www.taxes4u.co.uk\/","name":"Taxes4u","description":"Mokes\u010di\u0173 deklaracijos, darbo u\u017emokestis, buhalterin\u0117 apskaita","publisher":{"@id":"https:\/\/www.taxes4u.co.uk\/#organization"},"potentialAction":[{"@type":"SearchAction","target":{"@type":"EntryPoint","urlTemplate":"https:\/\/www.taxes4u.co.uk\/?s={search_term_string}"},"query-input":{"@type":"PropertyValueSpecification","valueRequired":true,"valueName":"search_term_string"}}],"inLanguage":"lt-LT"},{"@type":"Organization","@id":"https:\/\/www.taxes4u.co.uk\/#organization","name":"Taxes4u","url":"https:\/\/www.taxes4u.co.uk\/","logo":{"@type":"ImageObject","inLanguage":"lt-LT","@id":"https:\/\/www.taxes4u.co.uk\/#\/schema\/logo\/image\/","url":"https:\/\/www.taxes4u.co.uk\/wp-content\/uploads\/2020\/06\/cropped-3001_Taxes4u_RB_GR-02.png","contentUrl":"https:\/\/www.taxes4u.co.uk\/wp-content\/uploads\/2020\/06\/cropped-3001_Taxes4u_RB_GR-02.png","width":396,"height":82,"caption":"Taxes4u"},"image":{"@id":"https:\/\/www.taxes4u.co.uk\/#\/schema\/logo\/image\/"}}]}},"uagb_featured_image_src":{"full":false,"thumbnail":false,"medium":false,"medium_large":false,"large":false,"1536x1536":false,"2048x2048":false,"trp-custom-language-flag":false},"uagb_author_info":{"display_name":"Malaicik","author_link":"https:\/\/www.taxes4u.co.uk\/lt\/author\/malaicik"},"uagb_comment_info":0,"uagb_excerpt":"Taxes4u Blog Taxes4u Blog We are here to help you Welcome to our Taxes4u blog page, where we provide valuable insights and tips on all aspects of tax return and refund, UTR registration, CIS registration, penalties, and appeals for late tax return submissions. Our team of expert accountants and tax professionals understand the complexities and&hellip;","_links":{"self":[{"href":"https:\/\/www.taxes4u.co.uk\/lt\/wp-json\/wp\/v2\/pages\/1657","targetHints":{"allow":["GET"]}}],"collection":[{"href":"https:\/\/www.taxes4u.co.uk\/lt\/wp-json\/wp\/v2\/pages"}],"about":[{"href":"https:\/\/www.taxes4u.co.uk\/lt\/wp-json\/wp\/v2\/types\/page"}],"author":[{"embeddable":true,"href":"https:\/\/www.taxes4u.co.uk\/lt\/wp-json\/wp\/v2\/users\/1"}],"replies":[{"embeddable":true,"href":"https:\/\/www.taxes4u.co.uk\/lt\/wp-json\/wp\/v2\/comments?post=1657"}],"version-history":[{"count":12,"href":"https:\/\/www.taxes4u.co.uk\/lt\/wp-json\/wp\/v2\/pages\/1657\/revisions"}],"predecessor-version":[{"id":2216,"href":"https:\/\/www.taxes4u.co.uk\/lt\/wp-json\/wp\/v2\/pages\/1657\/revisions\/2216"}],"wp:attachment":[{"href":"https:\/\/www.taxes4u.co.uk\/lt\/wp-json\/wp\/v2\/media?parent=1657"}],"curies":[{"name":"wp","href":"https:\/\/api.w.org\/{rel}","templated":true}]}}