{"id":1681,"date":"2023-03-08T20:19:54","date_gmt":"2023-03-08T20:19:54","guid":{"rendered":"http:\/\/www.taxes4u.co.uk\/?page_id=1681"},"modified":"2026-04-12T09:31:55","modified_gmt":"2026-04-12T09:31:55","slug":"blog-how-to-register-as-self-employed-in-the-uk-a-step-by-step-guide","status":"publish","type":"page","link":"https:\/\/www.taxes4u.co.uk\/lt\/blog-how-to-register-as-self-employed-in-the-uk-a-step-by-step-guide","title":{"rendered":"Kaip u\u017esiregistruoti kaip savaranki\u0161kai dirbantis asmuo JK: \u017dingsnis po \u017eingsnio vadovas"},"content":{"rendered":"<h5>\n\t\t\t\tTinklara\u0161tis\n\t\t\t<\/h5>\n\t<h1>\n\t\t\t\tKaip u\u017esiregistruoti kaip savaranki\u0161kai dirbantis asmuo JK: \u017dingsnis po \u017eingsnio vadovas\n\t\t\t<\/h1>\n\t\t\t\t<img decoding=\"async\" src=\"http:\/\/www.taxes4u.co.uk\/wp-content\/uploads\/2019\/06\/feature1-free-img-1.png\" alt=\"Taxes4u. Mokes\u010di\u0173 deklaravimas, mokes\u010di\u0173 gr\u0105\u017einimas, darbo u\u017emokes\u010dio apskaita ir buhalterija\" title=\"Taxes4u. Mokes\u010di\u0173 deklaravimas, mokes\u010di\u0173 gr\u0105\u017einimas, darbo u\u017emokes\u010dio apskaita ir buhalterija\" itemprop=\"image\"\/>\n\t<h2>\n\t\t\t\tViskas, k\u0105 reikia \u017einoti apie: Kaip u\u017esiregistruoti kaip savaranki\u0161kai dirbantis asmuo Jungtin\u0117je Karalyst\u0117je\n\t\t\t<\/h2>\n\t<h2>\n\t\t\t\t\u017dingsnis po \u017eingsnio vadovas\n\t\t\t<\/h2>\n\t\t\t<p>\u00a0Are you considering starting your own business or working as a freelancer? If so, one of the first things you need to do is register as self-employed with HM Revenue and Customs (HMRC).\u00a0In this guide, we&#8217;ll take you through the process of registering as self-employed in the UK, step by step.\u00a0<strong>1 \u017eingsnis: Nustatykite, ar reikia registruotis<\/strong>\u00a0Before you start the registration process, you need to determine if you need to register as self-employed. You&#8217;ll need to register if you&#8217;re:\u00a0<ul><li>i\u0161 savaranki\u0161ko darbo u\u017edirbantys daugiau nei 1000 svar\u0173 sterling\u0173 per metus.<\/li><li>verslo partneryst\u0117s partneris<\/li><li>paslaug\u0173 teikimas kaip individualiajai \u012fmonei.<\/li><li>pajam\u0173 i\u0161 turto nuomos gavimas<\/li><\/ul>\u00a0If you&#8217;re unsure whether you need to register, check our website or <a href=\"http:\/\/www.taxes4u.co.uk\/lt\/contact\/\">susisiekite su mumis<\/a> daugiau informacijos.\u00a0<strong>2 \u017eingsnis: surinkite reikiam\u0105 informacij\u0105<\/strong>\u00a0To register as self-employed, you&#8217;ll need the following information:\u00a0<ul><li>j\u016bs\u0173 vard\u0105, pavard\u0119 ir adres\u0105.<\/li><li>j\u016bs\u0173 nacionalinio draudimo numer\u012f.<\/li><li>savo \u012fmon\u0117s pavadinim\u0105 ir adres\u0105.<\/li><li>dat\u0105, kada prad\u0117jote versl\u0105.<\/li><li>j\u016bs\u0173 verslo pob\u016bd\u012f.<\/li><li>your business&#8217;s contact details<\/li><\/ul>\u00a0<strong>3 \u017eingsnis: registruokit\u0117s internetu, pa\u0161tu arba telefonu<\/strong>\u00a0The easiest way to register as self-employed is online. You can do this on the HMRC website. Simply follow the instructions and enter the required information. You&#8217;ll receive a Unique Taxpayer Reference (UTR) number by post within 10 working days.\u00a0If you prefer not to register online, you can register by phone or post. You&#8217;ll need to call the HMRC Self-Employment Helpline or complete the CWF1 form and send it to HMRC.\u00a0<strong>4 \u017eingsnis: veskite tikslius \u012fra\u0161us<\/strong>\u00a0Once you&#8217;re registered as self-employed, you&#8217;ll need to keep accurate records of your income and expenses. This will help you fill out your tax return and ensure you&#8217;re paying the correct amount of tax.\u00a0In conclusion, registering as self-employed in the UK is a straightforward process. By following these steps, you&#8217;ll be on your way to running your own business or working as a freelancer.\u00a0If you have any questions or need further assistance, <a href=\"http:\/\/www.taxes4u.co.uk\/lt\/contact\/\">susisiekite su m\u016bs\u0173 ekspert\u0173 komanda<\/a> ir jie mielai pad\u0117s jums u\u017esiregistruoti savaranki\u0161kai dirban\u010diu asmeniu JK.<\/p>\t\n\t<h4>\n\t\t\t\tKiti tinklara\u0161\u010dio \u012fra\u0161ai, kurie jus gali sudominti\n\t\t\t<\/h4>\n\t\t\t<ul><li><a href=\"https:\/\/www.taxes4u.co.uk\/lt\/blog-self-assessment-tax-return-uk-2025-2026\/\">Did\u017eiosios Britanijos savaranki\u0161ko pajam\u0173 mokes\u010dio deklaracija 2025\/26 m.: k\u0105 reikia \u017einoti ir kaip pateikti<\/a><\/li><li><a href=\"https:\/\/www.taxes4u.co.uk\/lt\/blog-mtd-late-quarterly-submission-penalty-uk\/\">MTD v\u0117luojan\u010dio prane\u0161imo bauda: praleidote ketvirtin\u012f atnaujinim\u0105?<\/a><\/li><li><a href=\"https:\/\/www.taxes4u.co.uk\/lt\/blog-making-tax-digital-for-income-tax-guide\/\" target=\"_blank\" rel=\"noopener\">Skaitmeninis pajam\u0173 mokes\u010dio k\u016brimas (MTD for ITSA): paprastas vadovas savaranki\u0161kai dirbantiems asmenims ir nuomotojams<\/a><\/li><li><a href=\"https:\/\/www.taxes4u.co.uk\/lt\/blog-self-employed-here-is-what-you-can-deduct-in-2025\/\">Savaranki\u0161kai dirbate? \u0160tai k\u0105 galite atskaityti 2025 m.<\/a><\/li><li><a href=\"https:\/\/www.taxes4u.co.uk\/lt\/blog-making-tax-digital-for-income-tax-mtd-for-itsa-what-it-means-and-how-we-can-help-you-stay-compliant\/\">Pajam\u0173 mokes\u010dio skaitmenizavimas (angl. \u201eMaking Tax Digital\u201c) (MTD for ITSA): K\u0105 tai rei\u0161kia ir kaip galime pad\u0117ti jums atitikti reikalavimus?<\/a><\/li><li><a href=\"https:\/\/www.taxes4u.co.uk\/lt\/blog-the-early-birds-guide-to-maximising-your-uk-tax-return-for-2024-2025\/\">\"Ankstyvojo pauk\u0161\u010dio vadovas, kaip maksimaliai padidinti savo JK mokes\u010di\u0173 deklaracij\u0105 2024\/2025 m.<\/a><\/li><li><a href=\"http:\/\/www.taxes4u.co.uk\/lt\/blog-timelines-guidelines-and-recommendations-for-the-uk-tax-return-submission\/\">JK mokes\u010di\u0173 deklaracij\u0173 pateikimo terminai, gair\u0117s ir rekomendacijos<\/a><\/li><li><a href=\"http:\/\/www.taxes4u.co.uk\/lt\/blog-late-tax-return-penalties-and-appeals\/\">Mokes\u010di\u0173 deklaracij\u0173 pav\u0117luoto pateikimo baudos ir apeliaciniai skundai - kas tai yra ir kaip su tuo kovoti?<\/a><\/li><li><a href=\"http:\/\/www.taxes4u.co.uk\/lt\/blog-cis-registration-uk-everything-you-need-to-know-about\/\">CIS registracija JK: Viskas, k\u0105 reikia \u017einoti apie<\/a><\/li><li><a href=\"http:\/\/www.taxes4u.co.uk\/lt\/blog-utr-registration-and-cancellation-what-you-need-to-know\/\">UTR registracija ir at\u0161aukimas: k\u0105 reikia \u017einoti<\/a><\/li><li><a href=\"https:\/\/www.taxes4u.co.uk\/lt\/blog-how-much-can-i-earn-before-paying-tax-in-the-uk-tax-thresholds-explained\/\">Kiek galiu u\u017edirbti prie\u0161 mok\u0117damas mokes\u010dius 2023\/2024 m. Anglijoje?<\/a><\/li><li><a href=\"https:\/\/www.taxes4u.co.uk\/lt\/blog-ultimate-guide-to-self-employed-mortgages-in-the-uk-navigating-tax-returns-sa302-and-more\/\">Galutinis savaranki\u0161kai dirban\u010di\u0173 asmen\u0173 hipotekos Jungtin\u0117je Karalyst\u0117je vadovas: Knyga: Mokes\u010di\u0173 deklaracijos, SA302 ir kt.<\/a><\/li><\/ul>\t\n\t<h5>\n\t\t\t\tNemokamas paslaug\u0173 \u012fvertinimas\n\t\t\t<\/h5>\n\t<h2>\n\t\t\t\tKainos u\u017eklausimas\n\t\t\t<\/h2>\n\t\t\t<p>Norite aptarti buhalterin\u0117s apskaitos paslaugas jums ir j\u016bs\u0173 verslui? Susisiekite ir gaukite nemokam\u0105 ne\u012fpareigojant\u012f pasi\u016blym\u0105.<\/p>\t\n\t\t\t<a href=\"http:\/\/www.taxes4u.co.uk\/lt\/contact\/\" title=\"Gaukite pasi\u016blym\u0105\" target=\"_self\"   role=\"button\" aria-label=\"Gaukite pasi\u016blym\u0105\">\n\t\t\t\t\t\t\tGaukite pasi\u016blym\u0105\n\t\t<\/a>","protected":false},"excerpt":{"rendered":"<p>Blog How to Register as Self-Employed in the UK: A Step-by-Step Guide Everything you need to know about: How to Register as Self-Employed in the UK A Step-by-Step Guide \u00a0Are you considering starting your own business or working as a freelancer? If so, one of the first things you need to do is register as [&hellip;]<\/p>\n","protected":false},"author":1,"featured_media":0,"parent":0,"menu_order":0,"comment_status":"closed","ping_status":"closed","template":"","meta":{"_uag_custom_page_level_css":"","site-sidebar-layout":"default","site-content-layout":"page-builder","ast-site-content-layout":"default","site-content-style":"default","site-sidebar-style":"default","ast-global-header-display":"","ast-banner-title-visibility":"","ast-main-header-display":"","ast-hfb-above-header-display":"","ast-hfb-below-header-display":"","ast-hfb-mobile-header-display":"","site-post-title":"disabled","ast-breadcrumbs-content":"","ast-featured-img":"disabled","footer-sml-layout":"","ast-disable-related-posts":"","theme-transparent-header-meta":"enabled","adv-header-id-meta":"","stick-header-meta":"default","header-above-stick-meta":"","header-main-stick-meta":"","header-below-stick-meta":"","astra-migrate-meta-layouts":"default","ast-page-background-enabled":"default","ast-page-background-meta":{"desktop":{"background-color":"","background-image":"","background-repeat":"repeat","background-position":"center center","background-size":"auto","background-attachment":"scroll","background-type":"","background-media":"","overlay-type":"","overlay-color":"","overlay-opacity":"","overlay-gradient":""},"tablet":{"background-color":"","background-image":"","background-repeat":"repeat","background-position":"center center","background-size":"auto","background-attachment":"scroll","background-type":"","background-media":"","overlay-type":"","overlay-color":"","overlay-opacity":"","overlay-gradient":""},"mobile":{"background-color":"","background-image":"","background-repeat":"repeat","background-position":"center center","background-size":"auto","background-attachment":"scroll","background-type":"","background-media":"","overlay-type":"","overlay-color":"","overlay-opacity":"","overlay-gradient":""}},"ast-content-background-meta":{"desktop":{"background-color":"var(--ast-global-color-5)","background-image":"","background-repeat":"repeat","background-position":"center center","background-size":"auto","background-attachment":"scroll","background-type":"","background-media":"","overlay-type":"","overlay-color":"","overlay-opacity":"","overlay-gradient":""},"tablet":{"background-color":"var(--ast-global-color-5)","background-image":"","background-repeat":"repeat","background-position":"center center","background-size":"auto","background-attachment":"scroll","background-type":"","background-media":"","overlay-type":"","overlay-color":"","overlay-opacity":"","overlay-gradient":""},"mobile":{"background-color":"var(--ast-global-color-5)","background-image":"","background-repeat":"repeat","background-position":"center center","background-size":"auto","background-attachment":"scroll","background-type":"","background-media":"","overlay-type":"","overlay-color":"","overlay-opacity":"","overlay-gradient":""}},"footnotes":""},"class_list":["post-1681","page","type-page","status-publish","hentry"],"yoast_head":"<!-- This site is optimized with the Yoast SEO plugin v27.4 - https:\/\/yoast.com\/product\/yoast-seo-wordpress\/ -->\n<title>Register for Self Employed UK: Step-by-Step Guide | Taxes4u Blog<\/title>\n<meta name=\"description\" content=\"Register for Self Employed UK with our step-by-step guide. Learn how to register with HMRC, get a UTR, and stay on top of tax requirements\" \/>\n<meta name=\"robots\" content=\"index, follow, max-snippet:-1, max-image-preview:large, max-video-preview:-1\" \/>\n<link rel=\"canonical\" href=\"https:\/\/www.taxes4u.co.uk\/lt\/blog-how-to-register-as-self-employed-in-the-uk-a-step-by-step-guide\/\" \/>\n<meta property=\"og:locale\" content=\"lt_LT\" \/>\n<meta property=\"og:type\" content=\"article\" \/>\n<meta property=\"og:title\" content=\"Register for Self Employed UK: Step-by-Step Guide | Taxes4u Blog\" \/>\n<meta property=\"og:description\" content=\"Register for Self Employed UK with our step-by-step guide. Learn how to register with HMRC, get a UTR, and stay on top of tax requirements\" \/>\n<meta property=\"og:url\" content=\"https:\/\/www.taxes4u.co.uk\/lt\/blog-how-to-register-as-self-employed-in-the-uk-a-step-by-step-guide\/\" \/>\n<meta property=\"og:site_name\" content=\"Taxes4u\" \/>\n<meta property=\"article:modified_time\" content=\"2026-04-12T09:31:55+00:00\" \/>\n<meta property=\"og:image\" content=\"http:\/\/www.taxes4u.co.uk\/wp-content\/uploads\/2019\/06\/feature1-free-img-1.png\" \/>\n<meta name=\"twitter:card\" content=\"summary_large_image\" \/>\n<meta name=\"twitter:label1\" content=\"Est. reading time\" \/>\n\t<meta name=\"twitter:data1\" content=\"3 minut\u0117s\" \/>\n<script type=\"application\/ld+json\" class=\"yoast-schema-graph\">{\"@context\":\"https:\\\/\\\/schema.org\",\"@graph\":[{\"@type\":[\"Article\",\"BlogPosting\"],\"@id\":\"https:\\\/\\\/www.taxes4u.co.uk\\\/blog-how-to-register-as-self-employed-in-the-uk-a-step-by-step-guide#article\",\"isPartOf\":{\"@id\":\"https:\\\/\\\/www.taxes4u.co.uk\\\/blog-how-to-register-as-self-employed-in-the-uk-a-step-by-step-guide\"},\"author\":{\"name\":\"Malaicik\",\"@id\":\"https:\\\/\\\/www.taxes4u.co.uk\\\/#\\\/schema\\\/person\\\/ee06b87a03cd2c51ef99b38e96b05669\"},\"headline\":\"How to Register as Self-Employed in the UK: A Step-by-Step Guide\",\"datePublished\":\"2023-03-08T20:19:54+00:00\",\"dateModified\":\"2026-04-12T09:31:55+00:00\",\"mainEntityOfPage\":{\"@id\":\"https:\\\/\\\/www.taxes4u.co.uk\\\/blog-how-to-register-as-self-employed-in-the-uk-a-step-by-step-guide\"},\"wordCount\":576,\"publisher\":{\"@id\":\"https:\\\/\\\/www.taxes4u.co.uk\\\/#organization\"},\"image\":{\"@id\":\"https:\\\/\\\/www.taxes4u.co.uk\\\/blog-how-to-register-as-self-employed-in-the-uk-a-step-by-step-guide#primaryimage\"},\"thumbnailUrl\":\"http:\\\/\\\/www.taxes4u.co.uk\\\/wp-content\\\/uploads\\\/2019\\\/06\\\/feature1-free-img-1.png\",\"inLanguage\":\"lt-LT\"},{\"@type\":\"WebPage\",\"@id\":\"https:\\\/\\\/www.taxes4u.co.uk\\\/blog-how-to-register-as-self-employed-in-the-uk-a-step-by-step-guide\",\"url\":\"https:\\\/\\\/www.taxes4u.co.uk\\\/blog-how-to-register-as-self-employed-in-the-uk-a-step-by-step-guide\",\"name\":\"Register for Self Employed UK: Step-by-Step Guide | Taxes4u Blog\",\"isPartOf\":{\"@id\":\"https:\\\/\\\/www.taxes4u.co.uk\\\/#website\"},\"primaryImageOfPage\":{\"@id\":\"https:\\\/\\\/www.taxes4u.co.uk\\\/blog-how-to-register-as-self-employed-in-the-uk-a-step-by-step-guide#primaryimage\"},\"image\":{\"@id\":\"https:\\\/\\\/www.taxes4u.co.uk\\\/blog-how-to-register-as-self-employed-in-the-uk-a-step-by-step-guide#primaryimage\"},\"thumbnailUrl\":\"http:\\\/\\\/www.taxes4u.co.uk\\\/wp-content\\\/uploads\\\/2019\\\/06\\\/feature1-free-img-1.png\",\"datePublished\":\"2023-03-08T20:19:54+00:00\",\"dateModified\":\"2026-04-12T09:31:55+00:00\",\"description\":\"Register for Self Employed UK with our step-by-step guide. Learn how to register with HMRC, get a UTR, and stay on top of tax requirements\",\"breadcrumb\":{\"@id\":\"https:\\\/\\\/www.taxes4u.co.uk\\\/blog-how-to-register-as-self-employed-in-the-uk-a-step-by-step-guide#breadcrumb\"},\"inLanguage\":\"lt-LT\",\"potentialAction\":[{\"@type\":\"ReadAction\",\"target\":[\"https:\\\/\\\/www.taxes4u.co.uk\\\/blog-how-to-register-as-self-employed-in-the-uk-a-step-by-step-guide\"]}]},{\"@type\":\"ImageObject\",\"inLanguage\":\"lt-LT\",\"@id\":\"https:\\\/\\\/www.taxes4u.co.uk\\\/blog-how-to-register-as-self-employed-in-the-uk-a-step-by-step-guide#primaryimage\",\"url\":\"http:\\\/\\\/www.taxes4u.co.uk\\\/wp-content\\\/uploads\\\/2019\\\/06\\\/feature1-free-img-1.png\",\"contentUrl\":\"http:\\\/\\\/www.taxes4u.co.uk\\\/wp-content\\\/uploads\\\/2019\\\/06\\\/feature1-free-img-1.png\"},{\"@type\":\"BreadcrumbList\",\"@id\":\"https:\\\/\\\/www.taxes4u.co.uk\\\/blog-how-to-register-as-self-employed-in-the-uk-a-step-by-step-guide#breadcrumb\",\"itemListElement\":[{\"@type\":\"ListItem\",\"position\":1,\"name\":\"Home\",\"item\":\"https:\\\/\\\/www.taxes4u.co.uk\\\/\"},{\"@type\":\"ListItem\",\"position\":2,\"name\":\"How to Register as Self-Employed in the UK: A Step-by-Step Guide\"}]},{\"@type\":\"WebSite\",\"@id\":\"https:\\\/\\\/www.taxes4u.co.uk\\\/#website\",\"url\":\"https:\\\/\\\/www.taxes4u.co.uk\\\/\",\"name\":\"Taxes4u\",\"description\":\"Tax Returns, Payroll, Bookkeeping\",\"publisher\":{\"@id\":\"https:\\\/\\\/www.taxes4u.co.uk\\\/#organization\"},\"potentialAction\":[{\"@type\":\"SearchAction\",\"target\":{\"@type\":\"EntryPoint\",\"urlTemplate\":\"https:\\\/\\\/www.taxes4u.co.uk\\\/?s={search_term_string}\"},\"query-input\":{\"@type\":\"PropertyValueSpecification\",\"valueRequired\":true,\"valueName\":\"search_term_string\"}}],\"inLanguage\":\"lt-LT\"},{\"@type\":\"Organization\",\"@id\":\"https:\\\/\\\/www.taxes4u.co.uk\\\/#organization\",\"name\":\"Taxes4u\",\"url\":\"https:\\\/\\\/www.taxes4u.co.uk\\\/\",\"logo\":{\"@type\":\"ImageObject\",\"inLanguage\":\"lt-LT\",\"@id\":\"https:\\\/\\\/www.taxes4u.co.uk\\\/#\\\/schema\\\/logo\\\/image\\\/\",\"url\":\"https:\\\/\\\/www.taxes4u.co.uk\\\/wp-content\\\/uploads\\\/2020\\\/06\\\/cropped-3001_Taxes4u_RB_GR-02.png\",\"contentUrl\":\"https:\\\/\\\/www.taxes4u.co.uk\\\/wp-content\\\/uploads\\\/2020\\\/06\\\/cropped-3001_Taxes4u_RB_GR-02.png\",\"width\":396,\"height\":82,\"caption\":\"Taxes4u\"},\"image\":{\"@id\":\"https:\\\/\\\/www.taxes4u.co.uk\\\/#\\\/schema\\\/logo\\\/image\\\/\"}},{\"@type\":\"Person\",\"@id\":\"https:\\\/\\\/www.taxes4u.co.uk\\\/#\\\/schema\\\/person\\\/ee06b87a03cd2c51ef99b38e96b05669\",\"name\":\"Malaicik\",\"image\":{\"@type\":\"ImageObject\",\"inLanguage\":\"lt-LT\",\"@id\":\"https:\\\/\\\/www.taxes4u.co.uk\\\/wp-content\\\/litespeed\\\/avatar\\\/de51a5554b0ffb96c04957c773c33138.jpg?ver=1776458316\",\"url\":\"https:\\\/\\\/www.taxes4u.co.uk\\\/wp-content\\\/litespeed\\\/avatar\\\/de51a5554b0ffb96c04957c773c33138.jpg?ver=1776458316\",\"contentUrl\":\"https:\\\/\\\/www.taxes4u.co.uk\\\/wp-content\\\/litespeed\\\/avatar\\\/de51a5554b0ffb96c04957c773c33138.jpg?ver=1776458316\",\"caption\":\"Malaicik\"},\"sameAs\":[\"http:\\\/\\\/taxes4u.co.uk\"],\"url\":\"https:\\\/\\\/www.taxes4u.co.uk\\\/lt\\\/author\\\/malaicik\"}]}<\/script>\n<!-- \/ Yoast SEO plugin. -->","yoast_head_json":{"title":"Kaip registruotis kaip savaranki\u0161kai dirbantis JK | Taxes4u","description":"\u017dingsnis po \u017eingsnio vadovas, kaip u\u017esiregistruoti kaip savaranki\u0161kai dirbantis asmuo JK, gauti UTR numer\u012f ir vykdyti HMRC mokes\u010di\u0173 reikalavimus.","robots":{"index":"index","follow":"follow","max-snippet":"max-snippet:-1","max-image-preview":"max-image-preview:large","max-video-preview":"max-video-preview:-1"},"canonical":"https:\/\/www.taxes4u.co.uk\/lt\/blog-how-to-register-as-self-employed-in-the-uk-a-step-by-step-guide\/","og_locale":"lt_LT","og_type":"article","og_title":"Register for Self Employed UK: Step-by-Step Guide | Taxes4u Blog","og_description":"Register for Self Employed UK with our step-by-step guide. Learn how to register with HMRC, get a UTR, and stay on top of tax requirements","og_url":"https:\/\/www.taxes4u.co.uk\/lt\/blog-how-to-register-as-self-employed-in-the-uk-a-step-by-step-guide\/","og_site_name":"Taxes4u","article_modified_time":"2026-04-12T09:31:55+00:00","og_image":[{"url":"http:\/\/www.taxes4u.co.uk\/wp-content\/uploads\/2019\/06\/feature1-free-img-1.png","type":"","width":"","height":""}],"twitter_card":"summary_large_image","twitter_misc":{"Est. reading time":"3 minut\u0117s"},"schema":{"@context":"https:\/\/schema.org","@graph":[{"@type":["Article","BlogPosting"],"@id":"https:\/\/www.taxes4u.co.uk\/blog-how-to-register-as-self-employed-in-the-uk-a-step-by-step-guide#article","isPartOf":{"@id":"https:\/\/www.taxes4u.co.uk\/blog-how-to-register-as-self-employed-in-the-uk-a-step-by-step-guide"},"author":{"name":"Malaicik","@id":"https:\/\/www.taxes4u.co.uk\/#\/schema\/person\/ee06b87a03cd2c51ef99b38e96b05669"},"headline":"How to Register as Self-Employed in the UK: A Step-by-Step Guide","datePublished":"2023-03-08T20:19:54+00:00","dateModified":"2026-04-12T09:31:55+00:00","mainEntityOfPage":{"@id":"https:\/\/www.taxes4u.co.uk\/blog-how-to-register-as-self-employed-in-the-uk-a-step-by-step-guide"},"wordCount":576,"publisher":{"@id":"https:\/\/www.taxes4u.co.uk\/#organization"},"image":{"@id":"https:\/\/www.taxes4u.co.uk\/blog-how-to-register-as-self-employed-in-the-uk-a-step-by-step-guide#primaryimage"},"thumbnailUrl":"http:\/\/www.taxes4u.co.uk\/wp-content\/uploads\/2019\/06\/feature1-free-img-1.png","inLanguage":"lt-LT"},{"@type":"WebPage","@id":"https:\/\/www.taxes4u.co.uk\/blog-how-to-register-as-self-employed-in-the-uk-a-step-by-step-guide","url":"https:\/\/www.taxes4u.co.uk\/blog-how-to-register-as-self-employed-in-the-uk-a-step-by-step-guide","name":"Kaip registruotis kaip savaranki\u0161kai dirbantis JK | Taxes4u","isPartOf":{"@id":"https:\/\/www.taxes4u.co.uk\/#website"},"primaryImageOfPage":{"@id":"https:\/\/www.taxes4u.co.uk\/blog-how-to-register-as-self-employed-in-the-uk-a-step-by-step-guide#primaryimage"},"image":{"@id":"https:\/\/www.taxes4u.co.uk\/blog-how-to-register-as-self-employed-in-the-uk-a-step-by-step-guide#primaryimage"},"thumbnailUrl":"http:\/\/www.taxes4u.co.uk\/wp-content\/uploads\/2019\/06\/feature1-free-img-1.png","datePublished":"2023-03-08T20:19:54+00:00","dateModified":"2026-04-12T09:31:55+00:00","description":"\u017dingsnis po \u017eingsnio vadovas, kaip u\u017esiregistruoti kaip savaranki\u0161kai dirbantis asmuo JK, gauti UTR numer\u012f ir vykdyti HMRC mokes\u010di\u0173 reikalavimus.","breadcrumb":{"@id":"https:\/\/www.taxes4u.co.uk\/blog-how-to-register-as-self-employed-in-the-uk-a-step-by-step-guide#breadcrumb"},"inLanguage":"lt-LT","potentialAction":[{"@type":"ReadAction","target":["https:\/\/www.taxes4u.co.uk\/blog-how-to-register-as-self-employed-in-the-uk-a-step-by-step-guide"]}]},{"@type":"ImageObject","inLanguage":"lt-LT","@id":"https:\/\/www.taxes4u.co.uk\/blog-how-to-register-as-self-employed-in-the-uk-a-step-by-step-guide#primaryimage","url":"http:\/\/www.taxes4u.co.uk\/wp-content\/uploads\/2019\/06\/feature1-free-img-1.png","contentUrl":"http:\/\/www.taxes4u.co.uk\/wp-content\/uploads\/2019\/06\/feature1-free-img-1.png"},{"@type":"BreadcrumbList","@id":"https:\/\/www.taxes4u.co.uk\/blog-how-to-register-as-self-employed-in-the-uk-a-step-by-step-guide#breadcrumb","itemListElement":[{"@type":"ListItem","position":1,"name":"Home","item":"https:\/\/www.taxes4u.co.uk\/"},{"@type":"ListItem","position":2,"name":"How to Register as Self-Employed in the UK: A Step-by-Step Guide"}]},{"@type":"WebSite","@id":"https:\/\/www.taxes4u.co.uk\/#website","url":"https:\/\/www.taxes4u.co.uk\/","name":"Taxes4u","description":"Mokes\u010di\u0173 deklaracijos, darbo u\u017emokestis, buhalterin\u0117 apskaita","publisher":{"@id":"https:\/\/www.taxes4u.co.uk\/#organization"},"potentialAction":[{"@type":"SearchAction","target":{"@type":"EntryPoint","urlTemplate":"https:\/\/www.taxes4u.co.uk\/?s={search_term_string}"},"query-input":{"@type":"PropertyValueSpecification","valueRequired":true,"valueName":"search_term_string"}}],"inLanguage":"lt-LT"},{"@type":"Organization","@id":"https:\/\/www.taxes4u.co.uk\/#organization","name":"Taxes4u","url":"https:\/\/www.taxes4u.co.uk\/","logo":{"@type":"ImageObject","inLanguage":"lt-LT","@id":"https:\/\/www.taxes4u.co.uk\/#\/schema\/logo\/image\/","url":"https:\/\/www.taxes4u.co.uk\/wp-content\/uploads\/2020\/06\/cropped-3001_Taxes4u_RB_GR-02.png","contentUrl":"https:\/\/www.taxes4u.co.uk\/wp-content\/uploads\/2020\/06\/cropped-3001_Taxes4u_RB_GR-02.png","width":396,"height":82,"caption":"Taxes4u"},"image":{"@id":"https:\/\/www.taxes4u.co.uk\/#\/schema\/logo\/image\/"}},{"@type":"Person","@id":"https:\/\/www.taxes4u.co.uk\/#\/schema\/person\/ee06b87a03cd2c51ef99b38e96b05669","name":"Malai\u010dikas","image":{"@type":"ImageObject","inLanguage":"lt-LT","@id":"https:\/\/www.taxes4u.co.uk\/wp-content\/litespeed\/avatar\/de51a5554b0ffb96c04957c773c33138.jpg?ver=1776458316","url":"https:\/\/www.taxes4u.co.uk\/wp-content\/litespeed\/avatar\/de51a5554b0ffb96c04957c773c33138.jpg?ver=1776458316","contentUrl":"https:\/\/www.taxes4u.co.uk\/wp-content\/litespeed\/avatar\/de51a5554b0ffb96c04957c773c33138.jpg?ver=1776458316","caption":"Malaicik"},"sameAs":["http:\/\/taxes4u.co.uk"],"url":"https:\/\/www.taxes4u.co.uk\/lt\/author\/malaicik"}]}},"uagb_featured_image_src":{"full":false,"thumbnail":false,"medium":false,"medium_large":false,"large":false,"1536x1536":false,"2048x2048":false,"trp-custom-language-flag":false},"uagb_author_info":{"display_name":"Malaicik","author_link":"https:\/\/www.taxes4u.co.uk\/lt\/author\/malaicik"},"uagb_comment_info":0,"uagb_excerpt":"Blog How to Register as Self-Employed in the UK: A Step-by-Step Guide Everything you need to know about: How to Register as Self-Employed in the UK A Step-by-Step Guide \u00a0Are you considering starting your own business or working as a freelancer? If so, one of the first things you need to do is register as&hellip;","_links":{"self":[{"href":"https:\/\/www.taxes4u.co.uk\/lt\/wp-json\/wp\/v2\/pages\/1681","targetHints":{"allow":["GET"]}}],"collection":[{"href":"https:\/\/www.taxes4u.co.uk\/lt\/wp-json\/wp\/v2\/pages"}],"about":[{"href":"https:\/\/www.taxes4u.co.uk\/lt\/wp-json\/wp\/v2\/types\/page"}],"author":[{"embeddable":true,"href":"https:\/\/www.taxes4u.co.uk\/lt\/wp-json\/wp\/v2\/users\/1"}],"replies":[{"embeddable":true,"href":"https:\/\/www.taxes4u.co.uk\/lt\/wp-json\/wp\/v2\/comments?post=1681"}],"version-history":[{"count":12,"href":"https:\/\/www.taxes4u.co.uk\/lt\/wp-json\/wp\/v2\/pages\/1681\/revisions"}],"predecessor-version":[{"id":2224,"href":"https:\/\/www.taxes4u.co.uk\/lt\/wp-json\/wp\/v2\/pages\/1681\/revisions\/2224"}],"wp:attachment":[{"href":"https:\/\/www.taxes4u.co.uk\/lt\/wp-json\/wp\/v2\/media?parent=1681"}],"curies":[{"name":"wp","href":"https:\/\/api.w.org\/{rel}","templated":true}]}}