{"id":1692,"date":"2023-03-11T11:01:02","date_gmt":"2023-03-11T11:01:02","guid":{"rendered":"http:\/\/www.taxes4u.co.uk\/?page_id=1692"},"modified":"2026-04-12T09:33:04","modified_gmt":"2026-04-12T09:33:04","slug":"blog-cis-registration-uk-everything-you-need-to-know-about","status":"publish","type":"page","link":"https:\/\/www.taxes4u.co.uk\/lt\/blog-cis-registration-uk-everything-you-need-to-know-about","title":{"rendered":"CIS registracija JK: Viskas, k\u0105 reikia \u017einoti apie"},"content":{"rendered":"<h5>\n\t\t\t\tTinklara\u0161tis\n\t\t\t<\/h5>\n\t<h1>\n\t\t\t\tCIS registracija JK: Viskas, k\u0105 reikia \u017einoti apie\n\t\t\t<\/h1>\n\t<h2>\n\t\t\t\tCIS registracija JK\n\t\t\t<\/h2>\n\t<h2>\n\t\t\t\tViskas, k\u0105 reikia \u017einoti apie statybos pramon\u0117s schem\u0105 (CIS)\n\t\t\t<\/h2>\n\t\t\t<p><strong>\u012evadas<\/strong>:<br \/>If you&#8217;re working in the construction industry in the UK, you&#8217;ve likely heard about the Construction Industry Scheme (CIS). The scheme is designed to regulate payments between contractors and subcontractors in the industry, ensuring that everyone pays the correct amount of tax. One of the key aspects of the CIS is registration, and in this post, we&#8217;ll cover everything you need to know about CIS registration in the UK.\u00a0<strong>Kas yra CIS registracija?<\/strong><br \/>CIS registration is the process of registering for the Construction Industry Scheme. If you&#8217;re a contractor or subcontractor working in the construction industry in the UK, you&#8217;re required to register for the scheme. This includes individuals who are self-employed and those who run a limited company.\u00a0<strong>Kod\u0117l svarbi CIS registracija?<\/strong><br \/>CIS registration is important because it ensures that you&#8217;re paying the correct amount of tax. As a contractor or subcontractor, you&#8217;ll be required to deduct a percentage of your payments to subcontractors for tax purposes. This means that you need to be registered for the CIS to be able to operate legally in the construction industry in the UK.\u00a0<strong>Kaip u\u017esiregistruoti \u012f CIS?<\/strong><br \/>To register for the CIS, you&#8217;ll need to complete an online registration form on the HMRC website. You&#8217;ll need to provide information about yourself or your business, including your name or company name, contact details, and National Insurance number or Unique Taxpayer Reference (UTR) if you&#8217;re a limited company. You&#8217;ll also need to provide details about your business activities, such as your main type of work and the date you started trading.\u00a0<strong>What happens after you&#8217;ve registered for the CIS?<\/strong><br \/>Once you&#8217;ve registered for the CIS, you&#8217;ll receive a Unique Taxpayer Reference (UTR) from HMRC. You&#8217;ll need to use this UTR to verify your status as a contractor or subcontractor when you work with other businesses in the construction industry. You&#8217;ll also need to keep accurate records of your payments to subcontractors and submit monthly CIS returns to HMRC.\u00a0<strong>I\u0161vados:<\/strong><br \/>In summary, CIS registration is an essential requirement for anyone working in the construction industry in the UK. It ensures that you&#8217;re paying the correct amount of tax and operating legally. To register for the CIS, you&#8217;ll need to complete an online registration form on the HMRC website and provide information about yourself or your business. After registering, you&#8217;ll receive a UTR that you&#8217;ll need to use when working with other businesses in the construction industry. Finally, it&#8217;s essential to keep accurate records of your payments to subcontractors and submit monthly CIS returns to HMRC to comply with the scheme&#8217;s regulations.\u00a0<a href=\"http:\/\/www.taxes4u.co.uk\/lt\/contact\/\">Susisiekite su m\u016bs\u0173 ekspertais<\/a> apie visus su CIS susijusius klausimus ir pagalb\u0105 registruojantis CIS.<\/p>\t\n\t<h4>\n\t\t\t\tKiti tinklara\u0161\u010dio \u012fra\u0161ai, kurie jus gali sudominti\n\t\t\t<\/h4>\n\t\t\t<ul><li><a href=\"https:\/\/www.taxes4u.co.uk\/lt\/blog-self-assessment-tax-return-uk-2025-2026\/\">Did\u017eiosios Britanijos savaranki\u0161ko pajam\u0173 mokes\u010dio deklaracija 2025\/26 m.: k\u0105 reikia \u017einoti ir kaip pateikti<\/a><\/li><li><a href=\"https:\/\/www.taxes4u.co.uk\/lt\/blog-mtd-late-quarterly-submission-penalty-uk\/\">MTD v\u0117luojan\u010dio prane\u0161imo bauda: praleidote ketvirtin\u012f atnaujinim\u0105?<\/a><\/li><li><a href=\"https:\/\/www.taxes4u.co.uk\/lt\/blog-making-tax-digital-for-income-tax-guide\/\" target=\"_blank\" rel=\"noopener\">Skaitmeninis pajam\u0173 mokes\u010dio k\u016brimas (MTD for ITSA): paprastas vadovas savaranki\u0161kai dirbantiems asmenims ir nuomotojams<\/a><\/li><li><a href=\"https:\/\/www.taxes4u.co.uk\/lt\/blog-self-employed-here-is-what-you-can-deduct-in-2025\/\">Savaranki\u0161kai dirbate? \u0160tai k\u0105 galite atskaityti 2025 m.<\/a><\/li><li><a href=\"https:\/\/www.taxes4u.co.uk\/lt\/blog-making-tax-digital-for-income-tax-mtd-for-itsa-what-it-means-and-how-we-can-help-you-stay-compliant\/\">Pajam\u0173 mokes\u010dio skaitmenizavimas (angl. \u201eMaking Tax Digital\u201c) (MTD for ITSA): K\u0105 tai rei\u0161kia ir kaip galime pad\u0117ti jums atitikti reikalavimus?<\/a><\/li><li><a href=\"https:\/\/www.taxes4u.co.uk\/lt\/blog-the-early-birds-guide-to-maximising-your-uk-tax-return-for-2024-2025\/\">\"Ankstyvojo pauk\u0161\u010dio vadovas, kaip maksimaliai padidinti savo JK mokes\u010di\u0173 deklaracij\u0105 2024\/2025 m.<\/a><\/li><li><a href=\"http:\/\/www.taxes4u.co.uk\/lt\/blog-timelines-guidelines-and-recommendations-for-the-uk-tax-return-submission\/\">JK mokes\u010di\u0173 deklaracij\u0173 pateikimo terminai, gair\u0117s ir rekomendacijos<\/a><\/li><li><a href=\"http:\/\/www.taxes4u.co.uk\/lt\/blog-late-tax-return-penalties-and-appeals\/\">Mokes\u010di\u0173 deklaracij\u0173 pav\u0117luoto pateikimo baudos ir apeliaciniai skundai - kas tai yra ir kaip su tuo kovoti?<\/a><\/li><li><a href=\"http:\/\/www.taxes4u.co.uk\/lt\/blog-how-to-register-as-self-employed-in-the-uk-a-step-by-step-guide\/\">Kaip u\u017esiregistruoti kaip savaranki\u0161kai dirbantis asmuo JK: \u017dingsnis po \u017eingsnio vadovas<\/a><\/li><li><a href=\"https:\/\/www.taxes4u.co.uk\/lt\/blog-ultimate-guide-to-self-employed-mortgages-in-the-uk-navigating-tax-returns-sa302-and-more\/\">Galutinis savaranki\u0161kai dirban\u010di\u0173 asmen\u0173 hipotekos Jungtin\u0117je Karalyst\u0117je vadovas: Knyga: Mokes\u010di\u0173 deklaracijos, SA302 ir kt.<\/a><\/li><li><a href=\"http:\/\/www.taxes4u.co.uk\/lt\/blog-utr-registration-and-cancellation-what-you-need-to-know\/\">UTR registracija ir at\u0161aukimas: k\u0105 reikia \u017einoti<\/a><\/li><li><a href=\"https:\/\/www.taxes4u.co.uk\/lt\/blog-how-much-can-i-earn-before-paying-tax-in-the-uk-tax-thresholds-explained\/\">Kiek galiu u\u017edirbti prie\u0161 mok\u0117damas mokes\u010dius 2023\/2024 m. Anglijoje?<\/a><\/li><\/ul>\t\n\t\t\t\t<img decoding=\"async\" src=\"http:\/\/www.taxes4u.co.uk\/wp-content\/uploads\/2019\/06\/feature1-free-img-1.png\" alt=\"Taxes4u. Mokes\u010di\u0173 deklaravimas, mokes\u010di\u0173 gr\u0105\u017einimas, darbo u\u017emokes\u010dio apskaita ir buhalterija\" title=\"Taxes4u. Mokes\u010di\u0173 deklaravimas, mokes\u010di\u0173 gr\u0105\u017einimas, darbo u\u017emokes\u010dio apskaita ir buhalterija\" itemprop=\"image\"\/>\n\t<h5>\n\t\t\t\tNemokamas paslaug\u0173 \u012fvertinimas\n\t\t\t<\/h5>\n\t<h2>\n\t\t\t\tKainos u\u017eklausimas\n\t\t\t<\/h2>\n\t\t\t<p>Norite aptarti buhalterin\u0117s apskaitos paslaugas jums ir j\u016bs\u0173 verslui? Susisiekite ir gaukite nemokam\u0105 ne\u012fpareigojant\u012f pasi\u016blym\u0105.<\/p>\t\n\t\t\t<a href=\"http:\/\/www.taxes4u.co.uk\/lt\/contact\/\" title=\"Gaukite pasi\u016blym\u0105\" target=\"_self\"   role=\"button\" aria-label=\"Gaukite pasi\u016blym\u0105\">\n\t\t\t\t\t\t\tGaukite pasi\u016blym\u0105\n\t\t<\/a>","protected":false},"excerpt":{"rendered":"<p>Blog CIS Registration UK: Everything You Need to Know About CIS Registration UK Everything You Need to Know About Construction Industry Scheme (CIS) Introduction:If you&#8217;re working in the construction industry in the UK, you&#8217;ve likely heard about the Construction Industry Scheme (CIS). The scheme is designed to regulate payments between contractors and subcontractors in the [&hellip;]<\/p>\n","protected":false},"author":1,"featured_media":0,"parent":0,"menu_order":0,"comment_status":"closed","ping_status":"closed","template":"","meta":{"_uag_custom_page_level_css":"","site-sidebar-layout":"default","site-content-layout":"page-builder","ast-site-content-layout":"default","site-content-style":"default","site-sidebar-style":"default","ast-global-header-display":"","ast-banner-title-visibility":"","ast-main-header-display":"","ast-hfb-above-header-display":"","ast-hfb-below-header-display":"","ast-hfb-mobile-header-display":"","site-post-title":"disabled","ast-breadcrumbs-content":"","ast-featured-img":"disabled","footer-sml-layout":"","ast-disable-related-posts":"","theme-transparent-header-meta":"enabled","adv-header-id-meta":"","stick-header-meta":"default","header-above-stick-meta":"","header-main-stick-meta":"","header-below-stick-meta":"","astra-migrate-meta-layouts":"default","ast-page-background-enabled":"default","ast-page-background-meta":{"desktop":{"background-color":"","background-image":"","background-repeat":"repeat","background-position":"center center","background-size":"auto","background-attachment":"scroll","background-type":"","background-media":"","overlay-type":"","overlay-color":"","overlay-opacity":"","overlay-gradient":""},"tablet":{"background-color":"","background-image":"","background-repeat":"repeat","background-position":"center center","background-size":"auto","background-attachment":"scroll","background-type":"","background-media":"","overlay-type":"","overlay-color":"","overlay-opacity":"","overlay-gradient":""},"mobile":{"background-color":"","background-image":"","background-repeat":"repeat","background-position":"center center","background-size":"auto","background-attachment":"scroll","background-type":"","background-media":"","overlay-type":"","overlay-color":"","overlay-opacity":"","overlay-gradient":""}},"ast-content-background-meta":{"desktop":{"background-color":"var(--ast-global-color-5)","background-image":"","background-repeat":"repeat","background-position":"center center","background-size":"auto","background-attachment":"scroll","background-type":"","background-media":"","overlay-type":"","overlay-color":"","overlay-opacity":"","overlay-gradient":""},"tablet":{"background-color":"var(--ast-global-color-5)","background-image":"","background-repeat":"repeat","background-position":"center center","background-size":"auto","background-attachment":"scroll","background-type":"","background-media":"","overlay-type":"","overlay-color":"","overlay-opacity":"","overlay-gradient":""},"mobile":{"background-color":"var(--ast-global-color-5)","background-image":"","background-repeat":"repeat","background-position":"center center","background-size":"auto","background-attachment":"scroll","background-type":"","background-media":"","overlay-type":"","overlay-color":"","overlay-opacity":"","overlay-gradient":""}},"footnotes":""},"class_list":["post-1692","page","type-page","status-publish","hentry"],"yoast_head":"<!-- This site is optimized with the Yoast SEO plugin v27.4 - https:\/\/yoast.com\/product\/yoast-seo-wordpress\/ -->\n<title>CIS Registration UK: Everything You Need to Know | Taxes4u Blog<\/title>\n<meta name=\"description\" content=\"CIS Registration UK: Discover all you need to know about Construction Industry Scheme registration for contractors &amp; subcontractors in the UK\" \/>\n<meta name=\"robots\" content=\"index, follow, max-snippet:-1, max-image-preview:large, max-video-preview:-1\" \/>\n<link rel=\"canonical\" href=\"https:\/\/www.taxes4u.co.uk\/lt\/blog-cis-registration-uk-everything-you-need-to-know-about\/\" \/>\n<meta property=\"og:locale\" content=\"lt_LT\" \/>\n<meta property=\"og:type\" content=\"article\" \/>\n<meta property=\"og:title\" content=\"CIS Registration UK: Everything You Need to Know | Taxes4u Blog\" \/>\n<meta property=\"og:description\" content=\"CIS Registration UK: Discover all you need to know about Construction Industry Scheme registration for contractors &amp; subcontractors in the UK\" \/>\n<meta property=\"og:url\" content=\"https:\/\/www.taxes4u.co.uk\/lt\/blog-cis-registration-uk-everything-you-need-to-know-about\/\" \/>\n<meta property=\"og:site_name\" content=\"Taxes4u\" \/>\n<meta property=\"article:modified_time\" content=\"2026-04-12T09:33:04+00:00\" \/>\n<meta property=\"og:image\" content=\"http:\/\/www.taxes4u.co.uk\/wp-content\/uploads\/2019\/06\/feature1-free-img-1.png\" \/>\n<meta name=\"twitter:card\" content=\"summary_large_image\" \/>\n<meta name=\"twitter:label1\" content=\"Est. reading time\" \/>\n\t<meta name=\"twitter:data1\" content=\"3 minut\u0117s\" \/>\n<script type=\"application\/ld+json\" class=\"yoast-schema-graph\">{\"@context\":\"https:\\\/\\\/schema.org\",\"@graph\":[{\"@type\":[\"Article\",\"BlogPosting\"],\"@id\":\"https:\\\/\\\/www.taxes4u.co.uk\\\/blog-cis-registration-uk-everything-you-need-to-know-about#article\",\"isPartOf\":{\"@id\":\"https:\\\/\\\/www.taxes4u.co.uk\\\/blog-cis-registration-uk-everything-you-need-to-know-about\"},\"author\":{\"name\":\"Malaicik\",\"@id\":\"https:\\\/\\\/www.taxes4u.co.uk\\\/#\\\/schema\\\/person\\\/ee06b87a03cd2c51ef99b38e96b05669\"},\"headline\":\"CIS Registration UK: Everything You Need to Know About\",\"datePublished\":\"2023-03-11T11:01:02+00:00\",\"dateModified\":\"2026-04-12T09:33:04+00:00\",\"mainEntityOfPage\":{\"@id\":\"https:\\\/\\\/www.taxes4u.co.uk\\\/blog-cis-registration-uk-everything-you-need-to-know-about\"},\"wordCount\":681,\"publisher\":{\"@id\":\"https:\\\/\\\/www.taxes4u.co.uk\\\/#organization\"},\"image\":{\"@id\":\"https:\\\/\\\/www.taxes4u.co.uk\\\/blog-cis-registration-uk-everything-you-need-to-know-about#primaryimage\"},\"thumbnailUrl\":\"http:\\\/\\\/www.taxes4u.co.uk\\\/wp-content\\\/uploads\\\/2019\\\/06\\\/feature1-free-img-1.png\",\"inLanguage\":\"lt-LT\"},{\"@type\":\"WebPage\",\"@id\":\"https:\\\/\\\/www.taxes4u.co.uk\\\/blog-cis-registration-uk-everything-you-need-to-know-about\",\"url\":\"https:\\\/\\\/www.taxes4u.co.uk\\\/blog-cis-registration-uk-everything-you-need-to-know-about\",\"name\":\"CIS Registration UK: Everything You Need to Know | Taxes4u Blog\",\"isPartOf\":{\"@id\":\"https:\\\/\\\/www.taxes4u.co.uk\\\/#website\"},\"primaryImageOfPage\":{\"@id\":\"https:\\\/\\\/www.taxes4u.co.uk\\\/blog-cis-registration-uk-everything-you-need-to-know-about#primaryimage\"},\"image\":{\"@id\":\"https:\\\/\\\/www.taxes4u.co.uk\\\/blog-cis-registration-uk-everything-you-need-to-know-about#primaryimage\"},\"thumbnailUrl\":\"http:\\\/\\\/www.taxes4u.co.uk\\\/wp-content\\\/uploads\\\/2019\\\/06\\\/feature1-free-img-1.png\",\"datePublished\":\"2023-03-11T11:01:02+00:00\",\"dateModified\":\"2026-04-12T09:33:04+00:00\",\"description\":\"CIS Registration UK: Discover all you need to know about Construction Industry Scheme registration for contractors & subcontractors in the UK\",\"breadcrumb\":{\"@id\":\"https:\\\/\\\/www.taxes4u.co.uk\\\/blog-cis-registration-uk-everything-you-need-to-know-about#breadcrumb\"},\"inLanguage\":\"lt-LT\",\"potentialAction\":[{\"@type\":\"ReadAction\",\"target\":[\"https:\\\/\\\/www.taxes4u.co.uk\\\/blog-cis-registration-uk-everything-you-need-to-know-about\"]}]},{\"@type\":\"ImageObject\",\"inLanguage\":\"lt-LT\",\"@id\":\"https:\\\/\\\/www.taxes4u.co.uk\\\/blog-cis-registration-uk-everything-you-need-to-know-about#primaryimage\",\"url\":\"http:\\\/\\\/www.taxes4u.co.uk\\\/wp-content\\\/uploads\\\/2019\\\/06\\\/feature1-free-img-1.png\",\"contentUrl\":\"http:\\\/\\\/www.taxes4u.co.uk\\\/wp-content\\\/uploads\\\/2019\\\/06\\\/feature1-free-img-1.png\"},{\"@type\":\"BreadcrumbList\",\"@id\":\"https:\\\/\\\/www.taxes4u.co.uk\\\/blog-cis-registration-uk-everything-you-need-to-know-about#breadcrumb\",\"itemListElement\":[{\"@type\":\"ListItem\",\"position\":1,\"name\":\"Home\",\"item\":\"https:\\\/\\\/www.taxes4u.co.uk\\\/\"},{\"@type\":\"ListItem\",\"position\":2,\"name\":\"CIS Registration UK: Everything You Need to Know About\"}]},{\"@type\":\"WebSite\",\"@id\":\"https:\\\/\\\/www.taxes4u.co.uk\\\/#website\",\"url\":\"https:\\\/\\\/www.taxes4u.co.uk\\\/\",\"name\":\"Taxes4u\",\"description\":\"Tax Returns, Payroll, Bookkeeping\",\"publisher\":{\"@id\":\"https:\\\/\\\/www.taxes4u.co.uk\\\/#organization\"},\"potentialAction\":[{\"@type\":\"SearchAction\",\"target\":{\"@type\":\"EntryPoint\",\"urlTemplate\":\"https:\\\/\\\/www.taxes4u.co.uk\\\/?s={search_term_string}\"},\"query-input\":{\"@type\":\"PropertyValueSpecification\",\"valueRequired\":true,\"valueName\":\"search_term_string\"}}],\"inLanguage\":\"lt-LT\"},{\"@type\":\"Organization\",\"@id\":\"https:\\\/\\\/www.taxes4u.co.uk\\\/#organization\",\"name\":\"Taxes4u\",\"url\":\"https:\\\/\\\/www.taxes4u.co.uk\\\/\",\"logo\":{\"@type\":\"ImageObject\",\"inLanguage\":\"lt-LT\",\"@id\":\"https:\\\/\\\/www.taxes4u.co.uk\\\/#\\\/schema\\\/logo\\\/image\\\/\",\"url\":\"https:\\\/\\\/www.taxes4u.co.uk\\\/wp-content\\\/uploads\\\/2020\\\/06\\\/cropped-3001_Taxes4u_RB_GR-02.png\",\"contentUrl\":\"https:\\\/\\\/www.taxes4u.co.uk\\\/wp-content\\\/uploads\\\/2020\\\/06\\\/cropped-3001_Taxes4u_RB_GR-02.png\",\"width\":396,\"height\":82,\"caption\":\"Taxes4u\"},\"image\":{\"@id\":\"https:\\\/\\\/www.taxes4u.co.uk\\\/#\\\/schema\\\/logo\\\/image\\\/\"}},{\"@type\":\"Person\",\"@id\":\"https:\\\/\\\/www.taxes4u.co.uk\\\/#\\\/schema\\\/person\\\/ee06b87a03cd2c51ef99b38e96b05669\",\"name\":\"Malaicik\",\"image\":{\"@type\":\"ImageObject\",\"inLanguage\":\"lt-LT\",\"@id\":\"https:\\\/\\\/www.taxes4u.co.uk\\\/wp-content\\\/litespeed\\\/avatar\\\/de51a5554b0ffb96c04957c773c33138.jpg?ver=1776458316\",\"url\":\"https:\\\/\\\/www.taxes4u.co.uk\\\/wp-content\\\/litespeed\\\/avatar\\\/de51a5554b0ffb96c04957c773c33138.jpg?ver=1776458316\",\"contentUrl\":\"https:\\\/\\\/www.taxes4u.co.uk\\\/wp-content\\\/litespeed\\\/avatar\\\/de51a5554b0ffb96c04957c773c33138.jpg?ver=1776458316\",\"caption\":\"Malaicik\"},\"sameAs\":[\"http:\\\/\\\/taxes4u.co.uk\"],\"url\":\"https:\\\/\\\/www.taxes4u.co.uk\\\/lt\\\/author\\\/malaicik\"}]}<\/script>\n<!-- \/ Yoast SEO plugin. -->","yoast_head_json":{"title":"CIS registracija JK: viskas k\u0105 reikia \u017einoti | Taxes4u","description":"Su\u017einokite visk\u0105 apie Statybos pramon\u0117s schemos (CIS) registracij\u0105 JK \u2014 rangovams ir subrangovams. I\u0161samus vadovas i\u0161 Taxes4u.","robots":{"index":"index","follow":"follow","max-snippet":"max-snippet:-1","max-image-preview":"max-image-preview:large","max-video-preview":"max-video-preview:-1"},"canonical":"https:\/\/www.taxes4u.co.uk\/lt\/blog-cis-registration-uk-everything-you-need-to-know-about\/","og_locale":"lt_LT","og_type":"article","og_title":"CIS Registration UK: Everything You Need to Know | Taxes4u Blog","og_description":"CIS Registration UK: Discover all you need to know about Construction Industry Scheme registration for contractors & subcontractors in the UK","og_url":"https:\/\/www.taxes4u.co.uk\/lt\/blog-cis-registration-uk-everything-you-need-to-know-about\/","og_site_name":"Taxes4u","article_modified_time":"2026-04-12T09:33:04+00:00","og_image":[{"url":"http:\/\/www.taxes4u.co.uk\/wp-content\/uploads\/2019\/06\/feature1-free-img-1.png","type":"","width":"","height":""}],"twitter_card":"summary_large_image","twitter_misc":{"Est. reading time":"3 minut\u0117s"},"schema":{"@context":"https:\/\/schema.org","@graph":[{"@type":["Article","BlogPosting"],"@id":"https:\/\/www.taxes4u.co.uk\/blog-cis-registration-uk-everything-you-need-to-know-about#article","isPartOf":{"@id":"https:\/\/www.taxes4u.co.uk\/blog-cis-registration-uk-everything-you-need-to-know-about"},"author":{"name":"Malaicik","@id":"https:\/\/www.taxes4u.co.uk\/#\/schema\/person\/ee06b87a03cd2c51ef99b38e96b05669"},"headline":"CIS Registration UK: Everything You Need to Know About","datePublished":"2023-03-11T11:01:02+00:00","dateModified":"2026-04-12T09:33:04+00:00","mainEntityOfPage":{"@id":"https:\/\/www.taxes4u.co.uk\/blog-cis-registration-uk-everything-you-need-to-know-about"},"wordCount":681,"publisher":{"@id":"https:\/\/www.taxes4u.co.uk\/#organization"},"image":{"@id":"https:\/\/www.taxes4u.co.uk\/blog-cis-registration-uk-everything-you-need-to-know-about#primaryimage"},"thumbnailUrl":"http:\/\/www.taxes4u.co.uk\/wp-content\/uploads\/2019\/06\/feature1-free-img-1.png","inLanguage":"lt-LT"},{"@type":"WebPage","@id":"https:\/\/www.taxes4u.co.uk\/blog-cis-registration-uk-everything-you-need-to-know-about","url":"https:\/\/www.taxes4u.co.uk\/blog-cis-registration-uk-everything-you-need-to-know-about","name":"CIS registracija JK: viskas k\u0105 reikia \u017einoti | Taxes4u","isPartOf":{"@id":"https:\/\/www.taxes4u.co.uk\/#website"},"primaryImageOfPage":{"@id":"https:\/\/www.taxes4u.co.uk\/blog-cis-registration-uk-everything-you-need-to-know-about#primaryimage"},"image":{"@id":"https:\/\/www.taxes4u.co.uk\/blog-cis-registration-uk-everything-you-need-to-know-about#primaryimage"},"thumbnailUrl":"http:\/\/www.taxes4u.co.uk\/wp-content\/uploads\/2019\/06\/feature1-free-img-1.png","datePublished":"2023-03-11T11:01:02+00:00","dateModified":"2026-04-12T09:33:04+00:00","description":"Su\u017einokite visk\u0105 apie Statybos pramon\u0117s schemos (CIS) registracij\u0105 JK \u2014 rangovams ir subrangovams. I\u0161samus vadovas i\u0161 Taxes4u.","breadcrumb":{"@id":"https:\/\/www.taxes4u.co.uk\/blog-cis-registration-uk-everything-you-need-to-know-about#breadcrumb"},"inLanguage":"lt-LT","potentialAction":[{"@type":"ReadAction","target":["https:\/\/www.taxes4u.co.uk\/blog-cis-registration-uk-everything-you-need-to-know-about"]}]},{"@type":"ImageObject","inLanguage":"lt-LT","@id":"https:\/\/www.taxes4u.co.uk\/blog-cis-registration-uk-everything-you-need-to-know-about#primaryimage","url":"http:\/\/www.taxes4u.co.uk\/wp-content\/uploads\/2019\/06\/feature1-free-img-1.png","contentUrl":"http:\/\/www.taxes4u.co.uk\/wp-content\/uploads\/2019\/06\/feature1-free-img-1.png"},{"@type":"BreadcrumbList","@id":"https:\/\/www.taxes4u.co.uk\/blog-cis-registration-uk-everything-you-need-to-know-about#breadcrumb","itemListElement":[{"@type":"ListItem","position":1,"name":"Home","item":"https:\/\/www.taxes4u.co.uk\/"},{"@type":"ListItem","position":2,"name":"CIS Registration UK: Everything You Need to Know About"}]},{"@type":"WebSite","@id":"https:\/\/www.taxes4u.co.uk\/#website","url":"https:\/\/www.taxes4u.co.uk\/","name":"Taxes4u","description":"Mokes\u010di\u0173 deklaracijos, darbo u\u017emokestis, buhalterin\u0117 apskaita","publisher":{"@id":"https:\/\/www.taxes4u.co.uk\/#organization"},"potentialAction":[{"@type":"SearchAction","target":{"@type":"EntryPoint","urlTemplate":"https:\/\/www.taxes4u.co.uk\/?s={search_term_string}"},"query-input":{"@type":"PropertyValueSpecification","valueRequired":true,"valueName":"search_term_string"}}],"inLanguage":"lt-LT"},{"@type":"Organization","@id":"https:\/\/www.taxes4u.co.uk\/#organization","name":"Taxes4u","url":"https:\/\/www.taxes4u.co.uk\/","logo":{"@type":"ImageObject","inLanguage":"lt-LT","@id":"https:\/\/www.taxes4u.co.uk\/#\/schema\/logo\/image\/","url":"https:\/\/www.taxes4u.co.uk\/wp-content\/uploads\/2020\/06\/cropped-3001_Taxes4u_RB_GR-02.png","contentUrl":"https:\/\/www.taxes4u.co.uk\/wp-content\/uploads\/2020\/06\/cropped-3001_Taxes4u_RB_GR-02.png","width":396,"height":82,"caption":"Taxes4u"},"image":{"@id":"https:\/\/www.taxes4u.co.uk\/#\/schema\/logo\/image\/"}},{"@type":"Person","@id":"https:\/\/www.taxes4u.co.uk\/#\/schema\/person\/ee06b87a03cd2c51ef99b38e96b05669","name":"Malai\u010dikas","image":{"@type":"ImageObject","inLanguage":"lt-LT","@id":"https:\/\/www.taxes4u.co.uk\/wp-content\/litespeed\/avatar\/de51a5554b0ffb96c04957c773c33138.jpg?ver=1776458316","url":"https:\/\/www.taxes4u.co.uk\/wp-content\/litespeed\/avatar\/de51a5554b0ffb96c04957c773c33138.jpg?ver=1776458316","contentUrl":"https:\/\/www.taxes4u.co.uk\/wp-content\/litespeed\/avatar\/de51a5554b0ffb96c04957c773c33138.jpg?ver=1776458316","caption":"Malaicik"},"sameAs":["http:\/\/taxes4u.co.uk"],"url":"https:\/\/www.taxes4u.co.uk\/lt\/author\/malaicik"}]}},"uagb_featured_image_src":{"full":false,"thumbnail":false,"medium":false,"medium_large":false,"large":false,"1536x1536":false,"2048x2048":false,"trp-custom-language-flag":false},"uagb_author_info":{"display_name":"Malaicik","author_link":"https:\/\/www.taxes4u.co.uk\/lt\/author\/malaicik"},"uagb_comment_info":0,"uagb_excerpt":"Blog CIS Registration UK: Everything You Need to Know About CIS Registration UK Everything You Need to Know About Construction Industry Scheme (CIS) Introduction:If you&#8217;re working in the construction industry in the UK, you&#8217;ve likely heard about the Construction Industry Scheme (CIS). The scheme is designed to regulate payments between contractors and subcontractors in the&hellip;","_links":{"self":[{"href":"https:\/\/www.taxes4u.co.uk\/lt\/wp-json\/wp\/v2\/pages\/1692","targetHints":{"allow":["GET"]}}],"collection":[{"href":"https:\/\/www.taxes4u.co.uk\/lt\/wp-json\/wp\/v2\/pages"}],"about":[{"href":"https:\/\/www.taxes4u.co.uk\/lt\/wp-json\/wp\/v2\/types\/page"}],"author":[{"embeddable":true,"href":"https:\/\/www.taxes4u.co.uk\/lt\/wp-json\/wp\/v2\/users\/1"}],"replies":[{"embeddable":true,"href":"https:\/\/www.taxes4u.co.uk\/lt\/wp-json\/wp\/v2\/comments?post=1692"}],"version-history":[{"count":12,"href":"https:\/\/www.taxes4u.co.uk\/lt\/wp-json\/wp\/v2\/pages\/1692\/revisions"}],"predecessor-version":[{"id":2226,"href":"https:\/\/www.taxes4u.co.uk\/lt\/wp-json\/wp\/v2\/pages\/1692\/revisions\/2226"}],"wp:attachment":[{"href":"https:\/\/www.taxes4u.co.uk\/lt\/wp-json\/wp\/v2\/media?parent=1692"}],"curies":[{"name":"wp","href":"https:\/\/api.w.org\/{rel}","templated":true}]}}