{"id":1708,"date":"2023-03-11T12:25:58","date_gmt":"2023-03-11T12:25:58","guid":{"rendered":"http:\/\/www.taxes4u.co.uk\/?page_id=1708"},"modified":"2023-03-26T21:08:06","modified_gmt":"2023-03-26T21:08:06","slug":"mortgage-broker-advise-and-support-uk","status":"publish","type":"page","link":"https:\/\/www.taxes4u.co.uk\/lt\/mortgage-broker-advise-and-support-uk","title":{"rendered":"Mortgage paslaugos"},"content":{"rendered":"<h5>\n\t\t\t\tPaslaugos\n\t\t\t<\/h5>\n\t<h1>\n\t\t\t\tMortgage Broker Advice &#038; Support for Property Purchase\n\t\t\t<\/h1>\n\t<h2>\n\t\t\t\tMortgage Broker Advice &#038; Support &#8211; Secure Your Dream Home with Our Expert Help\n\t\t\t<\/h2>\n\t<h4>\n\t\t\t\tPlanuojate pirkti nekilnojam\u0105j\u012f turt\u0105 Jungtin\u0117je Karalyst\u0117je?\n\t\t\t<\/h4>\n\t\t\t<p>Purchasing a home is an exciting but significant investment, and securing a mortgage is a crucial step in the process. However, navigating the complex mortgage market can be overwhelming. That&#8217;s where our mortgage services come in. Our team of experienced mortgage advisors can help you find the right mortgage for your needs and support you throughout the process. In this article, we&#8217;ll explore how our mortgage services can help you achieve your dream of homeownership.<\/p>\t\n\t<h4>\n\t\t\t\tK\u0105 mes si\u016blome\n\t\t\t<\/h4>\n\t\t\t<p>Si\u016blome \u012fvairias hipotekos paslaugas, padedan\u010dias rasti j\u016bs\u0173 poreikius atitinkan\u010di\u0105 hipotek\u0105, \u012fskaitant:\u00a0<\/p><ul><li>Hipotekos konsultacijos ir patarimai: M\u016bs\u0173 ekspert\u0173 komanda kartu su jumis pad\u0117s suprasti j\u016bs\u0173 finansin\u0119 pad\u0117t\u012f ir i\u0161sirinkti geriausius hipotekos variantus.<\/li><li>Hipotekos produkt\u0173 palyginimai: Turime prieig\u0105 prie daugyb\u0117s skolintoj\u0173 ir hipotekos produkt\u0173, tod\u0117l lengviau rasti jums tinkamiausi\u0105 pasi\u016blym\u0105.<\/li><li>Hipotekos parai\u0161kos ir j\u0173 pateikimas: Mes pad\u0117sime jums u\u017epildyti parai\u0161k\u0105, u\u017etikrinsime, kad visi reikalingi dokumentai b\u016bt\u0173 u\u017epildyti ir pateikti teisingai.<\/li><li>Derybos su skolintojais: Mes pasinaudosime savo patirtimi ir j\u016bs\u0173 vardu der\u0117sim\u0117s su skolintojais, kad u\u017etikrintume geriausi\u0105 \u012fmanom\u0105 sandor\u012f.<\/li><li>Pagalba tvarkant dokumentus ir dokumentacij\u0105: Suteiksime rekomendacijas ir pagalb\u0105 viso proceso metu, u\u017etikrindami, kad visi reikalingi dokumentai b\u016bt\u0173 u\u017epildyti tiksliai ir laiku.<\/li><\/ul>\t\n\t<h4>\n\t\t\t\tKod\u0117l verta rinktis m\u016bs\u0173 hipotekos paslaugas?\n\t\t\t<\/h4>\n\t\t\t<ul><li>Experience: Our team of mortgage advisors has years of experience in the industry and has helped countless clients secure the right mortgage for their needs.<\/li><li>Expertise: We have extensive knowledge of the mortgage market and will provide you with valuable advice and guidance throughout the process.<\/li><li>Personalized Service: We understand that each client&#8217;s needs are unique, and we will work with you to tailor our services to meet your specific needs.<\/li><li>Convenience: We offer a one-stop-shop for all your mortgage needs, first mortgages or re-mortgages, making the process more convenient and efficient.<\/li><\/ul>\t\n\t<h4>\n\t\t\t\tLeiskite mums jums pad\u0117ti\n\t\t\t<\/h4>\n\t\t\t<p>Securing a mortgage is a crucial step in purchasing a home. Our mortgage services are designed to make the process easier, faster, and more affordable. With our team of experienced mortgage advisors, you can rest assured that you&#8217;ll find the right mortgage for your needs. <a href=\"http:\/\/www.taxes4u.co.uk\/lt\/contact\/\">Susisiekite su mumis \u0161iandien<\/a> su\u017einoti daugiau ir prad\u0117ti kelion\u0119 \u012f b\u016bsto nuosavyb\u0119.<\/p>\t\n\t\t\t\t<img decoding=\"async\" src=\"http:\/\/www.taxes4u.co.uk\/wp-content\/uploads\/2019\/06\/feature2-free-img-1.png\" alt=\"Mokes\u010di\u0173 deklaravimas, mokes\u010di\u0173 gr\u0105\u017einimas ir hipotekos brokeri\u0173 paslaugos Lietuvoje | Taxes4u\" title=\"Taxes4u. Mokes\u010di\u0173 gr\u0105\u017einimas Mokes\u010di\u0173 gr\u0105\u017einimas ir hipotekos brokeris\" itemprop=\"image\"\/>\n\t\t\t\t<img decoding=\"async\" src=\"http:\/\/www.taxes4u.co.uk\/wp-content\/uploads\/2019\/06\/feature1-free-img-1.png\" alt=\"Taxes4u. Mokes\u010di\u0173 deklaravimas, mokes\u010di\u0173 gr\u0105\u017einimas, darbo u\u017emokes\u010dio apskaita ir buhalterija\" title=\"Taxes4u. Mokes\u010di\u0173 deklaravimas, mokes\u010di\u0173 gr\u0105\u017einimas, darbo u\u017emokes\u010dio apskaita ir buhalterija\" itemprop=\"image\"\/>\n\t<h2>\n\t\t\t\tHipoteka Susij\u0119 dienora\u0161\u010dio \u012fra\u0161ai straipsniai\n\t\t\t<\/h2>\n\t\t\t<ul><li><a href=\"http:\/\/www.taxes4u.co.uk\/lt\/blog-mortgage-brokers-who-are-they-and-what-services-do-they-offer\/\">Hipotekos brokeriai JK: kas jie ir kokias paslaugas teikia?<\/a><\/li><li><a href=\"http:\/\/www.taxes4u.co.uk\/lt\/blog-interest-only-vs-repayment-uk-mortgages-understanding-the-differences-for-uk-homebuyers\/\">Tik pal\u016bkan\u0173 ir gr\u0105\u017einimo hipoteka: Suprasti skirtumus JK b\u016bsto pirk\u0117jams<\/a><\/li><li><a href=\"http:\/\/www.taxes4u.co.uk\/lt\/blog-how-much-mortgage-can-i-borrow\/\">Kokio dyd\u017eio hipotekos (Mortgage) paskol\u0105 galiu pasiskolinti?<\/a><\/li><\/ul>\t\n\t<h5>\n\t\t\t\tNemokamas paslaug\u0173 \u012fvertinimas\n\t\t\t<\/h5>\n\t<h2>\n\t\t\t\tKainos u\u017eklausimas\n\t\t\t<\/h2>\n\t\t\t<p>Norite aptarti buhalterin\u0117s apskaitos paslaugas jums ir j\u016bs\u0173 verslui? Susisiekite ir gaukite nemokam\u0105 ne\u012fpareigojant\u012f pasi\u016blym\u0105.<\/p>\t\n\t\t\t<a href=\"http:\/\/www.taxes4u.co.uk\/lt\/contact\/\" target=\"_self\" role=\"button\" aria-label=\"Gaukite pasi\u016blym\u0105\" rel=\"noopener\">\n\t\t\t\t\t\t\tGaukite pasi\u016blym\u0105\n\t\t<\/a>","protected":false},"excerpt":{"rendered":"<p>Services Mortgage Broker Advice &#038; Support for Property Purchase Mortgage Broker Advice &#038; Support &#8211; Secure Your Dream Home with Our Expert Help Are you planning to buy a property? Purchasing a home is an exciting but significant investment, and securing a mortgage is a crucial step in the process. However, navigating the complex mortgage [&hellip;]<\/p>\n","protected":false},"author":1,"featured_media":0,"parent":0,"menu_order":0,"comment_status":"closed","ping_status":"closed","template":"","meta":{"_uag_custom_page_level_css":"","site-sidebar-layout":"default","site-content-layout":"page-builder","ast-site-content-layout":"default","site-content-style":"default","site-sidebar-style":"default","ast-global-header-display":"","ast-banner-title-visibility":"","ast-main-header-display":"","ast-hfb-above-header-display":"","ast-hfb-below-header-display":"","ast-hfb-mobile-header-display":"","site-post-title":"disabled","ast-breadcrumbs-content":"","ast-featured-img":"disabled","footer-sml-layout":"","ast-disable-related-posts":"","theme-transparent-header-meta":"enabled","adv-header-id-meta":"","stick-header-meta":"default","header-above-stick-meta":"","header-main-stick-meta":"","header-below-stick-meta":"","astra-migrate-meta-layouts":"default","ast-page-background-enabled":"default","ast-page-background-meta":{"desktop":{"background-color":"","background-image":"","background-repeat":"repeat","background-position":"center center","background-size":"auto","background-attachment":"scroll","background-type":"","background-media":"","overlay-type":"","overlay-color":"","overlay-opacity":"","overlay-gradient":""},"tablet":{"background-color":"","background-image":"","background-repeat":"repeat","background-position":"center center","background-size":"auto","background-attachment":"scroll","background-type":"","background-media":"","overlay-type":"","overlay-color":"","overlay-opacity":"","overlay-gradient":""},"mobile":{"background-color":"","background-image":"","background-repeat":"repeat","background-position":"center center","background-size":"auto","background-attachment":"scroll","background-type":"","background-media":"","overlay-type":"","overlay-color":"","overlay-opacity":"","overlay-gradient":""}},"ast-content-background-meta":{"desktop":{"background-color":"var(--ast-global-color-5)","background-image":"","background-repeat":"repeat","background-position":"center center","background-size":"auto","background-attachment":"scroll","background-type":"","background-media":"","overlay-type":"","overlay-color":"","overlay-opacity":"","overlay-gradient":""},"tablet":{"background-color":"var(--ast-global-color-5)","background-image":"","background-repeat":"repeat","background-position":"center center","background-size":"auto","background-attachment":"scroll","background-type":"","background-media":"","overlay-type":"","overlay-color":"","overlay-opacity":"","overlay-gradient":""},"mobile":{"background-color":"var(--ast-global-color-5)","background-image":"","background-repeat":"repeat","background-position":"center center","background-size":"auto","background-attachment":"scroll","background-type":"","background-media":"","overlay-type":"","overlay-color":"","overlay-opacity":"","overlay-gradient":""}},"footnotes":""},"class_list":["post-1708","page","type-page","status-publish","hentry"],"yoast_head":"<!-- This site is optimized with the Yoast SEO plugin v27.4 - https:\/\/yoast.com\/product\/yoast-seo-wordpress\/ -->\n<title>Mortgage Broker Advice &amp; Support for Property Purchase | Taxes4u<\/title>\n<meta name=\"description\" content=\"Mortgage Broker Advice &amp; Support for Your Property Purchase. Get Expert Guidance from Our Experienced Mortgage Advisors. Contact Us Today!\" \/>\n<meta name=\"robots\" content=\"index, follow, max-snippet:-1, max-image-preview:large, max-video-preview:-1\" \/>\n<link rel=\"canonical\" href=\"https:\/\/www.taxes4u.co.uk\/lt\/mortgage-broker-advise-and-support-uk\/\" \/>\n<meta property=\"og:locale\" content=\"lt_LT\" \/>\n<meta property=\"og:type\" content=\"article\" \/>\n<meta property=\"og:title\" content=\"Mortgage Broker Advice &amp; Support for Property Purchase | Taxes4u\" \/>\n<meta property=\"og:description\" content=\"Mortgage Broker Advice &amp; Support for Your Property Purchase. Get Expert Guidance from Our Experienced Mortgage Advisors. Contact Us Today!\" \/>\n<meta property=\"og:url\" content=\"https:\/\/www.taxes4u.co.uk\/lt\/mortgage-broker-advise-and-support-uk\/\" \/>\n<meta property=\"og:site_name\" content=\"Taxes4u\" \/>\n<meta property=\"article:modified_time\" content=\"2023-03-26T21:08:06+00:00\" \/>\n<meta property=\"og:image\" content=\"http:\/\/www.taxes4u.co.uk\/wp-content\/uploads\/2019\/06\/feature2-free-img-1.png\" \/>\n<meta name=\"twitter:card\" content=\"summary_large_image\" \/>\n<meta name=\"twitter:label1\" content=\"Est. reading time\" \/>\n\t<meta name=\"twitter:data1\" content=\"3 minut\u0117s\" \/>\n<script type=\"application\/ld+json\" class=\"yoast-schema-graph\">{\"@context\":\"https:\\\/\\\/schema.org\",\"@graph\":[{\"@type\":\"WebPage\",\"@id\":\"https:\\\/\\\/www.taxes4u.co.uk\\\/mortgage-broker-advise-and-support-uk\",\"url\":\"https:\\\/\\\/www.taxes4u.co.uk\\\/mortgage-broker-advise-and-support-uk\",\"name\":\"Mortgage Broker Advice & Support for Property Purchase | Taxes4u\",\"isPartOf\":{\"@id\":\"https:\\\/\\\/www.taxes4u.co.uk\\\/#website\"},\"primaryImageOfPage\":{\"@id\":\"https:\\\/\\\/www.taxes4u.co.uk\\\/mortgage-broker-advise-and-support-uk#primaryimage\"},\"image\":{\"@id\":\"https:\\\/\\\/www.taxes4u.co.uk\\\/mortgage-broker-advise-and-support-uk#primaryimage\"},\"thumbnailUrl\":\"http:\\\/\\\/www.taxes4u.co.uk\\\/wp-content\\\/uploads\\\/2019\\\/06\\\/feature2-free-img-1.png\",\"datePublished\":\"2023-03-11T12:25:58+00:00\",\"dateModified\":\"2023-03-26T21:08:06+00:00\",\"description\":\"Mortgage Broker Advice & Support for Your Property Purchase. Get Expert Guidance from Our Experienced Mortgage Advisors. Contact Us Today!\",\"breadcrumb\":{\"@id\":\"https:\\\/\\\/www.taxes4u.co.uk\\\/mortgage-broker-advise-and-support-uk#breadcrumb\"},\"inLanguage\":\"lt-LT\",\"potentialAction\":[{\"@type\":\"ReadAction\",\"target\":[\"https:\\\/\\\/www.taxes4u.co.uk\\\/mortgage-broker-advise-and-support-uk\"]}]},{\"@type\":\"ImageObject\",\"inLanguage\":\"lt-LT\",\"@id\":\"https:\\\/\\\/www.taxes4u.co.uk\\\/mortgage-broker-advise-and-support-uk#primaryimage\",\"url\":\"http:\\\/\\\/www.taxes4u.co.uk\\\/wp-content\\\/uploads\\\/2019\\\/06\\\/feature2-free-img-1.png\",\"contentUrl\":\"http:\\\/\\\/www.taxes4u.co.uk\\\/wp-content\\\/uploads\\\/2019\\\/06\\\/feature2-free-img-1.png\"},{\"@type\":\"BreadcrumbList\",\"@id\":\"https:\\\/\\\/www.taxes4u.co.uk\\\/mortgage-broker-advise-and-support-uk#breadcrumb\",\"itemListElement\":[{\"@type\":\"ListItem\",\"position\":1,\"name\":\"Home\",\"item\":\"https:\\\/\\\/www.taxes4u.co.uk\\\/\"},{\"@type\":\"ListItem\",\"position\":2,\"name\":\"Mortgage Services\"}]},{\"@type\":\"WebSite\",\"@id\":\"https:\\\/\\\/www.taxes4u.co.uk\\\/#website\",\"url\":\"https:\\\/\\\/www.taxes4u.co.uk\\\/\",\"name\":\"Taxes4u\",\"description\":\"Tax Returns, Payroll, Bookkeeping\",\"publisher\":{\"@id\":\"https:\\\/\\\/www.taxes4u.co.uk\\\/#organization\"},\"potentialAction\":[{\"@type\":\"SearchAction\",\"target\":{\"@type\":\"EntryPoint\",\"urlTemplate\":\"https:\\\/\\\/www.taxes4u.co.uk\\\/?s={search_term_string}\"},\"query-input\":{\"@type\":\"PropertyValueSpecification\",\"valueRequired\":true,\"valueName\":\"search_term_string\"}}],\"inLanguage\":\"lt-LT\"},{\"@type\":\"Organization\",\"@id\":\"https:\\\/\\\/www.taxes4u.co.uk\\\/#organization\",\"name\":\"Taxes4u\",\"url\":\"https:\\\/\\\/www.taxes4u.co.uk\\\/\",\"logo\":{\"@type\":\"ImageObject\",\"inLanguage\":\"lt-LT\",\"@id\":\"https:\\\/\\\/www.taxes4u.co.uk\\\/#\\\/schema\\\/logo\\\/image\\\/\",\"url\":\"https:\\\/\\\/www.taxes4u.co.uk\\\/wp-content\\\/uploads\\\/2020\\\/06\\\/cropped-3001_Taxes4u_RB_GR-02.png\",\"contentUrl\":\"https:\\\/\\\/www.taxes4u.co.uk\\\/wp-content\\\/uploads\\\/2020\\\/06\\\/cropped-3001_Taxes4u_RB_GR-02.png\",\"width\":396,\"height\":82,\"caption\":\"Taxes4u\"},\"image\":{\"@id\":\"https:\\\/\\\/www.taxes4u.co.uk\\\/#\\\/schema\\\/logo\\\/image\\\/\"}}]}<\/script>\n<!-- \/ Yoast SEO plugin. -->","yoast_head_json":{"title":"Hipotekos brokeri\u0173 konsultacijos ir parama perkant nekilnojam\u0105j\u012f turt\u0105 | Taxes4u","description":"Hipotekos brokerio konsultacijos ir parama \u012fsigyjant nekilnojam\u0105j\u012f turt\u0105. Gaukite m\u016bs\u0173 patyrusi\u0173 hipotekos konsultant\u0173 patarimus. Susisiekite su mumis \u0161iandien!","robots":{"index":"index","follow":"follow","max-snippet":"max-snippet:-1","max-image-preview":"max-image-preview:large","max-video-preview":"max-video-preview:-1"},"canonical":"https:\/\/www.taxes4u.co.uk\/lt\/mortgage-broker-advise-and-support-uk\/","og_locale":"lt_LT","og_type":"article","og_title":"Mortgage Broker Advice & Support for Property Purchase | Taxes4u","og_description":"Mortgage Broker Advice & Support for Your Property Purchase. Get Expert Guidance from Our Experienced Mortgage Advisors. Contact Us Today!","og_url":"https:\/\/www.taxes4u.co.uk\/lt\/mortgage-broker-advise-and-support-uk\/","og_site_name":"Taxes4u","article_modified_time":"2023-03-26T21:08:06+00:00","og_image":[{"url":"http:\/\/www.taxes4u.co.uk\/wp-content\/uploads\/2019\/06\/feature2-free-img-1.png","type":"","width":"","height":""}],"twitter_card":"summary_large_image","twitter_misc":{"Est. reading time":"3 minut\u0117s"},"schema":{"@context":"https:\/\/schema.org","@graph":[{"@type":"WebPage","@id":"https:\/\/www.taxes4u.co.uk\/mortgage-broker-advise-and-support-uk","url":"https:\/\/www.taxes4u.co.uk\/mortgage-broker-advise-and-support-uk","name":"Hipotekos brokeri\u0173 konsultacijos ir parama perkant nekilnojam\u0105j\u012f turt\u0105 | Taxes4u","isPartOf":{"@id":"https:\/\/www.taxes4u.co.uk\/#website"},"primaryImageOfPage":{"@id":"https:\/\/www.taxes4u.co.uk\/mortgage-broker-advise-and-support-uk#primaryimage"},"image":{"@id":"https:\/\/www.taxes4u.co.uk\/mortgage-broker-advise-and-support-uk#primaryimage"},"thumbnailUrl":"http:\/\/www.taxes4u.co.uk\/wp-content\/uploads\/2019\/06\/feature2-free-img-1.png","datePublished":"2023-03-11T12:25:58+00:00","dateModified":"2023-03-26T21:08:06+00:00","description":"Hipotekos brokerio konsultacijos ir parama \u012fsigyjant nekilnojam\u0105j\u012f turt\u0105. Gaukite m\u016bs\u0173 patyrusi\u0173 hipotekos konsultant\u0173 patarimus. Susisiekite su mumis \u0161iandien!","breadcrumb":{"@id":"https:\/\/www.taxes4u.co.uk\/mortgage-broker-advise-and-support-uk#breadcrumb"},"inLanguage":"lt-LT","potentialAction":[{"@type":"ReadAction","target":["https:\/\/www.taxes4u.co.uk\/mortgage-broker-advise-and-support-uk"]}]},{"@type":"ImageObject","inLanguage":"lt-LT","@id":"https:\/\/www.taxes4u.co.uk\/mortgage-broker-advise-and-support-uk#primaryimage","url":"http:\/\/www.taxes4u.co.uk\/wp-content\/uploads\/2019\/06\/feature2-free-img-1.png","contentUrl":"http:\/\/www.taxes4u.co.uk\/wp-content\/uploads\/2019\/06\/feature2-free-img-1.png"},{"@type":"BreadcrumbList","@id":"https:\/\/www.taxes4u.co.uk\/mortgage-broker-advise-and-support-uk#breadcrumb","itemListElement":[{"@type":"ListItem","position":1,"name":"Home","item":"https:\/\/www.taxes4u.co.uk\/"},{"@type":"ListItem","position":2,"name":"Mortgage Services"}]},{"@type":"WebSite","@id":"https:\/\/www.taxes4u.co.uk\/#website","url":"https:\/\/www.taxes4u.co.uk\/","name":"Taxes4u","description":"Mokes\u010di\u0173 deklaracijos, darbo u\u017emokestis, buhalterin\u0117 apskaita","publisher":{"@id":"https:\/\/www.taxes4u.co.uk\/#organization"},"potentialAction":[{"@type":"SearchAction","target":{"@type":"EntryPoint","urlTemplate":"https:\/\/www.taxes4u.co.uk\/?s={search_term_string}"},"query-input":{"@type":"PropertyValueSpecification","valueRequired":true,"valueName":"search_term_string"}}],"inLanguage":"lt-LT"},{"@type":"Organization","@id":"https:\/\/www.taxes4u.co.uk\/#organization","name":"Taxes4u","url":"https:\/\/www.taxes4u.co.uk\/","logo":{"@type":"ImageObject","inLanguage":"lt-LT","@id":"https:\/\/www.taxes4u.co.uk\/#\/schema\/logo\/image\/","url":"https:\/\/www.taxes4u.co.uk\/wp-content\/uploads\/2020\/06\/cropped-3001_Taxes4u_RB_GR-02.png","contentUrl":"https:\/\/www.taxes4u.co.uk\/wp-content\/uploads\/2020\/06\/cropped-3001_Taxes4u_RB_GR-02.png","width":396,"height":82,"caption":"Taxes4u"},"image":{"@id":"https:\/\/www.taxes4u.co.uk\/#\/schema\/logo\/image\/"}}]}},"uagb_featured_image_src":{"full":false,"thumbnail":false,"medium":false,"medium_large":false,"large":false,"1536x1536":false,"2048x2048":false,"trp-custom-language-flag":false},"uagb_author_info":{"display_name":"Malaicik","author_link":"https:\/\/www.taxes4u.co.uk\/lt\/author\/malaicik"},"uagb_comment_info":0,"uagb_excerpt":"Services Mortgage Broker Advice &#038; Support for Property Purchase Mortgage Broker Advice &#038; Support &#8211; Secure Your Dream Home with Our Expert Help Are you planning to buy a property? Purchasing a home is an exciting but significant investment, and securing a mortgage is a crucial step in the process. However, navigating the complex mortgage&hellip;","_links":{"self":[{"href":"https:\/\/www.taxes4u.co.uk\/lt\/wp-json\/wp\/v2\/pages\/1708","targetHints":{"allow":["GET"]}}],"collection":[{"href":"https:\/\/www.taxes4u.co.uk\/lt\/wp-json\/wp\/v2\/pages"}],"about":[{"href":"https:\/\/www.taxes4u.co.uk\/lt\/wp-json\/wp\/v2\/types\/page"}],"author":[{"embeddable":true,"href":"https:\/\/www.taxes4u.co.uk\/lt\/wp-json\/wp\/v2\/users\/1"}],"replies":[{"embeddable":true,"href":"https:\/\/www.taxes4u.co.uk\/lt\/wp-json\/wp\/v2\/comments?post=1708"}],"version-history":[{"count":18,"href":"https:\/\/www.taxes4u.co.uk\/lt\/wp-json\/wp\/v2\/pages\/1708\/revisions"}],"predecessor-version":[{"id":1819,"href":"https:\/\/www.taxes4u.co.uk\/lt\/wp-json\/wp\/v2\/pages\/1708\/revisions\/1819"}],"wp:attachment":[{"href":"https:\/\/www.taxes4u.co.uk\/lt\/wp-json\/wp\/v2\/media?parent=1708"}],"curies":[{"name":"wp","href":"https:\/\/api.w.org\/{rel}","templated":true}]}}