{"id":1759,"date":"2023-03-12T13:03:24","date_gmt":"2023-03-12T13:03:24","guid":{"rendered":"http:\/\/www.taxes4u.co.uk\/?page_id=1759"},"modified":"2024-04-21T20:44:21","modified_gmt":"2024-04-21T20:44:21","slug":"blog-interest-only-vs-repayment-uk-mortgages-understanding-the-differences-for-uk-homebuyers","status":"publish","type":"page","link":"https:\/\/www.taxes4u.co.uk\/lt\/blog-interest-only-vs-repayment-uk-mortgages-understanding-the-differences-for-uk-homebuyers","title":{"rendered":"Tik pal\u016bkan\u0173 ir gr\u0105\u017einimo hipoteka: Suprasti skirtumus JK b\u016bsto pirk\u0117jams"},"content":{"rendered":"<h5>\n\t\t\t\tTinklara\u0161tis\n\t\t\t<\/h5>\n\t<h1>\n\t\t\t\tTik pal\u016bkan\u0173 ir gr\u0105\u017einimo JK hipotekos paskolos\n\t\t\t<\/h1>\n\t<h2>\n\t\t\t\tTik pal\u016bkan\u0173 ar gr\u0105\u017einimo JK hipoteka?\n\t\t\t<\/h2>\n\t<h2>\n\t\t\t\tSupraskite skirtumus ir pasirinkite geriausiai j\u016bs\u0173 poreikius atitinkant\u012f hipotekos tip\u0105\n\t\t\t<\/h2>\n\t\t\t<p>\u00a0Interest-Only vs. Repayment UK Mortgages? When it comes to buying a home in the UK, the mortgage process can be overwhelming. There are many different types of mortgages available, and it can be difficult to determine which one is the best fit for you. Two of the most common mortgage types in the UK are interest-only and repayment mortgages. In this article, we&#8217;ll explore the key differences between these two types of mortgages and help you determine which one might be the right choice for your unique situation.\u00a0\u00a0<strong>Kas yra hipoteka tik su pal\u016bkanomis?<\/strong><br \/>An interest-only mortgage is exactly what it sounds like &#8211; you only pay the interest on the amount you borrow each month, without making any payments towards the principal. As a result, your monthly payments will be lower than they would be with a repayment mortgage. However, at the end of your mortgage term, you will still owe the full amount you borrowed. This means that you will need to have a plan in place to repay the loan when the term is up. Many people who choose interest-only mortgages do so because they have a plan in place to repay the loan, such as an investment plan or savings.\u00a0<strong>Kas yra gr\u0105\u017einamoji hipoteka?<\/strong><br \/>Kita vertus, pagal gr\u0105\u017einam\u0105j\u0105 hipotek\u0105 kiekvien\u0105 m\u0117nes\u012f reikia mok\u0117ti ir pal\u016bkanas, ir pagrindin\u0119 sum\u0105. Tai rei\u0161kia, kad j\u016bs\u0173 m\u0117nesin\u0117s \u012fmokos bus didesn\u0117s nei mokant tik pal\u016bkanas. Ta\u010diau hipotekos termino pabaigoje b\u016bsite sumok\u0117j\u0119 vis\u0105 pasiskolint\u0105 sum\u0105 ir jums priklausys visas b\u016bstas. Tai populiarus daugelio b\u016bsto savinink\u0173 pasirinkimas, nes jis suteikia saugumo, nes \u017einote, kad pasibaigus hipotekos terminui u\u017e b\u016bst\u0105 bus visi\u0161kai atsiskaityta.\u00a0<strong>Kokie yra pagrindiniai pal\u016bkan\u0173 ir gr\u0105\u017einimo hipotekos skirtumai?<\/strong>The main difference between interest-only and repayment mortgages is how the payments are structured. With an interest-only mortgage, you only pay the interest each month, while with a repayment mortgage, you pay both the interest and the principal. As a result, your monthly payments will be lower with an interest-only mortgage, but you will still owe the full amount you borrowed at the end of the term.Another key difference is the risk involved. With an interest-only mortgage, you are taking on more risk because you will still owe the full amount you borrowed at the end of the term. This means that you will need to have a plan in place to repay the loan, and if your plan doesn&#8217;t work out, you could be in financial trouble. With a repayment mortgage, you are paying off the principal as well as the interest each month, which means that you are reducing the amount you owe over time and building equity in your home.\u00a0<strong>Kuris jums tinka?<\/strong>Ultimately, the type of mortgage that is right for you will depend on your unique financial situation and goals. If you have a plan in place to repay the loan and want lower monthly payments, an interest-only mortgage might be a good choice for you. However, if you want the security of knowing that your home will be fully paid off at the end of the term, a repayment mortgage might be the better choice.It&#8217;s important to consider all of your options and work with a reputable mortgage lender to determine which type of mortgage is the best fit for you. With the right mortgage in place, you can achieve your dream of owning a home in the UK and enjoy the many benefits of homeownership.\u00a0<a href=\"http:\/\/www.taxes4u.co.uk\/lt\/contact\/\">Susisiekite su mumis \u0161iandien<\/a> nor\u0117dami su\u017einoti daugiau ir prad\u0117ti kelion\u0119 \u012f b\u016bsto nuosavyb\u0119. Mielai atsakysime \u012f visus su hipoteka susijusius klausimus ir pad\u0117sime jums hipotekos procese.\u00a0<a href=\"http:\/\/www.taxes4u.co.uk\/lt\/mortgage-calculator\/\">Nemokama hipotekos skai\u010diuokl\u0117<\/a> &#8211; Estimate your monthly repayments, total interest, and more. Use our free Mortgage Calculator today!<\/p>\t\n\t<h4>\n\t\t\t\tOrther tinklara\u0161\u010dio \u012fra\u0161ai, kurie jus gali sudominti\n\t\t\t<\/h4>\n\t\t\t<ul><li><a href=\"https:\/\/www.taxes4u.co.uk\/lt\/blog-ultimate-guide-to-self-employed-mortgages-in-the-uk-navigating-tax-returns-sa302-and-more\/\">Galutinis savaranki\u0161kai dirban\u010di\u0173 asmen\u0173 hipotekos Jungtin\u0117je Karalyst\u0117je vadovas: Knyga: Mokes\u010di\u0173 deklaracijos, SA302 ir kt.<\/a><\/li><li><a href=\"http:\/\/www.taxes4u.co.uk\/lt\/blog-mortgage-brokers-who-are-they-and-what-services-do-they-offer\/\">Hipotekos brokeriai JK: kas jie ir kokias paslaugas teikia?<\/a><\/li><li><a href=\"http:\/\/www.taxes4u.co.uk\/lt\/blog-how-much-mortgage-can-i-borrow\/\">Kokio dyd\u017eio hipotekos (Mortgage) paskol\u0105 galiu pasiskolinti?<\/a><\/li><li><a href=\"https:\/\/www.taxes4u.co.uk\/lt\/blog-uk-buy-to-let-mortgage-rates-types-a-comprehensive-guide\/\">JK nuomojamo NT hipoteka: pal\u016bkanos, tipai | Taxes4u<\/a><\/li><li><a href=\"http:\/\/www.taxes4u.co.uk\/lt\/blog-timelines-guidelines-and-recommendations-for-the-uk-tax-return-submission\/\">JK mokes\u010di\u0173 deklaracij\u0173 pateikimo terminai, gair\u0117s ir rekomendacijos<\/a><\/li><li><a href=\"http:\/\/www.taxes4u.co.uk\/lt\/blog-late-tax-return-penalties-and-appeals\/\">Mokes\u010di\u0173 deklaracij\u0173 pav\u0117luoto pateikimo baudos ir apeliaciniai skundai - kas tai yra ir kaip su tuo kovoti?<\/a><\/li><li><a href=\"http:\/\/www.taxes4u.co.uk\/lt\/blog-how-to-register-as-self-employed-in-the-uk-a-step-by-step-guide\/\">Kaip u\u017esiregistruoti kaip savaranki\u0161kai dirbantis asmuo JK: \u017dingsnis po \u017eingsnio vadovas<\/a><\/li><\/ul>\t\n\t\t\t\t<img decoding=\"async\" src=\"http:\/\/www.taxes4u.co.uk\/wp-content\/uploads\/2019\/06\/feature2-free-img-1.png\" alt=\"Mokes\u010di\u0173 deklaravimas, mokes\u010di\u0173 gr\u0105\u017einimas ir hipotekos brokeri\u0173 paslaugos Lietuvoje | Taxes4u\" title=\"Taxes4u. Mokes\u010di\u0173 gr\u0105\u017einimas Mokes\u010di\u0173 gr\u0105\u017einimas ir hipotekos brokeris\" itemprop=\"image\"\/>\n\t<h5>\n\t\t\t\tNemokamas paslaug\u0173 \u012fvertinimas\n\t\t\t<\/h5>\n\t<h2>\n\t\t\t\tKainos u\u017eklausimas\n\t\t\t<\/h2>\n\t\t\t<p>Norite aptarti buhalterin\u0117s apskaitos paslaugas jums ir j\u016bs\u0173 verslui? Susisiekite ir gaukite nemokam\u0105 ne\u012fpareigojant\u012f pasi\u016blym\u0105.<\/p>\t\n\t\t\t<a href=\"http:\/\/www.taxes4u.co.uk\/lt\/contact\/\" target=\"_self\" role=\"button\" aria-label=\"Gaukite pasi\u016blym\u0105\" rel=\"noopener\">\n\t\t\t\t\t\t\tGaukite pasi\u016blym\u0105\n\t\t<\/a>","protected":false},"excerpt":{"rendered":"<p>Blog Interest-Only vs. Repayment UK Mortgages Interest-Only vs. Repayment UK Mortgages? Understand the differences and choose the best mortgage type for your needs \u00a0Interest-Only vs. Repayment UK Mortgages? When it comes to buying a home in the UK, the mortgage process can be overwhelming. There are many different types of mortgages available, and it can [&hellip;]<\/p>\n","protected":false},"author":1,"featured_media":0,"parent":0,"menu_order":0,"comment_status":"closed","ping_status":"closed","template":"","meta":{"_uag_custom_page_level_css":"","site-sidebar-layout":"default","site-content-layout":"page-builder","ast-site-content-layout":"default","site-content-style":"default","site-sidebar-style":"default","ast-global-header-display":"","ast-banner-title-visibility":"","ast-main-header-display":"","ast-hfb-above-header-display":"","ast-hfb-below-header-display":"","ast-hfb-mobile-header-display":"","site-post-title":"disabled","ast-breadcrumbs-content":"","ast-featured-img":"disabled","footer-sml-layout":"","ast-disable-related-posts":"","theme-transparent-header-meta":"enabled","adv-header-id-meta":"","stick-header-meta":"default","header-above-stick-meta":"","header-main-stick-meta":"","header-below-stick-meta":"","astra-migrate-meta-layouts":"default","ast-page-background-enabled":"default","ast-page-background-meta":{"desktop":{"background-color":"","background-image":"","background-repeat":"repeat","background-position":"center center","background-size":"auto","background-attachment":"scroll","background-type":"","background-media":"","overlay-type":"","overlay-color":"","overlay-opacity":"","overlay-gradient":""},"tablet":{"background-color":"","background-image":"","background-repeat":"repeat","background-position":"center center","background-size":"auto","background-attachment":"scroll","background-type":"","background-media":"","overlay-type":"","overlay-color":"","overlay-opacity":"","overlay-gradient":""},"mobile":{"background-color":"","background-image":"","background-repeat":"repeat","background-position":"center center","background-size":"auto","background-attachment":"scroll","background-type":"","background-media":"","overlay-type":"","overlay-color":"","overlay-opacity":"","overlay-gradient":""}},"ast-content-background-meta":{"desktop":{"background-color":"var(--ast-global-color-5)","background-image":"","background-repeat":"repeat","background-position":"center center","background-size":"auto","background-attachment":"scroll","background-type":"","background-media":"","overlay-type":"","overlay-color":"","overlay-opacity":"","overlay-gradient":""},"tablet":{"background-color":"var(--ast-global-color-5)","background-image":"","background-repeat":"repeat","background-position":"center center","background-size":"auto","background-attachment":"scroll","background-type":"","background-media":"","overlay-type":"","overlay-color":"","overlay-opacity":"","overlay-gradient":""},"mobile":{"background-color":"var(--ast-global-color-5)","background-image":"","background-repeat":"repeat","background-position":"center center","background-size":"auto","background-attachment":"scroll","background-type":"","background-media":"","overlay-type":"","overlay-color":"","overlay-opacity":"","overlay-gradient":""}},"footnotes":""},"class_list":["post-1759","page","type-page","status-publish","hentry"],"yoast_head":"<!-- This site is optimized with the Yoast SEO plugin v27.4 - https:\/\/yoast.com\/product\/yoast-seo-wordpress\/ -->\n<title>Interest-Only vs. Repayment UK Mortgages: What&#039;s the Difference?<\/title>\n<meta name=\"description\" content=\"Interest-Only vs. Repayment UK Mortgages: Understand differences and choose best mortgage for your needs. Lower monthly payments or security?\" \/>\n<meta name=\"robots\" content=\"index, follow, max-snippet:-1, max-image-preview:large, max-video-preview:-1\" \/>\n<link rel=\"canonical\" href=\"https:\/\/www.taxes4u.co.uk\/lt\/blog-interest-only-vs-repayment-uk-mortgages-understanding-the-differences-for-uk-homebuyers\/\" \/>\n<meta property=\"og:locale\" content=\"lt_LT\" \/>\n<meta property=\"og:type\" content=\"article\" \/>\n<meta property=\"og:title\" content=\"Interest-Only vs. Repayment UK Mortgages: What&#039;s the Difference?\" \/>\n<meta property=\"og:description\" content=\"Interest-Only vs. Repayment UK Mortgages: Understand differences and choose best mortgage for your needs. Lower monthly payments or security?\" \/>\n<meta property=\"og:url\" content=\"https:\/\/www.taxes4u.co.uk\/lt\/blog-interest-only-vs-repayment-uk-mortgages-understanding-the-differences-for-uk-homebuyers\/\" \/>\n<meta property=\"og:site_name\" content=\"Taxes4u\" \/>\n<meta property=\"article:modified_time\" content=\"2024-04-21T20:44:21+00:00\" \/>\n<meta property=\"og:image\" content=\"http:\/\/www.taxes4u.co.uk\/wp-content\/uploads\/2019\/06\/feature2-free-img-1.png\" \/>\n<meta name=\"twitter:card\" content=\"summary_large_image\" \/>\n<meta name=\"twitter:label1\" content=\"Est. reading time\" \/>\n\t<meta name=\"twitter:data1\" content=\"4 minut\u0117s\" \/>\n<script type=\"application\/ld+json\" class=\"yoast-schema-graph\">{\"@context\":\"https:\\\/\\\/schema.org\",\"@graph\":[{\"@type\":[\"Article\",\"BlogPosting\"],\"@id\":\"https:\\\/\\\/www.taxes4u.co.uk\\\/blog-interest-only-vs-repayment-uk-mortgages-understanding-the-differences-for-uk-homebuyers#article\",\"isPartOf\":{\"@id\":\"https:\\\/\\\/www.taxes4u.co.uk\\\/blog-interest-only-vs-repayment-uk-mortgages-understanding-the-differences-for-uk-homebuyers\"},\"author\":{\"name\":\"Malaicik\",\"@id\":\"https:\\\/\\\/www.taxes4u.co.uk\\\/#\\\/schema\\\/person\\\/ee06b87a03cd2c51ef99b38e96b05669\"},\"headline\":\"Interest-Only vs. Repayment Mortgages: Understanding the Differences for UK Homebuyers\",\"datePublished\":\"2023-03-12T13:03:24+00:00\",\"dateModified\":\"2024-04-21T20:44:21+00:00\",\"mainEntityOfPage\":{\"@id\":\"https:\\\/\\\/www.taxes4u.co.uk\\\/blog-interest-only-vs-repayment-uk-mortgages-understanding-the-differences-for-uk-homebuyers\"},\"wordCount\":799,\"publisher\":{\"@id\":\"https:\\\/\\\/www.taxes4u.co.uk\\\/#organization\"},\"image\":{\"@id\":\"https:\\\/\\\/www.taxes4u.co.uk\\\/blog-interest-only-vs-repayment-uk-mortgages-understanding-the-differences-for-uk-homebuyers#primaryimage\"},\"thumbnailUrl\":\"http:\\\/\\\/www.taxes4u.co.uk\\\/wp-content\\\/uploads\\\/2019\\\/06\\\/feature2-free-img-1.png\",\"inLanguage\":\"lt-LT\"},{\"@type\":\"WebPage\",\"@id\":\"https:\\\/\\\/www.taxes4u.co.uk\\\/blog-interest-only-vs-repayment-uk-mortgages-understanding-the-differences-for-uk-homebuyers\",\"url\":\"https:\\\/\\\/www.taxes4u.co.uk\\\/blog-interest-only-vs-repayment-uk-mortgages-understanding-the-differences-for-uk-homebuyers\",\"name\":\"Interest-Only vs. Repayment UK Mortgages: What's the Difference?\",\"isPartOf\":{\"@id\":\"https:\\\/\\\/www.taxes4u.co.uk\\\/#website\"},\"primaryImageOfPage\":{\"@id\":\"https:\\\/\\\/www.taxes4u.co.uk\\\/blog-interest-only-vs-repayment-uk-mortgages-understanding-the-differences-for-uk-homebuyers#primaryimage\"},\"image\":{\"@id\":\"https:\\\/\\\/www.taxes4u.co.uk\\\/blog-interest-only-vs-repayment-uk-mortgages-understanding-the-differences-for-uk-homebuyers#primaryimage\"},\"thumbnailUrl\":\"http:\\\/\\\/www.taxes4u.co.uk\\\/wp-content\\\/uploads\\\/2019\\\/06\\\/feature2-free-img-1.png\",\"datePublished\":\"2023-03-12T13:03:24+00:00\",\"dateModified\":\"2024-04-21T20:44:21+00:00\",\"description\":\"Interest-Only vs. Repayment UK Mortgages: Understand differences and choose best mortgage for your needs. Lower monthly payments or security?\",\"breadcrumb\":{\"@id\":\"https:\\\/\\\/www.taxes4u.co.uk\\\/blog-interest-only-vs-repayment-uk-mortgages-understanding-the-differences-for-uk-homebuyers#breadcrumb\"},\"inLanguage\":\"lt-LT\",\"potentialAction\":[{\"@type\":\"ReadAction\",\"target\":[\"https:\\\/\\\/www.taxes4u.co.uk\\\/blog-interest-only-vs-repayment-uk-mortgages-understanding-the-differences-for-uk-homebuyers\"]}]},{\"@type\":\"ImageObject\",\"inLanguage\":\"lt-LT\",\"@id\":\"https:\\\/\\\/www.taxes4u.co.uk\\\/blog-interest-only-vs-repayment-uk-mortgages-understanding-the-differences-for-uk-homebuyers#primaryimage\",\"url\":\"http:\\\/\\\/www.taxes4u.co.uk\\\/wp-content\\\/uploads\\\/2019\\\/06\\\/feature2-free-img-1.png\",\"contentUrl\":\"http:\\\/\\\/www.taxes4u.co.uk\\\/wp-content\\\/uploads\\\/2019\\\/06\\\/feature2-free-img-1.png\"},{\"@type\":\"BreadcrumbList\",\"@id\":\"https:\\\/\\\/www.taxes4u.co.uk\\\/blog-interest-only-vs-repayment-uk-mortgages-understanding-the-differences-for-uk-homebuyers#breadcrumb\",\"itemListElement\":[{\"@type\":\"ListItem\",\"position\":1,\"name\":\"Home\",\"item\":\"https:\\\/\\\/www.taxes4u.co.uk\\\/\"},{\"@type\":\"ListItem\",\"position\":2,\"name\":\"Interest-Only vs. Repayment Mortgages: Understanding the Differences for UK Homebuyers\"}]},{\"@type\":\"WebSite\",\"@id\":\"https:\\\/\\\/www.taxes4u.co.uk\\\/#website\",\"url\":\"https:\\\/\\\/www.taxes4u.co.uk\\\/\",\"name\":\"Taxes4u\",\"description\":\"Tax Returns, Payroll, Bookkeeping\",\"publisher\":{\"@id\":\"https:\\\/\\\/www.taxes4u.co.uk\\\/#organization\"},\"potentialAction\":[{\"@type\":\"SearchAction\",\"target\":{\"@type\":\"EntryPoint\",\"urlTemplate\":\"https:\\\/\\\/www.taxes4u.co.uk\\\/?s={search_term_string}\"},\"query-input\":{\"@type\":\"PropertyValueSpecification\",\"valueRequired\":true,\"valueName\":\"search_term_string\"}}],\"inLanguage\":\"lt-LT\"},{\"@type\":\"Organization\",\"@id\":\"https:\\\/\\\/www.taxes4u.co.uk\\\/#organization\",\"name\":\"Taxes4u\",\"url\":\"https:\\\/\\\/www.taxes4u.co.uk\\\/\",\"logo\":{\"@type\":\"ImageObject\",\"inLanguage\":\"lt-LT\",\"@id\":\"https:\\\/\\\/www.taxes4u.co.uk\\\/#\\\/schema\\\/logo\\\/image\\\/\",\"url\":\"https:\\\/\\\/www.taxes4u.co.uk\\\/wp-content\\\/uploads\\\/2020\\\/06\\\/cropped-3001_Taxes4u_RB_GR-02.png\",\"contentUrl\":\"https:\\\/\\\/www.taxes4u.co.uk\\\/wp-content\\\/uploads\\\/2020\\\/06\\\/cropped-3001_Taxes4u_RB_GR-02.png\",\"width\":396,\"height\":82,\"caption\":\"Taxes4u\"},\"image\":{\"@id\":\"https:\\\/\\\/www.taxes4u.co.uk\\\/#\\\/schema\\\/logo\\\/image\\\/\"}},{\"@type\":\"Person\",\"@id\":\"https:\\\/\\\/www.taxes4u.co.uk\\\/#\\\/schema\\\/person\\\/ee06b87a03cd2c51ef99b38e96b05669\",\"name\":\"Malaicik\",\"image\":{\"@type\":\"ImageObject\",\"inLanguage\":\"lt-LT\",\"@id\":\"https:\\\/\\\/www.taxes4u.co.uk\\\/wp-content\\\/litespeed\\\/avatar\\\/de51a5554b0ffb96c04957c773c33138.jpg?ver=1776458316\",\"url\":\"https:\\\/\\\/www.taxes4u.co.uk\\\/wp-content\\\/litespeed\\\/avatar\\\/de51a5554b0ffb96c04957c773c33138.jpg?ver=1776458316\",\"contentUrl\":\"https:\\\/\\\/www.taxes4u.co.uk\\\/wp-content\\\/litespeed\\\/avatar\\\/de51a5554b0ffb96c04957c773c33138.jpg?ver=1776458316\",\"caption\":\"Malaicik\"},\"sameAs\":[\"http:\\\/\\\/taxes4u.co.uk\"],\"url\":\"https:\\\/\\\/www.taxes4u.co.uk\\\/lt\\\/author\\\/malaicik\"}]}<\/script>\n<!-- \/ Yoast SEO plugin. -->","yoast_head_json":{"title":"Pal\u016bkan\u0173 tik arba gr\u0105\u017einamoji hipoteka JK: kuo skiriasi?","description":"Pal\u016bkan\u0173 tik ir gr\u0105\u017einamosios hipotekos JK: supraskite skirtumus ir pasirinkite tinkamiausi\u0105 variant\u0105 pagal savo finansinius poreikius.","robots":{"index":"index","follow":"follow","max-snippet":"max-snippet:-1","max-image-preview":"max-image-preview:large","max-video-preview":"max-video-preview:-1"},"canonical":"https:\/\/www.taxes4u.co.uk\/lt\/blog-interest-only-vs-repayment-uk-mortgages-understanding-the-differences-for-uk-homebuyers\/","og_locale":"lt_LT","og_type":"article","og_title":"Interest-Only vs. Repayment UK Mortgages: What's the Difference?","og_description":"Interest-Only vs. Repayment UK Mortgages: Understand differences and choose best mortgage for your needs. Lower monthly payments or security?","og_url":"https:\/\/www.taxes4u.co.uk\/lt\/blog-interest-only-vs-repayment-uk-mortgages-understanding-the-differences-for-uk-homebuyers\/","og_site_name":"Taxes4u","article_modified_time":"2024-04-21T20:44:21+00:00","og_image":[{"url":"http:\/\/www.taxes4u.co.uk\/wp-content\/uploads\/2019\/06\/feature2-free-img-1.png","type":"","width":"","height":""}],"twitter_card":"summary_large_image","twitter_misc":{"Est. reading time":"4 minut\u0117s"},"schema":{"@context":"https:\/\/schema.org","@graph":[{"@type":["Article","BlogPosting"],"@id":"https:\/\/www.taxes4u.co.uk\/blog-interest-only-vs-repayment-uk-mortgages-understanding-the-differences-for-uk-homebuyers#article","isPartOf":{"@id":"https:\/\/www.taxes4u.co.uk\/blog-interest-only-vs-repayment-uk-mortgages-understanding-the-differences-for-uk-homebuyers"},"author":{"name":"Malaicik","@id":"https:\/\/www.taxes4u.co.uk\/#\/schema\/person\/ee06b87a03cd2c51ef99b38e96b05669"},"headline":"Interest-Only vs. Repayment Mortgages: Understanding the Differences for UK Homebuyers","datePublished":"2023-03-12T13:03:24+00:00","dateModified":"2024-04-21T20:44:21+00:00","mainEntityOfPage":{"@id":"https:\/\/www.taxes4u.co.uk\/blog-interest-only-vs-repayment-uk-mortgages-understanding-the-differences-for-uk-homebuyers"},"wordCount":799,"publisher":{"@id":"https:\/\/www.taxes4u.co.uk\/#organization"},"image":{"@id":"https:\/\/www.taxes4u.co.uk\/blog-interest-only-vs-repayment-uk-mortgages-understanding-the-differences-for-uk-homebuyers#primaryimage"},"thumbnailUrl":"http:\/\/www.taxes4u.co.uk\/wp-content\/uploads\/2019\/06\/feature2-free-img-1.png","inLanguage":"lt-LT"},{"@type":"WebPage","@id":"https:\/\/www.taxes4u.co.uk\/blog-interest-only-vs-repayment-uk-mortgages-understanding-the-differences-for-uk-homebuyers","url":"https:\/\/www.taxes4u.co.uk\/blog-interest-only-vs-repayment-uk-mortgages-understanding-the-differences-for-uk-homebuyers","name":"Pal\u016bkan\u0173 tik arba gr\u0105\u017einamoji hipoteka JK: kuo skiriasi?","isPartOf":{"@id":"https:\/\/www.taxes4u.co.uk\/#website"},"primaryImageOfPage":{"@id":"https:\/\/www.taxes4u.co.uk\/blog-interest-only-vs-repayment-uk-mortgages-understanding-the-differences-for-uk-homebuyers#primaryimage"},"image":{"@id":"https:\/\/www.taxes4u.co.uk\/blog-interest-only-vs-repayment-uk-mortgages-understanding-the-differences-for-uk-homebuyers#primaryimage"},"thumbnailUrl":"http:\/\/www.taxes4u.co.uk\/wp-content\/uploads\/2019\/06\/feature2-free-img-1.png","datePublished":"2023-03-12T13:03:24+00:00","dateModified":"2024-04-21T20:44:21+00:00","description":"Pal\u016bkan\u0173 tik ir gr\u0105\u017einamosios hipotekos JK: supraskite skirtumus ir pasirinkite tinkamiausi\u0105 variant\u0105 pagal savo finansinius poreikius.","breadcrumb":{"@id":"https:\/\/www.taxes4u.co.uk\/blog-interest-only-vs-repayment-uk-mortgages-understanding-the-differences-for-uk-homebuyers#breadcrumb"},"inLanguage":"lt-LT","potentialAction":[{"@type":"ReadAction","target":["https:\/\/www.taxes4u.co.uk\/blog-interest-only-vs-repayment-uk-mortgages-understanding-the-differences-for-uk-homebuyers"]}]},{"@type":"ImageObject","inLanguage":"lt-LT","@id":"https:\/\/www.taxes4u.co.uk\/blog-interest-only-vs-repayment-uk-mortgages-understanding-the-differences-for-uk-homebuyers#primaryimage","url":"http:\/\/www.taxes4u.co.uk\/wp-content\/uploads\/2019\/06\/feature2-free-img-1.png","contentUrl":"http:\/\/www.taxes4u.co.uk\/wp-content\/uploads\/2019\/06\/feature2-free-img-1.png"},{"@type":"BreadcrumbList","@id":"https:\/\/www.taxes4u.co.uk\/blog-interest-only-vs-repayment-uk-mortgages-understanding-the-differences-for-uk-homebuyers#breadcrumb","itemListElement":[{"@type":"ListItem","position":1,"name":"Home","item":"https:\/\/www.taxes4u.co.uk\/"},{"@type":"ListItem","position":2,"name":"Interest-Only vs. Repayment Mortgages: Understanding the Differences for UK Homebuyers"}]},{"@type":"WebSite","@id":"https:\/\/www.taxes4u.co.uk\/#website","url":"https:\/\/www.taxes4u.co.uk\/","name":"Taxes4u","description":"Mokes\u010di\u0173 deklaracijos, darbo u\u017emokestis, buhalterin\u0117 apskaita","publisher":{"@id":"https:\/\/www.taxes4u.co.uk\/#organization"},"potentialAction":[{"@type":"SearchAction","target":{"@type":"EntryPoint","urlTemplate":"https:\/\/www.taxes4u.co.uk\/?s={search_term_string}"},"query-input":{"@type":"PropertyValueSpecification","valueRequired":true,"valueName":"search_term_string"}}],"inLanguage":"lt-LT"},{"@type":"Organization","@id":"https:\/\/www.taxes4u.co.uk\/#organization","name":"Taxes4u","url":"https:\/\/www.taxes4u.co.uk\/","logo":{"@type":"ImageObject","inLanguage":"lt-LT","@id":"https:\/\/www.taxes4u.co.uk\/#\/schema\/logo\/image\/","url":"https:\/\/www.taxes4u.co.uk\/wp-content\/uploads\/2020\/06\/cropped-3001_Taxes4u_RB_GR-02.png","contentUrl":"https:\/\/www.taxes4u.co.uk\/wp-content\/uploads\/2020\/06\/cropped-3001_Taxes4u_RB_GR-02.png","width":396,"height":82,"caption":"Taxes4u"},"image":{"@id":"https:\/\/www.taxes4u.co.uk\/#\/schema\/logo\/image\/"}},{"@type":"Person","@id":"https:\/\/www.taxes4u.co.uk\/#\/schema\/person\/ee06b87a03cd2c51ef99b38e96b05669","name":"Malai\u010dikas","image":{"@type":"ImageObject","inLanguage":"lt-LT","@id":"https:\/\/www.taxes4u.co.uk\/wp-content\/litespeed\/avatar\/de51a5554b0ffb96c04957c773c33138.jpg?ver=1776458316","url":"https:\/\/www.taxes4u.co.uk\/wp-content\/litespeed\/avatar\/de51a5554b0ffb96c04957c773c33138.jpg?ver=1776458316","contentUrl":"https:\/\/www.taxes4u.co.uk\/wp-content\/litespeed\/avatar\/de51a5554b0ffb96c04957c773c33138.jpg?ver=1776458316","caption":"Malaicik"},"sameAs":["http:\/\/taxes4u.co.uk"],"url":"https:\/\/www.taxes4u.co.uk\/lt\/author\/malaicik"}]}},"uagb_featured_image_src":{"full":false,"thumbnail":false,"medium":false,"medium_large":false,"large":false,"1536x1536":false,"2048x2048":false,"trp-custom-language-flag":false},"uagb_author_info":{"display_name":"Malaicik","author_link":"https:\/\/www.taxes4u.co.uk\/lt\/author\/malaicik"},"uagb_comment_info":0,"uagb_excerpt":"Blog Interest-Only vs. Repayment UK Mortgages Interest-Only vs. Repayment UK Mortgages? Understand the differences and choose the best mortgage type for your needs \u00a0Interest-Only vs. Repayment UK Mortgages? When it comes to buying a home in the UK, the mortgage process can be overwhelming. There are many different types of mortgages available, and it can&hellip;","_links":{"self":[{"href":"https:\/\/www.taxes4u.co.uk\/lt\/wp-json\/wp\/v2\/pages\/1759","targetHints":{"allow":["GET"]}}],"collection":[{"href":"https:\/\/www.taxes4u.co.uk\/lt\/wp-json\/wp\/v2\/pages"}],"about":[{"href":"https:\/\/www.taxes4u.co.uk\/lt\/wp-json\/wp\/v2\/types\/page"}],"author":[{"embeddable":true,"href":"https:\/\/www.taxes4u.co.uk\/lt\/wp-json\/wp\/v2\/users\/1"}],"replies":[{"embeddable":true,"href":"https:\/\/www.taxes4u.co.uk\/lt\/wp-json\/wp\/v2\/comments?post=1759"}],"version-history":[{"count":10,"href":"https:\/\/www.taxes4u.co.uk\/lt\/wp-json\/wp\/v2\/pages\/1759\/revisions"}],"predecessor-version":[{"id":1884,"href":"https:\/\/www.taxes4u.co.uk\/lt\/wp-json\/wp\/v2\/pages\/1759\/revisions\/1884"}],"wp:attachment":[{"href":"https:\/\/www.taxes4u.co.uk\/lt\/wp-json\/wp\/v2\/media?parent=1759"}],"curies":[{"name":"wp","href":"https:\/\/api.w.org\/{rel}","templated":true}]}}