{"id":1201,"date":"2020-06-06T11:04:58","date_gmt":"2020-06-06T11:04:58","guid":{"rendered":"http:\/\/www.taxes4u.co.uk\/?page_id=1201"},"modified":"2026-04-03T21:25:52","modified_gmt":"2026-04-03T21:25:52","slug":"services-self-assessment-tax-return-refund","status":"publish","type":"page","link":"https:\/\/www.taxes4u.co.uk\/ro\/services-self-assessment-tax-return-refund","title":{"rendered":"Declara\u021bie Fiscal\u0103 \u0219i Rambursare"},"content":{"rendered":"<h5>\n\t\t\t\tServicii\n\t\t\t<\/h5>\n\t<h1>\n\t\t\t\tDeclara\u021bia de Impozit \u0219i Rambursarea Impozitului\n\t\t\t<\/h1>\n\t<h4>\ud83d\udd25 \u00a0Promotion: Tax Refund Cost \u00a3120 \u2192 \u00a3100! Contact us now before the offer ends! \ud83d\udd25\u00a0<\/h4>\n\t<h5>\ud83d\udd25 \u00a0Promotion: Tax Refund Cost\u00a0 \u00a3120 \u2192 \u00a3100! \ud83d\udd25 <\/h5>\n\t<h2>\n\t\t\t\tRambursarea Impozitului\n\t\t\t<\/h2>\n\t<h4>\n\t\t\t\tCe oferim\n\t\t\t<\/h4>\n\t\t\t<p>Dac\u0103 a\u021bi pl\u0103tit impozitul pe venit \u00een plus \u00een ultimii 4 ani financiari, v\u0103 putem ajuta s\u0103 ob\u021bine\u021bi o rambursare a impozitului. Nu a\u0219tepta\u021bi s\u0103 v\u0103 recupera\u021bi banii.<\/p>\t\n\t<h4>\n\t\t\t\tCele mai probabile motive ale pl\u0103\u021bilor excedentare de impozite\n\t\t\t<\/h4>\n\t\t\t<p>Rambursarea impozitului este o rambursare a impozitului care a fost pl\u0103tit \u00een exces. Exist\u0103 o serie de motive pentru care impozitul poate fi pl\u0103tit \u00een plus, printre care:<\/p><ul><li>A\u021bi lucrat ca subcontractant \u00een cadrul Sistemului pentru industria construc\u021biilor (CIS)<\/li><li>Nu a\u021bi lucrat \u00eentregul exerci\u021biu financiar (an fiscal)<\/li><li>V\u0103 \u00eencepe\u021bi un nou loc de munc\u0103 \u0219i sunte\u021bi impozitat sub un cod de urgen\u021b\u0103 pentru o perioad\u0103 de timp<\/li><li>HM Revenue and Customs (HMRC) trimite angajatorului dumneavoastr\u0103 un cod fiscal gre\u0219it sau angajatorul dumneavoastr\u0103 nu folose\u0219te codul corect.<\/li><li>Sunte\u021bi lucr\u0103tor independent \u0219i efectua\u021bi pl\u0103\u021bi \u00een avans pentru anul urm\u0103tor, \u00een cadrul sistemului de autoevaluare. Aceste pl\u0103\u021bi sunt prea mari din cauza unei schimb\u0103ri \u00een situa\u021bia dumneavoastr\u0103, de exemplu, a avut loc o \u00eencetinire a activit\u0103\u021bii dumneavoastr\u0103. Nu a\u021bi depus o cerere de reducere a pl\u0103\u021bilor \u00een avans, iar impozitul final pe care trebuie s\u0103 \u00eel pl\u0103ti\u021bi se dovede\u0219te a fi mai mic dec\u00e2t impozitul pe care l-a\u021bi pl\u0103tit efectiv.<\/li><li>Ave\u021bi mai mult de un loc de munc\u0103. Angajatorul de la cel de-al doilea loc de munc\u0103 va re\u021bine automat impozitul la cota de baz\u0103, astfel \u00eenc\u00e2t este posibil s\u0103 nu beneficia\u021bi de toate deducerile personale neimpozabile. Acest lucru se va aplica frecvent dac\u0103 sunte\u021bi student sau lucr\u0103tor cu salarii mici.<\/li><\/ul>\t\n\t<h4>\n\t\t\t\tPre\u021bul Nostru\n\t\t\t<\/h4>\n\t\t\t<h5>\ud83d\udd25 Promotion: \u00a3120 \u2192 \u00a3100! Contact us now before the offer ends! \ud83d\udd25<\/h5>\t\n\t\t\t<a href=\"http:\/\/www.taxes4u.co.uk\/ro\/contact\/\" title=\"Contacta\u021bi-ne acum!\" target=\"_blank\" rel=\"noopener\"  role=\"button\" aria-label=\"Contacta\u021bi-ne acum!\">\n\t\t\t\t\t\t\tContacta\u021bi-ne acum!\n\t\t<\/a>\n\t\t\t\t<img decoding=\"async\" src=\"https:\/\/www.taxes4u.co.uk\/wp-content\/uploads\/2025\/04\/Taxes4u-Tax-Return-2025.png\" alt=\"Declara\u021bie fiscal\u0103 2025 \u0412\u043e\u0437\u0432\u0440\u0430\u0442 \u041d\u0430\u043b\u043e\u0433\u043e\u0432 \u0432 \u0410\u043d\u0433\u043b\u0438\u0438\" title=\"Taxes4u - Declara\u021bie fiscal\u0103 UK 2025\" itemprop=\"image\"\/>\n\t\t\t\t<img decoding=\"async\" src=\"http:\/\/www.taxes4u.co.uk\/wp-content\/uploads\/2019\/06\/feature1-free-img-1.png\" alt=\"Taxes4u. Declara\u021bie de Impozit, Rambursare de Impozit, Salarizare \u0219i Contabilitate\" title=\"Taxes4u. Declara\u021bie de Impozit, Rambursare de Impozit, Salarizare \u0219i Contabilitate\" itemprop=\"image\"\/>\n\t<h2>\n\t\t\t\tDeclara\u021bie Fiscal\u0103 de Autoevaluare\n\t\t\t<\/h2>\n\t<h4>\n\t\t\t\tCe oferim\n\t\t\t<\/h4>\n\t\t\t<p>V\u0103 vom calcula declara\u021bia de impozit pe venit \u0219i v\u0103 vom sf\u0103tui cu privire la cheltuielile \u0219i indemniza\u021biile care pot fi solicitate, astfel \u00eenc\u00e2t s\u0103 nu mai pl\u0103ti\u021bi impozit pe venit \u00een plus.<\/p>\t\n\t<h4>\n\t\t\t\tAutoevaluare\n\t\t\t<\/h4>\n\t\t\t<p>Self Assessment is a system HM Revenue and Customs (HMRC) uses to collect Income Tax.Tax is usually deducted automatically from wages, pension and savings. People and businesses with other income must report it in a Tax Return. You must send a Tax Return if in the last tax year (6 April to 5 April) you were:<ul><li>Lucreaz\u0103 pe cont propriu ca \u00eentreprinz\u0103tor individual \u0219i a c\u00e2\u0219tigat mai mult de 1000 de lire sterline<\/li><li>Partener \u00eentr-un parteneriat de afaceri<\/li><\/ul>De obicei, nu va trebui s\u0103 trimite\u021bi o declara\u021bie de impozit dac\u0103 singurul dvs. venit provine din salariu sau pensie. Dar este posibil s\u0103 fie necesar s\u0103 trimite\u021bi una dac\u0103 ave\u021bi orice alt venit, cum ar fi:<\/p><ul><li>Bani din \u00eenchirierea unei propriet\u0103\u021bi<\/li><li>Bac\u0219i\u0219uri \u0219i comisioane<\/li><li>Venituri din economii, investi\u021bii \u0219i dividende<\/li><li>Venituri din str\u0103in\u0103tate<\/li><li>If you get Child Benefit and your income (or your partner&#8217;s, if you have one) was over \u00a360,000 you may need to send a return and pay the Higher Income Child Benefit Charge<\/li><\/ul>\t\n\t<h4>\n\t\t\t\tPre\u021bul Nostru\n\t\t\t<\/h4>\n\t\t\t<h5>De la \u00a360*<\/h5><p>*Price may vary, depends on complexity of calculation<\/p>\t\n\t\t\t<a href=\"http:\/\/www.taxes4u.co.uk\/ro\/contact\/\" title=\"Contacta\u021bi-ne acum!\" target=\"_blank\" rel=\"noopener\"  role=\"button\" aria-label=\"Contacta\u021bi-ne acum!\">\n\t\t\t\t\t\t\tContacta\u021bi-ne acum!\n\t\t<\/a>\n\t\t\t\t<img decoding=\"async\" src=\"http:\/\/www.taxes4u.co.uk\/wp-content\/uploads\/2019\/06\/feature3-free-img-1.png\" alt=\"Servicii de returnare a impozitelor, rambursare a impozitelor \u0219i servicii de brokeraj ipotecar \u00een Marea Britanie | Taxes4u\" title=\"Returnarea Impozitului Rambursarea Impozitului \u0219i Broker Ipotecar\" itemprop=\"image\"\/>\n\t<h2>\n\t\t\t\tCheltuieli eligibile pentru lucr\u0103torii independen\u021bi\n\t\t\t<\/h2>\n\t<h4>\n\t\t\t\tPrezentare General\u0103\n\t\t\t<\/h4>\n\t\t\t<p>Dac\u0103 lucra\u021bi pe cont propriu, afacerea dumneavoastr\u0103 va avea diverse costuri de func\u021bionare. Pute\u021bi deduce unele dintre aceste costuri pentru a calcula profitul impozabil, at\u00e2t timp c\u00e2t acestea sunt cheltuieli admisibile.\u00a0<strong>Exemplu:<\/strong>Your turnover is \u00a330,000, and you claim \u00a35,000 in allowable expenses. You only pay tax on the remaining \u00a325,000 &#8211; known as your taxable profit.\u00a0Allowable expenses do not include money taken from your business to pay for private purchases.<\/p>\t\n\t<h4>\n\t\t\t\tCosturi pe care le pute\u021bi solicita\n\t\t\t<\/h4>\n\t\t\t<p>Ca \u0219i cheltuieli admisibile:\u00a0<ul><li>cheltuieli de birou, de exemplu, cheltuieli de papet\u0103rie sau facturi telefonice<\/li><li>costurile de deplasare, de exemplu, combustibil, parcare, bilete de tren sau de autobuz<\/li><li>cheltuieli cu \u00eembr\u0103c\u0103mintea, de exemplu uniformele<\/li><li>costurile cu personalul, de exemplu, salariile sau costurile cu subcontractan\u021bii<\/li><li>lucruri pe care le cump\u0103ra\u021bi pentru a le vinde, de exemplu stocuri sau materii prime\u00a0<\/li><li>costuri financiare, de exemplu asigur\u0103ri sau comisioane bancare<\/li><li>costurile aferente sediului dvs. de afaceri, de exemplu, \u00eenc\u0103lzire, iluminat, taxe comerciale<\/li><li>publicitate sau marketing, de exemplu, costurile pentru site-urile web<\/li><li>cursuri de formare legate de activitatea dumneavoastr\u0103, de exemplu, cursuri de perfec\u021bionare<\/li><li>dac\u0103 achizi\u021biona\u021bi o ma\u0219in\u0103 pentru afacerea dvs., pute\u021bi solicita o deducere de capital.\u00a0<\/li><\/ul>\u00a0You cannot claim expenses if you use your \u00a31,000 tax-free &#8216;trading allowance&#8217;. The trading allowance is a tax exemption of up to \u00a31000 a year for individuals with trading income.<\/p>\t\n\t<h4>\n\t\t\t\tC\u00e2t timp trebuie s\u0103 p\u0103stra\u021bi \u00eenregistr\u0103rile\n\t\t\t<\/h4>\n\t\t\t<p>Trebuie s\u0103 p\u0103stra\u021bi eviden\u021bele timp de cel pu\u021bin 5 ani de la data limit\u0103 de depunere a declara\u021biilor, 31 ianuarie a anului fiscal respectiv. HM Revenue and Customs (HMRC) poate verifica registrele dvs. pentru a se asigura c\u0103 pl\u0103ti\u021bi suma corect\u0103 de impozit.<strong>Exemplu:<\/strong>Dac\u0103 a\u021bi trimis online declara\u021bia fiscal\u0103 2023-2024 p\u00e2n\u0103 la 31 ianuarie 2025, trebuie s\u0103 p\u0103stra\u021bi \u00eenregistr\u0103rile cel pu\u021bin p\u00e2n\u0103 la sf\u00e2r\u0219itul lunii ianuarie 2030.<\/p>\t\n\t\t\t<a href=\"http:\/\/www.taxes4u.co.uk\/ro\/contact\/\" title=\"Contacta\u021bi-ne acum!\" target=\"_blank\" rel=\"noopener\"  role=\"button\" aria-label=\"Contacta\u021bi-ne acum!\">\n\t\t\t\t\t\t\tContacta\u021bi-ne acum!\n\t\t<\/a>\n\t<h5>\n\t\t\t\tEstimare Gratuit\u0103\n\t\t\t<\/h5>\n\t<h2>\n\t\t\t\tSolicita\u021bi o Ofert\u0103\n\t\t\t<\/h2>\n\t\t\t<p>Vre\u021bi s\u0103 discuta\u021bi despre serviciile de contabilitate pentru dvs. \u0219i afacerea dvs.? Contacta\u021bi-ne pentru o ofert\u0103 gratuit\u0103 \u0219i f\u0103r\u0103 obliga\u021bii.<\/p>\t\n\t\t\t<a href=\"http:\/\/www.taxes4u.co.uk\/ro\/contact\/\" title=\"Ob\u021bine\u021bi o Ofert\u0103\" target=\"_self\"   role=\"button\" aria-label=\"Ob\u021bine\u021bi o Ofert\u0103\">\n\t\t\t\t\t\t\tOb\u021bine\u021bi o Ofert\u0103\n\t\t<\/a>","protected":false},"excerpt":{"rendered":"<p>Services Tax Return and Tax Refund \ud83d\udd25 \u00a0Promotion: Tax Refund Cost \u00a3120 \u2192 \u00a3100! Contact us now before the offer ends! \ud83d\udd25\u00a0 \ud83d\udd25 \u00a0Promotion: Tax Refund Cost\u00a0 \u00a3120 \u2192 \u00a3100! \ud83d\udd25 Tax Refund What we offer If you have overpaid your Income Tax in the last 4 financial years we can help you to get [&hellip;]<\/p>\n","protected":false},"author":1,"featured_media":0,"parent":0,"menu_order":0,"comment_status":"closed","ping_status":"closed","template":"","meta":{"_uag_custom_page_level_css":"","site-sidebar-layout":"default","site-content-layout":"page-builder","ast-site-content-layout":"full-width-container","site-content-style":"unboxed","site-sidebar-style":"unboxed","ast-global-header-display":"","ast-banner-title-visibility":"","ast-main-header-display":"","ast-hfb-above-header-display":"","ast-hfb-below-header-display":"","ast-hfb-mobile-header-display":"","site-post-title":"disabled","ast-breadcrumbs-content":"","ast-featured-img":"disabled","footer-sml-layout":"","ast-disable-related-posts":"","theme-transparent-header-meta":"enabled","adv-header-id-meta":"","stick-header-meta":"default","header-above-stick-meta":"","header-main-stick-meta":"","header-below-stick-meta":"","astra-migrate-meta-layouts":"set","ast-page-background-enabled":"default","ast-page-background-meta":{"desktop":{"background-color":"","background-image":"","background-repeat":"repeat","background-position":"center center","background-size":"auto","background-attachment":"scroll","background-type":"","background-media":"","overlay-type":"","overlay-color":"","overlay-opacity":"","overlay-gradient":""},"tablet":{"background-color":"","background-image":"","background-repeat":"repeat","background-position":"center center","background-size":"auto","background-attachment":"scroll","background-type":"","background-media":"","overlay-type":"","overlay-color":"","overlay-opacity":"","overlay-gradient":""},"mobile":{"background-color":"","background-image":"","background-repeat":"repeat","background-position":"center center","background-size":"auto","background-attachment":"scroll","background-type":"","background-media":"","overlay-type":"","overlay-color":"","overlay-opacity":"","overlay-gradient":""}},"ast-content-background-meta":{"desktop":{"background-color":"var(--ast-global-color-5)","background-image":"","background-repeat":"repeat","background-position":"center center","background-size":"auto","background-attachment":"scroll","background-type":"","background-media":"","overlay-type":"","overlay-color":"","overlay-opacity":"","overlay-gradient":""},"tablet":{"background-color":"var(--ast-global-color-5)","background-image":"","background-repeat":"repeat","background-position":"center center","background-size":"auto","background-attachment":"scroll","background-type":"","background-media":"","overlay-type":"","overlay-color":"","overlay-opacity":"","overlay-gradient":""},"mobile":{"background-color":"var(--ast-global-color-5)","background-image":"","background-repeat":"repeat","background-position":"center center","background-size":"auto","background-attachment":"scroll","background-type":"","background-media":"","overlay-type":"","overlay-color":"","overlay-opacity":"","overlay-gradient":""}},"footnotes":""},"class_list":["post-1201","page","type-page","status-publish","hentry"],"yoast_head":"<!-- This site is optimized with the Yoast SEO plugin v27.4 - https:\/\/yoast.com\/product\/yoast-seo-wordpress\/ -->\n<title>Self Assessment Tax Return and Tax Refund UK | Taxes4u<\/title>\n<meta name=\"description\" content=\"We will calculate your Self Assessment Tax Return and advise on what expenses and allowances can be claimed so you will not overpay your Income Tax anymore.\" \/>\n<meta name=\"robots\" content=\"index, follow, max-snippet:-1, max-image-preview:large, max-video-preview:-1\" \/>\n<link rel=\"canonical\" href=\"https:\/\/www.taxes4u.co.uk\/ro\/services-self-assessment-tax-return-refund\/\" \/>\n<meta property=\"og:locale\" content=\"ro_RO\" \/>\n<meta property=\"og:type\" content=\"article\" \/>\n<meta property=\"og:title\" content=\"Self Assessment Tax Return and Tax Refund UK | Taxes4u\" \/>\n<meta property=\"og:description\" content=\"We will calculate your Self Assessment Tax Return and advise on what expenses and allowances can be claimed so you will not overpay your Income Tax anymore.\" \/>\n<meta property=\"og:url\" content=\"https:\/\/www.taxes4u.co.uk\/ro\/services-self-assessment-tax-return-refund\/\" \/>\n<meta property=\"og:site_name\" content=\"Taxes4u\" \/>\n<meta property=\"article:modified_time\" content=\"2026-04-03T21:25:52+00:00\" \/>\n<meta property=\"og:image\" content=\"https:\/\/www.taxes4u.co.uk\/wp-content\/uploads\/2025\/04\/Taxes4u-Tax-Return-2025.png\" \/>\n<meta name=\"twitter:card\" content=\"summary_large_image\" \/>\n<meta name=\"twitter:label1\" content=\"Timp estimat pentru citire\" \/>\n\t<meta name=\"twitter:data1\" content=\"4 minute\" \/>\n<script type=\"application\/ld+json\" class=\"yoast-schema-graph\">{\"@context\":\"https:\\\/\\\/schema.org\",\"@graph\":[{\"@type\":\"WebPage\",\"@id\":\"https:\\\/\\\/www.taxes4u.co.uk\\\/services-self-assessment-tax-return-refund\",\"url\":\"https:\\\/\\\/www.taxes4u.co.uk\\\/services-self-assessment-tax-return-refund\",\"name\":\"Self Assessment Tax Return and Tax Refund UK | Taxes4u\",\"isPartOf\":{\"@id\":\"https:\\\/\\\/www.taxes4u.co.uk\\\/#website\"},\"primaryImageOfPage\":{\"@id\":\"https:\\\/\\\/www.taxes4u.co.uk\\\/services-self-assessment-tax-return-refund#primaryimage\"},\"image\":{\"@id\":\"https:\\\/\\\/www.taxes4u.co.uk\\\/services-self-assessment-tax-return-refund#primaryimage\"},\"thumbnailUrl\":\"https:\\\/\\\/www.taxes4u.co.uk\\\/wp-content\\\/uploads\\\/2025\\\/04\\\/Taxes4u-Tax-Return-2025.png\",\"datePublished\":\"2020-06-06T11:04:58+00:00\",\"dateModified\":\"2026-04-03T21:25:52+00:00\",\"description\":\"We will calculate your Self Assessment Tax Return and advise on what expenses and allowances can be claimed so you will not overpay your Income Tax anymore.\",\"breadcrumb\":{\"@id\":\"https:\\\/\\\/www.taxes4u.co.uk\\\/services-self-assessment-tax-return-refund#breadcrumb\"},\"inLanguage\":\"ro-RO\",\"potentialAction\":[{\"@type\":\"ReadAction\",\"target\":[\"https:\\\/\\\/www.taxes4u.co.uk\\\/services-self-assessment-tax-return-refund\"]}]},{\"@type\":\"ImageObject\",\"inLanguage\":\"ro-RO\",\"@id\":\"https:\\\/\\\/www.taxes4u.co.uk\\\/services-self-assessment-tax-return-refund#primaryimage\",\"url\":\"https:\\\/\\\/www.taxes4u.co.uk\\\/wp-content\\\/uploads\\\/2025\\\/04\\\/Taxes4u-Tax-Return-2025.png\",\"contentUrl\":\"https:\\\/\\\/www.taxes4u.co.uk\\\/wp-content\\\/uploads\\\/2025\\\/04\\\/Taxes4u-Tax-Return-2025.png\"},{\"@type\":\"BreadcrumbList\",\"@id\":\"https:\\\/\\\/www.taxes4u.co.uk\\\/services-self-assessment-tax-return-refund#breadcrumb\",\"itemListElement\":[{\"@type\":\"ListItem\",\"position\":1,\"name\":\"Home\",\"item\":\"https:\\\/\\\/www.taxes4u.co.uk\\\/\"},{\"@type\":\"ListItem\",\"position\":2,\"name\":\"Tax Return &#038; Refund\"}]},{\"@type\":\"WebSite\",\"@id\":\"https:\\\/\\\/www.taxes4u.co.uk\\\/#website\",\"url\":\"https:\\\/\\\/www.taxes4u.co.uk\\\/\",\"name\":\"Taxes4u\",\"description\":\"Tax Returns, Payroll, Bookkeeping\",\"publisher\":{\"@id\":\"https:\\\/\\\/www.taxes4u.co.uk\\\/#organization\"},\"potentialAction\":[{\"@type\":\"SearchAction\",\"target\":{\"@type\":\"EntryPoint\",\"urlTemplate\":\"https:\\\/\\\/www.taxes4u.co.uk\\\/?s={search_term_string}\"},\"query-input\":{\"@type\":\"PropertyValueSpecification\",\"valueRequired\":true,\"valueName\":\"search_term_string\"}}],\"inLanguage\":\"ro-RO\"},{\"@type\":\"Organization\",\"@id\":\"https:\\\/\\\/www.taxes4u.co.uk\\\/#organization\",\"name\":\"Taxes4u\",\"url\":\"https:\\\/\\\/www.taxes4u.co.uk\\\/\",\"logo\":{\"@type\":\"ImageObject\",\"inLanguage\":\"ro-RO\",\"@id\":\"https:\\\/\\\/www.taxes4u.co.uk\\\/#\\\/schema\\\/logo\\\/image\\\/\",\"url\":\"https:\\\/\\\/www.taxes4u.co.uk\\\/wp-content\\\/uploads\\\/2020\\\/06\\\/cropped-3001_Taxes4u_RB_GR-02.png\",\"contentUrl\":\"https:\\\/\\\/www.taxes4u.co.uk\\\/wp-content\\\/uploads\\\/2020\\\/06\\\/cropped-3001_Taxes4u_RB_GR-02.png\",\"width\":396,\"height\":82,\"caption\":\"Taxes4u\"},\"image\":{\"@id\":\"https:\\\/\\\/www.taxes4u.co.uk\\\/#\\\/schema\\\/logo\\\/image\\\/\"}}]}<\/script>\n<!-- \/ Yoast SEO plugin. -->","yoast_head_json":{"title":"Declara\u0163ie fiscal\u0103 \u015fi rambursare taxe \u00een Marea Britanie | Taxes4u","description":"Calcul\u0103m declara\u0163ia dvs. fiscal\u0103 \u015fi v\u0103 sf\u0103tuim ce cheltuieli \u015fi deduceri pute\u0163i revendica pentru a nu mai pl\u0103ti \u00een exces impozitul pe venit.","robots":{"index":"index","follow":"follow","max-snippet":"max-snippet:-1","max-image-preview":"max-image-preview:large","max-video-preview":"max-video-preview:-1"},"canonical":"https:\/\/www.taxes4u.co.uk\/ro\/services-self-assessment-tax-return-refund\/","og_locale":"ro_RO","og_type":"article","og_title":"Self Assessment Tax Return and Tax Refund UK | Taxes4u","og_description":"We will calculate your Self Assessment Tax Return and advise on what expenses and allowances can be claimed so you will not overpay your Income Tax anymore.","og_url":"https:\/\/www.taxes4u.co.uk\/ro\/services-self-assessment-tax-return-refund\/","og_site_name":"Taxes4u","article_modified_time":"2026-04-03T21:25:52+00:00","og_image":[{"url":"https:\/\/www.taxes4u.co.uk\/wp-content\/uploads\/2025\/04\/Taxes4u-Tax-Return-2025.png","type":"","width":"","height":""}],"twitter_card":"summary_large_image","twitter_misc":{"Timp estimat pentru citire":"4 minute"},"schema":{"@context":"https:\/\/schema.org","@graph":[{"@type":"WebPage","@id":"https:\/\/www.taxes4u.co.uk\/services-self-assessment-tax-return-refund","url":"https:\/\/www.taxes4u.co.uk\/services-self-assessment-tax-return-refund","name":"Declara\u0163ie fiscal\u0103 \u015fi rambursare taxe \u00een Marea Britanie | Taxes4u","isPartOf":{"@id":"https:\/\/www.taxes4u.co.uk\/#website"},"primaryImageOfPage":{"@id":"https:\/\/www.taxes4u.co.uk\/services-self-assessment-tax-return-refund#primaryimage"},"image":{"@id":"https:\/\/www.taxes4u.co.uk\/services-self-assessment-tax-return-refund#primaryimage"},"thumbnailUrl":"https:\/\/www.taxes4u.co.uk\/wp-content\/uploads\/2025\/04\/Taxes4u-Tax-Return-2025.png","datePublished":"2020-06-06T11:04:58+00:00","dateModified":"2026-04-03T21:25:52+00:00","description":"Calcul\u0103m declara\u0163ia dvs. fiscal\u0103 \u015fi v\u0103 sf\u0103tuim ce cheltuieli \u015fi deduceri pute\u0163i revendica pentru a nu mai pl\u0103ti \u00een exces impozitul pe venit.","breadcrumb":{"@id":"https:\/\/www.taxes4u.co.uk\/services-self-assessment-tax-return-refund#breadcrumb"},"inLanguage":"ro-RO","potentialAction":[{"@type":"ReadAction","target":["https:\/\/www.taxes4u.co.uk\/services-self-assessment-tax-return-refund"]}]},{"@type":"ImageObject","inLanguage":"ro-RO","@id":"https:\/\/www.taxes4u.co.uk\/services-self-assessment-tax-return-refund#primaryimage","url":"https:\/\/www.taxes4u.co.uk\/wp-content\/uploads\/2025\/04\/Taxes4u-Tax-Return-2025.png","contentUrl":"https:\/\/www.taxes4u.co.uk\/wp-content\/uploads\/2025\/04\/Taxes4u-Tax-Return-2025.png"},{"@type":"BreadcrumbList","@id":"https:\/\/www.taxes4u.co.uk\/services-self-assessment-tax-return-refund#breadcrumb","itemListElement":[{"@type":"ListItem","position":1,"name":"Home","item":"https:\/\/www.taxes4u.co.uk\/"},{"@type":"ListItem","position":2,"name":"Tax Return &#038; Refund"}]},{"@type":"WebSite","@id":"https:\/\/www.taxes4u.co.uk\/#website","url":"https:\/\/www.taxes4u.co.uk\/","name":"Taxes4u","description":"Declara\u021bii Fiscale, Salarizare, Contabilitate","publisher":{"@id":"https:\/\/www.taxes4u.co.uk\/#organization"},"potentialAction":[{"@type":"SearchAction","target":{"@type":"EntryPoint","urlTemplate":"https:\/\/www.taxes4u.co.uk\/?s={search_term_string}"},"query-input":{"@type":"PropertyValueSpecification","valueRequired":true,"valueName":"search_term_string"}}],"inLanguage":"ro-RO"},{"@type":"Organization","@id":"https:\/\/www.taxes4u.co.uk\/#organization","name":"Taxes4u","url":"https:\/\/www.taxes4u.co.uk\/","logo":{"@type":"ImageObject","inLanguage":"ro-RO","@id":"https:\/\/www.taxes4u.co.uk\/#\/schema\/logo\/image\/","url":"https:\/\/www.taxes4u.co.uk\/wp-content\/uploads\/2020\/06\/cropped-3001_Taxes4u_RB_GR-02.png","contentUrl":"https:\/\/www.taxes4u.co.uk\/wp-content\/uploads\/2020\/06\/cropped-3001_Taxes4u_RB_GR-02.png","width":396,"height":82,"caption":"Taxes4u"},"image":{"@id":"https:\/\/www.taxes4u.co.uk\/#\/schema\/logo\/image\/"}}]}},"uagb_featured_image_src":{"full":false,"thumbnail":false,"medium":false,"medium_large":false,"large":false,"1536x1536":false,"2048x2048":false,"trp-custom-language-flag":false},"uagb_author_info":{"display_name":"Malaicik","author_link":"https:\/\/www.taxes4u.co.uk\/ro\/author\/malaicik"},"uagb_comment_info":0,"uagb_excerpt":"Services Tax Return and Tax Refund \ud83d\udd25 \u00a0Promotion: Tax Refund Cost \u00a3120 \u2192 \u00a3100! Contact us now before the offer ends! \ud83d\udd25\u00a0 \ud83d\udd25 \u00a0Promotion: Tax Refund Cost\u00a0 \u00a3120 \u2192 \u00a3100! \ud83d\udd25 Tax Refund What we offer If you have overpaid your Income Tax in the last 4 financial years we can help you to get&hellip;","_links":{"self":[{"href":"https:\/\/www.taxes4u.co.uk\/ro\/wp-json\/wp\/v2\/pages\/1201","targetHints":{"allow":["GET"]}}],"collection":[{"href":"https:\/\/www.taxes4u.co.uk\/ro\/wp-json\/wp\/v2\/pages"}],"about":[{"href":"https:\/\/www.taxes4u.co.uk\/ro\/wp-json\/wp\/v2\/types\/page"}],"author":[{"embeddable":true,"href":"https:\/\/www.taxes4u.co.uk\/ro\/wp-json\/wp\/v2\/users\/1"}],"replies":[{"embeddable":true,"href":"https:\/\/www.taxes4u.co.uk\/ro\/wp-json\/wp\/v2\/comments?post=1201"}],"version-history":[{"count":12,"href":"https:\/\/www.taxes4u.co.uk\/ro\/wp-json\/wp\/v2\/pages\/1201\/revisions"}],"predecessor-version":[{"id":2185,"href":"https:\/\/www.taxes4u.co.uk\/ro\/wp-json\/wp\/v2\/pages\/1201\/revisions\/2185"}],"wp:attachment":[{"href":"https:\/\/www.taxes4u.co.uk\/ro\/wp-json\/wp\/v2\/media?parent=1201"}],"curies":[{"name":"wp","href":"https:\/\/api.w.org\/{rel}","templated":true}]}}