{"id":1214,"date":"2020-06-06T12:56:25","date_gmt":"2020-06-06T12:56:25","guid":{"rendered":"http:\/\/www.taxes4u.co.uk\/?page_id=1214"},"modified":"2025-03-27T20:52:21","modified_gmt":"2025-03-27T20:52:21","slug":"services-utr-registration-and-cancellation","status":"publish","type":"page","link":"https:\/\/www.taxes4u.co.uk\/ro\/services-utr-registration-and-cancellation","title":{"rendered":"\u00cenregistrare \u0219i Anulare UTR"},"content":{"rendered":"<h5>\n\t\t\t\tServicii\n\t\t\t<\/h5>\n\t<h1>\n\t\t\t\t\u00cenregistrare \u0219i Anulare UTR\n\t\t\t<\/h1>\n\t\t\t\t<img decoding=\"async\" src=\"http:\/\/www.taxes4u.co.uk\/wp-content\/uploads\/2019\/06\/feature2-free-img-1.png\" alt=\"Servicii de returnare a impozitelor, rambursare a impozitelor \u0219i servicii de brokeraj ipotecar \u00een Marea Britanie | Taxes4u\" title=\"Taxes4u. Returnarea Impozitelor Rambursarea Impozitelor \u0219i Broker Ipotecar\" itemprop=\"image\"\/>\n\t<h2>\n\t\t\t\t\u00cenregistrare UTR\n\t\t\t<\/h2>\n\t<h4>\n\t\t\t\tCe oferim\n\t\t\t<\/h4>\n\t\t\t<p>V\u0103 putem \u00eenregistra pentru autoevaluare, autoangajare: Comerciant unic, partener sau parteneriat<\/p>\t\n\t<h4>\n\t\t\t\tUnique Tax Reference &#8211; UTR\n\t\t\t<\/h4>\n\t\t\t<p>A UTR number (Unique Taxpayer Reference) is a ten digit number issued by HM Revenue and Customs, and is used to identify individual Tax payers within their system.There are a number of different people who must be registered for Self Assessment, send Self Assessment Tax Return and pay Income Tax and National Insurance Contributions on their taxable income:<ul><li>\u00centreprinz\u0103tori individuali care au c\u00e2\u0219tigat mai mult de 1.000 de lire sterline<\/li><li>Administratori de societ\u0103\u021bi cu r\u0103spundere limitat\u0103<\/li><li>Ac\u021bionarii care primesc mai mult de 1 000 \u00a3 din dividende (anul fiscal 2024\/25)<\/li><li>Parteneri \u00een parteneriat<\/li><li>Angaja\u021bii care solicit\u0103 cheltuieli mai mari de 2.500 de lire sterline pentru anul fiscal<\/li><li>Orice persoan\u0103 fizic\u0103 cu un venit anual de peste 100.000 de lire sterline<\/li><li>Orice persoan\u0103 care prime\u0219te venituri din chirii de peste 2.500 de lire sterline din propriet\u0103\u021bi sau terenuri din Marea Britanie<\/li><\/ul><strong>Deadlines<\/strong>:If you need to register for Self Assessment, you must do so before 5 October after the end of the relevant tax year. For example: the registration deadline for the 2024\/2025 tax year (6 April 2024 to 5 April 2025) is <strong>5 octombrie 2025<\/strong><\/p>\t\n\t<h4>\n\t\t\t\tPre\u021bul Serviciului Nostru\n\t\t\t<\/h4>\n\t\t\t<p>\u00a355<\/p>\t\n\t<h2>\n\t\t\t\tAnulare UTR\n\t\t\t<\/h2>\n\t<h4>\n\t\t\t\tCe oferim\n\t\t\t<\/h4>\n\t\t\t<p>Dac\u0103 a\u021bi \u00eencetat s\u0103 mai desf\u0103\u0219ura\u021bi activit\u0103\u021bi comerciale ca \u00eentreprinz\u0103tor individual sau dac\u0103 \u00eencheia\u021bi sau p\u0103r\u0103si\u021bi un parteneriat de afaceri, v\u0103 putem opri num\u0103rul UTR.<\/p>\t\n\t<h4>\n\t\t\t\t\u00cenceta\u021bi s\u0103 mai fi\u021bi angaja\u021bi pe cont propriu\n\t\t\t<\/h4>\n\t\t\t<p>You must tell HM Revenue and Customs (HMRC) if you have stopped trading as a sole trader or you are ending or leaving a business partnership.If you will earn \u00a31,000 or less in this tax year you do not need to be registered as self-employed.\u00a0\u00a0But you can choose to stay registered to:<\/p><ul><li>Dovedi\u021bi c\u0103 sunte\u021bi lucr\u0103tor independent, de exemplu pentru a solicita scutirea de taxe pentru \u00eengrijirea copiilor<\/li><li>Make voluntary Class 2 National Insurance payments to avoid gaps in your record. Gaps can mean you will not have enough years of National Insurance Contributions to get full State Pension or be able to get income based benefits (such as Maternity Allowance, Jobseeker&#8217;s Allowance, Employment and Support Allowance, etc.)<\/li><\/ul>\t\n\t<h4>\n\t\t\t\tPre\u021bul Serviciului Nostru\n\t\t\t<\/h4>\n\t\t\t<p>\u00a335<\/p>\t\n\t\t\t\t<img decoding=\"async\" src=\"http:\/\/www.taxes4u.co.uk\/wp-content\/uploads\/2019\/06\/feature1-free-img-1.png\" alt=\"Taxes4u. Declara\u021bie de Impozit, Rambursare de Impozit, Salarizare \u0219i Contabilitate\" title=\"Taxes4u. Declara\u021bie de Impozit, Rambursare de Impozit, Salarizare \u0219i Contabilitate\" itemprop=\"image\"\/>\n\t<h5>\n\t\t\t\tEstimare Gratuit\u0103\n\t\t\t<\/h5>\n\t<h2>\n\t\t\t\tSolicita\u021bi o Ofert\u0103\n\t\t\t<\/h2>\n\t\t\t<p>Vre\u021bi s\u0103 discuta\u021bi despre serviciile de contabilitate pentru dvs. \u0219i afacerea dvs.? Contacta\u021bi-ne pentru o ofert\u0103 gratuit\u0103 \u0219i f\u0103r\u0103 obliga\u021bii.<\/p>\t\n\t\t\t<a href=\"http:\/\/www.taxes4u.co.uk\/ro\/contact\/\" title=\"Click Here\" target=\"_self\"   role=\"button\" aria-label=\"Ob\u021bine\u021bi o Ofert\u0103\">\n\t\t\t\t\t\t\tOb\u021bine\u021bi o Ofert\u0103\n\t\t<\/a>","protected":false},"excerpt":{"rendered":"<p>Services UTR Registration &#038; Cancellation UTR Registration What we offer We can register you for Self Assessment, Self-Employment: Sole trader, Partner or a Partnership Unique Tax Reference &#8211; UTR A UTR number (Unique Taxpayer Reference) is a ten digit number issued by HM Revenue and Customs, and is used to identify individual Tax payers within [&hellip;]<\/p>\n","protected":false},"author":1,"featured_media":0,"parent":0,"menu_order":0,"comment_status":"closed","ping_status":"closed","template":"","meta":{"_uag_custom_page_level_css":"","site-sidebar-layout":"default","site-content-layout":"page-builder","ast-site-content-layout":"default","site-content-style":"default","site-sidebar-style":"default","ast-global-header-display":"","ast-banner-title-visibility":"","ast-main-header-display":"","ast-hfb-above-header-display":"","ast-hfb-below-header-display":"","ast-hfb-mobile-header-display":"","site-post-title":"disabled","ast-breadcrumbs-content":"","ast-featured-img":"disabled","footer-sml-layout":"","ast-disable-related-posts":"","theme-transparent-header-meta":"enabled","adv-header-id-meta":"","stick-header-meta":"default","header-above-stick-meta":"","header-main-stick-meta":"","header-below-stick-meta":"","astra-migrate-meta-layouts":"default","ast-page-background-enabled":"default","ast-page-background-meta":{"desktop":{"background-color":"","background-image":"","background-repeat":"repeat","background-position":"center center","background-size":"auto","background-attachment":"scroll","background-type":"","background-media":"","overlay-type":"","overlay-color":"","overlay-opacity":"","overlay-gradient":""},"tablet":{"background-color":"","background-image":"","background-repeat":"repeat","background-position":"center center","background-size":"auto","background-attachment":"scroll","background-type":"","background-media":"","overlay-type":"","overlay-color":"","overlay-opacity":"","overlay-gradient":""},"mobile":{"background-color":"","background-image":"","background-repeat":"repeat","background-position":"center center","background-size":"auto","background-attachment":"scroll","background-type":"","background-media":"","overlay-type":"","overlay-color":"","overlay-opacity":"","overlay-gradient":""}},"ast-content-background-meta":{"desktop":{"background-color":"var(--ast-global-color-5)","background-image":"","background-repeat":"repeat","background-position":"center center","background-size":"auto","background-attachment":"scroll","background-type":"","background-media":"","overlay-type":"","overlay-color":"","overlay-opacity":"","overlay-gradient":""},"tablet":{"background-color":"var(--ast-global-color-5)","background-image":"","background-repeat":"repeat","background-position":"center center","background-size":"auto","background-attachment":"scroll","background-type":"","background-media":"","overlay-type":"","overlay-color":"","overlay-opacity":"","overlay-gradient":""},"mobile":{"background-color":"var(--ast-global-color-5)","background-image":"","background-repeat":"repeat","background-position":"center center","background-size":"auto","background-attachment":"scroll","background-type":"","background-media":"","overlay-type":"","overlay-color":"","overlay-opacity":"","overlay-gradient":""}},"footnotes":""},"class_list":["post-1214","page","type-page","status-publish","hentry"],"yoast_head":"<!-- This site is optimized with the Yoast SEO plugin v27.4 - https:\/\/yoast.com\/product\/yoast-seo-wordpress\/ -->\n<title>Help with UTR Registration and Cancellation UK - Taxes4u<\/title>\n<meta name=\"description\" content=\"Need help with UTR Registration or UTR Cancellation? We can register you for UTR, Self Assessment, Self-Employment: Sole trader, Partner or a Partnership\" \/>\n<meta name=\"robots\" content=\"index, follow, max-snippet:-1, max-image-preview:large, max-video-preview:-1\" \/>\n<link rel=\"canonical\" href=\"https:\/\/www.taxes4u.co.uk\/ro\/services-utr-registration-and-cancellation\/\" \/>\n<meta property=\"og:locale\" content=\"ro_RO\" \/>\n<meta property=\"og:type\" content=\"article\" \/>\n<meta property=\"og:title\" content=\"Help with UTR Registration and Cancellation UK - Taxes4u\" \/>\n<meta property=\"og:description\" content=\"Need help with UTR Registration or UTR Cancellation? We can register you for UTR, Self Assessment, Self-Employment: Sole trader, Partner or a Partnership\" \/>\n<meta property=\"og:url\" content=\"https:\/\/www.taxes4u.co.uk\/ro\/services-utr-registration-and-cancellation\/\" \/>\n<meta property=\"og:site_name\" content=\"Taxes4u\" \/>\n<meta property=\"article:modified_time\" content=\"2025-03-27T20:52:21+00:00\" \/>\n<meta property=\"og:image\" content=\"http:\/\/www.taxes4u.co.uk\/wp-content\/uploads\/2019\/06\/feature2-free-img-1.png\" \/>\n<meta name=\"twitter:card\" content=\"summary_large_image\" \/>\n<meta name=\"twitter:label1\" content=\"Timp estimat pentru citire\" \/>\n\t<meta name=\"twitter:data1\" content=\"3 minute\" \/>\n<script type=\"application\/ld+json\" class=\"yoast-schema-graph\">{\"@context\":\"https:\\\/\\\/schema.org\",\"@graph\":[{\"@type\":\"WebPage\",\"@id\":\"https:\\\/\\\/www.taxes4u.co.uk\\\/services-utr-registration-and-cancellation\",\"url\":\"https:\\\/\\\/www.taxes4u.co.uk\\\/services-utr-registration-and-cancellation\",\"name\":\"Help with UTR Registration and Cancellation UK - Taxes4u\",\"isPartOf\":{\"@id\":\"https:\\\/\\\/www.taxes4u.co.uk\\\/#website\"},\"primaryImageOfPage\":{\"@id\":\"https:\\\/\\\/www.taxes4u.co.uk\\\/services-utr-registration-and-cancellation#primaryimage\"},\"image\":{\"@id\":\"https:\\\/\\\/www.taxes4u.co.uk\\\/services-utr-registration-and-cancellation#primaryimage\"},\"thumbnailUrl\":\"http:\\\/\\\/www.taxes4u.co.uk\\\/wp-content\\\/uploads\\\/2019\\\/06\\\/feature2-free-img-1.png\",\"datePublished\":\"2020-06-06T12:56:25+00:00\",\"dateModified\":\"2025-03-27T20:52:21+00:00\",\"description\":\"Need help with UTR Registration or UTR Cancellation? We can register you for UTR, Self Assessment, Self-Employment: Sole trader, Partner or a Partnership\",\"breadcrumb\":{\"@id\":\"https:\\\/\\\/www.taxes4u.co.uk\\\/services-utr-registration-and-cancellation#breadcrumb\"},\"inLanguage\":\"ro-RO\",\"potentialAction\":[{\"@type\":\"ReadAction\",\"target\":[\"https:\\\/\\\/www.taxes4u.co.uk\\\/services-utr-registration-and-cancellation\"]}]},{\"@type\":\"ImageObject\",\"inLanguage\":\"ro-RO\",\"@id\":\"https:\\\/\\\/www.taxes4u.co.uk\\\/services-utr-registration-and-cancellation#primaryimage\",\"url\":\"http:\\\/\\\/www.taxes4u.co.uk\\\/wp-content\\\/uploads\\\/2019\\\/06\\\/feature2-free-img-1.png\",\"contentUrl\":\"http:\\\/\\\/www.taxes4u.co.uk\\\/wp-content\\\/uploads\\\/2019\\\/06\\\/feature2-free-img-1.png\"},{\"@type\":\"BreadcrumbList\",\"@id\":\"https:\\\/\\\/www.taxes4u.co.uk\\\/services-utr-registration-and-cancellation#breadcrumb\",\"itemListElement\":[{\"@type\":\"ListItem\",\"position\":1,\"name\":\"Home\",\"item\":\"https:\\\/\\\/www.taxes4u.co.uk\\\/\"},{\"@type\":\"ListItem\",\"position\":2,\"name\":\"UTR Registration &#038; Cancellation\"}]},{\"@type\":\"WebSite\",\"@id\":\"https:\\\/\\\/www.taxes4u.co.uk\\\/#website\",\"url\":\"https:\\\/\\\/www.taxes4u.co.uk\\\/\",\"name\":\"Taxes4u\",\"description\":\"Tax Returns, Payroll, Bookkeeping\",\"publisher\":{\"@id\":\"https:\\\/\\\/www.taxes4u.co.uk\\\/#organization\"},\"potentialAction\":[{\"@type\":\"SearchAction\",\"target\":{\"@type\":\"EntryPoint\",\"urlTemplate\":\"https:\\\/\\\/www.taxes4u.co.uk\\\/?s={search_term_string}\"},\"query-input\":{\"@type\":\"PropertyValueSpecification\",\"valueRequired\":true,\"valueName\":\"search_term_string\"}}],\"inLanguage\":\"ro-RO\"},{\"@type\":\"Organization\",\"@id\":\"https:\\\/\\\/www.taxes4u.co.uk\\\/#organization\",\"name\":\"Taxes4u\",\"url\":\"https:\\\/\\\/www.taxes4u.co.uk\\\/\",\"logo\":{\"@type\":\"ImageObject\",\"inLanguage\":\"ro-RO\",\"@id\":\"https:\\\/\\\/www.taxes4u.co.uk\\\/#\\\/schema\\\/logo\\\/image\\\/\",\"url\":\"https:\\\/\\\/www.taxes4u.co.uk\\\/wp-content\\\/uploads\\\/2020\\\/06\\\/cropped-3001_Taxes4u_RB_GR-02.png\",\"contentUrl\":\"https:\\\/\\\/www.taxes4u.co.uk\\\/wp-content\\\/uploads\\\/2020\\\/06\\\/cropped-3001_Taxes4u_RB_GR-02.png\",\"width\":396,\"height\":82,\"caption\":\"Taxes4u\"},\"image\":{\"@id\":\"https:\\\/\\\/www.taxes4u.co.uk\\\/#\\\/schema\\\/logo\\\/image\\\/\"}}]}<\/script>\n<!-- \/ Yoast SEO plugin. -->","yoast_head_json":{"title":"\u00cenregistrare \u015fi anulare UTR \u00een Marea Britanie | Taxes4u","description":"Ave\u0163i nevoie de ajutor cu \u00eenregistrarea sau anularea UTR? V\u0103 \u00eenregistr\u0103m pentru Self Assessment \u015fi activitate independent\u0103 \u2014 persoan\u0103 fizic\u0103 sau parteneriat.","robots":{"index":"index","follow":"follow","max-snippet":"max-snippet:-1","max-image-preview":"max-image-preview:large","max-video-preview":"max-video-preview:-1"},"canonical":"https:\/\/www.taxes4u.co.uk\/ro\/services-utr-registration-and-cancellation\/","og_locale":"ro_RO","og_type":"article","og_title":"Help with UTR Registration and Cancellation UK - Taxes4u","og_description":"Need help with UTR Registration or UTR Cancellation? We can register you for UTR, Self Assessment, Self-Employment: Sole trader, Partner or a Partnership","og_url":"https:\/\/www.taxes4u.co.uk\/ro\/services-utr-registration-and-cancellation\/","og_site_name":"Taxes4u","article_modified_time":"2025-03-27T20:52:21+00:00","og_image":[{"url":"http:\/\/www.taxes4u.co.uk\/wp-content\/uploads\/2019\/06\/feature2-free-img-1.png","type":"","width":"","height":""}],"twitter_card":"summary_large_image","twitter_misc":{"Timp estimat pentru citire":"3 minute"},"schema":{"@context":"https:\/\/schema.org","@graph":[{"@type":"WebPage","@id":"https:\/\/www.taxes4u.co.uk\/services-utr-registration-and-cancellation","url":"https:\/\/www.taxes4u.co.uk\/services-utr-registration-and-cancellation","name":"\u00cenregistrare \u015fi anulare UTR \u00een Marea Britanie | Taxes4u","isPartOf":{"@id":"https:\/\/www.taxes4u.co.uk\/#website"},"primaryImageOfPage":{"@id":"https:\/\/www.taxes4u.co.uk\/services-utr-registration-and-cancellation#primaryimage"},"image":{"@id":"https:\/\/www.taxes4u.co.uk\/services-utr-registration-and-cancellation#primaryimage"},"thumbnailUrl":"http:\/\/www.taxes4u.co.uk\/wp-content\/uploads\/2019\/06\/feature2-free-img-1.png","datePublished":"2020-06-06T12:56:25+00:00","dateModified":"2025-03-27T20:52:21+00:00","description":"Ave\u0163i nevoie de ajutor cu \u00eenregistrarea sau anularea UTR? V\u0103 \u00eenregistr\u0103m pentru Self Assessment \u015fi activitate independent\u0103 \u2014 persoan\u0103 fizic\u0103 sau parteneriat.","breadcrumb":{"@id":"https:\/\/www.taxes4u.co.uk\/services-utr-registration-and-cancellation#breadcrumb"},"inLanguage":"ro-RO","potentialAction":[{"@type":"ReadAction","target":["https:\/\/www.taxes4u.co.uk\/services-utr-registration-and-cancellation"]}]},{"@type":"ImageObject","inLanguage":"ro-RO","@id":"https:\/\/www.taxes4u.co.uk\/services-utr-registration-and-cancellation#primaryimage","url":"http:\/\/www.taxes4u.co.uk\/wp-content\/uploads\/2019\/06\/feature2-free-img-1.png","contentUrl":"http:\/\/www.taxes4u.co.uk\/wp-content\/uploads\/2019\/06\/feature2-free-img-1.png"},{"@type":"BreadcrumbList","@id":"https:\/\/www.taxes4u.co.uk\/services-utr-registration-and-cancellation#breadcrumb","itemListElement":[{"@type":"ListItem","position":1,"name":"Home","item":"https:\/\/www.taxes4u.co.uk\/"},{"@type":"ListItem","position":2,"name":"UTR Registration &#038; Cancellation"}]},{"@type":"WebSite","@id":"https:\/\/www.taxes4u.co.uk\/#website","url":"https:\/\/www.taxes4u.co.uk\/","name":"Taxes4u","description":"Declara\u021bii Fiscale, Salarizare, Contabilitate","publisher":{"@id":"https:\/\/www.taxes4u.co.uk\/#organization"},"potentialAction":[{"@type":"SearchAction","target":{"@type":"EntryPoint","urlTemplate":"https:\/\/www.taxes4u.co.uk\/?s={search_term_string}"},"query-input":{"@type":"PropertyValueSpecification","valueRequired":true,"valueName":"search_term_string"}}],"inLanguage":"ro-RO"},{"@type":"Organization","@id":"https:\/\/www.taxes4u.co.uk\/#organization","name":"Taxes4u","url":"https:\/\/www.taxes4u.co.uk\/","logo":{"@type":"ImageObject","inLanguage":"ro-RO","@id":"https:\/\/www.taxes4u.co.uk\/#\/schema\/logo\/image\/","url":"https:\/\/www.taxes4u.co.uk\/wp-content\/uploads\/2020\/06\/cropped-3001_Taxes4u_RB_GR-02.png","contentUrl":"https:\/\/www.taxes4u.co.uk\/wp-content\/uploads\/2020\/06\/cropped-3001_Taxes4u_RB_GR-02.png","width":396,"height":82,"caption":"Taxes4u"},"image":{"@id":"https:\/\/www.taxes4u.co.uk\/#\/schema\/logo\/image\/"}}]}},"uagb_featured_image_src":{"full":false,"thumbnail":false,"medium":false,"medium_large":false,"large":false,"1536x1536":false,"2048x2048":false,"trp-custom-language-flag":false},"uagb_author_info":{"display_name":"Malaicik","author_link":"https:\/\/www.taxes4u.co.uk\/ro\/author\/malaicik"},"uagb_comment_info":0,"uagb_excerpt":"Services UTR Registration &#038; Cancellation UTR Registration What we offer We can register you for Self Assessment, Self-Employment: Sole trader, Partner or a Partnership Unique Tax Reference &#8211; UTR A UTR number (Unique Taxpayer Reference) is a ten digit number issued by HM Revenue and Customs, and is used to identify individual Tax payers within&hellip;","_links":{"self":[{"href":"https:\/\/www.taxes4u.co.uk\/ro\/wp-json\/wp\/v2\/pages\/1214","targetHints":{"allow":["GET"]}}],"collection":[{"href":"https:\/\/www.taxes4u.co.uk\/ro\/wp-json\/wp\/v2\/pages"}],"about":[{"href":"https:\/\/www.taxes4u.co.uk\/ro\/wp-json\/wp\/v2\/types\/page"}],"author":[{"embeddable":true,"href":"https:\/\/www.taxes4u.co.uk\/ro\/wp-json\/wp\/v2\/users\/1"}],"replies":[{"embeddable":true,"href":"https:\/\/www.taxes4u.co.uk\/ro\/wp-json\/wp\/v2\/comments?post=1214"}],"version-history":[{"count":33,"href":"https:\/\/www.taxes4u.co.uk\/ro\/wp-json\/wp\/v2\/pages\/1214\/revisions"}],"predecessor-version":[{"id":1947,"href":"https:\/\/www.taxes4u.co.uk\/ro\/wp-json\/wp\/v2\/pages\/1214\/revisions\/1947"}],"wp:attachment":[{"href":"https:\/\/www.taxes4u.co.uk\/ro\/wp-json\/wp\/v2\/media?parent=1214"}],"curies":[{"name":"wp","href":"https:\/\/api.w.org\/{rel}","templated":true}]}}