{"id":1224,"date":"2020-06-06T13:03:08","date_gmt":"2020-06-06T13:03:08","guid":{"rendered":"http:\/\/www.taxes4u.co.uk\/?page_id=1224"},"modified":"2024-04-04T17:21:59","modified_gmt":"2024-04-04T17:21:59","slug":"services-construction-industry-scheme-cis-registration","status":"publish","type":"page","link":"https:\/\/www.taxes4u.co.uk\/ro\/services-construction-industry-scheme-cis-registration","title":{"rendered":"\u00cenregistrare CIS"},"content":{"rendered":"<h5>\n\t\t\t\tServicii\n\t\t\t<\/h5>\n\t<h1>\n\t\t\t\tSistemul industriei construc\u021biilor (CIS) \u00cenregistrare\n\t\t\t<\/h1>\n\t\t\t\t<img decoding=\"async\" src=\"http:\/\/www.taxes4u.co.uk\/wp-content\/uploads\/2019\/06\/feature2-free-img-1.png\" alt=\"Servicii de returnare a impozitelor, rambursare a impozitelor \u0219i servicii de brokeraj ipotecar \u00een Marea Britanie | Taxes4u\" title=\"Taxes4u. Returnarea Impozitelor Rambursarea Impozitelor \u0219i Broker Ipotecar\" itemprop=\"image\"\/>\n\t<h2>\n\t\t\t\tSistemul industriei construc\u021biilor (CIS) \u00cenregistrare\n\t\t\t<\/h2>\n\t<h4>\n\t\t\t\tCe oferim\n\t\t\t<\/h4>\n\t\t\t<p>Putem \u00eenregistra o persoan\u0103 care desf\u0103\u0219oar\u0103 o activitate independent\u0103 \u00een cadrul sistemului pentru industria construc\u021biilor (CIS)<\/p>\t\n\t<h4>\n\t\t\t\tSistemul industriei construc\u021biilor (CIS)\n\t\t\t<\/h4>\n\t\t\t<p>Ar trebui s\u0103 v\u0103 \u00eenscrie\u021bi la Construction Industry Scheme (CIS) dac\u0103 lucra\u021bi pentru un antreprenor \u0219i sunte\u021bi una dintre urm\u0103toarele persoane:\u00a0<ul><li><ul><li>Lucr\u0103tor independent<\/li><li>Proprietarul unei societ\u0103\u021bi cu r\u0103spundere limitat\u0103<\/li><li>Un partener \u00eentr-un parteneriat<\/li><\/ul><\/li><\/ul>\u00a0Under CIS, a contractor must deduct 20% from your payments and pass it to HM Revenue and Customs (HMRC). These deductions count as advance payments towards your tax and National Insurance bill.If you do not register for the scheme, contractors must deduct 30% from your payments instead.\u00a0<strong>Dac\u0103 nu dori\u021bi ca deducerile s\u0103 fie efectuate:<\/strong>Dac\u0103 nu dori\u021bi ca contractan\u021bii s\u0103 efectueze re\u021bineri \u00een avans, pute\u021bi solicita statutul de plat\u0103 brut\u0103. Aceasta \u00eenseamn\u0103 c\u0103 contractan\u021bii v\u0103 vor pl\u0103ti integral, f\u0103r\u0103 deduceri. Ve\u021bi pl\u0103ti toate impozitele \u0219i asigur\u0103rile na\u021bionale la sf\u00e2r\u0219itul anului fiscal.\u00a0<strong>Pl\u0103ti\u021bi impozitul \u0219i solicita\u021bi \u00eenapoi deducerile<\/strong>Atunci c\u00e2nd sunte\u021bi \u00eenregistrat la Construction Industry Scheme (CIS), sunte\u021bi \u00een continuare responsabil pentru plata corect\u0103 a impozitelor \u0219i a asigur\u0103rilor na\u021bionale pentru afacerea dumneavoastr\u0103, chiar dac\u0103 contractan\u021bii au efectuat deduceri pe parcursul anului.\u00a0<\/p>\t\n\t<h4>\n\t\t\t\tPre\u021bul Nostru\n\t\t\t<\/h4>\n\t\t\t<p>\u00a335<\/p>\t\n\t<h5>\n\t\t\t\tEstimare Gratuit\u0103\n\t\t\t<\/h5>\n\t<h2>\n\t\t\t\tSolicita\u021bi o Ofert\u0103\n\t\t\t<\/h2>\n\t\t\t<p>Vre\u021bi s\u0103 discuta\u021bi despre serviciile de contabilitate pentru dvs. \u0219i afacerea dvs.? Contacta\u021bi-ne pentru o ofert\u0103 gratuit\u0103 \u0219i f\u0103r\u0103 obliga\u021bii.<\/p>\t\n\t\t\t<a href=\"http:\/\/www.taxes4u.co.uk\/ro\/contact\/\" target=\"_self\" role=\"button\" aria-label=\"Ob\u021bine\u021bi o Ofert\u0103\" rel=\"noopener\">\n\t\t\t\t\t\t\tOb\u021bine\u021bi o Ofert\u0103\n\t\t<\/a>","protected":false},"excerpt":{"rendered":"<p>Services Construction Industry Scheme (CIS) Registration Construction Industry Scheme (CIS) Registration What we offer We can register Self Employed person for the Construction Industry Scheme (CIS) Construction Industry Scheme (CIS) You should register for the Construction Industry Scheme (CIS) if you work for a contractor and you are one of the following:\u00a0 Self-employed The owner [&hellip;]<\/p>\n","protected":false},"author":1,"featured_media":0,"parent":0,"menu_order":0,"comment_status":"closed","ping_status":"closed","template":"","meta":{"_uag_custom_page_level_css":"","site-sidebar-layout":"default","site-content-layout":"page-builder","ast-site-content-layout":"default","site-content-style":"default","site-sidebar-style":"default","ast-global-header-display":"","ast-banner-title-visibility":"","ast-main-header-display":"","ast-hfb-above-header-display":"","ast-hfb-below-header-display":"","ast-hfb-mobile-header-display":"","site-post-title":"disabled","ast-breadcrumbs-content":"","ast-featured-img":"disabled","footer-sml-layout":"","ast-disable-related-posts":"","theme-transparent-header-meta":"enabled","adv-header-id-meta":"","stick-header-meta":"default","header-above-stick-meta":"","header-main-stick-meta":"","header-below-stick-meta":"","astra-migrate-meta-layouts":"default","ast-page-background-enabled":"default","ast-page-background-meta":{"desktop":{"background-color":"","background-image":"","background-repeat":"repeat","background-position":"center center","background-size":"auto","background-attachment":"scroll","background-type":"","background-media":"","overlay-type":"","overlay-color":"","overlay-opacity":"","overlay-gradient":""},"tablet":{"background-color":"","background-image":"","background-repeat":"repeat","background-position":"center center","background-size":"auto","background-attachment":"scroll","background-type":"","background-media":"","overlay-type":"","overlay-color":"","overlay-opacity":"","overlay-gradient":""},"mobile":{"background-color":"","background-image":"","background-repeat":"repeat","background-position":"center center","background-size":"auto","background-attachment":"scroll","background-type":"","background-media":"","overlay-type":"","overlay-color":"","overlay-opacity":"","overlay-gradient":""}},"ast-content-background-meta":{"desktop":{"background-color":"var(--ast-global-color-5)","background-image":"","background-repeat":"repeat","background-position":"center center","background-size":"auto","background-attachment":"scroll","background-type":"","background-media":"","overlay-type":"","overlay-color":"","overlay-opacity":"","overlay-gradient":""},"tablet":{"background-color":"var(--ast-global-color-5)","background-image":"","background-repeat":"repeat","background-position":"center center","background-size":"auto","background-attachment":"scroll","background-type":"","background-media":"","overlay-type":"","overlay-color":"","overlay-opacity":"","overlay-gradient":""},"mobile":{"background-color":"var(--ast-global-color-5)","background-image":"","background-repeat":"repeat","background-position":"center center","background-size":"auto","background-attachment":"scroll","background-type":"","background-media":"","overlay-type":"","overlay-color":"","overlay-opacity":"","overlay-gradient":""}},"footnotes":""},"class_list":["post-1224","page","type-page","status-publish","hentry"],"yoast_head":"<!-- This site is optimized with the Yoast SEO plugin v27.4 - https:\/\/yoast.com\/product\/yoast-seo-wordpress\/ -->\n<title>Construction Industry Scheme (CIS) Registration - Taxes4u<\/title>\n<meta name=\"description\" content=\"We can take care of Construction Industry Scheme (CIS) registration for you if you work for a contractor and you are Self Emplyed or owner of a LTD\" \/>\n<meta name=\"robots\" content=\"index, follow, max-snippet:-1, max-image-preview:large, max-video-preview:-1\" \/>\n<link rel=\"canonical\" href=\"https:\/\/www.taxes4u.co.uk\/ro\/services-construction-industry-scheme-cis-registration\/\" \/>\n<meta property=\"og:locale\" content=\"ro_RO\" \/>\n<meta property=\"og:type\" content=\"article\" \/>\n<meta property=\"og:title\" content=\"Construction Industry Scheme (CIS) Registration - Taxes4u\" \/>\n<meta property=\"og:description\" content=\"We can take care of Construction Industry Scheme (CIS) registration for you if you work for a contractor and you are Self Emplyed or owner of a LTD\" \/>\n<meta property=\"og:url\" content=\"https:\/\/www.taxes4u.co.uk\/ro\/services-construction-industry-scheme-cis-registration\/\" \/>\n<meta property=\"og:site_name\" content=\"Taxes4u\" \/>\n<meta property=\"article:modified_time\" content=\"2024-04-04T17:21:59+00:00\" \/>\n<meta property=\"og:image\" content=\"http:\/\/www.taxes4u.co.uk\/wp-content\/uploads\/2019\/06\/feature2-free-img-1.png\" \/>\n<meta name=\"twitter:card\" content=\"summary_large_image\" \/>\n<meta name=\"twitter:label1\" content=\"Timp estimat pentru citire\" \/>\n\t<meta name=\"twitter:data1\" content=\"1 minut\" \/>\n<script type=\"application\/ld+json\" class=\"yoast-schema-graph\">{\"@context\":\"https:\\\/\\\/schema.org\",\"@graph\":[{\"@type\":\"WebPage\",\"@id\":\"https:\\\/\\\/www.taxes4u.co.uk\\\/services-construction-industry-scheme-cis-registration\",\"url\":\"https:\\\/\\\/www.taxes4u.co.uk\\\/services-construction-industry-scheme-cis-registration\",\"name\":\"Construction Industry Scheme (CIS) Registration - Taxes4u\",\"isPartOf\":{\"@id\":\"https:\\\/\\\/www.taxes4u.co.uk\\\/#website\"},\"primaryImageOfPage\":{\"@id\":\"https:\\\/\\\/www.taxes4u.co.uk\\\/services-construction-industry-scheme-cis-registration#primaryimage\"},\"image\":{\"@id\":\"https:\\\/\\\/www.taxes4u.co.uk\\\/services-construction-industry-scheme-cis-registration#primaryimage\"},\"thumbnailUrl\":\"http:\\\/\\\/www.taxes4u.co.uk\\\/wp-content\\\/uploads\\\/2019\\\/06\\\/feature2-free-img-1.png\",\"datePublished\":\"2020-06-06T13:03:08+00:00\",\"dateModified\":\"2024-04-04T17:21:59+00:00\",\"description\":\"We can take care of Construction Industry Scheme (CIS) registration for you if you work for a contractor and you are Self Emplyed or owner of a LTD\",\"breadcrumb\":{\"@id\":\"https:\\\/\\\/www.taxes4u.co.uk\\\/services-construction-industry-scheme-cis-registration#breadcrumb\"},\"inLanguage\":\"ro-RO\",\"potentialAction\":[{\"@type\":\"ReadAction\",\"target\":[\"https:\\\/\\\/www.taxes4u.co.uk\\\/services-construction-industry-scheme-cis-registration\"]}]},{\"@type\":\"ImageObject\",\"inLanguage\":\"ro-RO\",\"@id\":\"https:\\\/\\\/www.taxes4u.co.uk\\\/services-construction-industry-scheme-cis-registration#primaryimage\",\"url\":\"http:\\\/\\\/www.taxes4u.co.uk\\\/wp-content\\\/uploads\\\/2019\\\/06\\\/feature2-free-img-1.png\",\"contentUrl\":\"http:\\\/\\\/www.taxes4u.co.uk\\\/wp-content\\\/uploads\\\/2019\\\/06\\\/feature2-free-img-1.png\"},{\"@type\":\"BreadcrumbList\",\"@id\":\"https:\\\/\\\/www.taxes4u.co.uk\\\/services-construction-industry-scheme-cis-registration#breadcrumb\",\"itemListElement\":[{\"@type\":\"ListItem\",\"position\":1,\"name\":\"Home\",\"item\":\"https:\\\/\\\/www.taxes4u.co.uk\\\/\"},{\"@type\":\"ListItem\",\"position\":2,\"name\":\"CIS Registration\"}]},{\"@type\":\"WebSite\",\"@id\":\"https:\\\/\\\/www.taxes4u.co.uk\\\/#website\",\"url\":\"https:\\\/\\\/www.taxes4u.co.uk\\\/\",\"name\":\"Taxes4u\",\"description\":\"Tax Returns, Payroll, Bookkeeping\",\"publisher\":{\"@id\":\"https:\\\/\\\/www.taxes4u.co.uk\\\/#organization\"},\"potentialAction\":[{\"@type\":\"SearchAction\",\"target\":{\"@type\":\"EntryPoint\",\"urlTemplate\":\"https:\\\/\\\/www.taxes4u.co.uk\\\/?s={search_term_string}\"},\"query-input\":{\"@type\":\"PropertyValueSpecification\",\"valueRequired\":true,\"valueName\":\"search_term_string\"}}],\"inLanguage\":\"ro-RO\"},{\"@type\":\"Organization\",\"@id\":\"https:\\\/\\\/www.taxes4u.co.uk\\\/#organization\",\"name\":\"Taxes4u\",\"url\":\"https:\\\/\\\/www.taxes4u.co.uk\\\/\",\"logo\":{\"@type\":\"ImageObject\",\"inLanguage\":\"ro-RO\",\"@id\":\"https:\\\/\\\/www.taxes4u.co.uk\\\/#\\\/schema\\\/logo\\\/image\\\/\",\"url\":\"https:\\\/\\\/www.taxes4u.co.uk\\\/wp-content\\\/uploads\\\/2020\\\/06\\\/cropped-3001_Taxes4u_RB_GR-02.png\",\"contentUrl\":\"https:\\\/\\\/www.taxes4u.co.uk\\\/wp-content\\\/uploads\\\/2020\\\/06\\\/cropped-3001_Taxes4u_RB_GR-02.png\",\"width\":396,\"height\":82,\"caption\":\"Taxes4u\"},\"image\":{\"@id\":\"https:\\\/\\\/www.taxes4u.co.uk\\\/#\\\/schema\\\/logo\\\/image\\\/\"}}]}<\/script>\n<!-- \/ Yoast SEO plugin. -->","yoast_head_json":{"title":"\u00cenregistrare \u00een schema industriei construc\u0163iilor (CIS) | Taxes4u","description":"Ne ocup\u0103m de \u00eenregistrarea dvs. \u00een CIS dac\u0103 lucra\u0163i pentru un antreprenor ca persoan\u0103 independent\u0103 sau ca proprietar de SRL \u00een Marea Britanie.","robots":{"index":"index","follow":"follow","max-snippet":"max-snippet:-1","max-image-preview":"max-image-preview:large","max-video-preview":"max-video-preview:-1"},"canonical":"https:\/\/www.taxes4u.co.uk\/ro\/services-construction-industry-scheme-cis-registration\/","og_locale":"ro_RO","og_type":"article","og_title":"Construction Industry Scheme (CIS) Registration - Taxes4u","og_description":"We can take care of Construction Industry Scheme (CIS) registration for you if you work for a contractor and you are Self Emplyed or owner of a LTD","og_url":"https:\/\/www.taxes4u.co.uk\/ro\/services-construction-industry-scheme-cis-registration\/","og_site_name":"Taxes4u","article_modified_time":"2024-04-04T17:21:59+00:00","og_image":[{"url":"http:\/\/www.taxes4u.co.uk\/wp-content\/uploads\/2019\/06\/feature2-free-img-1.png","type":"","width":"","height":""}],"twitter_card":"summary_large_image","twitter_misc":{"Timp estimat pentru citire":"1 minut"},"schema":{"@context":"https:\/\/schema.org","@graph":[{"@type":"WebPage","@id":"https:\/\/www.taxes4u.co.uk\/services-construction-industry-scheme-cis-registration","url":"https:\/\/www.taxes4u.co.uk\/services-construction-industry-scheme-cis-registration","name":"\u00cenregistrare \u00een schema industriei construc\u0163iilor (CIS) | Taxes4u","isPartOf":{"@id":"https:\/\/www.taxes4u.co.uk\/#website"},"primaryImageOfPage":{"@id":"https:\/\/www.taxes4u.co.uk\/services-construction-industry-scheme-cis-registration#primaryimage"},"image":{"@id":"https:\/\/www.taxes4u.co.uk\/services-construction-industry-scheme-cis-registration#primaryimage"},"thumbnailUrl":"http:\/\/www.taxes4u.co.uk\/wp-content\/uploads\/2019\/06\/feature2-free-img-1.png","datePublished":"2020-06-06T13:03:08+00:00","dateModified":"2024-04-04T17:21:59+00:00","description":"Ne ocup\u0103m de \u00eenregistrarea dvs. \u00een CIS dac\u0103 lucra\u0163i pentru un antreprenor ca persoan\u0103 independent\u0103 sau ca proprietar de SRL \u00een Marea Britanie.","breadcrumb":{"@id":"https:\/\/www.taxes4u.co.uk\/services-construction-industry-scheme-cis-registration#breadcrumb"},"inLanguage":"ro-RO","potentialAction":[{"@type":"ReadAction","target":["https:\/\/www.taxes4u.co.uk\/services-construction-industry-scheme-cis-registration"]}]},{"@type":"ImageObject","inLanguage":"ro-RO","@id":"https:\/\/www.taxes4u.co.uk\/services-construction-industry-scheme-cis-registration#primaryimage","url":"http:\/\/www.taxes4u.co.uk\/wp-content\/uploads\/2019\/06\/feature2-free-img-1.png","contentUrl":"http:\/\/www.taxes4u.co.uk\/wp-content\/uploads\/2019\/06\/feature2-free-img-1.png"},{"@type":"BreadcrumbList","@id":"https:\/\/www.taxes4u.co.uk\/services-construction-industry-scheme-cis-registration#breadcrumb","itemListElement":[{"@type":"ListItem","position":1,"name":"Home","item":"https:\/\/www.taxes4u.co.uk\/"},{"@type":"ListItem","position":2,"name":"CIS Registration"}]},{"@type":"WebSite","@id":"https:\/\/www.taxes4u.co.uk\/#website","url":"https:\/\/www.taxes4u.co.uk\/","name":"Taxes4u","description":"Declara\u021bii Fiscale, Salarizare, Contabilitate","publisher":{"@id":"https:\/\/www.taxes4u.co.uk\/#organization"},"potentialAction":[{"@type":"SearchAction","target":{"@type":"EntryPoint","urlTemplate":"https:\/\/www.taxes4u.co.uk\/?s={search_term_string}"},"query-input":{"@type":"PropertyValueSpecification","valueRequired":true,"valueName":"search_term_string"}}],"inLanguage":"ro-RO"},{"@type":"Organization","@id":"https:\/\/www.taxes4u.co.uk\/#organization","name":"Taxes4u","url":"https:\/\/www.taxes4u.co.uk\/","logo":{"@type":"ImageObject","inLanguage":"ro-RO","@id":"https:\/\/www.taxes4u.co.uk\/#\/schema\/logo\/image\/","url":"https:\/\/www.taxes4u.co.uk\/wp-content\/uploads\/2020\/06\/cropped-3001_Taxes4u_RB_GR-02.png","contentUrl":"https:\/\/www.taxes4u.co.uk\/wp-content\/uploads\/2020\/06\/cropped-3001_Taxes4u_RB_GR-02.png","width":396,"height":82,"caption":"Taxes4u"},"image":{"@id":"https:\/\/www.taxes4u.co.uk\/#\/schema\/logo\/image\/"}}]}},"uagb_featured_image_src":{"full":false,"thumbnail":false,"medium":false,"medium_large":false,"large":false,"1536x1536":false,"2048x2048":false,"trp-custom-language-flag":false},"uagb_author_info":{"display_name":"Malaicik","author_link":"https:\/\/www.taxes4u.co.uk\/ro\/author\/malaicik"},"uagb_comment_info":0,"uagb_excerpt":"Services Construction Industry Scheme (CIS) Registration Construction Industry Scheme (CIS) Registration What we offer We can register Self Employed person for the Construction Industry Scheme (CIS) Construction Industry Scheme (CIS) You should register for the Construction Industry Scheme (CIS) if you work for a contractor and you are one of the following:\u00a0 Self-employed The owner&hellip;","_links":{"self":[{"href":"https:\/\/www.taxes4u.co.uk\/ro\/wp-json\/wp\/v2\/pages\/1224","targetHints":{"allow":["GET"]}}],"collection":[{"href":"https:\/\/www.taxes4u.co.uk\/ro\/wp-json\/wp\/v2\/pages"}],"about":[{"href":"https:\/\/www.taxes4u.co.uk\/ro\/wp-json\/wp\/v2\/types\/page"}],"author":[{"embeddable":true,"href":"https:\/\/www.taxes4u.co.uk\/ro\/wp-json\/wp\/v2\/users\/1"}],"replies":[{"embeddable":true,"href":"https:\/\/www.taxes4u.co.uk\/ro\/wp-json\/wp\/v2\/comments?post=1224"}],"version-history":[{"count":22,"href":"https:\/\/www.taxes4u.co.uk\/ro\/wp-json\/wp\/v2\/pages\/1224\/revisions"}],"predecessor-version":[{"id":1826,"href":"https:\/\/www.taxes4u.co.uk\/ro\/wp-json\/wp\/v2\/pages\/1224\/revisions\/1826"}],"wp:attachment":[{"href":"https:\/\/www.taxes4u.co.uk\/ro\/wp-json\/wp\/v2\/media?parent=1224"}],"curies":[{"name":"wp","href":"https:\/\/api.w.org\/{rel}","templated":true}]}}