{"id":1228,"date":"2020-06-06T13:09:53","date_gmt":"2020-06-06T13:09:53","guid":{"rendered":"http:\/\/www.taxes4u.co.uk\/?page_id=1228"},"modified":"2025-04-06T13:42:47","modified_gmt":"2025-04-06T13:42:47","slug":"services-penalties-and-appeals-for-late-tax-return-submissions","status":"publish","type":"page","link":"https:\/\/www.taxes4u.co.uk\/ro\/services-penalties-and-appeals-for-late-tax-return-submissions","title":{"rendered":"Sanc\u021biuni \u0219i Apeluri"},"content":{"rendered":"<h5>\n\t\t\t\tServicii\n\t\t\t<\/h5>\n\t<h1>\n\t\t\t\tPenalties &#038; Appeals for late Tax Return submission\n\t\t\t<\/h1>\n\t\t\t\t<img decoding=\"async\" src=\"https:\/\/www.taxes4u.co.uk\/wp-content\/uploads\/bb-plugin\/cache\/Taxes4u-Penalties-Appeals-for-late-Tax-Return-submission-square.png\" alt=\"Penalit\u0103\u021bi \u0219i recursuri pentru depunerea cu \u00eent\u00e2rziere a declara\u021biei fiscale. Penalit\u0103\u021bi \u0219i recursuri pentru depunerea cu \u00eent\u00e2rziere a declara\u021biei fiscale. \u0428\u0442\u0440\u0430\u0444\u044b \u0438 \u0430\u043f\u0435\u043b\u043b\u044f\u0446\u0438\u0438 \u0437\u0430 \u043d\u0435\u0441\u0432\u043e\u0435\u0432\u0440\u0435\u043c\u0435\u043d\u043d\u0443\u044e \u043f\u043e\u0434\u0430\u0447\u0443 \u043d\u0430\u043b\u043e\u0433\u043e\u0432\u043e\u0439 \u0434\u0435\u043a\u043b\u0430\u0440\u0430\u0446\u0438\u0438. Baudos ir apeliacijos u\u017e pav\u0117luot\u0105 mokes\u010di\u0173 deklaracijos pateikim\u0105.\" title=\"Taxes4u - Penalit\u0103\u021bi \u0219i recursuri pentru depunerea cu \u00eent\u00e2rziere a declara\u021biilor fiscale\" itemprop=\"image\"\/>\n\t<h2>\n\t\t\t\tPenalties &#038; Appeals for late Tax Return submission\n\t\t\t<\/h2>\n\t<h4>\n\t\t\t\tCe oferim\n\t\t\t<\/h4>\n\t\t\t<p>Dac\u0103 nu v-a\u021bi depus declara\u021bia de impozit la timp, v\u0103 putem ajuta s\u0103 face\u021bi apel \u00eempotriva unei penalit\u0103\u021bi pentru c\u0103 a\u021bi trimis declara\u021bia de impozit cu \u00eent\u00e2rziere, dac\u0103 ave\u021bi o scuz\u0103 rezonabil\u0103.<\/p>\t\n\t<h4>\n\t\t\t\tTermene limit\u0103 \u0219i sanc\u021biuni\n\t\t\t<\/h4>\n\t\t\t<p>HM Revenue and Customs (HMRC) must receive your Tax Return and any money you owe by the deadline.The Last tax year started 6 April 2024 and ended on 5 April 2025.<strong>Termene limit\u0103:<\/strong><table><tbody><tr><td width=\"301\">\u00cenregistrare pentru autoevaluare<\/td><td width=\"301\">5 octombrie 2025<\/td><\/tr><tr><td width=\"301\">Declara\u021bie fiscal\u0103 pe suport de h\u00e2rtie<\/td><td width=\"301\">Miezul nop\u021bii 31 octombrie 2025<\/td><\/tr><tr><td width=\"301\">Declara\u021bie fiscal\u0103 online<\/td><td width=\"301\">Miezul nop\u021bii 31 ianuarie 2026<\/td><\/tr><tr><td width=\"301\">Pl\u0103ti\u021bi impozitul pe care \u00eel datora\u021bi<\/td><td width=\"301\">Miezul nop\u021bii 31 ianuarie 2026<\/td><\/tr><\/tbody><\/table>Dac\u0103 efectua\u021bi pl\u0103\u021bi \u00een avans pentru factur\u0103, cunoscute sub denumirea de pl\u0103\u021bi \u00een cont, poate exista un al doilea termen limit\u0103 de plat\u0103, 31 iulie.<strong>Sanc\u021biuni:<\/strong>Penalit\u0103\u021bile pentru depunerea cu \u00eent\u00e2rziere se aplic\u0103 pentru declara\u021biile fiscale personale dup\u0103 cum urmeaz\u0103:<ul><li>penalizare de 100 GBP imediat dup\u0103 data limit\u0103 de depunere (chiar dac\u0103 nu exist\u0103 impozit de pl\u0103tit sau impozitul datorat a fost deja pl\u0103tit)<\/li><\/ul>Pot fi aplicate sanc\u021biuni suplimentare dup\u0103 cum urmeaz\u0103:<\/p><ul><li>over 3 months late &#8211; a \u00a310 daily penalty up to a maximum of \u00a3900<\/li><li>over 6 months late &#8211; an additional \u00a3300 or 5% of the tax due if higher<\/li><li>over 12 months late &#8211; a further \u00a3300 or a further 5% of the tax due if higher. In particularly serious cases there is a penalty of up to 100% of the tax due<\/li><\/ul>\t\n\t<h4>\n\t\t\t\tPre\u021bul Nostru\n\t\t\t<\/h4>\n\t\t\t<p>\u00a355<\/p>\t\n\t<h5>\n\t\t\t\tEstimare Gratuit\u0103\n\t\t\t<\/h5>\n\t<h2>\n\t\t\t\tSolicita\u021bi o Ofert\u0103\n\t\t\t<\/h2>\n\t\t\t<p>Vre\u021bi s\u0103 discuta\u021bi despre serviciile de contabilitate pentru dvs. \u0219i afacerea dvs.? Contacta\u021bi-ne pentru o ofert\u0103 gratuit\u0103 \u0219i f\u0103r\u0103 obliga\u021bii.<\/p>\t\n\t\t\t<a href=\"http:\/\/www.taxes4u.co.uk\/ro\/contact\/\" title=\"Click Here\" target=\"_self\"   role=\"button\" aria-label=\"Ob\u021bine\u021bi o Ofert\u0103\">\n\t\t\t\t\t\t\tOb\u021bine\u021bi o Ofert\u0103\n\t\t<\/a>","protected":false},"excerpt":{"rendered":"<p>Services Penalties &#038; Appeals for late Tax Return submission Penalties &#038; Appeals for late Tax Return submission What we offer If you have not submitted your Tax Return on time we can help you to appeal against a penalty for sending your Tax return late, if you have reasonable excuse Deadlines and penalties HM Revenue [&hellip;]<\/p>\n","protected":false},"author":1,"featured_media":0,"parent":0,"menu_order":0,"comment_status":"closed","ping_status":"closed","template":"","meta":{"_uag_custom_page_level_css":"","site-sidebar-layout":"default","site-content-layout":"page-builder","ast-site-content-layout":"default","site-content-style":"default","site-sidebar-style":"default","ast-global-header-display":"","ast-banner-title-visibility":"","ast-main-header-display":"","ast-hfb-above-header-display":"","ast-hfb-below-header-display":"","ast-hfb-mobile-header-display":"","site-post-title":"disabled","ast-breadcrumbs-content":"","ast-featured-img":"disabled","footer-sml-layout":"","ast-disable-related-posts":"","theme-transparent-header-meta":"enabled","adv-header-id-meta":"","stick-header-meta":"default","header-above-stick-meta":"","header-main-stick-meta":"","header-below-stick-meta":"","astra-migrate-meta-layouts":"default","ast-page-background-enabled":"default","ast-page-background-meta":{"desktop":{"background-color":"","background-image":"","background-repeat":"repeat","background-position":"center center","background-size":"auto","background-attachment":"scroll","background-type":"","background-media":"","overlay-type":"","overlay-color":"","overlay-opacity":"","overlay-gradient":""},"tablet":{"background-color":"","background-image":"","background-repeat":"repeat","background-position":"center center","background-size":"auto","background-attachment":"scroll","background-type":"","background-media":"","overlay-type":"","overlay-color":"","overlay-opacity":"","overlay-gradient":""},"mobile":{"background-color":"","background-image":"","background-repeat":"repeat","background-position":"center center","background-size":"auto","background-attachment":"scroll","background-type":"","background-media":"","overlay-type":"","overlay-color":"","overlay-opacity":"","overlay-gradient":""}},"ast-content-background-meta":{"desktop":{"background-color":"var(--ast-global-color-5)","background-image":"","background-repeat":"repeat","background-position":"center center","background-size":"auto","background-attachment":"scroll","background-type":"","background-media":"","overlay-type":"","overlay-color":"","overlay-opacity":"","overlay-gradient":""},"tablet":{"background-color":"var(--ast-global-color-5)","background-image":"","background-repeat":"repeat","background-position":"center center","background-size":"auto","background-attachment":"scroll","background-type":"","background-media":"","overlay-type":"","overlay-color":"","overlay-opacity":"","overlay-gradient":""},"mobile":{"background-color":"var(--ast-global-color-5)","background-image":"","background-repeat":"repeat","background-position":"center center","background-size":"auto","background-attachment":"scroll","background-type":"","background-media":"","overlay-type":"","overlay-color":"","overlay-opacity":"","overlay-gradient":""}},"footnotes":""},"class_list":["post-1228","page","type-page","status-publish","hentry"],"yoast_head":"<!-- This site is optimized with the Yoast SEO plugin v27.4 - https:\/\/yoast.com\/product\/yoast-seo-wordpress\/ -->\n<title>Penalties And Appeals For Late Tax Return Submission - Taxes4u<\/title>\n<meta name=\"description\" content=\"We can assist you with Penalties And Appeals for late Tax Return Submission if you have not submitted your Tax Return on time and have reasonable excuse.\" \/>\n<meta name=\"robots\" content=\"index, follow, max-snippet:-1, max-image-preview:large, max-video-preview:-1\" \/>\n<link rel=\"canonical\" href=\"https:\/\/www.taxes4u.co.uk\/ro\/services-penalties-and-appeals-for-late-tax-return-submissions\/\" \/>\n<meta property=\"og:locale\" content=\"ro_RO\" \/>\n<meta property=\"og:type\" content=\"article\" \/>\n<meta property=\"og:title\" content=\"Penalties And Appeals For Late Tax Return Submission - Taxes4u\" \/>\n<meta property=\"og:description\" content=\"We can assist you with Penalties And Appeals for late Tax Return Submission if you have not submitted your Tax Return on time and have reasonable excuse.\" \/>\n<meta property=\"og:url\" content=\"https:\/\/www.taxes4u.co.uk\/ro\/services-penalties-and-appeals-for-late-tax-return-submissions\/\" \/>\n<meta property=\"og:site_name\" content=\"Taxes4u\" \/>\n<meta property=\"article:modified_time\" content=\"2025-04-06T13:42:47+00:00\" \/>\n<meta property=\"og:image\" content=\"https:\/\/www.taxes4u.co.uk\/wp-content\/uploads\/bb-plugin\/cache\/Taxes4u-Penalties-Appeals-for-late-Tax-Return-submission-square.png\" \/>\n<meta name=\"twitter:card\" content=\"summary_large_image\" \/>\n<meta name=\"twitter:label1\" content=\"Timp estimat pentru citire\" \/>\n\t<meta name=\"twitter:data1\" content=\"1 minut\" \/>\n<script type=\"application\/ld+json\" class=\"yoast-schema-graph\">{\"@context\":\"https:\\\/\\\/schema.org\",\"@graph\":[{\"@type\":\"WebPage\",\"@id\":\"https:\\\/\\\/www.taxes4u.co.uk\\\/services-penalties-and-appeals-for-late-tax-return-submissions\",\"url\":\"https:\\\/\\\/www.taxes4u.co.uk\\\/services-penalties-and-appeals-for-late-tax-return-submissions\",\"name\":\"Penalties And Appeals For Late Tax Return Submission - Taxes4u\",\"isPartOf\":{\"@id\":\"https:\\\/\\\/www.taxes4u.co.uk\\\/#website\"},\"primaryImageOfPage\":{\"@id\":\"https:\\\/\\\/www.taxes4u.co.uk\\\/services-penalties-and-appeals-for-late-tax-return-submissions#primaryimage\"},\"image\":{\"@id\":\"https:\\\/\\\/www.taxes4u.co.uk\\\/services-penalties-and-appeals-for-late-tax-return-submissions#primaryimage\"},\"thumbnailUrl\":\"https:\\\/\\\/www.taxes4u.co.uk\\\/wp-content\\\/uploads\\\/bb-plugin\\\/cache\\\/Taxes4u-Penalties-Appeals-for-late-Tax-Return-submission-square.png\",\"datePublished\":\"2020-06-06T13:09:53+00:00\",\"dateModified\":\"2025-04-06T13:42:47+00:00\",\"description\":\"We can assist you with Penalties And Appeals for late Tax Return Submission if you have not submitted your Tax Return on time and have reasonable excuse.\",\"breadcrumb\":{\"@id\":\"https:\\\/\\\/www.taxes4u.co.uk\\\/services-penalties-and-appeals-for-late-tax-return-submissions#breadcrumb\"},\"inLanguage\":\"ro-RO\",\"potentialAction\":[{\"@type\":\"ReadAction\",\"target\":[\"https:\\\/\\\/www.taxes4u.co.uk\\\/services-penalties-and-appeals-for-late-tax-return-submissions\"]}]},{\"@type\":\"ImageObject\",\"inLanguage\":\"ro-RO\",\"@id\":\"https:\\\/\\\/www.taxes4u.co.uk\\\/services-penalties-and-appeals-for-late-tax-return-submissions#primaryimage\",\"url\":\"https:\\\/\\\/www.taxes4u.co.uk\\\/wp-content\\\/uploads\\\/bb-plugin\\\/cache\\\/Taxes4u-Penalties-Appeals-for-late-Tax-Return-submission-square.png\",\"contentUrl\":\"https:\\\/\\\/www.taxes4u.co.uk\\\/wp-content\\\/uploads\\\/bb-plugin\\\/cache\\\/Taxes4u-Penalties-Appeals-for-late-Tax-Return-submission-square.png\"},{\"@type\":\"BreadcrumbList\",\"@id\":\"https:\\\/\\\/www.taxes4u.co.uk\\\/services-penalties-and-appeals-for-late-tax-return-submissions#breadcrumb\",\"itemListElement\":[{\"@type\":\"ListItem\",\"position\":1,\"name\":\"Home\",\"item\":\"https:\\\/\\\/www.taxes4u.co.uk\\\/\"},{\"@type\":\"ListItem\",\"position\":2,\"name\":\"Penalties &#038; Appeals\"}]},{\"@type\":\"WebSite\",\"@id\":\"https:\\\/\\\/www.taxes4u.co.uk\\\/#website\",\"url\":\"https:\\\/\\\/www.taxes4u.co.uk\\\/\",\"name\":\"Taxes4u\",\"description\":\"Tax Returns, Payroll, Bookkeeping\",\"publisher\":{\"@id\":\"https:\\\/\\\/www.taxes4u.co.uk\\\/#organization\"},\"potentialAction\":[{\"@type\":\"SearchAction\",\"target\":{\"@type\":\"EntryPoint\",\"urlTemplate\":\"https:\\\/\\\/www.taxes4u.co.uk\\\/?s={search_term_string}\"},\"query-input\":{\"@type\":\"PropertyValueSpecification\",\"valueRequired\":true,\"valueName\":\"search_term_string\"}}],\"inLanguage\":\"ro-RO\"},{\"@type\":\"Organization\",\"@id\":\"https:\\\/\\\/www.taxes4u.co.uk\\\/#organization\",\"name\":\"Taxes4u\",\"url\":\"https:\\\/\\\/www.taxes4u.co.uk\\\/\",\"logo\":{\"@type\":\"ImageObject\",\"inLanguage\":\"ro-RO\",\"@id\":\"https:\\\/\\\/www.taxes4u.co.uk\\\/#\\\/schema\\\/logo\\\/image\\\/\",\"url\":\"https:\\\/\\\/www.taxes4u.co.uk\\\/wp-content\\\/uploads\\\/2020\\\/06\\\/cropped-3001_Taxes4u_RB_GR-02.png\",\"contentUrl\":\"https:\\\/\\\/www.taxes4u.co.uk\\\/wp-content\\\/uploads\\\/2020\\\/06\\\/cropped-3001_Taxes4u_RB_GR-02.png\",\"width\":396,\"height\":82,\"caption\":\"Taxes4u\"},\"image\":{\"@id\":\"https:\\\/\\\/www.taxes4u.co.uk\\\/#\\\/schema\\\/logo\\\/image\\\/\"}}]}<\/script>\n<!-- \/ Yoast SEO plugin. -->","yoast_head_json":{"title":"Penalit\u0103\u0163i \u015fi contesta\u0163ii pentru depunerea cu \u00eent\u00e2rziere | Taxes4u","description":"V\u0103 ajut\u0103m s\u0103 contesta\u0163i amenzile HMRC pentru depunerea cu \u00eent\u00e2rziere a declara\u0163iei fiscale dac\u0103 ave\u0163i un motiv rezonabil. Contacta\u0163i Taxes4u ast\u0103zi.","robots":{"index":"index","follow":"follow","max-snippet":"max-snippet:-1","max-image-preview":"max-image-preview:large","max-video-preview":"max-video-preview:-1"},"canonical":"https:\/\/www.taxes4u.co.uk\/ro\/services-penalties-and-appeals-for-late-tax-return-submissions\/","og_locale":"ro_RO","og_type":"article","og_title":"Penalties And Appeals For Late Tax Return Submission - Taxes4u","og_description":"We can assist you with Penalties And Appeals for late Tax Return Submission if you have not submitted your Tax Return on time and have reasonable excuse.","og_url":"https:\/\/www.taxes4u.co.uk\/ro\/services-penalties-and-appeals-for-late-tax-return-submissions\/","og_site_name":"Taxes4u","article_modified_time":"2025-04-06T13:42:47+00:00","og_image":[{"url":"https:\/\/www.taxes4u.co.uk\/wp-content\/uploads\/bb-plugin\/cache\/Taxes4u-Penalties-Appeals-for-late-Tax-Return-submission-square.png","type":"","width":"","height":""}],"twitter_card":"summary_large_image","twitter_misc":{"Timp estimat pentru citire":"1 minut"},"schema":{"@context":"https:\/\/schema.org","@graph":[{"@type":"WebPage","@id":"https:\/\/www.taxes4u.co.uk\/services-penalties-and-appeals-for-late-tax-return-submissions","url":"https:\/\/www.taxes4u.co.uk\/services-penalties-and-appeals-for-late-tax-return-submissions","name":"Penalit\u0103\u0163i \u015fi contesta\u0163ii pentru depunerea cu \u00eent\u00e2rziere | Taxes4u","isPartOf":{"@id":"https:\/\/www.taxes4u.co.uk\/#website"},"primaryImageOfPage":{"@id":"https:\/\/www.taxes4u.co.uk\/services-penalties-and-appeals-for-late-tax-return-submissions#primaryimage"},"image":{"@id":"https:\/\/www.taxes4u.co.uk\/services-penalties-and-appeals-for-late-tax-return-submissions#primaryimage"},"thumbnailUrl":"https:\/\/www.taxes4u.co.uk\/wp-content\/uploads\/bb-plugin\/cache\/Taxes4u-Penalties-Appeals-for-late-Tax-Return-submission-square.png","datePublished":"2020-06-06T13:09:53+00:00","dateModified":"2025-04-06T13:42:47+00:00","description":"V\u0103 ajut\u0103m s\u0103 contesta\u0163i amenzile HMRC pentru depunerea cu \u00eent\u00e2rziere a declara\u0163iei fiscale dac\u0103 ave\u0163i un motiv rezonabil. Contacta\u0163i Taxes4u ast\u0103zi.","breadcrumb":{"@id":"https:\/\/www.taxes4u.co.uk\/services-penalties-and-appeals-for-late-tax-return-submissions#breadcrumb"},"inLanguage":"ro-RO","potentialAction":[{"@type":"ReadAction","target":["https:\/\/www.taxes4u.co.uk\/services-penalties-and-appeals-for-late-tax-return-submissions"]}]},{"@type":"ImageObject","inLanguage":"ro-RO","@id":"https:\/\/www.taxes4u.co.uk\/services-penalties-and-appeals-for-late-tax-return-submissions#primaryimage","url":"https:\/\/www.taxes4u.co.uk\/wp-content\/uploads\/bb-plugin\/cache\/Taxes4u-Penalties-Appeals-for-late-Tax-Return-submission-square.png","contentUrl":"https:\/\/www.taxes4u.co.uk\/wp-content\/uploads\/bb-plugin\/cache\/Taxes4u-Penalties-Appeals-for-late-Tax-Return-submission-square.png"},{"@type":"BreadcrumbList","@id":"https:\/\/www.taxes4u.co.uk\/services-penalties-and-appeals-for-late-tax-return-submissions#breadcrumb","itemListElement":[{"@type":"ListItem","position":1,"name":"Home","item":"https:\/\/www.taxes4u.co.uk\/"},{"@type":"ListItem","position":2,"name":"Penalties &#038; Appeals"}]},{"@type":"WebSite","@id":"https:\/\/www.taxes4u.co.uk\/#website","url":"https:\/\/www.taxes4u.co.uk\/","name":"Taxes4u","description":"Declara\u021bii Fiscale, Salarizare, Contabilitate","publisher":{"@id":"https:\/\/www.taxes4u.co.uk\/#organization"},"potentialAction":[{"@type":"SearchAction","target":{"@type":"EntryPoint","urlTemplate":"https:\/\/www.taxes4u.co.uk\/?s={search_term_string}"},"query-input":{"@type":"PropertyValueSpecification","valueRequired":true,"valueName":"search_term_string"}}],"inLanguage":"ro-RO"},{"@type":"Organization","@id":"https:\/\/www.taxes4u.co.uk\/#organization","name":"Taxes4u","url":"https:\/\/www.taxes4u.co.uk\/","logo":{"@type":"ImageObject","inLanguage":"ro-RO","@id":"https:\/\/www.taxes4u.co.uk\/#\/schema\/logo\/image\/","url":"https:\/\/www.taxes4u.co.uk\/wp-content\/uploads\/2020\/06\/cropped-3001_Taxes4u_RB_GR-02.png","contentUrl":"https:\/\/www.taxes4u.co.uk\/wp-content\/uploads\/2020\/06\/cropped-3001_Taxes4u_RB_GR-02.png","width":396,"height":82,"caption":"Taxes4u"},"image":{"@id":"https:\/\/www.taxes4u.co.uk\/#\/schema\/logo\/image\/"}}]}},"uagb_featured_image_src":{"full":false,"thumbnail":false,"medium":false,"medium_large":false,"large":false,"1536x1536":false,"2048x2048":false,"trp-custom-language-flag":false},"uagb_author_info":{"display_name":"Malaicik","author_link":"https:\/\/www.taxes4u.co.uk\/ro\/author\/malaicik"},"uagb_comment_info":0,"uagb_excerpt":"Services Penalties &#038; Appeals for late Tax Return submission Penalties &#038; Appeals for late Tax Return submission What we offer If you have not submitted your Tax Return on time we can help you to appeal against a penalty for sending your Tax return late, if you have reasonable excuse Deadlines and penalties HM Revenue&hellip;","_links":{"self":[{"href":"https:\/\/www.taxes4u.co.uk\/ro\/wp-json\/wp\/v2\/pages\/1228","targetHints":{"allow":["GET"]}}],"collection":[{"href":"https:\/\/www.taxes4u.co.uk\/ro\/wp-json\/wp\/v2\/pages"}],"about":[{"href":"https:\/\/www.taxes4u.co.uk\/ro\/wp-json\/wp\/v2\/types\/page"}],"author":[{"embeddable":true,"href":"https:\/\/www.taxes4u.co.uk\/ro\/wp-json\/wp\/v2\/users\/1"}],"replies":[{"embeddable":true,"href":"https:\/\/www.taxes4u.co.uk\/ro\/wp-json\/wp\/v2\/comments?post=1228"}],"version-history":[{"count":18,"href":"https:\/\/www.taxes4u.co.uk\/ro\/wp-json\/wp\/v2\/pages\/1228\/revisions"}],"predecessor-version":[{"id":1993,"href":"https:\/\/www.taxes4u.co.uk\/ro\/wp-json\/wp\/v2\/pages\/1228\/revisions\/1993"}],"wp:attachment":[{"href":"https:\/\/www.taxes4u.co.uk\/ro\/wp-json\/wp\/v2\/media?parent=1228"}],"curies":[{"name":"wp","href":"https:\/\/api.w.org\/{rel}","templated":true}]}}