{"id":1233,"date":"2020-06-06T13:16:30","date_gmt":"2020-06-06T13:16:30","guid":{"rendered":"http:\/\/www.taxes4u.co.uk\/?page_id=1233"},"modified":"2020-11-04T16:13:43","modified_gmt":"2020-11-04T16:13:43","slug":"services-payroll-cis-for-self-employed","status":"publish","type":"page","link":"https:\/\/www.taxes4u.co.uk\/ro\/services-payroll-cis-for-self-employed","title":{"rendered":"Salarizare\/CIS pentru Lucr\u0103torii Independen\u021bi"},"content":{"rendered":"<h5>\n\t\t\t\tServicii\n\t\t\t<\/h5>\n\t<h1>\n\t\t\t\tSalarizare\/CIS Pentru Lucr\u0103tori Independen\u021bi\n\t\t\t<\/h1>\n\t\t\t\t<img decoding=\"async\" src=\"http:\/\/www.taxes4u.co.uk\/wp-content\/uploads\/2019\/06\/feature2-free-img-1.png\" alt=\"Taxes4u. Declara\u021bie de Impozit, Rambursare de Impozit, Salarizare \u0219i Contabilitate\" title=\"Taxes4u. Declara\u021bie de Impozit, Rambursare de Impozit, Salarizare \u0219i Contabilitate\" itemprop=\"image\"\/>\n\t<h2>\n\t\t\t\tSalarizare\/CIS Pentru Lucr\u0103tori Independen\u021bi\n\t\t\t<\/h2>\n\t<h4>\n\t\t\t\tCe oferim\n\t\t\t<\/h4>\n\t\t<p>Putem face \u00eenregistrarea ca angajator pentru o persoan\u0103 care desf\u0103\u0219oar\u0103 activit\u0103\u021bi independente \u0219i putem procesa lunar Payroll\/CIS Returns.<\/p>\t\n\t<h4>\n\t\t\t\tSalarizare\n\t\t\t<\/h4>\n\t\t<p>You do not need to have Limited company to employ people.Being self-employed you can register as an Employer, start employing staff and pay monthly (or weekly) salary.\u00a0<\/p>\t\n\t<h4>\n\t\t\t\tPre\u021bul Nostru\n\t\t\t<\/h4>\n\t\t<p>\u00a350* per month*Price can vary<\/p>\t\n\t<h5>\n\t\t\t\tEstimare Gratuit\u0103\n\t\t\t<\/h5>\n\t<h2>\n\t\t\t\tSolicita\u021bi o Ofert\u0103\n\t\t\t<\/h2>\n\t\t<p>Vre\u021bi s\u0103 discuta\u021bi despre serviciile de contabilitate pentru dvs. \u0219i afacerea dvs.? Contacta\u021bi-ne pentru o ofert\u0103 gratuit\u0103 \u0219i f\u0103r\u0103 obliga\u021bii.<\/p>\t\n\t\t\t<a href=\"http:\/\/www.taxes4u.co.uk\/ro\/contact\/\" target=\"_self\" role=\"button\" rel=\"noopener noreferrer\">\n\t\t\t\t\t\t\tOb\u021bine\u021bi o Ofert\u0103\n\t\t<\/a>","protected":false},"excerpt":{"rendered":"<p>Services Payroll\/CIS for Self Employed Payroll\/CIS for Self Employed What we offer We can make Employer registration for Self-employed person and process monthly Payroll\/CIS Returns Payroll You do not need to have Limited company to employ people.Being self-employed you can register as an Employer, start employing staff and pay monthly (or weekly) salary.\u00a0 Our Price [&hellip;]<\/p>\n","protected":false},"author":1,"featured_media":0,"parent":0,"menu_order":0,"comment_status":"closed","ping_status":"closed","template":"","meta":{"_uag_custom_page_level_css":"","site-sidebar-layout":"default","site-content-layout":"page-builder","ast-site-content-layout":"default","site-content-style":"default","site-sidebar-style":"default","ast-global-header-display":"","ast-banner-title-visibility":"","ast-main-header-display":"","ast-hfb-above-header-display":"","ast-hfb-below-header-display":"","ast-hfb-mobile-header-display":"","site-post-title":"disabled","ast-breadcrumbs-content":"","ast-featured-img":"disabled","footer-sml-layout":"","ast-disable-related-posts":"","theme-transparent-header-meta":"enabled","adv-header-id-meta":"","stick-header-meta":"default","header-above-stick-meta":"","header-main-stick-meta":"","header-below-stick-meta":"","astra-migrate-meta-layouts":"default","ast-page-background-enabled":"default","ast-page-background-meta":{"desktop":{"background-color":"","background-image":"","background-repeat":"repeat","background-position":"center center","background-size":"auto","background-attachment":"scroll","background-type":"","background-media":"","overlay-type":"","overlay-color":"","overlay-opacity":"","overlay-gradient":""},"tablet":{"background-color":"","background-image":"","background-repeat":"repeat","background-position":"center center","background-size":"auto","background-attachment":"scroll","background-type":"","background-media":"","overlay-type":"","overlay-color":"","overlay-opacity":"","overlay-gradient":""},"mobile":{"background-color":"","background-image":"","background-repeat":"repeat","background-position":"center center","background-size":"auto","background-attachment":"scroll","background-type":"","background-media":"","overlay-type":"","overlay-color":"","overlay-opacity":"","overlay-gradient":""}},"ast-content-background-meta":{"desktop":{"background-color":"var(--ast-global-color-5)","background-image":"","background-repeat":"repeat","background-position":"center center","background-size":"auto","background-attachment":"scroll","background-type":"","background-media":"","overlay-type":"","overlay-color":"","overlay-opacity":"","overlay-gradient":""},"tablet":{"background-color":"var(--ast-global-color-5)","background-image":"","background-repeat":"repeat","background-position":"center center","background-size":"auto","background-attachment":"scroll","background-type":"","background-media":"","overlay-type":"","overlay-color":"","overlay-opacity":"","overlay-gradient":""},"mobile":{"background-color":"var(--ast-global-color-5)","background-image":"","background-repeat":"repeat","background-position":"center center","background-size":"auto","background-attachment":"scroll","background-type":"","background-media":"","overlay-type":"","overlay-color":"","overlay-opacity":"","overlay-gradient":""}},"footnotes":""},"class_list":["post-1233","page","type-page","status-publish","hentry"],"yoast_head":"<!-- This site is optimized with the Yoast SEO plugin v27.4 - https:\/\/yoast.com\/product\/yoast-seo-wordpress\/ -->\n<title>Payroll\/CIS For Self Employed Services (UK) - Taxes4u<\/title>\n<meta name=\"description\" content=\"Payroll\/CIS For Self Employed Services. We can make Employer registration for Self Employed person and process monthly Payroll\/CIS Returns.\" \/>\n<meta name=\"robots\" content=\"index, follow, max-snippet:-1, max-image-preview:large, max-video-preview:-1\" \/>\n<link rel=\"canonical\" href=\"https:\/\/www.taxes4u.co.uk\/ro\/services-payroll-cis-for-self-employed\/\" \/>\n<meta property=\"og:locale\" content=\"ro_RO\" \/>\n<meta property=\"og:type\" content=\"article\" \/>\n<meta property=\"og:title\" content=\"Payroll\/CIS For Self Employed Services (UK) - Taxes4u\" \/>\n<meta property=\"og:description\" content=\"Payroll\/CIS For Self Employed Services. We can make Employer registration for Self Employed person and process monthly Payroll\/CIS Returns.\" \/>\n<meta property=\"og:url\" content=\"https:\/\/www.taxes4u.co.uk\/ro\/services-payroll-cis-for-self-employed\/\" \/>\n<meta property=\"og:site_name\" content=\"Taxes4u\" \/>\n<meta property=\"article:modified_time\" content=\"2020-11-04T16:13:43+00:00\" \/>\n<meta property=\"og:image\" content=\"http:\/\/www.taxes4u.co.uk\/wp-content\/uploads\/2019\/06\/feature2-free-img-1.png\" \/>\n<meta name=\"twitter:card\" content=\"summary_large_image\" \/>\n<script type=\"application\/ld+json\" class=\"yoast-schema-graph\">{\"@context\":\"https:\\\/\\\/schema.org\",\"@graph\":[{\"@type\":\"WebPage\",\"@id\":\"https:\\\/\\\/www.taxes4u.co.uk\\\/services-payroll-cis-for-self-employed\",\"url\":\"https:\\\/\\\/www.taxes4u.co.uk\\\/services-payroll-cis-for-self-employed\",\"name\":\"Payroll\\\/CIS For Self Employed Services (UK) - Taxes4u\",\"isPartOf\":{\"@id\":\"https:\\\/\\\/www.taxes4u.co.uk\\\/#website\"},\"primaryImageOfPage\":{\"@id\":\"https:\\\/\\\/www.taxes4u.co.uk\\\/services-payroll-cis-for-self-employed#primaryimage\"},\"image\":{\"@id\":\"https:\\\/\\\/www.taxes4u.co.uk\\\/services-payroll-cis-for-self-employed#primaryimage\"},\"thumbnailUrl\":\"http:\\\/\\\/www.taxes4u.co.uk\\\/wp-content\\\/uploads\\\/2019\\\/06\\\/feature2-free-img-1.png\",\"datePublished\":\"2020-06-06T13:16:30+00:00\",\"dateModified\":\"2020-11-04T16:13:43+00:00\",\"description\":\"Payroll\\\/CIS For Self Employed Services. We can make Employer registration for Self Employed person and process monthly Payroll\\\/CIS Returns.\",\"breadcrumb\":{\"@id\":\"https:\\\/\\\/www.taxes4u.co.uk\\\/services-payroll-cis-for-self-employed#breadcrumb\"},\"inLanguage\":\"ro-RO\",\"potentialAction\":[{\"@type\":\"ReadAction\",\"target\":[\"https:\\\/\\\/www.taxes4u.co.uk\\\/services-payroll-cis-for-self-employed\"]}]},{\"@type\":\"ImageObject\",\"inLanguage\":\"ro-RO\",\"@id\":\"https:\\\/\\\/www.taxes4u.co.uk\\\/services-payroll-cis-for-self-employed#primaryimage\",\"url\":\"http:\\\/\\\/www.taxes4u.co.uk\\\/wp-content\\\/uploads\\\/2019\\\/06\\\/feature2-free-img-1.png\",\"contentUrl\":\"http:\\\/\\\/www.taxes4u.co.uk\\\/wp-content\\\/uploads\\\/2019\\\/06\\\/feature2-free-img-1.png\"},{\"@type\":\"BreadcrumbList\",\"@id\":\"https:\\\/\\\/www.taxes4u.co.uk\\\/services-payroll-cis-for-self-employed#breadcrumb\",\"itemListElement\":[{\"@type\":\"ListItem\",\"position\":1,\"name\":\"Home\",\"item\":\"https:\\\/\\\/www.taxes4u.co.uk\\\/\"},{\"@type\":\"ListItem\",\"position\":2,\"name\":\"Payroll\\\/CIS For Self Employed\"}]},{\"@type\":\"WebSite\",\"@id\":\"https:\\\/\\\/www.taxes4u.co.uk\\\/#website\",\"url\":\"https:\\\/\\\/www.taxes4u.co.uk\\\/\",\"name\":\"Taxes4u\",\"description\":\"Tax Returns, Payroll, Bookkeeping\",\"publisher\":{\"@id\":\"https:\\\/\\\/www.taxes4u.co.uk\\\/#organization\"},\"potentialAction\":[{\"@type\":\"SearchAction\",\"target\":{\"@type\":\"EntryPoint\",\"urlTemplate\":\"https:\\\/\\\/www.taxes4u.co.uk\\\/?s={search_term_string}\"},\"query-input\":{\"@type\":\"PropertyValueSpecification\",\"valueRequired\":true,\"valueName\":\"search_term_string\"}}],\"inLanguage\":\"ro-RO\"},{\"@type\":\"Organization\",\"@id\":\"https:\\\/\\\/www.taxes4u.co.uk\\\/#organization\",\"name\":\"Taxes4u\",\"url\":\"https:\\\/\\\/www.taxes4u.co.uk\\\/\",\"logo\":{\"@type\":\"ImageObject\",\"inLanguage\":\"ro-RO\",\"@id\":\"https:\\\/\\\/www.taxes4u.co.uk\\\/#\\\/schema\\\/logo\\\/image\\\/\",\"url\":\"https:\\\/\\\/www.taxes4u.co.uk\\\/wp-content\\\/uploads\\\/2020\\\/06\\\/cropped-3001_Taxes4u_RB_GR-02.png\",\"contentUrl\":\"https:\\\/\\\/www.taxes4u.co.uk\\\/wp-content\\\/uploads\\\/2020\\\/06\\\/cropped-3001_Taxes4u_RB_GR-02.png\",\"width\":396,\"height\":82,\"caption\":\"Taxes4u\"},\"image\":{\"@id\":\"https:\\\/\\\/www.taxes4u.co.uk\\\/#\\\/schema\\\/logo\\\/image\\\/\"}}]}<\/script>\n<!-- \/ Yoast SEO plugin. -->","yoast_head_json":{"title":"Salarizare \/ CIS pentru persoane independente \u00een UK | Taxes4u","description":"V\u0103 \u00eenregistr\u0103m ca angajator \u015fi proces\u0103m lunar declara\u0163iile de salarizare \u015fi CIS pentru persoanele independente din Marea Britanie.","robots":{"index":"index","follow":"follow","max-snippet":"max-snippet:-1","max-image-preview":"max-image-preview:large","max-video-preview":"max-video-preview:-1"},"canonical":"https:\/\/www.taxes4u.co.uk\/ro\/services-payroll-cis-for-self-employed\/","og_locale":"ro_RO","og_type":"article","og_title":"Payroll\/CIS For Self Employed Services (UK) - Taxes4u","og_description":"Payroll\/CIS For Self Employed Services. We can make Employer registration for Self Employed person and process monthly Payroll\/CIS Returns.","og_url":"https:\/\/www.taxes4u.co.uk\/ro\/services-payroll-cis-for-self-employed\/","og_site_name":"Taxes4u","article_modified_time":"2020-11-04T16:13:43+00:00","og_image":[{"url":"http:\/\/www.taxes4u.co.uk\/wp-content\/uploads\/2019\/06\/feature2-free-img-1.png","type":"","width":"","height":""}],"twitter_card":"summary_large_image","schema":{"@context":"https:\/\/schema.org","@graph":[{"@type":"WebPage","@id":"https:\/\/www.taxes4u.co.uk\/services-payroll-cis-for-self-employed","url":"https:\/\/www.taxes4u.co.uk\/services-payroll-cis-for-self-employed","name":"Salarizare \/ CIS pentru persoane independente \u00een UK | Taxes4u","isPartOf":{"@id":"https:\/\/www.taxes4u.co.uk\/#website"},"primaryImageOfPage":{"@id":"https:\/\/www.taxes4u.co.uk\/services-payroll-cis-for-self-employed#primaryimage"},"image":{"@id":"https:\/\/www.taxes4u.co.uk\/services-payroll-cis-for-self-employed#primaryimage"},"thumbnailUrl":"http:\/\/www.taxes4u.co.uk\/wp-content\/uploads\/2019\/06\/feature2-free-img-1.png","datePublished":"2020-06-06T13:16:30+00:00","dateModified":"2020-11-04T16:13:43+00:00","description":"V\u0103 \u00eenregistr\u0103m ca angajator \u015fi proces\u0103m lunar declara\u0163iile de salarizare \u015fi CIS pentru persoanele independente din Marea Britanie.","breadcrumb":{"@id":"https:\/\/www.taxes4u.co.uk\/services-payroll-cis-for-self-employed#breadcrumb"},"inLanguage":"ro-RO","potentialAction":[{"@type":"ReadAction","target":["https:\/\/www.taxes4u.co.uk\/services-payroll-cis-for-self-employed"]}]},{"@type":"ImageObject","inLanguage":"ro-RO","@id":"https:\/\/www.taxes4u.co.uk\/services-payroll-cis-for-self-employed#primaryimage","url":"http:\/\/www.taxes4u.co.uk\/wp-content\/uploads\/2019\/06\/feature2-free-img-1.png","contentUrl":"http:\/\/www.taxes4u.co.uk\/wp-content\/uploads\/2019\/06\/feature2-free-img-1.png"},{"@type":"BreadcrumbList","@id":"https:\/\/www.taxes4u.co.uk\/services-payroll-cis-for-self-employed#breadcrumb","itemListElement":[{"@type":"ListItem","position":1,"name":"Home","item":"https:\/\/www.taxes4u.co.uk\/"},{"@type":"ListItem","position":2,"name":"Payroll\/CIS For Self Employed"}]},{"@type":"WebSite","@id":"https:\/\/www.taxes4u.co.uk\/#website","url":"https:\/\/www.taxes4u.co.uk\/","name":"Taxes4u","description":"Declara\u021bii Fiscale, Salarizare, Contabilitate","publisher":{"@id":"https:\/\/www.taxes4u.co.uk\/#organization"},"potentialAction":[{"@type":"SearchAction","target":{"@type":"EntryPoint","urlTemplate":"https:\/\/www.taxes4u.co.uk\/?s={search_term_string}"},"query-input":{"@type":"PropertyValueSpecification","valueRequired":true,"valueName":"search_term_string"}}],"inLanguage":"ro-RO"},{"@type":"Organization","@id":"https:\/\/www.taxes4u.co.uk\/#organization","name":"Taxes4u","url":"https:\/\/www.taxes4u.co.uk\/","logo":{"@type":"ImageObject","inLanguage":"ro-RO","@id":"https:\/\/www.taxes4u.co.uk\/#\/schema\/logo\/image\/","url":"https:\/\/www.taxes4u.co.uk\/wp-content\/uploads\/2020\/06\/cropped-3001_Taxes4u_RB_GR-02.png","contentUrl":"https:\/\/www.taxes4u.co.uk\/wp-content\/uploads\/2020\/06\/cropped-3001_Taxes4u_RB_GR-02.png","width":396,"height":82,"caption":"Taxes4u"},"image":{"@id":"https:\/\/www.taxes4u.co.uk\/#\/schema\/logo\/image\/"}}]}},"uagb_featured_image_src":{"full":false,"thumbnail":false,"medium":false,"medium_large":false,"large":false,"1536x1536":false,"2048x2048":false,"trp-custom-language-flag":false},"uagb_author_info":{"display_name":"Malaicik","author_link":"https:\/\/www.taxes4u.co.uk\/ro\/author\/malaicik"},"uagb_comment_info":0,"uagb_excerpt":"Services Payroll\/CIS for Self Employed Payroll\/CIS for Self Employed What we offer We can make Employer registration for Self-employed person and process monthly Payroll\/CIS Returns Payroll You do not need to have Limited company to employ people.Being self-employed you can register as an Employer, start employing staff and pay monthly (or weekly) salary.\u00a0 Our Price&hellip;","_links":{"self":[{"href":"https:\/\/www.taxes4u.co.uk\/ro\/wp-json\/wp\/v2\/pages\/1233","targetHints":{"allow":["GET"]}}],"collection":[{"href":"https:\/\/www.taxes4u.co.uk\/ro\/wp-json\/wp\/v2\/pages"}],"about":[{"href":"https:\/\/www.taxes4u.co.uk\/ro\/wp-json\/wp\/v2\/types\/page"}],"author":[{"embeddable":true,"href":"https:\/\/www.taxes4u.co.uk\/ro\/wp-json\/wp\/v2\/users\/1"}],"replies":[{"embeddable":true,"href":"https:\/\/www.taxes4u.co.uk\/ro\/wp-json\/wp\/v2\/comments?post=1233"}],"version-history":[{"count":17,"href":"https:\/\/www.taxes4u.co.uk\/ro\/wp-json\/wp\/v2\/pages\/1233\/revisions"}],"predecessor-version":[{"id":1606,"href":"https:\/\/www.taxes4u.co.uk\/ro\/wp-json\/wp\/v2\/pages\/1233\/revisions\/1606"}],"wp:attachment":[{"href":"https:\/\/www.taxes4u.co.uk\/ro\/wp-json\/wp\/v2\/media?parent=1233"}],"curies":[{"name":"wp","href":"https:\/\/api.w.org\/{rel}","templated":true}]}}