{"id":1239,"date":"2020-06-06T13:19:27","date_gmt":"2020-06-06T13:19:27","guid":{"rendered":"http:\/\/www.taxes4u.co.uk\/?page_id=1239"},"modified":"2025-03-28T20:45:23","modified_gmt":"2025-03-28T20:45:23","slug":"services-vat-returns-for-self-employed","status":"publish","type":"page","link":"https:\/\/www.taxes4u.co.uk\/ro\/services-vat-returns-for-self-employed","title":{"rendered":"TVA pentru Lucr\u0103torii Independen\u021bi"},"content":{"rendered":"<h5>\n\t\t\t\tServicii\n\t\t\t<\/h5>\n\t<h1>\n\t\t\t\tDeclara\u021bii de TVA pentru lucr\u0103tori independen\u021bi\n\t\t\t<\/h1>\n\t\t\t\t<img decoding=\"async\" src=\"http:\/\/www.taxes4u.co.uk\/wp-content\/uploads\/2019\/06\/feature2-free-img-1.png\" alt=\"Servicii de returnare a impozitelor, rambursare a impozitelor \u0219i servicii de brokeraj ipotecar \u00een Marea Britanie | Taxes4u\" title=\"Taxes4u. Returnarea Impozitelor Rambursarea Impozitelor \u0219i Broker Ipotecar\" itemprop=\"image\"\/>\n\t<h2>\n\t\t\t\tDeclara\u021bii de TVA pentru lucr\u0103tori independen\u021bi\n\t\t\t<\/h2>\n\t<h4>\n\t\t\t\tCe oferim\n\t\t\t<\/h4>\n\t\t\t<p>V\u0103 putem \u00eenregistra afacerea pentru TVA, v\u0103 putem oferi consultan\u021b\u0103 cu privire la schemele disponibile, putem preg\u0103ti \u0219i depune declara\u021biile de TVA la HM Revenue and Customs (HMRC).<\/p>\t\n\t<h4>\n\t\t\t\tTaxa pe valoarea ad\u0103ugat\u0103 (TVA)\n\t\t\t<\/h4>\n\t\t\t<p>If your business turnover is more than \u00a390,000 you are legally required to register for VAT. This will require you to charge VAT on all goods or services offered by your business. You can only charge VAT if you are registered to do so. Being VAT registered also allows you to reclaim VAT on goods and services purchased by your business.Current VAT Rates in the UK:<table><tbody><tr><td width=\"132\"><strong>Rata\u00a0<\/strong><\/td><td width=\"94\"><strong>% din TVA<\/strong><\/td><td width=\"375\"><strong>La ce se aplic\u0103 rata<\/strong><\/td><\/tr><tr><td width=\"132\">Standard<\/td><td width=\"94\">20%<\/td><td width=\"375\">Majoritatea bunurilor \u0219i serviciilor<\/td><\/tr><tr><td width=\"132\">Tarif redus<\/td><td width=\"94\">5%<\/td><td width=\"375\">Some goods and services, eg home energy and children&#8217;s car seats<\/td><\/tr><tr><td width=\"132\">Rata zero<\/td><td width=\"94\">0%<\/td><td width=\"375\">Zero-rated goods and services, eg most food and children&#8217;s clothes<\/td><\/tr><\/tbody><\/table><\/p>\t\n\t<h4>\n\t\t\t\tPre\u021bul nostru\n\t\t\t<\/h4>\n\t\t\t<p>From \u00a3100**Price can be fixed per month or be paid for quarter\u00a0<\/p>\t\n\t<h5>\n\t\t\t\tEstimare Gratuit\u0103\n\t\t\t<\/h5>\n\t<h2>\n\t\t\t\tSolicita\u021bi o Ofert\u0103\n\t\t\t<\/h2>\n\t\t\t<p>Vre\u021bi s\u0103 discuta\u021bi despre serviciile de contabilitate pentru dvs. \u0219i afacerea dvs.? Contacta\u021bi-ne pentru o ofert\u0103 gratuit\u0103 \u0219i f\u0103r\u0103 obliga\u021bii.<\/p>\t\n\t\t\t<a href=\"http:\/\/www.taxes4u.co.uk\/ro\/contact\/\" title=\"Click Here\" target=\"_self\"   role=\"button\" aria-label=\"Ob\u021bine\u021bi o Ofert\u0103\">\n\t\t\t\t\t\t\tOb\u021bine\u021bi o Ofert\u0103\n\t\t<\/a>","protected":false},"excerpt":{"rendered":"<p>Services VAT Returns for Self Employed VAT Returns for Self Employed What we offer We can register your business for VAT, advise on available schemes, prepare and submit VAT Returns to HM Revenue and Customs (HMRC). Value added tax (VAT) If your business turnover is more than \u00a390,000 you are legally required to register for [&hellip;]<\/p>\n","protected":false},"author":1,"featured_media":0,"parent":0,"menu_order":0,"comment_status":"closed","ping_status":"closed","template":"","meta":{"_uag_custom_page_level_css":"","site-sidebar-layout":"default","site-content-layout":"page-builder","ast-site-content-layout":"default","site-content-style":"default","site-sidebar-style":"default","ast-global-header-display":"","ast-banner-title-visibility":"","ast-main-header-display":"","ast-hfb-above-header-display":"","ast-hfb-below-header-display":"","ast-hfb-mobile-header-display":"","site-post-title":"disabled","ast-breadcrumbs-content":"","ast-featured-img":"disabled","footer-sml-layout":"","ast-disable-related-posts":"","theme-transparent-header-meta":"enabled","adv-header-id-meta":"","stick-header-meta":"default","header-above-stick-meta":"","header-main-stick-meta":"","header-below-stick-meta":"","astra-migrate-meta-layouts":"default","ast-page-background-enabled":"default","ast-page-background-meta":{"desktop":{"background-color":"","background-image":"","background-repeat":"repeat","background-position":"center center","background-size":"auto","background-attachment":"scroll","background-type":"","background-media":"","overlay-type":"","overlay-color":"","overlay-opacity":"","overlay-gradient":""},"tablet":{"background-color":"","background-image":"","background-repeat":"repeat","background-position":"center center","background-size":"auto","background-attachment":"scroll","background-type":"","background-media":"","overlay-type":"","overlay-color":"","overlay-opacity":"","overlay-gradient":""},"mobile":{"background-color":"","background-image":"","background-repeat":"repeat","background-position":"center center","background-size":"auto","background-attachment":"scroll","background-type":"","background-media":"","overlay-type":"","overlay-color":"","overlay-opacity":"","overlay-gradient":""}},"ast-content-background-meta":{"desktop":{"background-color":"var(--ast-global-color-5)","background-image":"","background-repeat":"repeat","background-position":"center center","background-size":"auto","background-attachment":"scroll","background-type":"","background-media":"","overlay-type":"","overlay-color":"","overlay-opacity":"","overlay-gradient":""},"tablet":{"background-color":"var(--ast-global-color-5)","background-image":"","background-repeat":"repeat","background-position":"center center","background-size":"auto","background-attachment":"scroll","background-type":"","background-media":"","overlay-type":"","overlay-color":"","overlay-opacity":"","overlay-gradient":""},"mobile":{"background-color":"var(--ast-global-color-5)","background-image":"","background-repeat":"repeat","background-position":"center center","background-size":"auto","background-attachment":"scroll","background-type":"","background-media":"","overlay-type":"","overlay-color":"","overlay-opacity":"","overlay-gradient":""}},"footnotes":""},"class_list":["post-1239","page","type-page","status-publish","hentry"],"yoast_head":"<!-- This site is optimized with the Yoast SEO plugin v27.4 - https:\/\/yoast.com\/product\/yoast-seo-wordpress\/ -->\n<title>VAT Returns For Self Employed Services - Taxes4u<\/title>\n<meta name=\"description\" content=\"VAT Returns For Self Employed Services. We can register your business for VAT, advise on available schemes, prepare and submit VAT Returns to HMRC.\" \/>\n<meta name=\"robots\" content=\"index, follow, max-snippet:-1, max-image-preview:large, max-video-preview:-1\" \/>\n<link rel=\"canonical\" href=\"https:\/\/www.taxes4u.co.uk\/ro\/services-vat-returns-for-self-employed\/\" \/>\n<meta property=\"og:locale\" content=\"ro_RO\" \/>\n<meta property=\"og:type\" content=\"article\" \/>\n<meta property=\"og:title\" content=\"VAT Returns For Self Employed Services - Taxes4u\" \/>\n<meta property=\"og:description\" content=\"VAT Returns For Self Employed Services. We can register your business for VAT, advise on available schemes, prepare and submit VAT Returns to HMRC.\" \/>\n<meta property=\"og:url\" content=\"https:\/\/www.taxes4u.co.uk\/ro\/services-vat-returns-for-self-employed\/\" \/>\n<meta property=\"og:site_name\" content=\"Taxes4u\" \/>\n<meta property=\"article:modified_time\" content=\"2025-03-28T20:45:23+00:00\" \/>\n<meta property=\"og:image\" content=\"http:\/\/www.taxes4u.co.uk\/wp-content\/uploads\/2019\/06\/feature2-free-img-1.png\" \/>\n<meta name=\"twitter:card\" content=\"summary_large_image\" \/>\n<meta name=\"twitter:label1\" content=\"Timp estimat pentru citire\" \/>\n\t<meta name=\"twitter:data1\" content=\"1 minut\" \/>\n<script type=\"application\/ld+json\" class=\"yoast-schema-graph\">{\"@context\":\"https:\\\/\\\/schema.org\",\"@graph\":[{\"@type\":\"WebPage\",\"@id\":\"https:\\\/\\\/www.taxes4u.co.uk\\\/services-vat-returns-for-self-employed\",\"url\":\"https:\\\/\\\/www.taxes4u.co.uk\\\/services-vat-returns-for-self-employed\",\"name\":\"VAT Returns For Self Employed Services - Taxes4u\",\"isPartOf\":{\"@id\":\"https:\\\/\\\/www.taxes4u.co.uk\\\/#website\"},\"primaryImageOfPage\":{\"@id\":\"https:\\\/\\\/www.taxes4u.co.uk\\\/services-vat-returns-for-self-employed#primaryimage\"},\"image\":{\"@id\":\"https:\\\/\\\/www.taxes4u.co.uk\\\/services-vat-returns-for-self-employed#primaryimage\"},\"thumbnailUrl\":\"http:\\\/\\\/www.taxes4u.co.uk\\\/wp-content\\\/uploads\\\/2019\\\/06\\\/feature2-free-img-1.png\",\"datePublished\":\"2020-06-06T13:19:27+00:00\",\"dateModified\":\"2025-03-28T20:45:23+00:00\",\"description\":\"VAT Returns For Self Employed Services. We can register your business for VAT, advise on available schemes, prepare and submit VAT Returns to HMRC.\",\"breadcrumb\":{\"@id\":\"https:\\\/\\\/www.taxes4u.co.uk\\\/services-vat-returns-for-self-employed#breadcrumb\"},\"inLanguage\":\"ro-RO\",\"potentialAction\":[{\"@type\":\"ReadAction\",\"target\":[\"https:\\\/\\\/www.taxes4u.co.uk\\\/services-vat-returns-for-self-employed\"]}]},{\"@type\":\"ImageObject\",\"inLanguage\":\"ro-RO\",\"@id\":\"https:\\\/\\\/www.taxes4u.co.uk\\\/services-vat-returns-for-self-employed#primaryimage\",\"url\":\"http:\\\/\\\/www.taxes4u.co.uk\\\/wp-content\\\/uploads\\\/2019\\\/06\\\/feature2-free-img-1.png\",\"contentUrl\":\"http:\\\/\\\/www.taxes4u.co.uk\\\/wp-content\\\/uploads\\\/2019\\\/06\\\/feature2-free-img-1.png\"},{\"@type\":\"BreadcrumbList\",\"@id\":\"https:\\\/\\\/www.taxes4u.co.uk\\\/services-vat-returns-for-self-employed#breadcrumb\",\"itemListElement\":[{\"@type\":\"ListItem\",\"position\":1,\"name\":\"Home\",\"item\":\"https:\\\/\\\/www.taxes4u.co.uk\\\/\"},{\"@type\":\"ListItem\",\"position\":2,\"name\":\"VAT for Self Employed\"}]},{\"@type\":\"WebSite\",\"@id\":\"https:\\\/\\\/www.taxes4u.co.uk\\\/#website\",\"url\":\"https:\\\/\\\/www.taxes4u.co.uk\\\/\",\"name\":\"Taxes4u\",\"description\":\"Tax Returns, Payroll, Bookkeeping\",\"publisher\":{\"@id\":\"https:\\\/\\\/www.taxes4u.co.uk\\\/#organization\"},\"potentialAction\":[{\"@type\":\"SearchAction\",\"target\":{\"@type\":\"EntryPoint\",\"urlTemplate\":\"https:\\\/\\\/www.taxes4u.co.uk\\\/?s={search_term_string}\"},\"query-input\":{\"@type\":\"PropertyValueSpecification\",\"valueRequired\":true,\"valueName\":\"search_term_string\"}}],\"inLanguage\":\"ro-RO\"},{\"@type\":\"Organization\",\"@id\":\"https:\\\/\\\/www.taxes4u.co.uk\\\/#organization\",\"name\":\"Taxes4u\",\"url\":\"https:\\\/\\\/www.taxes4u.co.uk\\\/\",\"logo\":{\"@type\":\"ImageObject\",\"inLanguage\":\"ro-RO\",\"@id\":\"https:\\\/\\\/www.taxes4u.co.uk\\\/#\\\/schema\\\/logo\\\/image\\\/\",\"url\":\"https:\\\/\\\/www.taxes4u.co.uk\\\/wp-content\\\/uploads\\\/2020\\\/06\\\/cropped-3001_Taxes4u_RB_GR-02.png\",\"contentUrl\":\"https:\\\/\\\/www.taxes4u.co.uk\\\/wp-content\\\/uploads\\\/2020\\\/06\\\/cropped-3001_Taxes4u_RB_GR-02.png\",\"width\":396,\"height\":82,\"caption\":\"Taxes4u\"},\"image\":{\"@id\":\"https:\\\/\\\/www.taxes4u.co.uk\\\/#\\\/schema\\\/logo\\\/image\\\/\"}}]}<\/script>\n<!-- \/ Yoast SEO plugin. -->","yoast_head_json":{"title":"Declara\u021bii de TVA pentru servicii independente - Taxes4u","description":"Declara\u021bii de TVA pentru liber-profesioni\u0219ti Servicii. V\u0103 putem \u00eenregistra afacerea \u00een scopuri de TVA, v\u0103 putem consilia cu privire la sistemele disponibile, putem preg\u0103ti \u0219i depune declara\u021bii de TVA la HMRC.","robots":{"index":"index","follow":"follow","max-snippet":"max-snippet:-1","max-image-preview":"max-image-preview:large","max-video-preview":"max-video-preview:-1"},"canonical":"https:\/\/www.taxes4u.co.uk\/ro\/services-vat-returns-for-self-employed\/","og_locale":"ro_RO","og_type":"article","og_title":"VAT Returns For Self Employed Services - Taxes4u","og_description":"VAT Returns For Self Employed Services. We can register your business for VAT, advise on available schemes, prepare and submit VAT Returns to HMRC.","og_url":"https:\/\/www.taxes4u.co.uk\/ro\/services-vat-returns-for-self-employed\/","og_site_name":"Taxes4u","article_modified_time":"2025-03-28T20:45:23+00:00","og_image":[{"url":"http:\/\/www.taxes4u.co.uk\/wp-content\/uploads\/2019\/06\/feature2-free-img-1.png","type":"","width":"","height":""}],"twitter_card":"summary_large_image","twitter_misc":{"Timp estimat pentru citire":"1 minut"},"schema":{"@context":"https:\/\/schema.org","@graph":[{"@type":"WebPage","@id":"https:\/\/www.taxes4u.co.uk\/services-vat-returns-for-self-employed","url":"https:\/\/www.taxes4u.co.uk\/services-vat-returns-for-self-employed","name":"Declara\u021bii de TVA pentru servicii independente - Taxes4u","isPartOf":{"@id":"https:\/\/www.taxes4u.co.uk\/#website"},"primaryImageOfPage":{"@id":"https:\/\/www.taxes4u.co.uk\/services-vat-returns-for-self-employed#primaryimage"},"image":{"@id":"https:\/\/www.taxes4u.co.uk\/services-vat-returns-for-self-employed#primaryimage"},"thumbnailUrl":"http:\/\/www.taxes4u.co.uk\/wp-content\/uploads\/2019\/06\/feature2-free-img-1.png","datePublished":"2020-06-06T13:19:27+00:00","dateModified":"2025-03-28T20:45:23+00:00","description":"Declara\u021bii de TVA pentru liber-profesioni\u0219ti Servicii. V\u0103 putem \u00eenregistra afacerea \u00een scopuri de TVA, v\u0103 putem consilia cu privire la sistemele disponibile, putem preg\u0103ti \u0219i depune declara\u021bii de TVA la HMRC.","breadcrumb":{"@id":"https:\/\/www.taxes4u.co.uk\/services-vat-returns-for-self-employed#breadcrumb"},"inLanguage":"ro-RO","potentialAction":[{"@type":"ReadAction","target":["https:\/\/www.taxes4u.co.uk\/services-vat-returns-for-self-employed"]}]},{"@type":"ImageObject","inLanguage":"ro-RO","@id":"https:\/\/www.taxes4u.co.uk\/services-vat-returns-for-self-employed#primaryimage","url":"http:\/\/www.taxes4u.co.uk\/wp-content\/uploads\/2019\/06\/feature2-free-img-1.png","contentUrl":"http:\/\/www.taxes4u.co.uk\/wp-content\/uploads\/2019\/06\/feature2-free-img-1.png"},{"@type":"BreadcrumbList","@id":"https:\/\/www.taxes4u.co.uk\/services-vat-returns-for-self-employed#breadcrumb","itemListElement":[{"@type":"ListItem","position":1,"name":"Home","item":"https:\/\/www.taxes4u.co.uk\/"},{"@type":"ListItem","position":2,"name":"VAT for Self Employed"}]},{"@type":"WebSite","@id":"https:\/\/www.taxes4u.co.uk\/#website","url":"https:\/\/www.taxes4u.co.uk\/","name":"Taxes4u","description":"Declara\u021bii Fiscale, Salarizare, Contabilitate","publisher":{"@id":"https:\/\/www.taxes4u.co.uk\/#organization"},"potentialAction":[{"@type":"SearchAction","target":{"@type":"EntryPoint","urlTemplate":"https:\/\/www.taxes4u.co.uk\/?s={search_term_string}"},"query-input":{"@type":"PropertyValueSpecification","valueRequired":true,"valueName":"search_term_string"}}],"inLanguage":"ro-RO"},{"@type":"Organization","@id":"https:\/\/www.taxes4u.co.uk\/#organization","name":"Taxes4u","url":"https:\/\/www.taxes4u.co.uk\/","logo":{"@type":"ImageObject","inLanguage":"ro-RO","@id":"https:\/\/www.taxes4u.co.uk\/#\/schema\/logo\/image\/","url":"https:\/\/www.taxes4u.co.uk\/wp-content\/uploads\/2020\/06\/cropped-3001_Taxes4u_RB_GR-02.png","contentUrl":"https:\/\/www.taxes4u.co.uk\/wp-content\/uploads\/2020\/06\/cropped-3001_Taxes4u_RB_GR-02.png","width":396,"height":82,"caption":"Taxes4u"},"image":{"@id":"https:\/\/www.taxes4u.co.uk\/#\/schema\/logo\/image\/"}}]}},"uagb_featured_image_src":{"full":false,"thumbnail":false,"medium":false,"medium_large":false,"large":false,"1536x1536":false,"2048x2048":false,"trp-custom-language-flag":false},"uagb_author_info":{"display_name":"Malaicik","author_link":"https:\/\/www.taxes4u.co.uk\/ro\/author\/malaicik"},"uagb_comment_info":0,"uagb_excerpt":"Services VAT Returns for Self Employed VAT Returns for Self Employed What we offer We can register your business for VAT, advise on available schemes, prepare and submit VAT Returns to HM Revenue and Customs (HMRC). Value added tax (VAT) If your business turnover is more than \u00a390,000 you are legally required to register for&hellip;","_links":{"self":[{"href":"https:\/\/www.taxes4u.co.uk\/ro\/wp-json\/wp\/v2\/pages\/1239","targetHints":{"allow":["GET"]}}],"collection":[{"href":"https:\/\/www.taxes4u.co.uk\/ro\/wp-json\/wp\/v2\/pages"}],"about":[{"href":"https:\/\/www.taxes4u.co.uk\/ro\/wp-json\/wp\/v2\/types\/page"}],"author":[{"embeddable":true,"href":"https:\/\/www.taxes4u.co.uk\/ro\/wp-json\/wp\/v2\/users\/1"}],"replies":[{"embeddable":true,"href":"https:\/\/www.taxes4u.co.uk\/ro\/wp-json\/wp\/v2\/comments?post=1239"}],"version-history":[{"count":19,"href":"https:\/\/www.taxes4u.co.uk\/ro\/wp-json\/wp\/v2\/pages\/1239\/revisions"}],"predecessor-version":[{"id":1951,"href":"https:\/\/www.taxes4u.co.uk\/ro\/wp-json\/wp\/v2\/pages\/1239\/revisions\/1951"}],"wp:attachment":[{"href":"https:\/\/www.taxes4u.co.uk\/ro\/wp-json\/wp\/v2\/media?parent=1239"}],"curies":[{"name":"wp","href":"https:\/\/api.w.org\/{rel}","templated":true}]}}