{"id":1245,"date":"2020-06-06T13:26:18","date_gmt":"2020-06-06T13:26:18","guid":{"rendered":"http:\/\/www.taxes4u.co.uk\/?page_id=1245"},"modified":"2025-03-28T21:07:47","modified_gmt":"2025-03-28T21:07:47","slug":"services-national-insurance-for-self-employed","status":"publish","type":"page","link":"https:\/\/www.taxes4u.co.uk\/ro\/services-national-insurance-for-self-employed","title":{"rendered":"Asigurarea Na\u021bional\u0103 pentru Lucr\u0103torii Independen\u021bi"},"content":{"rendered":"<h5>\n\t\t\t\tServicii\n\t\t\t<\/h5>\n\t<h1>\n\t\t\t\tAsigurarea Na\u021bional\u0103 pentru Lucr\u0103torii Independen\u021bi\n\t\t\t<\/h1>\n\t\t\t\t<img decoding=\"async\" src=\"http:\/\/www.taxes4u.co.uk\/wp-content\/uploads\/2019\/06\/feature2-free-img-1.png\" alt=\"Servicii de returnare a impozitelor, rambursare a impozitelor \u0219i servicii de brokeraj ipotecar \u00een Marea Britanie | Taxes4u\" title=\"Taxes4u. Returnarea Impozitelor Rambursarea Impozitelor \u0219i Broker Ipotecar\" itemprop=\"image\"\/>\n\t<h2>\n\t\t\t\tAsigurarea Na\u021bional\u0103 pentru Lucr\u0103torii Independen\u021bi\n\t\t\t<\/h2>\n\t<h4>\n\t\t\t\tCe oferim\n\t\t\t<\/h4>\n\t\t\t<p>Dac\u0103 ave\u021bi \u00eentreb\u0103ri legate de asigurarea na\u021bional\u0103 sau dori\u021bi s\u0103 ob\u021bine\u021bi \u00eenregistr\u0103rile privind asigurarea na\u021bional\u0103, putem contacta HMRC \u00een numele dumneavoastr\u0103 \u0219i solicita informa\u021biile necesare.<\/p>\t\n\t<h4>\n\t\t\t\tAsigurarea Na\u021bional\u0103 pentru Lucr\u0103torii Independen\u021bi\n\t\t\t<\/h4>\n\t\t\t<p><strong>Ratele asigur\u0103rilor na\u021bionale pentru lucr\u0103torii independen\u021bi:<\/strong>De obicei, pl\u0103ti\u021bi 2 tipuri de asigurare na\u021bional\u0103 dac\u0103 lucra\u021bi pe cont propriu:<ul><li>Clasa 2 dac\u0103 profiturile dvs. sunt de 6 725 \u00a3 sau mai mult pe an<\/li><li>Clasa 4 dac\u0103 profiturile dvs. sunt de 12 570 \u00a3 sau mai mult pe an<\/li><\/ul>C\u00e2t de mult pl\u0103ti\u021bi:<table><tbody><tr><td width=\"123\"><strong>Clasa<\/strong><\/td><td width=\"479\"><strong>Rata pentru anul fiscal 2024\/2025<\/strong><\/td><\/tr><tr><td width=\"123\">Clasa 2<\/td><td width=\"479\">\u00a33.45 pe s\u0103pt\u0103m\u00e2n\u0103\u00a0<\/td><\/tr><tr><td width=\"123\">Clasa 4<\/td><td width=\"479\">9% on profits between \u00a312,570 and \u00a350,2702% on profits over \u00a350,270<\/td><\/tr><\/tbody><\/table>If your profit is lower than \u00a36,725 you still can pay voluntary National Insurance to avoid gaps in National Insurance record.Gaps can mean you will not have enough years of National Insurance contributions to get the full State Pension (sometimes called qualifying years)<strong>Pentru ce serve\u0219te asigurarea na\u021bional\u0103:<\/strong>Contribu\u021biile la asigur\u0103rile na\u021bionale sunt luate \u00een considerare pentru presta\u021biile \u0219i pensiile din tabel.<table><tbody><tr><td width=\"150\"><strong>Beneficii<\/strong><\/td><td width=\"95\"><strong>Clasa 1: angaja\u021bi\u00a0<\/strong><\/td><td width=\"95\"><strong>Clasa 2: lucr\u0103tori independen\u021bi<\/strong><\/td><td width=\"95\"><strong>Clasa 3: contribu\u021bii voluntare<\/strong><\/td><\/tr><tr><td width=\"150\">Pensia de baz\u0103 de stat<\/td><td width=\"95\">Da<\/td><td width=\"95\">Da<\/td><td width=\"95\">Da<\/td><\/tr><tr><td width=\"150\">Pensie suplimentar\u0103 de stat<\/td><td width=\"95\">Da<\/td><td width=\"95\">Nu<\/td><td width=\"95\">Nu<\/td><\/tr><tr><td width=\"150\">Noua pensie de stat<\/td><td width=\"95\">Da<\/td><td width=\"95\">Da<\/td><td width=\"95\">Da<\/td><\/tr><tr><td width=\"150\">Contribution-based Jobseeker&#8217;s Allowance<\/td><td width=\"95\">Da<\/td><td width=\"95\">Nu<\/td><td width=\"95\">Nu<\/td><\/tr><tr><td width=\"150\">Aloca\u021bie pentru ocuparea for\u021bei de munc\u0103 \u0219i de sprijin bazat\u0103 pe contribu\u021bii\u00a0<\/td><td width=\"95\">Da<\/td><td width=\"95\">Da<\/td><td width=\"95\">Nu<\/td><\/tr><tr><td width=\"150\">Indemniza\u021bie de maternitate<\/td><td width=\"95\">Da<\/td><td width=\"95\">Da<\/td><td width=\"95\">Nu<\/td><\/tr><tr><td width=\"150\">Plat\u0103 pentru sprijin \u00een caz de doliu<\/td><td width=\"95\">Da<\/td><td width=\"95\">Da<\/td><td width=\"95\">Nu<\/td><\/tr><\/tbody><\/table>Contribu\u021biile din clasa 4 pl\u0103tite de persoanele care desf\u0103\u0219oar\u0103 o activitate independent\u0103 \u0219i care au un profit de cel pu\u021bin 12 570 GBP nu se iau \u00een considerare, de obicei, la calcularea presta\u021biilor de stat.<\/p>\t\n\t<h4>\n\t\t\t\tPlata asigur\u0103rilor na\u021bionale clasa 2 \u0219i clasa 4\n\t\t\t<\/h4>\n\t\t\t<p>Majoritatea persoanelor pl\u0103tesc contribu\u021biile ca parte a facturii lor fiscale Self Assessment.<\/p>\t\n\t<h4>\n\t\t\t\tPre\u021bul Nostru\n\t\t\t<\/h4>\n\t\t\t<p>\u00a335<\/p>\t\n\t<h5>\n\t\t\t\tEstimare Gratuit\u0103\n\t\t\t<\/h5>\n\t<h2>\n\t\t\t\tSolicita\u021bi o Ofert\u0103\n\t\t\t<\/h2>\n\t\t\t<p>Vre\u021bi s\u0103 discuta\u021bi despre serviciile de contabilitate pentru dvs. \u0219i afacerea dvs.? Contacta\u021bi-ne pentru o ofert\u0103 gratuit\u0103 \u0219i f\u0103r\u0103 obliga\u021bii.<\/p>\t\n\t\t\t<a href=\"http:\/\/www.taxes4u.co.uk\/ro\/contact\/\" title=\"Click Here\" target=\"_self\"   role=\"button\" aria-label=\"Ob\u021bine\u021bi o Ofert\u0103\">\n\t\t\t\t\t\t\tOb\u021bine\u021bi o Ofert\u0103\n\t\t<\/a>","protected":false},"excerpt":{"rendered":"<p>Services National Insurance for Self Employed National Insurance for Self Employed What we offer If you have any queries regarding your National Insurance or want to get your National Insurance records we can contact HMRC on your behalf and request required information. National Insurance for Self Employed Self-employed National Insurance rates:You usually pay 2 types [&hellip;]<\/p>\n","protected":false},"author":1,"featured_media":0,"parent":0,"menu_order":0,"comment_status":"closed","ping_status":"closed","template":"","meta":{"_uag_custom_page_level_css":"","site-sidebar-layout":"default","site-content-layout":"page-builder","ast-site-content-layout":"default","site-content-style":"default","site-sidebar-style":"default","ast-global-header-display":"","ast-banner-title-visibility":"","ast-main-header-display":"","ast-hfb-above-header-display":"","ast-hfb-below-header-display":"","ast-hfb-mobile-header-display":"","site-post-title":"disabled","ast-breadcrumbs-content":"","ast-featured-img":"disabled","footer-sml-layout":"","ast-disable-related-posts":"","theme-transparent-header-meta":"enabled","adv-header-id-meta":"","stick-header-meta":"default","header-above-stick-meta":"","header-main-stick-meta":"","header-below-stick-meta":"","astra-migrate-meta-layouts":"default","ast-page-background-enabled":"default","ast-page-background-meta":{"desktop":{"background-color":"","background-image":"","background-repeat":"repeat","background-position":"center center","background-size":"auto","background-attachment":"scroll","background-type":"","background-media":"","overlay-type":"","overlay-color":"","overlay-opacity":"","overlay-gradient":""},"tablet":{"background-color":"","background-image":"","background-repeat":"repeat","background-position":"center center","background-size":"auto","background-attachment":"scroll","background-type":"","background-media":"","overlay-type":"","overlay-color":"","overlay-opacity":"","overlay-gradient":""},"mobile":{"background-color":"","background-image":"","background-repeat":"repeat","background-position":"center center","background-size":"auto","background-attachment":"scroll","background-type":"","background-media":"","overlay-type":"","overlay-color":"","overlay-opacity":"","overlay-gradient":""}},"ast-content-background-meta":{"desktop":{"background-color":"var(--ast-global-color-5)","background-image":"","background-repeat":"repeat","background-position":"center center","background-size":"auto","background-attachment":"scroll","background-type":"","background-media":"","overlay-type":"","overlay-color":"","overlay-opacity":"","overlay-gradient":""},"tablet":{"background-color":"var(--ast-global-color-5)","background-image":"","background-repeat":"repeat","background-position":"center center","background-size":"auto","background-attachment":"scroll","background-type":"","background-media":"","overlay-type":"","overlay-color":"","overlay-opacity":"","overlay-gradient":""},"mobile":{"background-color":"var(--ast-global-color-5)","background-image":"","background-repeat":"repeat","background-position":"center center","background-size":"auto","background-attachment":"scroll","background-type":"","background-media":"","overlay-type":"","overlay-color":"","overlay-opacity":"","overlay-gradient":""}},"footnotes":""},"class_list":["post-1245","page","type-page","status-publish","hentry"],"yoast_head":"<!-- This site is optimized with the Yoast SEO plugin v27.4 - https:\/\/yoast.com\/product\/yoast-seo-wordpress\/ -->\n<title>National Insurance For Self Employed Services - Taxes4u<\/title>\n<meta name=\"description\" content=\"If you&#039;re Self Employed and have queries about your National Insurance or want to get your National Insurance records we can contact HMRC on your behalf.\" \/>\n<meta name=\"robots\" content=\"index, follow, max-snippet:-1, max-image-preview:large, max-video-preview:-1\" \/>\n<link rel=\"canonical\" href=\"https:\/\/www.taxes4u.co.uk\/ro\/services-national-insurance-for-self-employed\/\" \/>\n<meta property=\"og:locale\" content=\"ro_RO\" \/>\n<meta property=\"og:type\" content=\"article\" \/>\n<meta property=\"og:title\" content=\"National Insurance For Self Employed Services - Taxes4u\" \/>\n<meta property=\"og:description\" content=\"If you&#039;re Self Employed and have queries about your National Insurance or want to get your National Insurance records we can contact HMRC on your behalf.\" \/>\n<meta property=\"og:url\" content=\"https:\/\/www.taxes4u.co.uk\/ro\/services-national-insurance-for-self-employed\/\" \/>\n<meta property=\"og:site_name\" content=\"Taxes4u\" \/>\n<meta property=\"article:modified_time\" content=\"2025-03-28T21:07:47+00:00\" \/>\n<meta property=\"og:image\" content=\"http:\/\/www.taxes4u.co.uk\/wp-content\/uploads\/2019\/06\/feature2-free-img-1.png\" \/>\n<meta name=\"twitter:card\" content=\"summary_large_image\" \/>\n<meta name=\"twitter:label1\" content=\"Timp estimat pentru citire\" \/>\n\t<meta name=\"twitter:data1\" content=\"1 minut\" \/>\n<script type=\"application\/ld+json\" class=\"yoast-schema-graph\">{\"@context\":\"https:\\\/\\\/schema.org\",\"@graph\":[{\"@type\":\"WebPage\",\"@id\":\"https:\\\/\\\/www.taxes4u.co.uk\\\/services-national-insurance-for-self-employed\",\"url\":\"https:\\\/\\\/www.taxes4u.co.uk\\\/services-national-insurance-for-self-employed\",\"name\":\"National Insurance For Self Employed Services - Taxes4u\",\"isPartOf\":{\"@id\":\"https:\\\/\\\/www.taxes4u.co.uk\\\/#website\"},\"primaryImageOfPage\":{\"@id\":\"https:\\\/\\\/www.taxes4u.co.uk\\\/services-national-insurance-for-self-employed#primaryimage\"},\"image\":{\"@id\":\"https:\\\/\\\/www.taxes4u.co.uk\\\/services-national-insurance-for-self-employed#primaryimage\"},\"thumbnailUrl\":\"http:\\\/\\\/www.taxes4u.co.uk\\\/wp-content\\\/uploads\\\/2019\\\/06\\\/feature2-free-img-1.png\",\"datePublished\":\"2020-06-06T13:26:18+00:00\",\"dateModified\":\"2025-03-28T21:07:47+00:00\",\"description\":\"If you're Self Employed and have queries about your National Insurance or want to get your National Insurance records we can contact HMRC on your behalf.\",\"breadcrumb\":{\"@id\":\"https:\\\/\\\/www.taxes4u.co.uk\\\/services-national-insurance-for-self-employed#breadcrumb\"},\"inLanguage\":\"ro-RO\",\"potentialAction\":[{\"@type\":\"ReadAction\",\"target\":[\"https:\\\/\\\/www.taxes4u.co.uk\\\/services-national-insurance-for-self-employed\"]}]},{\"@type\":\"ImageObject\",\"inLanguage\":\"ro-RO\",\"@id\":\"https:\\\/\\\/www.taxes4u.co.uk\\\/services-national-insurance-for-self-employed#primaryimage\",\"url\":\"http:\\\/\\\/www.taxes4u.co.uk\\\/wp-content\\\/uploads\\\/2019\\\/06\\\/feature2-free-img-1.png\",\"contentUrl\":\"http:\\\/\\\/www.taxes4u.co.uk\\\/wp-content\\\/uploads\\\/2019\\\/06\\\/feature2-free-img-1.png\"},{\"@type\":\"BreadcrumbList\",\"@id\":\"https:\\\/\\\/www.taxes4u.co.uk\\\/services-national-insurance-for-self-employed#breadcrumb\",\"itemListElement\":[{\"@type\":\"ListItem\",\"position\":1,\"name\":\"Home\",\"item\":\"https:\\\/\\\/www.taxes4u.co.uk\\\/\"},{\"@type\":\"ListItem\",\"position\":2,\"name\":\"National Insurance for Self Employed\"}]},{\"@type\":\"WebSite\",\"@id\":\"https:\\\/\\\/www.taxes4u.co.uk\\\/#website\",\"url\":\"https:\\\/\\\/www.taxes4u.co.uk\\\/\",\"name\":\"Taxes4u\",\"description\":\"Tax Returns, Payroll, Bookkeeping\",\"publisher\":{\"@id\":\"https:\\\/\\\/www.taxes4u.co.uk\\\/#organization\"},\"potentialAction\":[{\"@type\":\"SearchAction\",\"target\":{\"@type\":\"EntryPoint\",\"urlTemplate\":\"https:\\\/\\\/www.taxes4u.co.uk\\\/?s={search_term_string}\"},\"query-input\":{\"@type\":\"PropertyValueSpecification\",\"valueRequired\":true,\"valueName\":\"search_term_string\"}}],\"inLanguage\":\"ro-RO\"},{\"@type\":\"Organization\",\"@id\":\"https:\\\/\\\/www.taxes4u.co.uk\\\/#organization\",\"name\":\"Taxes4u\",\"url\":\"https:\\\/\\\/www.taxes4u.co.uk\\\/\",\"logo\":{\"@type\":\"ImageObject\",\"inLanguage\":\"ro-RO\",\"@id\":\"https:\\\/\\\/www.taxes4u.co.uk\\\/#\\\/schema\\\/logo\\\/image\\\/\",\"url\":\"https:\\\/\\\/www.taxes4u.co.uk\\\/wp-content\\\/uploads\\\/2020\\\/06\\\/cropped-3001_Taxes4u_RB_GR-02.png\",\"contentUrl\":\"https:\\\/\\\/www.taxes4u.co.uk\\\/wp-content\\\/uploads\\\/2020\\\/06\\\/cropped-3001_Taxes4u_RB_GR-02.png\",\"width\":396,\"height\":82,\"caption\":\"Taxes4u\"},\"image\":{\"@id\":\"https:\\\/\\\/www.taxes4u.co.uk\\\/#\\\/schema\\\/logo\\\/image\\\/\"}}]}<\/script>\n<!-- \/ Yoast SEO plugin. -->","yoast_head_json":{"title":"Asigurare na\u0163ional\u0103 pentru persoane independente \u00een UK | Taxes4u","description":"Ave\u0163i \u00eentreb\u0103ri despre asigurarea na\u0163ional\u0103 ca persoan\u0103 independent\u0103? Contact\u0103m HMRC \u00een numele dvs. \u015fi ob\u0163inem \u00eenregistr\u0103rile necesare.","robots":{"index":"index","follow":"follow","max-snippet":"max-snippet:-1","max-image-preview":"max-image-preview:large","max-video-preview":"max-video-preview:-1"},"canonical":"https:\/\/www.taxes4u.co.uk\/ro\/services-national-insurance-for-self-employed\/","og_locale":"ro_RO","og_type":"article","og_title":"National Insurance For Self Employed Services - Taxes4u","og_description":"If you're Self Employed and have queries about your National Insurance or want to get your National Insurance records we can contact HMRC on your behalf.","og_url":"https:\/\/www.taxes4u.co.uk\/ro\/services-national-insurance-for-self-employed\/","og_site_name":"Taxes4u","article_modified_time":"2025-03-28T21:07:47+00:00","og_image":[{"url":"http:\/\/www.taxes4u.co.uk\/wp-content\/uploads\/2019\/06\/feature2-free-img-1.png","type":"","width":"","height":""}],"twitter_card":"summary_large_image","twitter_misc":{"Timp estimat pentru citire":"1 minut"},"schema":{"@context":"https:\/\/schema.org","@graph":[{"@type":"WebPage","@id":"https:\/\/www.taxes4u.co.uk\/services-national-insurance-for-self-employed","url":"https:\/\/www.taxes4u.co.uk\/services-national-insurance-for-self-employed","name":"Asigurare na\u0163ional\u0103 pentru persoane independente \u00een UK | Taxes4u","isPartOf":{"@id":"https:\/\/www.taxes4u.co.uk\/#website"},"primaryImageOfPage":{"@id":"https:\/\/www.taxes4u.co.uk\/services-national-insurance-for-self-employed#primaryimage"},"image":{"@id":"https:\/\/www.taxes4u.co.uk\/services-national-insurance-for-self-employed#primaryimage"},"thumbnailUrl":"http:\/\/www.taxes4u.co.uk\/wp-content\/uploads\/2019\/06\/feature2-free-img-1.png","datePublished":"2020-06-06T13:26:18+00:00","dateModified":"2025-03-28T21:07:47+00:00","description":"Ave\u0163i \u00eentreb\u0103ri despre asigurarea na\u0163ional\u0103 ca persoan\u0103 independent\u0103? Contact\u0103m HMRC \u00een numele dvs. \u015fi ob\u0163inem \u00eenregistr\u0103rile necesare.","breadcrumb":{"@id":"https:\/\/www.taxes4u.co.uk\/services-national-insurance-for-self-employed#breadcrumb"},"inLanguage":"ro-RO","potentialAction":[{"@type":"ReadAction","target":["https:\/\/www.taxes4u.co.uk\/services-national-insurance-for-self-employed"]}]},{"@type":"ImageObject","inLanguage":"ro-RO","@id":"https:\/\/www.taxes4u.co.uk\/services-national-insurance-for-self-employed#primaryimage","url":"http:\/\/www.taxes4u.co.uk\/wp-content\/uploads\/2019\/06\/feature2-free-img-1.png","contentUrl":"http:\/\/www.taxes4u.co.uk\/wp-content\/uploads\/2019\/06\/feature2-free-img-1.png"},{"@type":"BreadcrumbList","@id":"https:\/\/www.taxes4u.co.uk\/services-national-insurance-for-self-employed#breadcrumb","itemListElement":[{"@type":"ListItem","position":1,"name":"Home","item":"https:\/\/www.taxes4u.co.uk\/"},{"@type":"ListItem","position":2,"name":"National Insurance for Self Employed"}]},{"@type":"WebSite","@id":"https:\/\/www.taxes4u.co.uk\/#website","url":"https:\/\/www.taxes4u.co.uk\/","name":"Taxes4u","description":"Declara\u021bii Fiscale, Salarizare, Contabilitate","publisher":{"@id":"https:\/\/www.taxes4u.co.uk\/#organization"},"potentialAction":[{"@type":"SearchAction","target":{"@type":"EntryPoint","urlTemplate":"https:\/\/www.taxes4u.co.uk\/?s={search_term_string}"},"query-input":{"@type":"PropertyValueSpecification","valueRequired":true,"valueName":"search_term_string"}}],"inLanguage":"ro-RO"},{"@type":"Organization","@id":"https:\/\/www.taxes4u.co.uk\/#organization","name":"Taxes4u","url":"https:\/\/www.taxes4u.co.uk\/","logo":{"@type":"ImageObject","inLanguage":"ro-RO","@id":"https:\/\/www.taxes4u.co.uk\/#\/schema\/logo\/image\/","url":"https:\/\/www.taxes4u.co.uk\/wp-content\/uploads\/2020\/06\/cropped-3001_Taxes4u_RB_GR-02.png","contentUrl":"https:\/\/www.taxes4u.co.uk\/wp-content\/uploads\/2020\/06\/cropped-3001_Taxes4u_RB_GR-02.png","width":396,"height":82,"caption":"Taxes4u"},"image":{"@id":"https:\/\/www.taxes4u.co.uk\/#\/schema\/logo\/image\/"}}]}},"uagb_featured_image_src":{"full":false,"thumbnail":false,"medium":false,"medium_large":false,"large":false,"1536x1536":false,"2048x2048":false,"trp-custom-language-flag":false},"uagb_author_info":{"display_name":"Malaicik","author_link":"https:\/\/www.taxes4u.co.uk\/ro\/author\/malaicik"},"uagb_comment_info":0,"uagb_excerpt":"Services National Insurance for Self Employed National Insurance for Self Employed What we offer If you have any queries regarding your National Insurance or want to get your National Insurance records we can contact HMRC on your behalf and request required information. National Insurance for Self Employed Self-employed National Insurance rates:You usually pay 2 types&hellip;","_links":{"self":[{"href":"https:\/\/www.taxes4u.co.uk\/ro\/wp-json\/wp\/v2\/pages\/1245","targetHints":{"allow":["GET"]}}],"collection":[{"href":"https:\/\/www.taxes4u.co.uk\/ro\/wp-json\/wp\/v2\/pages"}],"about":[{"href":"https:\/\/www.taxes4u.co.uk\/ro\/wp-json\/wp\/v2\/types\/page"}],"author":[{"embeddable":true,"href":"https:\/\/www.taxes4u.co.uk\/ro\/wp-json\/wp\/v2\/users\/1"}],"replies":[{"embeddable":true,"href":"https:\/\/www.taxes4u.co.uk\/ro\/wp-json\/wp\/v2\/comments?post=1245"}],"version-history":[{"count":16,"href":"https:\/\/www.taxes4u.co.uk\/ro\/wp-json\/wp\/v2\/pages\/1245\/revisions"}],"predecessor-version":[{"id":1953,"href":"https:\/\/www.taxes4u.co.uk\/ro\/wp-json\/wp\/v2\/pages\/1245\/revisions\/1953"}],"wp:attachment":[{"href":"https:\/\/www.taxes4u.co.uk\/ro\/wp-json\/wp\/v2\/media?parent=1245"}],"curies":[{"name":"wp","href":"https:\/\/api.w.org\/{rel}","templated":true}]}}