{"id":1255,"date":"2020-06-06T13:45:05","date_gmt":"2020-06-06T13:45:05","guid":{"rendered":"http:\/\/www.taxes4u.co.uk\/?page_id=1255"},"modified":"2024-04-04T17:28:35","modified_gmt":"2024-04-04T17:28:35","slug":"services-sa302-calculation-and-tax-overview-forms","status":"publish","type":"page","link":"https:\/\/www.taxes4u.co.uk\/ro\/services-sa302-calculation-and-tax-overview-forms","title":{"rendered":"SA302 Formulare de Calcul \u0219i de Prezentare General\u0103 a Impozitelor"},"content":{"rendered":"<h5>\n\t\t\t\tServicii\n\t\t\t<\/h5>\n\t<h1>\n\t\t\t\tFormularele de calcul SA302 \u0219i de Prezentare General\u0103 a Anului Fiscal\n\t\t\t<\/h1>\n\t\t\t\t<img decoding=\"async\" src=\"http:\/\/www.taxes4u.co.uk\/wp-content\/uploads\/2019\/06\/feature2-free-img-1.png\" alt=\"Servicii de returnare a impozitelor, rambursare a impozitelor \u0219i servicii de brokeraj ipotecar \u00een Marea Britanie | Taxes4u\" title=\"Taxes4u. Returnarea Impozitelor Rambursarea Impozitelor \u0219i Broker Ipotecar\" itemprop=\"image\"\/>\n\t<h2>\n\t\t\t\tSA302 Tax Calculation &#038; Tax Year Overview Forms\n\t\t\t<\/h2>\n\t<h4>\n\t\t\t\tCe oferim\n\t\t\t<\/h4>\n\t\t\t<p>Putem comanda pentru dvs. formularele SA302 \u0219i SA302 \u0219i SA302 privind anul fiscal.<\/p>\t\n\t<h4>\n\t\t\t\tFormularul SA302\n\t\t\t<\/h4>\n\t\t\t<p>What is SA302 form?\u00a0\u00a0The SA302 is a summary of the income that has been reported to the HMRC. The form shows your income for the year and how much tax you owe. It is effectively a certificate that documents exactly how much income you have declared. Therefore, the form SA302 is an easy way for a lender to verify that the income on a mortgage application is the same as you have shown to HMRC.\u00a0Our advice for anybody who does not receive a form SA302 from HMRC is to order a copy right at the start of a mortgage application, so your applications will not be delayed. Usually it takes 2-3 weeks to arrive by post.\u00a0<\/p>\t\n\t<h4>\n\t\t\t\tPre\u021bul Nostru\n\t\t\t<\/h4>\n\t\t\t<p>\u00a335<\/p>\t\n\t<h4>\n\t\t\t\tFormular de prezentare general\u0103 a anului fiscal\n\t\t\t<\/h4>\n\t\t\t<p>Un document suplimentar numit \"Tax Year Overview\" verific\u0103 dac\u0103 informa\u021biile din formularul SA302 sunt corecte. Acesta este \u00eentocmit de HM Revenue and Customs (HMRC) dup\u0103 ce a\u021bi depus declara\u021bia fiscal\u0103 de autoevaluare \u0219i arat\u0103 suma impozitului care trebuie pl\u0103tit\u0103 direct la HMRC sau orice sum\u0103 disponibil\u0103 pentru rambursare pentru un anumit an fiscal.\u00a0<\/p>\t\n\t<h4>\n\t\t\t\tPre\u021bul Nostru\n\t\t\t<\/h4>\n\t\t\t<p>\u00a335<\/p>\t\n\t\t\t\t<img decoding=\"async\" src=\"http:\/\/www.taxes4u.co.uk\/wp-content\/uploads\/2019\/06\/feature1-free-img-1.png\" alt=\"Taxes4u. Declara\u021bie de Impozit, Rambursare de Impozit, Salarizare \u0219i Contabilitate\" title=\"Taxes4u. Declara\u021bie de Impozit, Rambursare de Impozit, Salarizare \u0219i Contabilitate\" itemprop=\"image\"\/>\n\t<h2>\n\t\t\t\tDac\u0103 ave\u021bi nevoie de ambele formulare\n\t\t\t<\/h2>\n\t<h4>\n\t\t\t\tPre\u021bul Nostru\n\t\t\t<\/h4>\n\t\t\t<p>\u00a350<\/p>\t\n\t<h5>\n\t\t\t\tEstimare Gratuit\u0103\n\t\t\t<\/h5>\n\t<h2>\n\t\t\t\tSolicita\u021bi o Ofert\u0103\n\t\t\t<\/h2>\n\t\t\t<p>Vre\u021bi s\u0103 discuta\u021bi despre serviciile de contabilitate pentru dvs. \u0219i afacerea dvs.? Contacta\u021bi-ne pentru o ofert\u0103 gratuit\u0103 \u0219i f\u0103r\u0103 obliga\u021bii.<\/p>\t\n\t\t\t<a href=\"http:\/\/www.taxes4u.co.uk\/ro\/contact\/\" target=\"_self\" role=\"button\" aria-label=\"Ob\u021bine\u021bi o Ofert\u0103\" rel=\"noopener\">\n\t\t\t\t\t\t\tOb\u021bine\u021bi o Ofert\u0103\n\t\t<\/a>","protected":false},"excerpt":{"rendered":"<p>Services SA302 Calculation and Tax Year Overview Forms SA302 Tax Calculation &#038; Tax Year Overview Forms What we offer We can order SA302 and Tax Year Overview forms for you. SA302 Form What is SA302 form?\u00a0\u00a0The SA302 is a summary of the income that has been reported to the HMRC. The form shows your income [&hellip;]<\/p>\n","protected":false},"author":1,"featured_media":0,"parent":0,"menu_order":0,"comment_status":"closed","ping_status":"closed","template":"","meta":{"_uag_custom_page_level_css":"","site-sidebar-layout":"default","site-content-layout":"page-builder","ast-site-content-layout":"default","site-content-style":"default","site-sidebar-style":"default","ast-global-header-display":"","ast-banner-title-visibility":"","ast-main-header-display":"","ast-hfb-above-header-display":"","ast-hfb-below-header-display":"","ast-hfb-mobile-header-display":"","site-post-title":"disabled","ast-breadcrumbs-content":"","ast-featured-img":"disabled","footer-sml-layout":"","ast-disable-related-posts":"","theme-transparent-header-meta":"enabled","adv-header-id-meta":"","stick-header-meta":"default","header-above-stick-meta":"","header-main-stick-meta":"","header-below-stick-meta":"","astra-migrate-meta-layouts":"default","ast-page-background-enabled":"default","ast-page-background-meta":{"desktop":{"background-color":"","background-image":"","background-repeat":"repeat","background-position":"center center","background-size":"auto","background-attachment":"scroll","background-type":"","background-media":"","overlay-type":"","overlay-color":"","overlay-opacity":"","overlay-gradient":""},"tablet":{"background-color":"","background-image":"","background-repeat":"repeat","background-position":"center center","background-size":"auto","background-attachment":"scroll","background-type":"","background-media":"","overlay-type":"","overlay-color":"","overlay-opacity":"","overlay-gradient":""},"mobile":{"background-color":"","background-image":"","background-repeat":"repeat","background-position":"center center","background-size":"auto","background-attachment":"scroll","background-type":"","background-media":"","overlay-type":"","overlay-color":"","overlay-opacity":"","overlay-gradient":""}},"ast-content-background-meta":{"desktop":{"background-color":"var(--ast-global-color-5)","background-image":"","background-repeat":"repeat","background-position":"center center","background-size":"auto","background-attachment":"scroll","background-type":"","background-media":"","overlay-type":"","overlay-color":"","overlay-opacity":"","overlay-gradient":""},"tablet":{"background-color":"var(--ast-global-color-5)","background-image":"","background-repeat":"repeat","background-position":"center center","background-size":"auto","background-attachment":"scroll","background-type":"","background-media":"","overlay-type":"","overlay-color":"","overlay-opacity":"","overlay-gradient":""},"mobile":{"background-color":"var(--ast-global-color-5)","background-image":"","background-repeat":"repeat","background-position":"center center","background-size":"auto","background-attachment":"scroll","background-type":"","background-media":"","overlay-type":"","overlay-color":"","overlay-opacity":"","overlay-gradient":""}},"footnotes":""},"class_list":["post-1255","page","type-page","status-publish","hentry"],"yoast_head":"<!-- This site is optimized with the Yoast SEO plugin v27.4 - https:\/\/yoast.com\/product\/yoast-seo-wordpress\/ -->\n<title>SA302 Calculation and Tax Overview Forms - Taxes4u<\/title>\n<meta name=\"description\" content=\"We can assist with SA302 Tax Calculation &amp; Tax Year Overview Forms. The SA302 is an easy way for a lender to verify your income for a mortgage application.\" \/>\n<meta name=\"robots\" content=\"index, follow, max-snippet:-1, max-image-preview:large, max-video-preview:-1\" \/>\n<link rel=\"canonical\" href=\"https:\/\/www.taxes4u.co.uk\/ro\/services-sa302-calculation-and-tax-overview-forms\/\" \/>\n<meta property=\"og:locale\" content=\"ro_RO\" \/>\n<meta property=\"og:type\" content=\"article\" \/>\n<meta property=\"og:title\" content=\"SA302 Calculation and Tax Overview Forms - Taxes4u\" \/>\n<meta property=\"og:description\" content=\"We can assist with SA302 Tax Calculation &amp; Tax Year Overview Forms. The SA302 is an easy way for a lender to verify your income for a mortgage application.\" \/>\n<meta property=\"og:url\" content=\"https:\/\/www.taxes4u.co.uk\/ro\/services-sa302-calculation-and-tax-overview-forms\/\" \/>\n<meta property=\"og:site_name\" content=\"Taxes4u\" \/>\n<meta property=\"article:modified_time\" content=\"2024-04-04T17:28:35+00:00\" \/>\n<meta property=\"og:image\" content=\"http:\/\/www.taxes4u.co.uk\/wp-content\/uploads\/2019\/06\/feature2-free-img-1.png\" \/>\n<meta name=\"twitter:card\" content=\"summary_large_image\" \/>\n<meta name=\"twitter:label1\" content=\"Timp estimat pentru citire\" \/>\n\t<meta name=\"twitter:data1\" content=\"1 minut\" \/>\n<script type=\"application\/ld+json\" class=\"yoast-schema-graph\">{\"@context\":\"https:\\\/\\\/schema.org\",\"@graph\":[{\"@type\":\"WebPage\",\"@id\":\"https:\\\/\\\/www.taxes4u.co.uk\\\/services-sa302-calculation-and-tax-overview-forms\",\"url\":\"https:\\\/\\\/www.taxes4u.co.uk\\\/services-sa302-calculation-and-tax-overview-forms\",\"name\":\"SA302 Calculation and Tax Overview Forms - Taxes4u\",\"isPartOf\":{\"@id\":\"https:\\\/\\\/www.taxes4u.co.uk\\\/#website\"},\"primaryImageOfPage\":{\"@id\":\"https:\\\/\\\/www.taxes4u.co.uk\\\/services-sa302-calculation-and-tax-overview-forms#primaryimage\"},\"image\":{\"@id\":\"https:\\\/\\\/www.taxes4u.co.uk\\\/services-sa302-calculation-and-tax-overview-forms#primaryimage\"},\"thumbnailUrl\":\"http:\\\/\\\/www.taxes4u.co.uk\\\/wp-content\\\/uploads\\\/2019\\\/06\\\/feature2-free-img-1.png\",\"datePublished\":\"2020-06-06T13:45:05+00:00\",\"dateModified\":\"2024-04-04T17:28:35+00:00\",\"description\":\"We can assist with SA302 Tax Calculation & Tax Year Overview Forms. The SA302 is an easy way for a lender to verify your income for a mortgage application.\",\"breadcrumb\":{\"@id\":\"https:\\\/\\\/www.taxes4u.co.uk\\\/services-sa302-calculation-and-tax-overview-forms#breadcrumb\"},\"inLanguage\":\"ro-RO\",\"potentialAction\":[{\"@type\":\"ReadAction\",\"target\":[\"https:\\\/\\\/www.taxes4u.co.uk\\\/services-sa302-calculation-and-tax-overview-forms\"]}]},{\"@type\":\"ImageObject\",\"inLanguage\":\"ro-RO\",\"@id\":\"https:\\\/\\\/www.taxes4u.co.uk\\\/services-sa302-calculation-and-tax-overview-forms#primaryimage\",\"url\":\"http:\\\/\\\/www.taxes4u.co.uk\\\/wp-content\\\/uploads\\\/2019\\\/06\\\/feature2-free-img-1.png\",\"contentUrl\":\"http:\\\/\\\/www.taxes4u.co.uk\\\/wp-content\\\/uploads\\\/2019\\\/06\\\/feature2-free-img-1.png\"},{\"@type\":\"BreadcrumbList\",\"@id\":\"https:\\\/\\\/www.taxes4u.co.uk\\\/services-sa302-calculation-and-tax-overview-forms#breadcrumb\",\"itemListElement\":[{\"@type\":\"ListItem\",\"position\":1,\"name\":\"Home\",\"item\":\"https:\\\/\\\/www.taxes4u.co.uk\\\/\"},{\"@type\":\"ListItem\",\"position\":2,\"name\":\"SA302 Calculation and Tax Overview Forms\"}]},{\"@type\":\"WebSite\",\"@id\":\"https:\\\/\\\/www.taxes4u.co.uk\\\/#website\",\"url\":\"https:\\\/\\\/www.taxes4u.co.uk\\\/\",\"name\":\"Taxes4u\",\"description\":\"Tax Returns, Payroll, Bookkeeping\",\"publisher\":{\"@id\":\"https:\\\/\\\/www.taxes4u.co.uk\\\/#organization\"},\"potentialAction\":[{\"@type\":\"SearchAction\",\"target\":{\"@type\":\"EntryPoint\",\"urlTemplate\":\"https:\\\/\\\/www.taxes4u.co.uk\\\/?s={search_term_string}\"},\"query-input\":{\"@type\":\"PropertyValueSpecification\",\"valueRequired\":true,\"valueName\":\"search_term_string\"}}],\"inLanguage\":\"ro-RO\"},{\"@type\":\"Organization\",\"@id\":\"https:\\\/\\\/www.taxes4u.co.uk\\\/#organization\",\"name\":\"Taxes4u\",\"url\":\"https:\\\/\\\/www.taxes4u.co.uk\\\/\",\"logo\":{\"@type\":\"ImageObject\",\"inLanguage\":\"ro-RO\",\"@id\":\"https:\\\/\\\/www.taxes4u.co.uk\\\/#\\\/schema\\\/logo\\\/image\\\/\",\"url\":\"https:\\\/\\\/www.taxes4u.co.uk\\\/wp-content\\\/uploads\\\/2020\\\/06\\\/cropped-3001_Taxes4u_RB_GR-02.png\",\"contentUrl\":\"https:\\\/\\\/www.taxes4u.co.uk\\\/wp-content\\\/uploads\\\/2020\\\/06\\\/cropped-3001_Taxes4u_RB_GR-02.png\",\"width\":396,\"height\":82,\"caption\":\"Taxes4u\"},\"image\":{\"@id\":\"https:\\\/\\\/www.taxes4u.co.uk\\\/#\\\/schema\\\/logo\\\/image\\\/\"}}]}<\/script>\n<!-- \/ Yoast SEO plugin. -->","yoast_head_json":{"title":"Calcul SA302 \u015fi formulare de sintez\u0103 fiscal\u0103 | Taxes4u","description":"V\u0103 ajut\u0103m cu calculul SA302 \u015fi formularele de sintez\u0103 fiscal\u0103 necesare creditorilor pentru verificarea veniturilor \u00een cadrul unui dosar ipotecar.","robots":{"index":"index","follow":"follow","max-snippet":"max-snippet:-1","max-image-preview":"max-image-preview:large","max-video-preview":"max-video-preview:-1"},"canonical":"https:\/\/www.taxes4u.co.uk\/ro\/services-sa302-calculation-and-tax-overview-forms\/","og_locale":"ro_RO","og_type":"article","og_title":"SA302 Calculation and Tax Overview Forms - Taxes4u","og_description":"We can assist with SA302 Tax Calculation & Tax Year Overview Forms. The SA302 is an easy way for a lender to verify your income for a mortgage application.","og_url":"https:\/\/www.taxes4u.co.uk\/ro\/services-sa302-calculation-and-tax-overview-forms\/","og_site_name":"Taxes4u","article_modified_time":"2024-04-04T17:28:35+00:00","og_image":[{"url":"http:\/\/www.taxes4u.co.uk\/wp-content\/uploads\/2019\/06\/feature2-free-img-1.png","type":"","width":"","height":""}],"twitter_card":"summary_large_image","twitter_misc":{"Timp estimat pentru citire":"1 minut"},"schema":{"@context":"https:\/\/schema.org","@graph":[{"@type":"WebPage","@id":"https:\/\/www.taxes4u.co.uk\/services-sa302-calculation-and-tax-overview-forms","url":"https:\/\/www.taxes4u.co.uk\/services-sa302-calculation-and-tax-overview-forms","name":"Calcul SA302 \u015fi formulare de sintez\u0103 fiscal\u0103 | Taxes4u","isPartOf":{"@id":"https:\/\/www.taxes4u.co.uk\/#website"},"primaryImageOfPage":{"@id":"https:\/\/www.taxes4u.co.uk\/services-sa302-calculation-and-tax-overview-forms#primaryimage"},"image":{"@id":"https:\/\/www.taxes4u.co.uk\/services-sa302-calculation-and-tax-overview-forms#primaryimage"},"thumbnailUrl":"http:\/\/www.taxes4u.co.uk\/wp-content\/uploads\/2019\/06\/feature2-free-img-1.png","datePublished":"2020-06-06T13:45:05+00:00","dateModified":"2024-04-04T17:28:35+00:00","description":"V\u0103 ajut\u0103m cu calculul SA302 \u015fi formularele de sintez\u0103 fiscal\u0103 necesare creditorilor pentru verificarea veniturilor \u00een cadrul unui dosar ipotecar.","breadcrumb":{"@id":"https:\/\/www.taxes4u.co.uk\/services-sa302-calculation-and-tax-overview-forms#breadcrumb"},"inLanguage":"ro-RO","potentialAction":[{"@type":"ReadAction","target":["https:\/\/www.taxes4u.co.uk\/services-sa302-calculation-and-tax-overview-forms"]}]},{"@type":"ImageObject","inLanguage":"ro-RO","@id":"https:\/\/www.taxes4u.co.uk\/services-sa302-calculation-and-tax-overview-forms#primaryimage","url":"http:\/\/www.taxes4u.co.uk\/wp-content\/uploads\/2019\/06\/feature2-free-img-1.png","contentUrl":"http:\/\/www.taxes4u.co.uk\/wp-content\/uploads\/2019\/06\/feature2-free-img-1.png"},{"@type":"BreadcrumbList","@id":"https:\/\/www.taxes4u.co.uk\/services-sa302-calculation-and-tax-overview-forms#breadcrumb","itemListElement":[{"@type":"ListItem","position":1,"name":"Home","item":"https:\/\/www.taxes4u.co.uk\/"},{"@type":"ListItem","position":2,"name":"SA302 Calculation and Tax Overview Forms"}]},{"@type":"WebSite","@id":"https:\/\/www.taxes4u.co.uk\/#website","url":"https:\/\/www.taxes4u.co.uk\/","name":"Taxes4u","description":"Declara\u021bii Fiscale, Salarizare, Contabilitate","publisher":{"@id":"https:\/\/www.taxes4u.co.uk\/#organization"},"potentialAction":[{"@type":"SearchAction","target":{"@type":"EntryPoint","urlTemplate":"https:\/\/www.taxes4u.co.uk\/?s={search_term_string}"},"query-input":{"@type":"PropertyValueSpecification","valueRequired":true,"valueName":"search_term_string"}}],"inLanguage":"ro-RO"},{"@type":"Organization","@id":"https:\/\/www.taxes4u.co.uk\/#organization","name":"Taxes4u","url":"https:\/\/www.taxes4u.co.uk\/","logo":{"@type":"ImageObject","inLanguage":"ro-RO","@id":"https:\/\/www.taxes4u.co.uk\/#\/schema\/logo\/image\/","url":"https:\/\/www.taxes4u.co.uk\/wp-content\/uploads\/2020\/06\/cropped-3001_Taxes4u_RB_GR-02.png","contentUrl":"https:\/\/www.taxes4u.co.uk\/wp-content\/uploads\/2020\/06\/cropped-3001_Taxes4u_RB_GR-02.png","width":396,"height":82,"caption":"Taxes4u"},"image":{"@id":"https:\/\/www.taxes4u.co.uk\/#\/schema\/logo\/image\/"}}]}},"uagb_featured_image_src":{"full":false,"thumbnail":false,"medium":false,"medium_large":false,"large":false,"1536x1536":false,"2048x2048":false,"trp-custom-language-flag":false},"uagb_author_info":{"display_name":"Malaicik","author_link":"https:\/\/www.taxes4u.co.uk\/ro\/author\/malaicik"},"uagb_comment_info":0,"uagb_excerpt":"Services SA302 Calculation and Tax Year Overview Forms SA302 Tax Calculation &#038; Tax Year Overview Forms What we offer We can order SA302 and Tax Year Overview forms for you. SA302 Form What is SA302 form?\u00a0\u00a0The SA302 is a summary of the income that has been reported to the HMRC. The form shows your income&hellip;","_links":{"self":[{"href":"https:\/\/www.taxes4u.co.uk\/ro\/wp-json\/wp\/v2\/pages\/1255","targetHints":{"allow":["GET"]}}],"collection":[{"href":"https:\/\/www.taxes4u.co.uk\/ro\/wp-json\/wp\/v2\/pages"}],"about":[{"href":"https:\/\/www.taxes4u.co.uk\/ro\/wp-json\/wp\/v2\/types\/page"}],"author":[{"embeddable":true,"href":"https:\/\/www.taxes4u.co.uk\/ro\/wp-json\/wp\/v2\/users\/1"}],"replies":[{"embeddable":true,"href":"https:\/\/www.taxes4u.co.uk\/ro\/wp-json\/wp\/v2\/comments?post=1255"}],"version-history":[{"count":17,"href":"https:\/\/www.taxes4u.co.uk\/ro\/wp-json\/wp\/v2\/pages\/1255\/revisions"}],"predecessor-version":[{"id":1830,"href":"https:\/\/www.taxes4u.co.uk\/ro\/wp-json\/wp\/v2\/pages\/1255\/revisions\/1830"}],"wp:attachment":[{"href":"https:\/\/www.taxes4u.co.uk\/ro\/wp-json\/wp\/v2\/media?parent=1255"}],"curies":[{"name":"wp","href":"https:\/\/api.w.org\/{rel}","templated":true}]}}