{"id":127,"date":"2018-08-27T12:15:55","date_gmt":"2018-08-27T12:15:55","guid":{"rendered":"http:\/\/www.taxes4u.co.uk\/about"},"modified":"2026-02-15T16:33:04","modified_gmt":"2026-02-15T16:33:04","slug":"despre","status":"publish","type":"page","link":"https:\/\/www.taxes4u.co.uk\/ro\/about","title":{"rendered":"Despre"},"content":{"rendered":"<h5>\n\t\t\t\tC\u00e2teva Cuvinte\n\t\t\t<\/h5>\n\t<h1>\n\t\t\t\tDespre Noi\n\t\t\t<\/h1>\n\t<h6>\n\t\t\t\tServicii Excep\u021bionale\n\t\t\t<\/h6>\n\t<h4>\n\t\t\t\tFocus on running your business &#8211; we&#8217;ll handle the accounting\n\t\t\t<\/h4>\n\t\t\tAt Taxes4u, we&#8217;re a team of certified and HMRC-recognised bookkeepers with years of experience gained at some of London&#8217;s leading accountancy firms. We understand the needs of sole traders, freelancers, and small business owners, and we&#8217;re here to make your tax life easier.As a fully online accountancy practice, we operate efficiently with lower overheads no costly office rents or utility bills. That means we can offer you high-quality service at the most competitive prices in the market, without compromising on accuracy, compliance, or customer care.<h3 data-start=\"877\" data-end=\"900\">\u00a0<\/h3><h3 data-start=\"877\" data-end=\"900\">De ce s\u0103 alege\u021bi Taxes4u?<\/h3><p>\u00a0<ul data-start=\"902\" data-end=\"1080\"><li data-start=\"902\" data-end=\"948\">Profesioni\u0219ti certifica\u021bi, recunoscu\u021bi de HMRC<\/li><li data-start=\"949\" data-end=\"993\">Pre\u021buri accesibile, f\u0103r\u0103 taxe ascunse<\/li><li data-start=\"1034\" data-end=\"1080\">Asisten\u021b\u0103 rapid\u0103, prietenoas\u0103 \u0219i multilingv\u0103<\/li><\/ul><h3 data-start=\"1082\" data-end=\"1108\">\u00a0<\/h3><h3 data-start=\"1082\" data-end=\"1108\">Vorbim limba ta<\/h3>\u00a0Sprijinim clien\u021bii \u00een:<ul data-start=\"1133\" data-end=\"1228\"><li data-start=\"1133\" data-end=\"1148\"><strong data-start=\"1135\" data-end=\"1146\">Englez\u0103<\/strong><\/li><li data-start=\"1149\" data-end=\"1167\"><strong data-start=\"1151\" data-end=\"1165\">lituanian\u0103<\/strong><\/li><li data-start=\"1168\" data-end=\"1183\"><strong data-start=\"1170\" data-end=\"1181\">Rus\u0103<\/strong><\/li><li data-start=\"1184\" data-end=\"1228\"><strong data-start=\"1186\" data-end=\"1198\">rom\u00e2n\u0103<\/strong><\/li><\/ul>Site-ul nostru este deja disponibil \u00een limbile englez\u0103, lituanian\u0103, rom\u00e2n\u0103 \u0219i rus\u0103 pentru a v\u0103 facilita g\u0103sirea r\u0103spunsurilor \u00een limba preferat\u0103.<\/p>\t\n\t\t\t\t<img decoding=\"async\" src=\"http:\/\/www.taxes4u.co.uk\/wp-content\/uploads\/2019\/06\/feature3-free-img-1.png\" alt=\"Servicii de returnare a impozitelor, rambursare a impozitelor \u0219i servicii de brokeraj ipotecar \u00een Marea Britanie | Taxes4u\" title=\"Returnarea Impozitului Rambursarea Impozitului \u0219i Broker Ipotecar\" itemprop=\"image\"\/>\n\t<h2>\n\t\t\t\tAcredit\u0103rile Noastre:\n\t\t\t<\/h2>\n\t\t\t\t<img decoding=\"async\" src=\"http:\/\/www.taxes4u.co.uk\/wp-content\/uploads\/2020\/07\/AAT-logo-150x150.png\" alt=\"Taxes4u - Declara\u021bii Fiscale, Refuzuri Fiscale, Salarizare \u0219i Contabilitate\" title=\"Taxes4u - Declara\u021bii Fiscale, Refuzuri Fiscale, Salarizare \u0219i Contabilitate\" itemprop=\"image\"\/>\n\t\t\t\t<img decoding=\"async\" src=\"http:\/\/www.taxes4u.co.uk\/wp-content\/uploads\/2020\/07\/ico-registered-300x300-1-150x150.png\" alt=\"Taxes4u - Declara\u021bii Fiscale, Refuzuri Fiscale, Salarizare \u0219i Contabilitate\" title=\"Taxes4u - Declara\u021bii Fiscale, Refuzuri Fiscale, Salarizare \u0219i Contabilitate\" itemprop=\"image\"\/>\n\t\t\t\t<img decoding=\"async\" src=\"http:\/\/www.taxes4u.co.uk\/wp-content\/uploads\/2020\/07\/hmrc-agent.gif\" alt=\"Taxes4u - Declara\u021bii Fiscale, Refuzuri Fiscale, Salarizare \u0219i Contabilitate\" title=\"Taxes4u - Declara\u021bii Fiscale, Refuzuri Fiscale, Salarizare \u0219i Contabilitate\" itemprop=\"image\"\/>\n\t<h5>\n\t\t\t\tEstimare Gratuit\u0103\n\t\t\t<\/h5>\n\t<h2>\n\t\t\t\tSolicita\u021bi o Ofert\u0103\n\t\t\t<\/h2>\n\t\t\t<p>Vre\u021bi s\u0103 discuta\u021bi despre serviciile de contabilitate pentru dvs. \u0219i afacerea dvs.? Contacta\u021bi-ne pentru o ofert\u0103 gratuit\u0103 \u0219i f\u0103r\u0103 obliga\u021bii.<\/p>\t\n\t\t\t<a href=\"http:\/\/www.taxes4u.co.uk\/ro\/contact\/\" title=\"Ob\u021bine\u021bi o Ofert\u0103\" target=\"_self\"   role=\"button\" aria-label=\"Ob\u021bine\u021bi o Ofert\u0103\">\n\t\t\t\t\t\t\tOb\u021bine\u021bi o Ofert\u0103\n\t\t<\/a>","protected":false},"excerpt":{"rendered":"<p>A Few Words About Us Exceptional Service Focus on running your business &#8211; we&#8217;ll handle the accounting At Taxes4u, we&#8217;re a team of certified and HMRC-recognised bookkeepers with years of experience gained at some of London&#8217;s leading accountancy firms. We understand the needs of sole traders, freelancers, and small business owners, and we&#8217;re here to [&hellip;]<\/p>\n","protected":false},"author":1,"featured_media":0,"parent":0,"menu_order":0,"comment_status":"closed","ping_status":"closed","template":"","meta":{"_uag_custom_page_level_css":"","site-sidebar-layout":"default","site-content-layout":"page-builder","ast-site-content-layout":"default","site-content-style":"default","site-sidebar-style":"default","ast-global-header-display":"","ast-banner-title-visibility":"","ast-main-header-display":"","ast-hfb-above-header-display":"","ast-hfb-below-header-display":"","ast-hfb-mobile-header-display":"","site-post-title":"disabled","ast-breadcrumbs-content":"","ast-featured-img":"disabled","footer-sml-layout":"","ast-disable-related-posts":"","theme-transparent-header-meta":"enabled","adv-header-id-meta":"","stick-header-meta":"default","header-above-stick-meta":"","header-main-stick-meta":"","header-below-stick-meta":"","astra-migrate-meta-layouts":"default","ast-page-background-enabled":"default","ast-page-background-meta":{"desktop":{"background-color":"","background-image":"","background-repeat":"repeat","background-position":"center center","background-size":"auto","background-attachment":"scroll","background-type":"","background-media":"","overlay-type":"","overlay-color":"","overlay-opacity":"","overlay-gradient":""},"tablet":{"background-color":"","background-image":"","background-repeat":"repeat","background-position":"center center","background-size":"auto","background-attachment":"scroll","background-type":"","background-media":"","overlay-type":"","overlay-color":"","overlay-opacity":"","overlay-gradient":""},"mobile":{"background-color":"","background-image":"","background-repeat":"repeat","background-position":"center center","background-size":"auto","background-attachment":"scroll","background-type":"","background-media":"","overlay-type":"","overlay-color":"","overlay-opacity":"","overlay-gradient":""}},"ast-content-background-meta":{"desktop":{"background-color":"var(--ast-global-color-5)","background-image":"","background-repeat":"repeat","background-position":"center center","background-size":"auto","background-attachment":"scroll","background-type":"","background-media":"","overlay-type":"","overlay-color":"","overlay-opacity":"","overlay-gradient":""},"tablet":{"background-color":"var(--ast-global-color-5)","background-image":"","background-repeat":"repeat","background-position":"center center","background-size":"auto","background-attachment":"scroll","background-type":"","background-media":"","overlay-type":"","overlay-color":"","overlay-opacity":"","overlay-gradient":""},"mobile":{"background-color":"var(--ast-global-color-5)","background-image":"","background-repeat":"repeat","background-position":"center center","background-size":"auto","background-attachment":"scroll","background-type":"","background-media":"","overlay-type":"","overlay-color":"","overlay-opacity":"","overlay-gradient":""}},"footnotes":""},"class_list":["post-127","page","type-page","status-publish","hentry"],"yoast_head":"<!-- This site is optimized with the Yoast SEO plugin v27.5 - https:\/\/yoast.com\/product\/yoast-seo-wordpress\/ -->\n<title>About - Taxes4u<\/title>\n<meta name=\"description\" content=\"Professional certified and HMRC recognized bookkeepers with years of experience from working for a number of largest London\u2019s bookkeeping companies.\u00a0\u00a0Taxes4u is an online accountancy practice.\" \/>\n<meta name=\"robots\" content=\"index, follow, max-snippet:-1, max-image-preview:large, max-video-preview:-1\" \/>\n<link rel=\"canonical\" href=\"https:\/\/www.taxes4u.co.uk\/ro\/despre\/\" \/>\n<meta property=\"og:locale\" content=\"ro_RO\" \/>\n<meta property=\"og:type\" content=\"article\" \/>\n<meta property=\"og:title\" content=\"About - Taxes4u\" \/>\n<meta property=\"og:description\" content=\"Professional certified and HMRC recognized bookkeepers with years of experience from working for a number of largest London\u2019s bookkeeping companies.\u00a0\u00a0Taxes4u is an online accountancy practice.\" \/>\n<meta property=\"og:url\" content=\"https:\/\/www.taxes4u.co.uk\/ro\/despre\/\" \/>\n<meta property=\"og:site_name\" content=\"Taxes4u\" \/>\n<meta property=\"article:modified_time\" content=\"2026-02-15T16:33:04+00:00\" \/>\n<meta property=\"og:image\" content=\"http:\/\/www.taxes4u.co.uk\/wp-content\/uploads\/2019\/06\/feature3-free-img-1.png\" \/>\n<meta name=\"twitter:card\" content=\"summary_large_image\" \/>\n<meta name=\"twitter:label1\" content=\"Timp estimat pentru citire\" \/>\n\t<meta name=\"twitter:data1\" content=\"1 minut\" \/>\n<script type=\"application\/ld+json\" class=\"yoast-schema-graph\">{\"@context\":\"https:\\\/\\\/schema.org\",\"@graph\":[{\"@type\":\"WebPage\",\"@id\":\"https:\\\/\\\/www.taxes4u.co.uk\\\/about\",\"url\":\"https:\\\/\\\/www.taxes4u.co.uk\\\/about\",\"name\":\"About - Taxes4u\",\"isPartOf\":{\"@id\":\"https:\\\/\\\/www.taxes4u.co.uk\\\/#website\"},\"primaryImageOfPage\":{\"@id\":\"https:\\\/\\\/www.taxes4u.co.uk\\\/about#primaryimage\"},\"image\":{\"@id\":\"https:\\\/\\\/www.taxes4u.co.uk\\\/about#primaryimage\"},\"thumbnailUrl\":\"http:\\\/\\\/www.taxes4u.co.uk\\\/wp-content\\\/uploads\\\/2019\\\/06\\\/feature3-free-img-1.png\",\"datePublished\":\"2018-08-27T12:15:55+00:00\",\"dateModified\":\"2026-02-15T16:33:04+00:00\",\"description\":\"Professional certified and HMRC recognized bookkeepers with years of experience from working for a number of largest London\u2019s bookkeeping companies.\u00a0\u00a0Taxes4u is an online accountancy practice.\",\"breadcrumb\":{\"@id\":\"https:\\\/\\\/www.taxes4u.co.uk\\\/about#breadcrumb\"},\"inLanguage\":\"ro-RO\",\"potentialAction\":[{\"@type\":\"ReadAction\",\"target\":[\"https:\\\/\\\/www.taxes4u.co.uk\\\/about\"]}]},{\"@type\":\"ImageObject\",\"inLanguage\":\"ro-RO\",\"@id\":\"https:\\\/\\\/www.taxes4u.co.uk\\\/about#primaryimage\",\"url\":\"http:\\\/\\\/www.taxes4u.co.uk\\\/wp-content\\\/uploads\\\/2019\\\/06\\\/feature3-free-img-1.png\",\"contentUrl\":\"http:\\\/\\\/www.taxes4u.co.uk\\\/wp-content\\\/uploads\\\/2019\\\/06\\\/feature3-free-img-1.png\"},{\"@type\":\"BreadcrumbList\",\"@id\":\"https:\\\/\\\/www.taxes4u.co.uk\\\/about#breadcrumb\",\"itemListElement\":[{\"@type\":\"ListItem\",\"position\":1,\"name\":\"Home\",\"item\":\"https:\\\/\\\/www.taxes4u.co.uk\\\/\"},{\"@type\":\"ListItem\",\"position\":2,\"name\":\"About\"}]},{\"@type\":\"WebSite\",\"@id\":\"https:\\\/\\\/www.taxes4u.co.uk\\\/#website\",\"url\":\"https:\\\/\\\/www.taxes4u.co.uk\\\/\",\"name\":\"Taxes4u\",\"description\":\"Tax Returns, Payroll, Bookkeeping\",\"publisher\":{\"@id\":\"https:\\\/\\\/www.taxes4u.co.uk\\\/#organization\"},\"potentialAction\":[{\"@type\":\"SearchAction\",\"target\":{\"@type\":\"EntryPoint\",\"urlTemplate\":\"https:\\\/\\\/www.taxes4u.co.uk\\\/?s={search_term_string}\"},\"query-input\":{\"@type\":\"PropertyValueSpecification\",\"valueRequired\":true,\"valueName\":\"search_term_string\"}}],\"inLanguage\":\"ro-RO\"},{\"@type\":\"Organization\",\"@id\":\"https:\\\/\\\/www.taxes4u.co.uk\\\/#organization\",\"name\":\"Taxes4u\",\"url\":\"https:\\\/\\\/www.taxes4u.co.uk\\\/\",\"logo\":{\"@type\":\"ImageObject\",\"inLanguage\":\"ro-RO\",\"@id\":\"https:\\\/\\\/www.taxes4u.co.uk\\\/#\\\/schema\\\/logo\\\/image\\\/\",\"url\":\"https:\\\/\\\/www.taxes4u.co.uk\\\/wp-content\\\/uploads\\\/2020\\\/06\\\/cropped-3001_Taxes4u_RB_GR-02.png\",\"contentUrl\":\"https:\\\/\\\/www.taxes4u.co.uk\\\/wp-content\\\/uploads\\\/2020\\\/06\\\/cropped-3001_Taxes4u_RB_GR-02.png\",\"width\":396,\"height\":82,\"caption\":\"Taxes4u\"},\"image\":{\"@id\":\"https:\\\/\\\/www.taxes4u.co.uk\\\/#\\\/schema\\\/logo\\\/image\\\/\"}}]}<\/script>\n<!-- \/ Yoast SEO plugin. -->","yoast_head_json":{"title":"Despre - Taxes4u","description":"Contabili profesioni\u0219ti certifica\u021bi \u0219i recunoscu\u021bi de HMRC, cu ani de experien\u021b\u0103 de lucru pentru un num\u0103r de cele mai mari companii de contabilitate din Londra.  Taxes4u este un cabinet de contabilitate online.","robots":{"index":"index","follow":"follow","max-snippet":"max-snippet:-1","max-image-preview":"max-image-preview:large","max-video-preview":"max-video-preview:-1"},"canonical":"https:\/\/www.taxes4u.co.uk\/ro\/despre\/","og_locale":"ro_RO","og_type":"article","og_title":"About - Taxes4u","og_description":"Professional certified and HMRC recognized bookkeepers with years of experience from working for a number of largest London\u2019s bookkeeping companies.\u00a0\u00a0Taxes4u is an online accountancy practice.","og_url":"https:\/\/www.taxes4u.co.uk\/ro\/despre\/","og_site_name":"Taxes4u","article_modified_time":"2026-02-15T16:33:04+00:00","og_image":[{"url":"http:\/\/www.taxes4u.co.uk\/wp-content\/uploads\/2019\/06\/feature3-free-img-1.png","type":"","width":"","height":""}],"twitter_card":"summary_large_image","twitter_misc":{"Timp estimat pentru citire":"1 minut"},"schema":{"@context":"https:\/\/schema.org","@graph":[{"@type":"WebPage","@id":"https:\/\/www.taxes4u.co.uk\/about","url":"https:\/\/www.taxes4u.co.uk\/about","name":"Despre - Taxes4u","isPartOf":{"@id":"https:\/\/www.taxes4u.co.uk\/#website"},"primaryImageOfPage":{"@id":"https:\/\/www.taxes4u.co.uk\/about#primaryimage"},"image":{"@id":"https:\/\/www.taxes4u.co.uk\/about#primaryimage"},"thumbnailUrl":"http:\/\/www.taxes4u.co.uk\/wp-content\/uploads\/2019\/06\/feature3-free-img-1.png","datePublished":"2018-08-27T12:15:55+00:00","dateModified":"2026-02-15T16:33:04+00:00","description":"Contabili profesioni\u0219ti certifica\u021bi \u0219i recunoscu\u021bi de HMRC, cu ani de experien\u021b\u0103 de lucru pentru un num\u0103r de cele mai mari companii de contabilitate din Londra.  Taxes4u este un cabinet de contabilitate online.","breadcrumb":{"@id":"https:\/\/www.taxes4u.co.uk\/about#breadcrumb"},"inLanguage":"ro-RO","potentialAction":[{"@type":"ReadAction","target":["https:\/\/www.taxes4u.co.uk\/about"]}]},{"@type":"ImageObject","inLanguage":"ro-RO","@id":"https:\/\/www.taxes4u.co.uk\/about#primaryimage","url":"http:\/\/www.taxes4u.co.uk\/wp-content\/uploads\/2019\/06\/feature3-free-img-1.png","contentUrl":"http:\/\/www.taxes4u.co.uk\/wp-content\/uploads\/2019\/06\/feature3-free-img-1.png"},{"@type":"BreadcrumbList","@id":"https:\/\/www.taxes4u.co.uk\/about#breadcrumb","itemListElement":[{"@type":"ListItem","position":1,"name":"Home","item":"https:\/\/www.taxes4u.co.uk\/"},{"@type":"ListItem","position":2,"name":"About"}]},{"@type":"WebSite","@id":"https:\/\/www.taxes4u.co.uk\/#website","url":"https:\/\/www.taxes4u.co.uk\/","name":"Taxes4u","description":"Declara\u021bii Fiscale, Salarizare, Contabilitate","publisher":{"@id":"https:\/\/www.taxes4u.co.uk\/#organization"},"potentialAction":[{"@type":"SearchAction","target":{"@type":"EntryPoint","urlTemplate":"https:\/\/www.taxes4u.co.uk\/?s={search_term_string}"},"query-input":{"@type":"PropertyValueSpecification","valueRequired":true,"valueName":"search_term_string"}}],"inLanguage":"ro-RO"},{"@type":"Organization","@id":"https:\/\/www.taxes4u.co.uk\/#organization","name":"Taxes4u","url":"https:\/\/www.taxes4u.co.uk\/","logo":{"@type":"ImageObject","inLanguage":"ro-RO","@id":"https:\/\/www.taxes4u.co.uk\/#\/schema\/logo\/image\/","url":"https:\/\/www.taxes4u.co.uk\/wp-content\/uploads\/2020\/06\/cropped-3001_Taxes4u_RB_GR-02.png","contentUrl":"https:\/\/www.taxes4u.co.uk\/wp-content\/uploads\/2020\/06\/cropped-3001_Taxes4u_RB_GR-02.png","width":396,"height":82,"caption":"Taxes4u"},"image":{"@id":"https:\/\/www.taxes4u.co.uk\/#\/schema\/logo\/image\/"}}]}},"uagb_featured_image_src":{"full":false,"thumbnail":false,"medium":false,"medium_large":false,"large":false,"1536x1536":false,"2048x2048":false,"trp-custom-language-flag":false},"uagb_author_info":{"display_name":"Malaicik","author_link":"https:\/\/www.taxes4u.co.uk\/ro\/author\/malaicik"},"uagb_comment_info":0,"uagb_excerpt":"A Few Words About Us Exceptional Service Focus on running your business &#8211; we&#8217;ll handle the accounting At Taxes4u, we&#8217;re a team of certified and HMRC-recognised bookkeepers with years of experience gained at some of London&#8217;s leading accountancy firms. We understand the needs of sole traders, freelancers, and small business owners, and we&#8217;re here to&hellip;","_links":{"self":[{"href":"https:\/\/www.taxes4u.co.uk\/ro\/wp-json\/wp\/v2\/pages\/127","targetHints":{"allow":["GET"]}}],"collection":[{"href":"https:\/\/www.taxes4u.co.uk\/ro\/wp-json\/wp\/v2\/pages"}],"about":[{"href":"https:\/\/www.taxes4u.co.uk\/ro\/wp-json\/wp\/v2\/types\/page"}],"author":[{"embeddable":true,"href":"https:\/\/www.taxes4u.co.uk\/ro\/wp-json\/wp\/v2\/users\/1"}],"replies":[{"embeddable":true,"href":"https:\/\/www.taxes4u.co.uk\/ro\/wp-json\/wp\/v2\/comments?post=127"}],"version-history":[{"count":10,"href":"https:\/\/www.taxes4u.co.uk\/ro\/wp-json\/wp\/v2\/pages\/127\/revisions"}],"predecessor-version":[{"id":2101,"href":"https:\/\/www.taxes4u.co.uk\/ro\/wp-json\/wp\/v2\/pages\/127\/revisions\/2101"}],"wp:attachment":[{"href":"https:\/\/www.taxes4u.co.uk\/ro\/wp-json\/wp\/v2\/media?parent=127"}],"curies":[{"name":"wp","href":"https:\/\/api.w.org\/{rel}","templated":true}]}}