{"id":1657,"date":"2023-03-06T20:00:29","date_gmt":"2023-03-06T20:00:29","guid":{"rendered":"http:\/\/www.taxes4u.co.uk\/?page_id=1657"},"modified":"2026-04-12T09:26:51","modified_gmt":"2026-04-12T09:26:51","slug":"blog","status":"publish","type":"page","link":"https:\/\/www.taxes4u.co.uk\/ro\/blog","title":{"rendered":"Blog"},"content":{"rendered":"<h5>\n\t\t\t\tTaxes4u\n\t\t\t<\/h5>\n\t<h1>\n\t\t\t\t<a href=\"http:\/\/www.taxes4u.co.uk\/ro\/blog\/\" title=\"Blog\" target=\"_self\">\n\t\t\t\tBlog\n\t\t\t\t<\/a>\n\t\t\t<\/h1>\n\t\t\t\t<img decoding=\"async\" src=\"http:\/\/www.taxes4u.co.uk\/wp-content\/uploads\/2019\/06\/feature1-free-img-1.png\" alt=\"Taxes4u. Declara\u021bie de Impozit, Rambursare de Impozit, Salarizare \u0219i Contabilitate\" title=\"Taxes4u. Declara\u021bie de Impozit, Rambursare de Impozit, Salarizare \u0219i Contabilitate\" itemprop=\"image\"\/>\n\t<h2>\n\t\t\t\tBlogul Taxes4u\n\t\t\t<\/h2>\n\t<h2>\n\t\t\t\tSuntem aici pentru a v\u0103 ajuta\n\t\t\t<\/h2>\n\t\t\t<p>Bine a\u021bi venit pe pagina noastr\u0103 de blog Taxes4u, unde v\u0103 oferim informa\u021bii \u0219i sfaturi valoroase cu privire la toate aspectele legate de declara\u021bia fiscal\u0103 \u0219i rambursare, \u00eenregistrarea UTR, \u00eenregistrarea CIS, penalit\u0103\u021bi \u0219i apeluri pentru depunerea cu \u00eent\u00e2rziere a declara\u021biilor fiscale. Echipa noastr\u0103 de exper\u021bi contabili \u0219i profesioni\u0219ti fiscali \u00een\u021belege complexitatea \u0219i nuan\u021bele sistemului fiscal britanic \u0219i ne angaj\u0103m s\u0103 ajut\u0103m persoanele fizice \u0219i juridice s\u0103 navigheze cu u\u0219urin\u021b\u0103 prin acesta. Fie c\u0103 sunte\u021bi un contribuabil \u00eencep\u0103tor sau un proprietar de afaceri experimentat, blogul nostru ofer\u0103 sfaturi practice \u0219i utile pentru a v\u0103 ajuta s\u0103 v\u0103 men\u021bine\u021bi \u00een conformitate \u0219i s\u0103 v\u0103 maximiza\u021bi eficien\u021ba fiscal\u0103. Fi\u021bi al\u0103turi de noi \u00een timp ce v\u0103 \u00eemp\u0103rt\u0103\u0219im expertiza noastr\u0103 \u0219i v\u0103 ajut\u0103m s\u0103 v\u0103 atinge\u021bi obiectivele financiare.<\/p>\t\n\t<h2>\n\t\t\t\tArticolele noastre de blog legate de contabilitate\n\t\t\t<\/h2>\n\t\t\t<ul><li><a href=\"https:\/\/www.taxes4u.co.uk\/ro\/blog-self-assessment-tax-return-uk-2025-2026\/\">Declara\u021bie fiscal\u0103 auto-evaluare UK 2025\/26: Ce trebuie s\u0103 \u0219tii \u0219i cum s\u0103 o depui<\/a><\/li><li><a href=\"https:\/\/www.taxes4u.co.uk\/ro\/blog-mtd-late-quarterly-submission-penalty-uk\/\">Penalitate MTD pentru raport tardiv: a\u0163i ratat actualizarea trimestrial\u0103?<\/a><\/li><li><a href=\"https:\/\/www.taxes4u.co.uk\/ro\/blog-making-tax-digital-for-income-tax-guide\/\" target=\"_blank\" rel=\"noopener\">Realizarea impozitului digital pentru impozitul pe venit (MTD pentru ITSA): Ghid simplu pentru lucr\u0103torii independen\u021bi \u0219i proprietarii de terenuri<\/a><\/li><li><a href=\"https:\/\/www.taxes4u.co.uk\/ro\/blog-self-employed-here-is-what-you-can-deduct-in-2025\/\">Lucra\u021bi pe cont propriu? Iat\u0103 ce pute\u021bi deduce \u00een 2025<\/a><\/li><li><a href=\"https:\/\/www.taxes4u.co.uk\/ro\/blog-making-tax-digital-for-income-tax-mtd-for-itsa-what-it-means-and-how-we-can-help-you-stay-compliant\/\">Realizarea impozitului digital pentru impozitul pe venit (MTD pentru ITSA): Ce \u00eenseamn\u0103 \u0219i cum v\u0103 putem ajuta s\u0103 v\u0103 conforma\u021bi<\/a><\/li><li><a href=\"https:\/\/www.taxes4u.co.uk\/ro\/blog-the-early-birds-guide-to-maximising-your-uk-tax-return-for-2024-2025\/\">Ghidul Early Bird pentru optimizarea declara\u021biei fiscale din Regatul Unit pentru 2024\/2025<\/a><\/li><li><a href=\"http:\/\/www.taxes4u.co.uk\/ro\/blog-timelines-guidelines-and-recommendations-for-the-uk-tax-return-submission\/\">Termene, orient\u0103ri \u0219i recomand\u0103ri pentru depunerea declara\u021biei fiscale \u00een Marea Britanie<\/a><\/li><li><a href=\"http:\/\/www.taxes4u.co.uk\/ro\/blog-late-tax-return-penalties-and-appeals\/\">Penalit\u0103\u021bi \u0219i recursuri pentru declara\u021biile fiscale \u00eent\u00e2rziate - Ce sunt \u0219i cum s\u0103 le gestiona\u021bi?<\/a><\/li><li><a href=\"http:\/\/www.taxes4u.co.uk\/ro\/blog-how-to-register-as-self-employed-in-the-uk-a-step-by-step-guide\/\">Cum s\u0103 v\u0103 \u00cenregistra\u021bi ca Lucr\u0103tor Independent \u00een Marea Britanie: Un Ghid Pas cu Pas<\/a><\/li><li><a href=\"https:\/\/www.taxes4u.co.uk\/ro\/blog-ultimate-guide-to-self-employed-mortgages-in-the-uk-navigating-tax-returns-sa302-and-more\/\">Ghidul suprem pentru creditele ipotecare pentru lucr\u0103torii independen\u021bi din Marea Britanie: Cum s\u0103 naviga\u021bi printre declara\u021biile fiscale, SA302 \u0219i multe altele<\/a><\/li><li><a href=\"http:\/\/www.taxes4u.co.uk\/ro\/blog-cis-registration-uk-everything-you-need-to-know-about\/\">\u00cenregistrare CIS UK: Tot ce Trebuie s\u0103 \u0218ti\u021bi Despre<\/a><\/li><li><a href=\"http:\/\/www.taxes4u.co.uk\/ro\/blog-utr-registration-and-cancellation-what-you-need-to-know\/\">\u00cenregistrare \u015fi anulare UTR: ce trebuie s\u0103 \u015fti\u0163i<\/a><\/li><li><a href=\"https:\/\/www.taxes4u.co.uk\/ro\/blog-how-much-can-i-earn-before-paying-tax-in-the-uk-tax-thresholds-explained\/\">C\u00e2t pot C\u00e2\u0219tiga \u00cenainte de a Pl\u0103ti Impozit din 2023\/2024?<\/a><\/li><\/ul>\t\n\t\t\t\t<img decoding=\"async\" src=\"http:\/\/www.taxes4u.co.uk\/wp-content\/uploads\/2019\/06\/feature3-free-img-1.png\" alt=\"Servicii de returnare a impozitelor, rambursare a impozitelor \u0219i servicii de brokeraj ipotecar \u00een Marea Britanie | Taxes4u\" title=\"Returnarea Impozitului Rambursarea Impozitului \u0219i Broker Ipotecar\" itemprop=\"image\"\/>\n\t\t\t\t<img decoding=\"async\" src=\"http:\/\/www.taxes4u.co.uk\/wp-content\/uploads\/2019\/06\/feature2-free-img-1.png\" alt=\"Servicii de returnare a impozitelor, rambursare a impozitelor \u0219i servicii de brokeraj ipotecar \u00een Marea Britanie | Taxes4u\" title=\"Taxes4u. Returnarea Impozitelor Rambursarea Impozitelor \u0219i Broker Ipotecar\" itemprop=\"image\"\/>\n\t<h2>\n\t\t\t\tArticolele noastre de blog legate de ipoteci\n\t\t\t<\/h2>\n\t\t\t<ul><li><a href=\"http:\/\/www.taxes4u.co.uk\/ro\/blog-mortgage-brokers-who-are-they-and-what-services-do-they-offer\/\">Brokeri ipotecari \u00een UK: cine sunt \u015fi ce servicii ofer\u0103?<\/a><\/li><li><a href=\"http:\/\/www.taxes4u.co.uk\/ro\/blog-interest-only-vs-repayment-uk-mortgages-understanding-the-differences-for-uk-homebuyers\/\">Ipoteci cu Dob\u00e2nd\u0103 sau cu Rambursare: \u00cen\u021belegerea Diferen\u021belor Pentru Cump\u0103r\u0103torii de Locuin\u021be din Marea Britanie<\/a><\/li><li><a href=\"http:\/\/www.taxes4u.co.uk\/ro\/blog-how-much-mortgage-can-i-borrow\/\">C\u00e2t de Mult pot \u00cemprumuta?<\/a><\/li><li><a href=\"https:\/\/www.taxes4u.co.uk\/ro\/blog-uk-buy-to-let-mortgage-rates-types-a-comprehensive-guide\/\">Ipotec\u0103 buy-to-let \u00een UK: rate \u015fi tipuri | Taxes4u<\/a><\/li><li><a href=\"https:\/\/www.taxes4u.co.uk\/ro\/blog-ultimate-guide-to-self-employed-mortgages-in-the-uk-navigating-tax-returns-sa302-and-more\/\">Ghidul suprem pentru creditele ipotecare pentru lucr\u0103torii independen\u021bi din Marea Britanie: Cum s\u0103 naviga\u021bi printre declara\u021biile fiscale, SA302 \u0219i multe altele<\/a><\/li><\/ul>\t\n\t<h5>\n\t\t\t\tEstimare Gratuit\u0103\n\t\t\t<\/h5>\n\t<h2>\n\t\t\t\tSolicita\u021bi o Ofert\u0103\n\t\t\t<\/h2>\n\t\t\t<p>Vre\u021bi s\u0103 discuta\u021bi despre serviciile de contabilitate pentru dvs. \u0219i afacerea dvs.? Contacta\u021bi-ne pentru o ofert\u0103 gratuit\u0103 \u0219i f\u0103r\u0103 obliga\u021bii.<\/p>\t\n\t\t\t<a href=\"http:\/\/www.taxes4u.co.uk\/ro\/contact\/\" title=\"Ob\u021bine\u021bi o Ofert\u0103\" target=\"_self\"   role=\"button\" aria-label=\"Ob\u021bine\u021bi o Ofert\u0103\">\n\t\t\t\t\t\t\tOb\u021bine\u021bi o Ofert\u0103\n\t\t<\/a>","protected":false},"excerpt":{"rendered":"<p>Taxes4u Blog Taxes4u Blog We are here to help you Welcome to our Taxes4u blog page, where we provide valuable insights and tips on all aspects of tax return and refund, UTR registration, CIS registration, penalties, and appeals for late tax return submissions. Our team of expert accountants and tax professionals understand the complexities and [&hellip;]<\/p>\n","protected":false},"author":1,"featured_media":0,"parent":0,"menu_order":0,"comment_status":"closed","ping_status":"closed","template":"","meta":{"_uag_custom_page_level_css":"","site-sidebar-layout":"default","site-content-layout":"page-builder","ast-site-content-layout":"default","site-content-style":"default","site-sidebar-style":"default","ast-global-header-display":"","ast-banner-title-visibility":"","ast-main-header-display":"","ast-hfb-above-header-display":"","ast-hfb-below-header-display":"","ast-hfb-mobile-header-display":"","site-post-title":"disabled","ast-breadcrumbs-content":"","ast-featured-img":"disabled","footer-sml-layout":"","ast-disable-related-posts":"","theme-transparent-header-meta":"enabled","adv-header-id-meta":"","stick-header-meta":"default","header-above-stick-meta":"","header-main-stick-meta":"","header-below-stick-meta":"","astra-migrate-meta-layouts":"default","ast-page-background-enabled":"default","ast-page-background-meta":{"desktop":{"background-color":"","background-image":"","background-repeat":"repeat","background-position":"center center","background-size":"auto","background-attachment":"scroll","background-type":"","background-media":"","overlay-type":"","overlay-color":"","overlay-opacity":"","overlay-gradient":""},"tablet":{"background-color":"","background-image":"","background-repeat":"repeat","background-position":"center center","background-size":"auto","background-attachment":"scroll","background-type":"","background-media":"","overlay-type":"","overlay-color":"","overlay-opacity":"","overlay-gradient":""},"mobile":{"background-color":"","background-image":"","background-repeat":"repeat","background-position":"center center","background-size":"auto","background-attachment":"scroll","background-type":"","background-media":"","overlay-type":"","overlay-color":"","overlay-opacity":"","overlay-gradient":""}},"ast-content-background-meta":{"desktop":{"background-color":"var(--ast-global-color-5)","background-image":"","background-repeat":"repeat","background-position":"center center","background-size":"auto","background-attachment":"scroll","background-type":"","background-media":"","overlay-type":"","overlay-color":"","overlay-opacity":"","overlay-gradient":""},"tablet":{"background-color":"var(--ast-global-color-5)","background-image":"","background-repeat":"repeat","background-position":"center center","background-size":"auto","background-attachment":"scroll","background-type":"","background-media":"","overlay-type":"","overlay-color":"","overlay-opacity":"","overlay-gradient":""},"mobile":{"background-color":"var(--ast-global-color-5)","background-image":"","background-repeat":"repeat","background-position":"center center","background-size":"auto","background-attachment":"scroll","background-type":"","background-media":"","overlay-type":"","overlay-color":"","overlay-opacity":"","overlay-gradient":""}},"footnotes":""},"class_list":["post-1657","page","type-page","status-publish","hentry"],"yoast_head":"<!-- This site is optimized with the Yoast SEO plugin v27.4 - https:\/\/yoast.com\/product\/yoast-seo-wordpress\/ -->\n<title>Expert Tips for UK Tax Return Submission | Taxes4u Blog<\/title>\n<meta name=\"description\" content=\"Expert tips on UK tax returns submissions, UTR and CSS registrations Stay compliant &amp; efficient with Taxes4u blog.\" \/>\n<meta name=\"robots\" content=\"index, follow, max-snippet:-1, max-image-preview:large, max-video-preview:-1\" \/>\n<link rel=\"canonical\" href=\"https:\/\/www.taxes4u.co.uk\/ro\/blog\/\" \/>\n<meta property=\"og:locale\" content=\"ro_RO\" \/>\n<meta property=\"og:type\" content=\"article\" \/>\n<meta property=\"og:title\" content=\"Expert Tips for UK Tax Return Submission | Taxes4u Blog\" \/>\n<meta property=\"og:description\" content=\"Expert tips on UK tax returns submissions, UTR and CSS registrations Stay compliant &amp; efficient with Taxes4u blog.\" \/>\n<meta property=\"og:url\" content=\"https:\/\/www.taxes4u.co.uk\/ro\/blog\/\" \/>\n<meta property=\"og:site_name\" content=\"Taxes4u\" \/>\n<meta property=\"article:modified_time\" content=\"2026-04-12T09:26:51+00:00\" \/>\n<meta property=\"og:image\" content=\"http:\/\/www.taxes4u.co.uk\/wp-content\/uploads\/2019\/06\/feature1-free-img-1.png\" \/>\n<meta name=\"twitter:card\" content=\"summary_large_image\" \/>\n<meta name=\"twitter:label1\" content=\"Timp estimat pentru citire\" \/>\n\t<meta name=\"twitter:data1\" content=\"4 minute\" \/>\n<script type=\"application\/ld+json\" class=\"yoast-schema-graph\">{\"@context\":\"https:\\\/\\\/schema.org\",\"@graph\":[{\"@type\":\"WebPage\",\"@id\":\"https:\\\/\\\/www.taxes4u.co.uk\\\/blog\",\"url\":\"https:\\\/\\\/www.taxes4u.co.uk\\\/blog\",\"name\":\"Expert Tips for UK Tax Return Submission | Taxes4u Blog\",\"isPartOf\":{\"@id\":\"https:\\\/\\\/www.taxes4u.co.uk\\\/#website\"},\"primaryImageOfPage\":{\"@id\":\"https:\\\/\\\/www.taxes4u.co.uk\\\/blog#primaryimage\"},\"image\":{\"@id\":\"https:\\\/\\\/www.taxes4u.co.uk\\\/blog#primaryimage\"},\"thumbnailUrl\":\"http:\\\/\\\/www.taxes4u.co.uk\\\/wp-content\\\/uploads\\\/2019\\\/06\\\/feature1-free-img-1.png\",\"datePublished\":\"2023-03-06T20:00:29+00:00\",\"dateModified\":\"2026-04-12T09:26:51+00:00\",\"description\":\"Expert tips on UK tax returns submissions, UTR and CSS registrations Stay compliant & efficient with Taxes4u blog.\",\"breadcrumb\":{\"@id\":\"https:\\\/\\\/www.taxes4u.co.uk\\\/blog#breadcrumb\"},\"inLanguage\":\"ro-RO\",\"potentialAction\":[{\"@type\":\"ReadAction\",\"target\":[\"https:\\\/\\\/www.taxes4u.co.uk\\\/blog\"]}]},{\"@type\":\"ImageObject\",\"inLanguage\":\"ro-RO\",\"@id\":\"https:\\\/\\\/www.taxes4u.co.uk\\\/blog#primaryimage\",\"url\":\"http:\\\/\\\/www.taxes4u.co.uk\\\/wp-content\\\/uploads\\\/2019\\\/06\\\/feature1-free-img-1.png\",\"contentUrl\":\"http:\\\/\\\/www.taxes4u.co.uk\\\/wp-content\\\/uploads\\\/2019\\\/06\\\/feature1-free-img-1.png\"},{\"@type\":\"BreadcrumbList\",\"@id\":\"https:\\\/\\\/www.taxes4u.co.uk\\\/blog#breadcrumb\",\"itemListElement\":[{\"@type\":\"ListItem\",\"position\":1,\"name\":\"Home\",\"item\":\"https:\\\/\\\/www.taxes4u.co.uk\\\/\"},{\"@type\":\"ListItem\",\"position\":2,\"name\":\"Blog\"}]},{\"@type\":\"WebSite\",\"@id\":\"https:\\\/\\\/www.taxes4u.co.uk\\\/#website\",\"url\":\"https:\\\/\\\/www.taxes4u.co.uk\\\/\",\"name\":\"Taxes4u\",\"description\":\"Tax Returns, Payroll, Bookkeeping\",\"publisher\":{\"@id\":\"https:\\\/\\\/www.taxes4u.co.uk\\\/#organization\"},\"potentialAction\":[{\"@type\":\"SearchAction\",\"target\":{\"@type\":\"EntryPoint\",\"urlTemplate\":\"https:\\\/\\\/www.taxes4u.co.uk\\\/?s={search_term_string}\"},\"query-input\":{\"@type\":\"PropertyValueSpecification\",\"valueRequired\":true,\"valueName\":\"search_term_string\"}}],\"inLanguage\":\"ro-RO\"},{\"@type\":\"Organization\",\"@id\":\"https:\\\/\\\/www.taxes4u.co.uk\\\/#organization\",\"name\":\"Taxes4u\",\"url\":\"https:\\\/\\\/www.taxes4u.co.uk\\\/\",\"logo\":{\"@type\":\"ImageObject\",\"inLanguage\":\"ro-RO\",\"@id\":\"https:\\\/\\\/www.taxes4u.co.uk\\\/#\\\/schema\\\/logo\\\/image\\\/\",\"url\":\"https:\\\/\\\/www.taxes4u.co.uk\\\/wp-content\\\/uploads\\\/2020\\\/06\\\/cropped-3001_Taxes4u_RB_GR-02.png\",\"contentUrl\":\"https:\\\/\\\/www.taxes4u.co.uk\\\/wp-content\\\/uploads\\\/2020\\\/06\\\/cropped-3001_Taxes4u_RB_GR-02.png\",\"width\":396,\"height\":82,\"caption\":\"Taxes4u\"},\"image\":{\"@id\":\"https:\\\/\\\/www.taxes4u.co.uk\\\/#\\\/schema\\\/logo\\\/image\\\/\"}}]}<\/script>\n<!-- \/ Yoast SEO plugin. -->","yoast_head_json":{"title":"Sfaturi de Exper\u021bi Pentru Depunerea Declara\u021biilor Fiscale \u00een Marea Britanie | Taxes4u Blog","description":"Sfaturi de specialitate privind depunerea declara\u021biilor fiscale \u00een Marea Britanie, \u00eenregistr\u0103rile UTR \u0219i CSS R\u0103m\u00e2ne\u021bi \u00een conformitate \u0219i eficient cu blogul Taxes4u.","robots":{"index":"index","follow":"follow","max-snippet":"max-snippet:-1","max-image-preview":"max-image-preview:large","max-video-preview":"max-video-preview:-1"},"canonical":"https:\/\/www.taxes4u.co.uk\/ro\/blog\/","og_locale":"ro_RO","og_type":"article","og_title":"Expert Tips for UK Tax Return Submission | Taxes4u Blog","og_description":"Expert tips on UK tax returns submissions, UTR and CSS registrations Stay compliant & efficient with Taxes4u blog.","og_url":"https:\/\/www.taxes4u.co.uk\/ro\/blog\/","og_site_name":"Taxes4u","article_modified_time":"2026-04-12T09:26:51+00:00","og_image":[{"url":"http:\/\/www.taxes4u.co.uk\/wp-content\/uploads\/2019\/06\/feature1-free-img-1.png","type":"","width":"","height":""}],"twitter_card":"summary_large_image","twitter_misc":{"Timp estimat pentru citire":"4 minute"},"schema":{"@context":"https:\/\/schema.org","@graph":[{"@type":"WebPage","@id":"https:\/\/www.taxes4u.co.uk\/blog","url":"https:\/\/www.taxes4u.co.uk\/blog","name":"Sfaturi de Exper\u021bi Pentru Depunerea Declara\u021biilor Fiscale \u00een Marea Britanie | Taxes4u Blog","isPartOf":{"@id":"https:\/\/www.taxes4u.co.uk\/#website"},"primaryImageOfPage":{"@id":"https:\/\/www.taxes4u.co.uk\/blog#primaryimage"},"image":{"@id":"https:\/\/www.taxes4u.co.uk\/blog#primaryimage"},"thumbnailUrl":"http:\/\/www.taxes4u.co.uk\/wp-content\/uploads\/2019\/06\/feature1-free-img-1.png","datePublished":"2023-03-06T20:00:29+00:00","dateModified":"2026-04-12T09:26:51+00:00","description":"Sfaturi de specialitate privind depunerea declara\u021biilor fiscale \u00een Marea Britanie, \u00eenregistr\u0103rile UTR \u0219i CSS R\u0103m\u00e2ne\u021bi \u00een conformitate \u0219i eficient cu blogul Taxes4u.","breadcrumb":{"@id":"https:\/\/www.taxes4u.co.uk\/blog#breadcrumb"},"inLanguage":"ro-RO","potentialAction":[{"@type":"ReadAction","target":["https:\/\/www.taxes4u.co.uk\/blog"]}]},{"@type":"ImageObject","inLanguage":"ro-RO","@id":"https:\/\/www.taxes4u.co.uk\/blog#primaryimage","url":"http:\/\/www.taxes4u.co.uk\/wp-content\/uploads\/2019\/06\/feature1-free-img-1.png","contentUrl":"http:\/\/www.taxes4u.co.uk\/wp-content\/uploads\/2019\/06\/feature1-free-img-1.png"},{"@type":"BreadcrumbList","@id":"https:\/\/www.taxes4u.co.uk\/blog#breadcrumb","itemListElement":[{"@type":"ListItem","position":1,"name":"Home","item":"https:\/\/www.taxes4u.co.uk\/"},{"@type":"ListItem","position":2,"name":"Blog"}]},{"@type":"WebSite","@id":"https:\/\/www.taxes4u.co.uk\/#website","url":"https:\/\/www.taxes4u.co.uk\/","name":"Taxes4u","description":"Declara\u021bii Fiscale, Salarizare, Contabilitate","publisher":{"@id":"https:\/\/www.taxes4u.co.uk\/#organization"},"potentialAction":[{"@type":"SearchAction","target":{"@type":"EntryPoint","urlTemplate":"https:\/\/www.taxes4u.co.uk\/?s={search_term_string}"},"query-input":{"@type":"PropertyValueSpecification","valueRequired":true,"valueName":"search_term_string"}}],"inLanguage":"ro-RO"},{"@type":"Organization","@id":"https:\/\/www.taxes4u.co.uk\/#organization","name":"Taxes4u","url":"https:\/\/www.taxes4u.co.uk\/","logo":{"@type":"ImageObject","inLanguage":"ro-RO","@id":"https:\/\/www.taxes4u.co.uk\/#\/schema\/logo\/image\/","url":"https:\/\/www.taxes4u.co.uk\/wp-content\/uploads\/2020\/06\/cropped-3001_Taxes4u_RB_GR-02.png","contentUrl":"https:\/\/www.taxes4u.co.uk\/wp-content\/uploads\/2020\/06\/cropped-3001_Taxes4u_RB_GR-02.png","width":396,"height":82,"caption":"Taxes4u"},"image":{"@id":"https:\/\/www.taxes4u.co.uk\/#\/schema\/logo\/image\/"}}]}},"uagb_featured_image_src":{"full":false,"thumbnail":false,"medium":false,"medium_large":false,"large":false,"1536x1536":false,"2048x2048":false,"trp-custom-language-flag":false},"uagb_author_info":{"display_name":"Malaicik","author_link":"https:\/\/www.taxes4u.co.uk\/ro\/author\/malaicik"},"uagb_comment_info":0,"uagb_excerpt":"Taxes4u Blog Taxes4u Blog We are here to help you Welcome to our Taxes4u blog page, where we provide valuable insights and tips on all aspects of tax return and refund, UTR registration, CIS registration, penalties, and appeals for late tax return submissions. Our team of expert accountants and tax professionals understand the complexities and&hellip;","_links":{"self":[{"href":"https:\/\/www.taxes4u.co.uk\/ro\/wp-json\/wp\/v2\/pages\/1657","targetHints":{"allow":["GET"]}}],"collection":[{"href":"https:\/\/www.taxes4u.co.uk\/ro\/wp-json\/wp\/v2\/pages"}],"about":[{"href":"https:\/\/www.taxes4u.co.uk\/ro\/wp-json\/wp\/v2\/types\/page"}],"author":[{"embeddable":true,"href":"https:\/\/www.taxes4u.co.uk\/ro\/wp-json\/wp\/v2\/users\/1"}],"replies":[{"embeddable":true,"href":"https:\/\/www.taxes4u.co.uk\/ro\/wp-json\/wp\/v2\/comments?post=1657"}],"version-history":[{"count":12,"href":"https:\/\/www.taxes4u.co.uk\/ro\/wp-json\/wp\/v2\/pages\/1657\/revisions"}],"predecessor-version":[{"id":2216,"href":"https:\/\/www.taxes4u.co.uk\/ro\/wp-json\/wp\/v2\/pages\/1657\/revisions\/2216"}],"wp:attachment":[{"href":"https:\/\/www.taxes4u.co.uk\/ro\/wp-json\/wp\/v2\/media?parent=1657"}],"curies":[{"name":"wp","href":"https:\/\/api.w.org\/{rel}","templated":true}]}}