{"id":1681,"date":"2023-03-08T20:19:54","date_gmt":"2023-03-08T20:19:54","guid":{"rendered":"http:\/\/www.taxes4u.co.uk\/?page_id=1681"},"modified":"2026-04-12T09:31:55","modified_gmt":"2026-04-12T09:31:55","slug":"blog-how-to-register-as-self-employed-in-the-uk-a-step-by-step-guide","status":"publish","type":"page","link":"https:\/\/www.taxes4u.co.uk\/ro\/blog-how-to-register-as-self-employed-in-the-uk-a-step-by-step-guide","title":{"rendered":"Cum s\u0103 v\u0103 \u00cenregistra\u021bi ca Lucr\u0103tor Independent \u00een Marea Britanie: Un Ghid Pas cu Pas"},"content":{"rendered":"<h5>\n\t\t\t\tBlog\n\t\t\t<\/h5>\n\t<h1>\n\t\t\t\tCum s\u0103 v\u0103 \u00cenregistra\u021bi ca Lucr\u0103tor Independent \u00een Marea Britanie: Un Ghid Pas cu Pas\n\t\t\t<\/h1>\n\t\t\t\t<img decoding=\"async\" src=\"http:\/\/www.taxes4u.co.uk\/wp-content\/uploads\/2019\/06\/feature1-free-img-1.png\" alt=\"Taxes4u. Declara\u021bie de Impozit, Rambursare de Impozit, Salarizare \u0219i Contabilitate\" title=\"Taxes4u. Declara\u021bie de Impozit, Rambursare de Impozit, Salarizare \u0219i Contabilitate\" itemprop=\"image\"\/>\n\t<h2>\n\t\t\t\tTot ce trebuie s\u0103 \u0219ti\u021bi despre: Cum s\u0103 te \u00eenregistrezi ca lucr\u0103tor independent \u00een Marea Britanie\n\t\t\t<\/h2>\n\t<h2>\n\t\t\t\tUn ghid pas cu pas\n\t\t\t<\/h2>\n\t\t\t<p>\u00a0Are you considering starting your own business or working as a freelancer? If so, one of the first things you need to do is register as self-employed with HM Revenue and Customs (HMRC).\u00a0In this guide, we&#8217;ll take you through the process of registering as self-employed in the UK, step by step.\u00a0<strong>Pasul 1: Determina\u021bi dac\u0103 trebuie s\u0103 v\u0103 \u00eenregistra\u021bi<\/strong>\u00a0Before you start the registration process, you need to determine if you need to register as self-employed. You&#8217;ll need to register if you&#8217;re:\u00a0<ul><li>c\u00e2\u0219tig\u0103 mai mult de 1.000 de lire sterline pe an din activit\u0103\u021bi independente<\/li><li>un partener \u00eentr-un parteneriat de afaceri<\/li><li>prestarea de servicii \u00een calitate de \u00eentreprinz\u0103tor individual<\/li><li>ob\u021binerea de venituri din \u00eenchirierea de propriet\u0103\u021bi<\/li><\/ul>\u00a0If you&#8217;re unsure whether you need to register, check our website or <a href=\"http:\/\/www.taxes4u.co.uk\/ro\/contact\/\">contacta\u021bi-ne<\/a> pentru mai multe informa\u021bii.\u00a0<strong>Pasul 2: Str\u00e2nge\u021bi informa\u021biile necesare<\/strong>\u00a0To register as self-employed, you&#8217;ll need the following information:\u00a0<ul><li>numele \u0219i adresa dvs. complet\u0103<\/li><li>num\u0103rul dumneavoastr\u0103 de asigurare na\u021bional\u0103<\/li><li>numele \u0219i adresa \u00eentreprinderii dumneavoastr\u0103<\/li><li>data la care v-a\u021bi \u00eenceput activitatea<\/li><li>natura activit\u0103\u021bii dumneavoastr\u0103<\/li><li>your business&#8217;s contact details<\/li><\/ul>\u00a0<strong>Pasul 3: \u00cenregistra\u021bi-v\u0103 online, prin po\u0219t\u0103 sau telefonic<\/strong>\u00a0The easiest way to register as self-employed is online. You can do this on the HMRC website. Simply follow the instructions and enter the required information. You&#8217;ll receive a Unique Taxpayer Reference (UTR) number by post within 10 working days.\u00a0If you prefer not to register online, you can register by phone or post. You&#8217;ll need to call the HMRC Self-Employment Helpline or complete the CWF1 form and send it to HMRC.\u00a0<strong>Pasul 4: P\u0103stra\u021bi \u00eenregistr\u0103ri exacte<\/strong>\u00a0Once you&#8217;re registered as self-employed, you&#8217;ll need to keep accurate records of your income and expenses. This will help you fill out your tax return and ensure you&#8217;re paying the correct amount of tax.\u00a0In conclusion, registering as self-employed in the UK is a straightforward process. By following these steps, you&#8217;ll be on your way to running your own business or working as a freelancer.\u00a0If you have any questions or need further assistance, <a href=\"http:\/\/www.taxes4u.co.uk\/ro\/contact\/\">contacta\u021bi echipa noastr\u0103 de exper\u021bi<\/a> \u0219i vor fi bucuro\u0219i s\u0103 v\u0103 ajute s\u0103 v\u0103 \u00eenregistra\u021bi ca lucr\u0103tor pe cont propriu \u00een Regatul Unit.<\/p>\t\n\t<h4>\n\t\t\t\tAlte post\u0103ri pe blog care v-ar putea interesa\n\t\t\t<\/h4>\n\t\t\t<ul><li><a href=\"https:\/\/www.taxes4u.co.uk\/ro\/blog-self-assessment-tax-return-uk-2025-2026\/\">Declara\u021bie fiscal\u0103 auto-evaluare UK 2025\/26: Ce trebuie s\u0103 \u0219tii \u0219i cum s\u0103 o depui<\/a><\/li><li><a href=\"https:\/\/www.taxes4u.co.uk\/ro\/blog-mtd-late-quarterly-submission-penalty-uk\/\">Penalitate MTD pentru raport tardiv: a\u0163i ratat actualizarea trimestrial\u0103?<\/a><\/li><li><a href=\"https:\/\/www.taxes4u.co.uk\/ro\/blog-making-tax-digital-for-income-tax-guide\/\" target=\"_blank\" rel=\"noopener\">Realizarea impozitului digital pentru impozitul pe venit (MTD pentru ITSA): Ghid simplu pentru lucr\u0103torii independen\u021bi \u0219i proprietarii de terenuri<\/a><\/li><li><a href=\"https:\/\/www.taxes4u.co.uk\/ro\/blog-self-employed-here-is-what-you-can-deduct-in-2025\/\">Lucra\u021bi pe cont propriu? Iat\u0103 ce pute\u021bi deduce \u00een 2025<\/a><\/li><li><a href=\"https:\/\/www.taxes4u.co.uk\/ro\/blog-making-tax-digital-for-income-tax-mtd-for-itsa-what-it-means-and-how-we-can-help-you-stay-compliant\/\">Realizarea impozitului digital pentru impozitul pe venit (MTD pentru ITSA): Ce \u00eenseamn\u0103 \u0219i cum v\u0103 putem ajuta s\u0103 v\u0103 conforma\u021bi<\/a><\/li><li><a href=\"https:\/\/www.taxes4u.co.uk\/ro\/blog-the-early-birds-guide-to-maximising-your-uk-tax-return-for-2024-2025\/\">Ghidul Early Bird pentru optimizarea declara\u021biei fiscale din Regatul Unit pentru 2024\/2025<\/a><\/li><li><a href=\"http:\/\/www.taxes4u.co.uk\/ro\/blog-timelines-guidelines-and-recommendations-for-the-uk-tax-return-submission\/\">Termene, orient\u0103ri \u0219i recomand\u0103ri pentru depunerea declara\u021biei fiscale \u00een Marea Britanie<\/a><\/li><li><a href=\"http:\/\/www.taxes4u.co.uk\/ro\/blog-late-tax-return-penalties-and-appeals\/\">Penalit\u0103\u021bi \u0219i recursuri pentru declara\u021biile fiscale \u00eent\u00e2rziate - Ce sunt \u0219i cum s\u0103 le gestiona\u021bi?<\/a><\/li><li><a href=\"http:\/\/www.taxes4u.co.uk\/ro\/blog-cis-registration-uk-everything-you-need-to-know-about\/\">\u00cenregistrare CIS UK: Tot ce Trebuie s\u0103 \u0218ti\u021bi Despre<\/a><\/li><li><a href=\"http:\/\/www.taxes4u.co.uk\/ro\/blog-utr-registration-and-cancellation-what-you-need-to-know\/\">\u00cenregistrare \u015fi anulare UTR: ce trebuie s\u0103 \u015fti\u0163i<\/a><\/li><li><a href=\"https:\/\/www.taxes4u.co.uk\/ro\/blog-how-much-can-i-earn-before-paying-tax-in-the-uk-tax-thresholds-explained\/\">C\u00e2t pot C\u00e2\u0219tiga \u00cenainte de a Pl\u0103ti Impozit din 2023\/2024?<\/a><\/li><li><a href=\"https:\/\/www.taxes4u.co.uk\/ro\/blog-ultimate-guide-to-self-employed-mortgages-in-the-uk-navigating-tax-returns-sa302-and-more\/\">Ghidul suprem pentru creditele ipotecare pentru lucr\u0103torii independen\u021bi din Marea Britanie: Cum s\u0103 naviga\u021bi printre declara\u021biile fiscale, SA302 \u0219i multe altele<\/a><\/li><\/ul>\t\n\t<h5>\n\t\t\t\tEstimare Gratuit\u0103\n\t\t\t<\/h5>\n\t<h2>\n\t\t\t\tSolicita\u021bi o Ofert\u0103\n\t\t\t<\/h2>\n\t\t\t<p>Vre\u021bi s\u0103 discuta\u021bi despre serviciile de contabilitate pentru dvs. \u0219i afacerea dvs.? Contacta\u021bi-ne pentru o ofert\u0103 gratuit\u0103 \u0219i f\u0103r\u0103 obliga\u021bii.<\/p>\t\n\t\t\t<a href=\"http:\/\/www.taxes4u.co.uk\/ro\/contact\/\" title=\"Ob\u021bine\u021bi o Ofert\u0103\" target=\"_self\"   role=\"button\" aria-label=\"Ob\u021bine\u021bi o Ofert\u0103\">\n\t\t\t\t\t\t\tOb\u021bine\u021bi o Ofert\u0103\n\t\t<\/a>","protected":false},"excerpt":{"rendered":"<p>Blog How to Register as Self-Employed in the UK: A Step-by-Step Guide Everything you need to know about: How to Register as Self-Employed in the UK A Step-by-Step Guide \u00a0Are you considering starting your own business or working as a freelancer? If so, one of the first things you need to do is register as [&hellip;]<\/p>\n","protected":false},"author":1,"featured_media":0,"parent":0,"menu_order":0,"comment_status":"closed","ping_status":"closed","template":"","meta":{"_uag_custom_page_level_css":"","site-sidebar-layout":"default","site-content-layout":"page-builder","ast-site-content-layout":"default","site-content-style":"default","site-sidebar-style":"default","ast-global-header-display":"","ast-banner-title-visibility":"","ast-main-header-display":"","ast-hfb-above-header-display":"","ast-hfb-below-header-display":"","ast-hfb-mobile-header-display":"","site-post-title":"disabled","ast-breadcrumbs-content":"","ast-featured-img":"disabled","footer-sml-layout":"","ast-disable-related-posts":"","theme-transparent-header-meta":"enabled","adv-header-id-meta":"","stick-header-meta":"default","header-above-stick-meta":"","header-main-stick-meta":"","header-below-stick-meta":"","astra-migrate-meta-layouts":"default","ast-page-background-enabled":"default","ast-page-background-meta":{"desktop":{"background-color":"","background-image":"","background-repeat":"repeat","background-position":"center center","background-size":"auto","background-attachment":"scroll","background-type":"","background-media":"","overlay-type":"","overlay-color":"","overlay-opacity":"","overlay-gradient":""},"tablet":{"background-color":"","background-image":"","background-repeat":"repeat","background-position":"center center","background-size":"auto","background-attachment":"scroll","background-type":"","background-media":"","overlay-type":"","overlay-color":"","overlay-opacity":"","overlay-gradient":""},"mobile":{"background-color":"","background-image":"","background-repeat":"repeat","background-position":"center center","background-size":"auto","background-attachment":"scroll","background-type":"","background-media":"","overlay-type":"","overlay-color":"","overlay-opacity":"","overlay-gradient":""}},"ast-content-background-meta":{"desktop":{"background-color":"var(--ast-global-color-5)","background-image":"","background-repeat":"repeat","background-position":"center center","background-size":"auto","background-attachment":"scroll","background-type":"","background-media":"","overlay-type":"","overlay-color":"","overlay-opacity":"","overlay-gradient":""},"tablet":{"background-color":"var(--ast-global-color-5)","background-image":"","background-repeat":"repeat","background-position":"center center","background-size":"auto","background-attachment":"scroll","background-type":"","background-media":"","overlay-type":"","overlay-color":"","overlay-opacity":"","overlay-gradient":""},"mobile":{"background-color":"var(--ast-global-color-5)","background-image":"","background-repeat":"repeat","background-position":"center center","background-size":"auto","background-attachment":"scroll","background-type":"","background-media":"","overlay-type":"","overlay-color":"","overlay-opacity":"","overlay-gradient":""}},"footnotes":""},"class_list":["post-1681","page","type-page","status-publish","hentry"],"yoast_head":"<!-- This site is optimized with the Yoast SEO plugin v27.4 - https:\/\/yoast.com\/product\/yoast-seo-wordpress\/ -->\n<title>Register for Self Employed UK: Step-by-Step Guide | Taxes4u Blog<\/title>\n<meta name=\"description\" content=\"Register for Self Employed UK with our step-by-step guide. Learn how to register with HMRC, get a UTR, and stay on top of tax requirements\" \/>\n<meta name=\"robots\" content=\"index, follow, max-snippet:-1, max-image-preview:large, max-video-preview:-1\" \/>\n<link rel=\"canonical\" href=\"https:\/\/www.taxes4u.co.uk\/ro\/blog-how-to-register-as-self-employed-in-the-uk-a-step-by-step-guide\/\" \/>\n<meta property=\"og:locale\" content=\"ro_RO\" \/>\n<meta property=\"og:type\" content=\"article\" \/>\n<meta property=\"og:title\" content=\"Register for Self Employed UK: Step-by-Step Guide | Taxes4u Blog\" \/>\n<meta property=\"og:description\" content=\"Register for Self Employed UK with our step-by-step guide. Learn how to register with HMRC, get a UTR, and stay on top of tax requirements\" \/>\n<meta property=\"og:url\" content=\"https:\/\/www.taxes4u.co.uk\/ro\/blog-how-to-register-as-self-employed-in-the-uk-a-step-by-step-guide\/\" \/>\n<meta property=\"og:site_name\" content=\"Taxes4u\" \/>\n<meta property=\"article:modified_time\" content=\"2026-04-12T09:31:55+00:00\" \/>\n<meta property=\"og:image\" content=\"http:\/\/www.taxes4u.co.uk\/wp-content\/uploads\/2019\/06\/feature1-free-img-1.png\" \/>\n<meta name=\"twitter:card\" content=\"summary_large_image\" \/>\n<meta name=\"twitter:label1\" content=\"Timp estimat pentru citire\" \/>\n\t<meta name=\"twitter:data1\" content=\"3 minute\" \/>\n<script type=\"application\/ld+json\" class=\"yoast-schema-graph\">{\"@context\":\"https:\\\/\\\/schema.org\",\"@graph\":[{\"@type\":[\"Article\",\"BlogPosting\"],\"@id\":\"https:\\\/\\\/www.taxes4u.co.uk\\\/blog-how-to-register-as-self-employed-in-the-uk-a-step-by-step-guide#article\",\"isPartOf\":{\"@id\":\"https:\\\/\\\/www.taxes4u.co.uk\\\/blog-how-to-register-as-self-employed-in-the-uk-a-step-by-step-guide\"},\"author\":{\"name\":\"Malaicik\",\"@id\":\"https:\\\/\\\/www.taxes4u.co.uk\\\/#\\\/schema\\\/person\\\/ee06b87a03cd2c51ef99b38e96b05669\"},\"headline\":\"How to Register as Self-Employed in the UK: A Step-by-Step Guide\",\"datePublished\":\"2023-03-08T20:19:54+00:00\",\"dateModified\":\"2026-04-12T09:31:55+00:00\",\"mainEntityOfPage\":{\"@id\":\"https:\\\/\\\/www.taxes4u.co.uk\\\/blog-how-to-register-as-self-employed-in-the-uk-a-step-by-step-guide\"},\"wordCount\":576,\"publisher\":{\"@id\":\"https:\\\/\\\/www.taxes4u.co.uk\\\/#organization\"},\"image\":{\"@id\":\"https:\\\/\\\/www.taxes4u.co.uk\\\/blog-how-to-register-as-self-employed-in-the-uk-a-step-by-step-guide#primaryimage\"},\"thumbnailUrl\":\"http:\\\/\\\/www.taxes4u.co.uk\\\/wp-content\\\/uploads\\\/2019\\\/06\\\/feature1-free-img-1.png\",\"inLanguage\":\"ro-RO\"},{\"@type\":\"WebPage\",\"@id\":\"https:\\\/\\\/www.taxes4u.co.uk\\\/blog-how-to-register-as-self-employed-in-the-uk-a-step-by-step-guide\",\"url\":\"https:\\\/\\\/www.taxes4u.co.uk\\\/blog-how-to-register-as-self-employed-in-the-uk-a-step-by-step-guide\",\"name\":\"Register for Self Employed UK: Step-by-Step Guide | Taxes4u Blog\",\"isPartOf\":{\"@id\":\"https:\\\/\\\/www.taxes4u.co.uk\\\/#website\"},\"primaryImageOfPage\":{\"@id\":\"https:\\\/\\\/www.taxes4u.co.uk\\\/blog-how-to-register-as-self-employed-in-the-uk-a-step-by-step-guide#primaryimage\"},\"image\":{\"@id\":\"https:\\\/\\\/www.taxes4u.co.uk\\\/blog-how-to-register-as-self-employed-in-the-uk-a-step-by-step-guide#primaryimage\"},\"thumbnailUrl\":\"http:\\\/\\\/www.taxes4u.co.uk\\\/wp-content\\\/uploads\\\/2019\\\/06\\\/feature1-free-img-1.png\",\"datePublished\":\"2023-03-08T20:19:54+00:00\",\"dateModified\":\"2026-04-12T09:31:55+00:00\",\"description\":\"Register for Self Employed UK with our step-by-step guide. Learn how to register with HMRC, get a UTR, and stay on top of tax requirements\",\"breadcrumb\":{\"@id\":\"https:\\\/\\\/www.taxes4u.co.uk\\\/blog-how-to-register-as-self-employed-in-the-uk-a-step-by-step-guide#breadcrumb\"},\"inLanguage\":\"ro-RO\",\"potentialAction\":[{\"@type\":\"ReadAction\",\"target\":[\"https:\\\/\\\/www.taxes4u.co.uk\\\/blog-how-to-register-as-self-employed-in-the-uk-a-step-by-step-guide\"]}]},{\"@type\":\"ImageObject\",\"inLanguage\":\"ro-RO\",\"@id\":\"https:\\\/\\\/www.taxes4u.co.uk\\\/blog-how-to-register-as-self-employed-in-the-uk-a-step-by-step-guide#primaryimage\",\"url\":\"http:\\\/\\\/www.taxes4u.co.uk\\\/wp-content\\\/uploads\\\/2019\\\/06\\\/feature1-free-img-1.png\",\"contentUrl\":\"http:\\\/\\\/www.taxes4u.co.uk\\\/wp-content\\\/uploads\\\/2019\\\/06\\\/feature1-free-img-1.png\"},{\"@type\":\"BreadcrumbList\",\"@id\":\"https:\\\/\\\/www.taxes4u.co.uk\\\/blog-how-to-register-as-self-employed-in-the-uk-a-step-by-step-guide#breadcrumb\",\"itemListElement\":[{\"@type\":\"ListItem\",\"position\":1,\"name\":\"Home\",\"item\":\"https:\\\/\\\/www.taxes4u.co.uk\\\/\"},{\"@type\":\"ListItem\",\"position\":2,\"name\":\"How to Register as Self-Employed in the UK: A Step-by-Step Guide\"}]},{\"@type\":\"WebSite\",\"@id\":\"https:\\\/\\\/www.taxes4u.co.uk\\\/#website\",\"url\":\"https:\\\/\\\/www.taxes4u.co.uk\\\/\",\"name\":\"Taxes4u\",\"description\":\"Tax Returns, Payroll, Bookkeeping\",\"publisher\":{\"@id\":\"https:\\\/\\\/www.taxes4u.co.uk\\\/#organization\"},\"potentialAction\":[{\"@type\":\"SearchAction\",\"target\":{\"@type\":\"EntryPoint\",\"urlTemplate\":\"https:\\\/\\\/www.taxes4u.co.uk\\\/?s={search_term_string}\"},\"query-input\":{\"@type\":\"PropertyValueSpecification\",\"valueRequired\":true,\"valueName\":\"search_term_string\"}}],\"inLanguage\":\"ro-RO\"},{\"@type\":\"Organization\",\"@id\":\"https:\\\/\\\/www.taxes4u.co.uk\\\/#organization\",\"name\":\"Taxes4u\",\"url\":\"https:\\\/\\\/www.taxes4u.co.uk\\\/\",\"logo\":{\"@type\":\"ImageObject\",\"inLanguage\":\"ro-RO\",\"@id\":\"https:\\\/\\\/www.taxes4u.co.uk\\\/#\\\/schema\\\/logo\\\/image\\\/\",\"url\":\"https:\\\/\\\/www.taxes4u.co.uk\\\/wp-content\\\/uploads\\\/2020\\\/06\\\/cropped-3001_Taxes4u_RB_GR-02.png\",\"contentUrl\":\"https:\\\/\\\/www.taxes4u.co.uk\\\/wp-content\\\/uploads\\\/2020\\\/06\\\/cropped-3001_Taxes4u_RB_GR-02.png\",\"width\":396,\"height\":82,\"caption\":\"Taxes4u\"},\"image\":{\"@id\":\"https:\\\/\\\/www.taxes4u.co.uk\\\/#\\\/schema\\\/logo\\\/image\\\/\"}},{\"@type\":\"Person\",\"@id\":\"https:\\\/\\\/www.taxes4u.co.uk\\\/#\\\/schema\\\/person\\\/ee06b87a03cd2c51ef99b38e96b05669\",\"name\":\"Malaicik\",\"image\":{\"@type\":\"ImageObject\",\"inLanguage\":\"ro-RO\",\"@id\":\"https:\\\/\\\/www.taxes4u.co.uk\\\/wp-content\\\/litespeed\\\/avatar\\\/de51a5554b0ffb96c04957c773c33138.jpg?ver=1776458316\",\"url\":\"https:\\\/\\\/www.taxes4u.co.uk\\\/wp-content\\\/litespeed\\\/avatar\\\/de51a5554b0ffb96c04957c773c33138.jpg?ver=1776458316\",\"contentUrl\":\"https:\\\/\\\/www.taxes4u.co.uk\\\/wp-content\\\/litespeed\\\/avatar\\\/de51a5554b0ffb96c04957c773c33138.jpg?ver=1776458316\",\"caption\":\"Malaicik\"},\"sameAs\":[\"http:\\\/\\\/taxes4u.co.uk\"],\"url\":\"https:\\\/\\\/www.taxes4u.co.uk\\\/ro\\\/author\\\/malaicik\"}]}<\/script>\n<!-- \/ Yoast SEO plugin. -->","yoast_head_json":{"title":"Cum s\u0103 v\u0103 \u00eenregistra\u0163i ca persoan\u0103 independent\u0103 \u00een Marea Britanie | Taxes4u","description":"Ghid pas cu pas pentru \u00eenregistrarea ca persoan\u0103 independent\u0103 \u00een Marea Britanie, ob\u0163inerea UTR \u015fi respectarea cerin\u0163elor fiscale HMRC.","robots":{"index":"index","follow":"follow","max-snippet":"max-snippet:-1","max-image-preview":"max-image-preview:large","max-video-preview":"max-video-preview:-1"},"canonical":"https:\/\/www.taxes4u.co.uk\/ro\/blog-how-to-register-as-self-employed-in-the-uk-a-step-by-step-guide\/","og_locale":"ro_RO","og_type":"article","og_title":"Register for Self Employed UK: Step-by-Step Guide | Taxes4u Blog","og_description":"Register for Self Employed UK with our step-by-step guide. Learn how to register with HMRC, get a UTR, and stay on top of tax requirements","og_url":"https:\/\/www.taxes4u.co.uk\/ro\/blog-how-to-register-as-self-employed-in-the-uk-a-step-by-step-guide\/","og_site_name":"Taxes4u","article_modified_time":"2026-04-12T09:31:55+00:00","og_image":[{"url":"http:\/\/www.taxes4u.co.uk\/wp-content\/uploads\/2019\/06\/feature1-free-img-1.png","type":"","width":"","height":""}],"twitter_card":"summary_large_image","twitter_misc":{"Timp estimat pentru citire":"3 minute"},"schema":{"@context":"https:\/\/schema.org","@graph":[{"@type":["Article","BlogPosting"],"@id":"https:\/\/www.taxes4u.co.uk\/blog-how-to-register-as-self-employed-in-the-uk-a-step-by-step-guide#article","isPartOf":{"@id":"https:\/\/www.taxes4u.co.uk\/blog-how-to-register-as-self-employed-in-the-uk-a-step-by-step-guide"},"author":{"name":"Malaicik","@id":"https:\/\/www.taxes4u.co.uk\/#\/schema\/person\/ee06b87a03cd2c51ef99b38e96b05669"},"headline":"How to Register as Self-Employed in the UK: A Step-by-Step Guide","datePublished":"2023-03-08T20:19:54+00:00","dateModified":"2026-04-12T09:31:55+00:00","mainEntityOfPage":{"@id":"https:\/\/www.taxes4u.co.uk\/blog-how-to-register-as-self-employed-in-the-uk-a-step-by-step-guide"},"wordCount":576,"publisher":{"@id":"https:\/\/www.taxes4u.co.uk\/#organization"},"image":{"@id":"https:\/\/www.taxes4u.co.uk\/blog-how-to-register-as-self-employed-in-the-uk-a-step-by-step-guide#primaryimage"},"thumbnailUrl":"http:\/\/www.taxes4u.co.uk\/wp-content\/uploads\/2019\/06\/feature1-free-img-1.png","inLanguage":"ro-RO"},{"@type":"WebPage","@id":"https:\/\/www.taxes4u.co.uk\/blog-how-to-register-as-self-employed-in-the-uk-a-step-by-step-guide","url":"https:\/\/www.taxes4u.co.uk\/blog-how-to-register-as-self-employed-in-the-uk-a-step-by-step-guide","name":"Cum s\u0103 v\u0103 \u00eenregistra\u0163i ca persoan\u0103 independent\u0103 \u00een Marea Britanie | Taxes4u","isPartOf":{"@id":"https:\/\/www.taxes4u.co.uk\/#website"},"primaryImageOfPage":{"@id":"https:\/\/www.taxes4u.co.uk\/blog-how-to-register-as-self-employed-in-the-uk-a-step-by-step-guide#primaryimage"},"image":{"@id":"https:\/\/www.taxes4u.co.uk\/blog-how-to-register-as-self-employed-in-the-uk-a-step-by-step-guide#primaryimage"},"thumbnailUrl":"http:\/\/www.taxes4u.co.uk\/wp-content\/uploads\/2019\/06\/feature1-free-img-1.png","datePublished":"2023-03-08T20:19:54+00:00","dateModified":"2026-04-12T09:31:55+00:00","description":"Ghid pas cu pas pentru \u00eenregistrarea ca persoan\u0103 independent\u0103 \u00een Marea Britanie, ob\u0163inerea UTR \u015fi respectarea cerin\u0163elor fiscale HMRC.","breadcrumb":{"@id":"https:\/\/www.taxes4u.co.uk\/blog-how-to-register-as-self-employed-in-the-uk-a-step-by-step-guide#breadcrumb"},"inLanguage":"ro-RO","potentialAction":[{"@type":"ReadAction","target":["https:\/\/www.taxes4u.co.uk\/blog-how-to-register-as-self-employed-in-the-uk-a-step-by-step-guide"]}]},{"@type":"ImageObject","inLanguage":"ro-RO","@id":"https:\/\/www.taxes4u.co.uk\/blog-how-to-register-as-self-employed-in-the-uk-a-step-by-step-guide#primaryimage","url":"http:\/\/www.taxes4u.co.uk\/wp-content\/uploads\/2019\/06\/feature1-free-img-1.png","contentUrl":"http:\/\/www.taxes4u.co.uk\/wp-content\/uploads\/2019\/06\/feature1-free-img-1.png"},{"@type":"BreadcrumbList","@id":"https:\/\/www.taxes4u.co.uk\/blog-how-to-register-as-self-employed-in-the-uk-a-step-by-step-guide#breadcrumb","itemListElement":[{"@type":"ListItem","position":1,"name":"Home","item":"https:\/\/www.taxes4u.co.uk\/"},{"@type":"ListItem","position":2,"name":"How to Register as Self-Employed in the UK: A Step-by-Step Guide"}]},{"@type":"WebSite","@id":"https:\/\/www.taxes4u.co.uk\/#website","url":"https:\/\/www.taxes4u.co.uk\/","name":"Taxes4u","description":"Declara\u021bii Fiscale, Salarizare, Contabilitate","publisher":{"@id":"https:\/\/www.taxes4u.co.uk\/#organization"},"potentialAction":[{"@type":"SearchAction","target":{"@type":"EntryPoint","urlTemplate":"https:\/\/www.taxes4u.co.uk\/?s={search_term_string}"},"query-input":{"@type":"PropertyValueSpecification","valueRequired":true,"valueName":"search_term_string"}}],"inLanguage":"ro-RO"},{"@type":"Organization","@id":"https:\/\/www.taxes4u.co.uk\/#organization","name":"Taxes4u","url":"https:\/\/www.taxes4u.co.uk\/","logo":{"@type":"ImageObject","inLanguage":"ro-RO","@id":"https:\/\/www.taxes4u.co.uk\/#\/schema\/logo\/image\/","url":"https:\/\/www.taxes4u.co.uk\/wp-content\/uploads\/2020\/06\/cropped-3001_Taxes4u_RB_GR-02.png","contentUrl":"https:\/\/www.taxes4u.co.uk\/wp-content\/uploads\/2020\/06\/cropped-3001_Taxes4u_RB_GR-02.png","width":396,"height":82,"caption":"Taxes4u"},"image":{"@id":"https:\/\/www.taxes4u.co.uk\/#\/schema\/logo\/image\/"}},{"@type":"Person","@id":"https:\/\/www.taxes4u.co.uk\/#\/schema\/person\/ee06b87a03cd2c51ef99b38e96b05669","name":"Malaicik","image":{"@type":"ImageObject","inLanguage":"ro-RO","@id":"https:\/\/www.taxes4u.co.uk\/wp-content\/litespeed\/avatar\/de51a5554b0ffb96c04957c773c33138.jpg?ver=1776458316","url":"https:\/\/www.taxes4u.co.uk\/wp-content\/litespeed\/avatar\/de51a5554b0ffb96c04957c773c33138.jpg?ver=1776458316","contentUrl":"https:\/\/www.taxes4u.co.uk\/wp-content\/litespeed\/avatar\/de51a5554b0ffb96c04957c773c33138.jpg?ver=1776458316","caption":"Malaicik"},"sameAs":["http:\/\/taxes4u.co.uk"],"url":"https:\/\/www.taxes4u.co.uk\/ro\/author\/malaicik"}]}},"uagb_featured_image_src":{"full":false,"thumbnail":false,"medium":false,"medium_large":false,"large":false,"1536x1536":false,"2048x2048":false,"trp-custom-language-flag":false},"uagb_author_info":{"display_name":"Malaicik","author_link":"https:\/\/www.taxes4u.co.uk\/ro\/author\/malaicik"},"uagb_comment_info":0,"uagb_excerpt":"Blog How to Register as Self-Employed in the UK: A Step-by-Step Guide Everything you need to know about: How to Register as Self-Employed in the UK A Step-by-Step Guide \u00a0Are you considering starting your own business or working as a freelancer? If so, one of the first things you need to do is register as&hellip;","_links":{"self":[{"href":"https:\/\/www.taxes4u.co.uk\/ro\/wp-json\/wp\/v2\/pages\/1681","targetHints":{"allow":["GET"]}}],"collection":[{"href":"https:\/\/www.taxes4u.co.uk\/ro\/wp-json\/wp\/v2\/pages"}],"about":[{"href":"https:\/\/www.taxes4u.co.uk\/ro\/wp-json\/wp\/v2\/types\/page"}],"author":[{"embeddable":true,"href":"https:\/\/www.taxes4u.co.uk\/ro\/wp-json\/wp\/v2\/users\/1"}],"replies":[{"embeddable":true,"href":"https:\/\/www.taxes4u.co.uk\/ro\/wp-json\/wp\/v2\/comments?post=1681"}],"version-history":[{"count":12,"href":"https:\/\/www.taxes4u.co.uk\/ro\/wp-json\/wp\/v2\/pages\/1681\/revisions"}],"predecessor-version":[{"id":2224,"href":"https:\/\/www.taxes4u.co.uk\/ro\/wp-json\/wp\/v2\/pages\/1681\/revisions\/2224"}],"wp:attachment":[{"href":"https:\/\/www.taxes4u.co.uk\/ro\/wp-json\/wp\/v2\/media?parent=1681"}],"curies":[{"name":"wp","href":"https:\/\/api.w.org\/{rel}","templated":true}]}}