{"id":1692,"date":"2023-03-11T11:01:02","date_gmt":"2023-03-11T11:01:02","guid":{"rendered":"http:\/\/www.taxes4u.co.uk\/?page_id=1692"},"modified":"2026-04-12T09:33:04","modified_gmt":"2026-04-12T09:33:04","slug":"blog-cis-registration-uk-everything-you-need-to-know-about","status":"publish","type":"page","link":"https:\/\/www.taxes4u.co.uk\/ro\/blog-cis-registration-uk-everything-you-need-to-know-about","title":{"rendered":"\u00cenregistrare CIS UK: Tot ce Trebuie s\u0103 \u0218ti\u021bi Despre"},"content":{"rendered":"<h5>\n\t\t\t\tBlog\n\t\t\t<\/h5>\n\t<h1>\n\t\t\t\t\u00cenregistrare CIS UK: Tot ce Trebuie s\u0103 \u0218ti\u021bi Despre\n\t\t\t<\/h1>\n\t<h2>\n\t\t\t\t\u00cenregistrare CIS UK\n\t\t\t<\/h2>\n\t<h2>\n\t\t\t\tTot ce trebuie s\u0103 \u0219ti\u021bi despre Sistemul industriei construc\u021biilor (CIS)\n\t\t\t<\/h2>\n\t\t\t<p><strong>Introducere<\/strong>:<br \/>If you&#8217;re working in the construction industry in the UK, you&#8217;ve likely heard about the Construction Industry Scheme (CIS). The scheme is designed to regulate payments between contractors and subcontractors in the industry, ensuring that everyone pays the correct amount of tax. One of the key aspects of the CIS is registration, and in this post, we&#8217;ll cover everything you need to know about CIS registration in the UK.\u00a0<strong>Ce este \u00eenregistrarea CIS?<\/strong><br \/>CIS registration is the process of registering for the Construction Industry Scheme. If you&#8217;re a contractor or subcontractor working in the construction industry in the UK, you&#8217;re required to register for the scheme. This includes individuals who are self-employed and those who run a limited company.\u00a0<strong>De ce este important\u0103 \u00eenregistrarea CIS?<\/strong><br \/>CIS registration is important because it ensures that you&#8217;re paying the correct amount of tax. As a contractor or subcontractor, you&#8217;ll be required to deduct a percentage of your payments to subcontractors for tax purposes. This means that you need to be registered for the CIS to be able to operate legally in the construction industry in the UK.\u00a0<strong>Cum v\u0103 \u00eenscrie\u021bi la CIS?<\/strong><br \/>To register for the CIS, you&#8217;ll need to complete an online registration form on the HMRC website. You&#8217;ll need to provide information about yourself or your business, including your name or company name, contact details, and National Insurance number or Unique Taxpayer Reference (UTR) if you&#8217;re a limited company. You&#8217;ll also need to provide details about your business activities, such as your main type of work and the date you started trading.\u00a0<strong>What happens after you&#8217;ve registered for the CIS?<\/strong><br \/>Once you&#8217;ve registered for the CIS, you&#8217;ll receive a Unique Taxpayer Reference (UTR) from HMRC. You&#8217;ll need to use this UTR to verify your status as a contractor or subcontractor when you work with other businesses in the construction industry. You&#8217;ll also need to keep accurate records of your payments to subcontractors and submit monthly CIS returns to HMRC.\u00a0<strong>Concluzie:<\/strong><br \/>In summary, CIS registration is an essential requirement for anyone working in the construction industry in the UK. It ensures that you&#8217;re paying the correct amount of tax and operating legally. To register for the CIS, you&#8217;ll need to complete an online registration form on the HMRC website and provide information about yourself or your business. After registering, you&#8217;ll receive a UTR that you&#8217;ll need to use when working with other businesses in the construction industry. Finally, it&#8217;s essential to keep accurate records of your payments to subcontractors and submit monthly CIS returns to HMRC to comply with the scheme&#8217;s regulations.\u00a0<a href=\"http:\/\/www.taxes4u.co.uk\/ro\/contact\/\">Contacta\u021bi exper\u021bii no\u0219tri<\/a> cu privire la orice \u00eentreb\u0103ri legate de CIS \u0219i asisten\u021b\u0103 cu privire la \u00eenregistrarea CIS.<\/p>\t\n\t<h4>\n\t\t\t\tAlte post\u0103ri pe blog care v-ar putea interesa\n\t\t\t<\/h4>\n\t\t\t<ul><li><a href=\"https:\/\/www.taxes4u.co.uk\/ro\/blog-self-assessment-tax-return-uk-2025-2026\/\">Declara\u021bie fiscal\u0103 auto-evaluare UK 2025\/26: Ce trebuie s\u0103 \u0219tii \u0219i cum s\u0103 o depui<\/a><\/li><li><a href=\"https:\/\/www.taxes4u.co.uk\/ro\/blog-mtd-late-quarterly-submission-penalty-uk\/\">Penalitate MTD pentru raport tardiv: a\u0163i ratat actualizarea trimestrial\u0103?<\/a><\/li><li><a href=\"https:\/\/www.taxes4u.co.uk\/ro\/blog-making-tax-digital-for-income-tax-guide\/\" target=\"_blank\" rel=\"noopener\">Realizarea impozitului digital pentru impozitul pe venit (MTD pentru ITSA): Ghid simplu pentru lucr\u0103torii independen\u021bi \u0219i proprietarii de terenuri<\/a><\/li><li><a href=\"https:\/\/www.taxes4u.co.uk\/ro\/blog-self-employed-here-is-what-you-can-deduct-in-2025\/\">Lucra\u021bi pe cont propriu? Iat\u0103 ce pute\u021bi deduce \u00een 2025<\/a><\/li><li><a href=\"https:\/\/www.taxes4u.co.uk\/ro\/blog-making-tax-digital-for-income-tax-mtd-for-itsa-what-it-means-and-how-we-can-help-you-stay-compliant\/\">Realizarea impozitului digital pentru impozitul pe venit (MTD pentru ITSA): Ce \u00eenseamn\u0103 \u0219i cum v\u0103 putem ajuta s\u0103 v\u0103 conforma\u021bi<\/a><\/li><li><a href=\"https:\/\/www.taxes4u.co.uk\/ro\/blog-the-early-birds-guide-to-maximising-your-uk-tax-return-for-2024-2025\/\">Ghidul Early Bird pentru optimizarea declara\u021biei fiscale din Regatul Unit pentru 2024\/2025<\/a><\/li><li><a href=\"http:\/\/www.taxes4u.co.uk\/ro\/blog-timelines-guidelines-and-recommendations-for-the-uk-tax-return-submission\/\">Termene, orient\u0103ri \u0219i recomand\u0103ri pentru depunerea declara\u021biei fiscale \u00een Marea Britanie<\/a><\/li><li><a href=\"http:\/\/www.taxes4u.co.uk\/ro\/blog-late-tax-return-penalties-and-appeals\/\">Penalit\u0103\u021bi \u0219i recursuri pentru declara\u021biile fiscale \u00eent\u00e2rziate - Ce sunt \u0219i cum s\u0103 le gestiona\u021bi?<\/a><\/li><li><a href=\"http:\/\/www.taxes4u.co.uk\/ro\/blog-how-to-register-as-self-employed-in-the-uk-a-step-by-step-guide\/\">Cum s\u0103 v\u0103 \u00cenregistra\u021bi ca Lucr\u0103tor Independent \u00een Marea Britanie: Un Ghid Pas cu Pas<\/a><\/li><li><a href=\"https:\/\/www.taxes4u.co.uk\/ro\/blog-ultimate-guide-to-self-employed-mortgages-in-the-uk-navigating-tax-returns-sa302-and-more\/\">Ghidul suprem pentru creditele ipotecare pentru lucr\u0103torii independen\u021bi din Marea Britanie: Cum s\u0103 naviga\u021bi printre declara\u021biile fiscale, SA302 \u0219i multe altele<\/a><\/li><li><a href=\"http:\/\/www.taxes4u.co.uk\/ro\/blog-utr-registration-and-cancellation-what-you-need-to-know\/\">\u00cenregistrare \u015fi anulare UTR: ce trebuie s\u0103 \u015fti\u0163i<\/a><\/li><li><a href=\"https:\/\/www.taxes4u.co.uk\/ro\/blog-how-much-can-i-earn-before-paying-tax-in-the-uk-tax-thresholds-explained\/\">C\u00e2t pot C\u00e2\u0219tiga \u00cenainte de a Pl\u0103ti Impozit din 2023\/2024?<\/a><\/li><\/ul>\t\n\t\t\t\t<img decoding=\"async\" src=\"http:\/\/www.taxes4u.co.uk\/wp-content\/uploads\/2019\/06\/feature1-free-img-1.png\" alt=\"Taxes4u. Declara\u021bie de Impozit, Rambursare de Impozit, Salarizare \u0219i Contabilitate\" title=\"Taxes4u. Declara\u021bie de Impozit, Rambursare de Impozit, Salarizare \u0219i Contabilitate\" itemprop=\"image\"\/>\n\t<h5>\n\t\t\t\tEstimare Gratuit\u0103\n\t\t\t<\/h5>\n\t<h2>\n\t\t\t\tSolicita\u021bi o Ofert\u0103\n\t\t\t<\/h2>\n\t\t\t<p>Vre\u021bi s\u0103 discuta\u021bi despre serviciile de contabilitate pentru dvs. \u0219i afacerea dvs.? Contacta\u021bi-ne pentru o ofert\u0103 gratuit\u0103 \u0219i f\u0103r\u0103 obliga\u021bii.<\/p>\t\n\t\t\t<a href=\"http:\/\/www.taxes4u.co.uk\/ro\/contact\/\" title=\"Ob\u021bine\u021bi o Ofert\u0103\" target=\"_self\"   role=\"button\" aria-label=\"Ob\u021bine\u021bi o Ofert\u0103\">\n\t\t\t\t\t\t\tOb\u021bine\u021bi o Ofert\u0103\n\t\t<\/a>","protected":false},"excerpt":{"rendered":"<p>Blog CIS Registration UK: Everything You Need to Know About CIS Registration UK Everything You Need to Know About Construction Industry Scheme (CIS) Introduction:If you&#8217;re working in the construction industry in the UK, you&#8217;ve likely heard about the Construction Industry Scheme (CIS). The scheme is designed to regulate payments between contractors and subcontractors in the [&hellip;]<\/p>\n","protected":false},"author":1,"featured_media":0,"parent":0,"menu_order":0,"comment_status":"closed","ping_status":"closed","template":"","meta":{"_uag_custom_page_level_css":"","site-sidebar-layout":"default","site-content-layout":"page-builder","ast-site-content-layout":"default","site-content-style":"default","site-sidebar-style":"default","ast-global-header-display":"","ast-banner-title-visibility":"","ast-main-header-display":"","ast-hfb-above-header-display":"","ast-hfb-below-header-display":"","ast-hfb-mobile-header-display":"","site-post-title":"disabled","ast-breadcrumbs-content":"","ast-featured-img":"disabled","footer-sml-layout":"","ast-disable-related-posts":"","theme-transparent-header-meta":"enabled","adv-header-id-meta":"","stick-header-meta":"default","header-above-stick-meta":"","header-main-stick-meta":"","header-below-stick-meta":"","astra-migrate-meta-layouts":"default","ast-page-background-enabled":"default","ast-page-background-meta":{"desktop":{"background-color":"","background-image":"","background-repeat":"repeat","background-position":"center center","background-size":"auto","background-attachment":"scroll","background-type":"","background-media":"","overlay-type":"","overlay-color":"","overlay-opacity":"","overlay-gradient":""},"tablet":{"background-color":"","background-image":"","background-repeat":"repeat","background-position":"center center","background-size":"auto","background-attachment":"scroll","background-type":"","background-media":"","overlay-type":"","overlay-color":"","overlay-opacity":"","overlay-gradient":""},"mobile":{"background-color":"","background-image":"","background-repeat":"repeat","background-position":"center center","background-size":"auto","background-attachment":"scroll","background-type":"","background-media":"","overlay-type":"","overlay-color":"","overlay-opacity":"","overlay-gradient":""}},"ast-content-background-meta":{"desktop":{"background-color":"var(--ast-global-color-5)","background-image":"","background-repeat":"repeat","background-position":"center center","background-size":"auto","background-attachment":"scroll","background-type":"","background-media":"","overlay-type":"","overlay-color":"","overlay-opacity":"","overlay-gradient":""},"tablet":{"background-color":"var(--ast-global-color-5)","background-image":"","background-repeat":"repeat","background-position":"center center","background-size":"auto","background-attachment":"scroll","background-type":"","background-media":"","overlay-type":"","overlay-color":"","overlay-opacity":"","overlay-gradient":""},"mobile":{"background-color":"var(--ast-global-color-5)","background-image":"","background-repeat":"repeat","background-position":"center center","background-size":"auto","background-attachment":"scroll","background-type":"","background-media":"","overlay-type":"","overlay-color":"","overlay-opacity":"","overlay-gradient":""}},"footnotes":""},"class_list":["post-1692","page","type-page","status-publish","hentry"],"yoast_head":"<!-- This site is optimized with the Yoast SEO plugin v27.4 - https:\/\/yoast.com\/product\/yoast-seo-wordpress\/ -->\n<title>CIS Registration UK: Everything You Need to Know | Taxes4u Blog<\/title>\n<meta name=\"description\" content=\"CIS Registration UK: Discover all you need to know about Construction Industry Scheme registration for contractors &amp; subcontractors in the UK\" \/>\n<meta name=\"robots\" content=\"index, follow, max-snippet:-1, max-image-preview:large, max-video-preview:-1\" \/>\n<link rel=\"canonical\" href=\"https:\/\/www.taxes4u.co.uk\/ro\/blog-cis-registration-uk-everything-you-need-to-know-about\/\" \/>\n<meta property=\"og:locale\" content=\"ro_RO\" \/>\n<meta property=\"og:type\" content=\"article\" \/>\n<meta property=\"og:title\" content=\"CIS Registration UK: Everything You Need to Know | Taxes4u Blog\" \/>\n<meta property=\"og:description\" content=\"CIS Registration UK: Discover all you need to know about Construction Industry Scheme registration for contractors &amp; subcontractors in the UK\" \/>\n<meta property=\"og:url\" content=\"https:\/\/www.taxes4u.co.uk\/ro\/blog-cis-registration-uk-everything-you-need-to-know-about\/\" \/>\n<meta property=\"og:site_name\" content=\"Taxes4u\" \/>\n<meta property=\"article:modified_time\" content=\"2026-04-12T09:33:04+00:00\" \/>\n<meta property=\"og:image\" content=\"http:\/\/www.taxes4u.co.uk\/wp-content\/uploads\/2019\/06\/feature1-free-img-1.png\" \/>\n<meta name=\"twitter:card\" content=\"summary_large_image\" \/>\n<meta name=\"twitter:label1\" content=\"Timp estimat pentru citire\" \/>\n\t<meta name=\"twitter:data1\" content=\"3 minute\" \/>\n<script type=\"application\/ld+json\" class=\"yoast-schema-graph\">{\"@context\":\"https:\\\/\\\/schema.org\",\"@graph\":[{\"@type\":[\"Article\",\"BlogPosting\"],\"@id\":\"https:\\\/\\\/www.taxes4u.co.uk\\\/blog-cis-registration-uk-everything-you-need-to-know-about#article\",\"isPartOf\":{\"@id\":\"https:\\\/\\\/www.taxes4u.co.uk\\\/blog-cis-registration-uk-everything-you-need-to-know-about\"},\"author\":{\"name\":\"Malaicik\",\"@id\":\"https:\\\/\\\/www.taxes4u.co.uk\\\/#\\\/schema\\\/person\\\/ee06b87a03cd2c51ef99b38e96b05669\"},\"headline\":\"CIS Registration UK: Everything You Need to Know About\",\"datePublished\":\"2023-03-11T11:01:02+00:00\",\"dateModified\":\"2026-04-12T09:33:04+00:00\",\"mainEntityOfPage\":{\"@id\":\"https:\\\/\\\/www.taxes4u.co.uk\\\/blog-cis-registration-uk-everything-you-need-to-know-about\"},\"wordCount\":681,\"publisher\":{\"@id\":\"https:\\\/\\\/www.taxes4u.co.uk\\\/#organization\"},\"image\":{\"@id\":\"https:\\\/\\\/www.taxes4u.co.uk\\\/blog-cis-registration-uk-everything-you-need-to-know-about#primaryimage\"},\"thumbnailUrl\":\"http:\\\/\\\/www.taxes4u.co.uk\\\/wp-content\\\/uploads\\\/2019\\\/06\\\/feature1-free-img-1.png\",\"inLanguage\":\"ro-RO\"},{\"@type\":\"WebPage\",\"@id\":\"https:\\\/\\\/www.taxes4u.co.uk\\\/blog-cis-registration-uk-everything-you-need-to-know-about\",\"url\":\"https:\\\/\\\/www.taxes4u.co.uk\\\/blog-cis-registration-uk-everything-you-need-to-know-about\",\"name\":\"CIS Registration UK: Everything You Need to Know | Taxes4u Blog\",\"isPartOf\":{\"@id\":\"https:\\\/\\\/www.taxes4u.co.uk\\\/#website\"},\"primaryImageOfPage\":{\"@id\":\"https:\\\/\\\/www.taxes4u.co.uk\\\/blog-cis-registration-uk-everything-you-need-to-know-about#primaryimage\"},\"image\":{\"@id\":\"https:\\\/\\\/www.taxes4u.co.uk\\\/blog-cis-registration-uk-everything-you-need-to-know-about#primaryimage\"},\"thumbnailUrl\":\"http:\\\/\\\/www.taxes4u.co.uk\\\/wp-content\\\/uploads\\\/2019\\\/06\\\/feature1-free-img-1.png\",\"datePublished\":\"2023-03-11T11:01:02+00:00\",\"dateModified\":\"2026-04-12T09:33:04+00:00\",\"description\":\"CIS Registration UK: Discover all you need to know about Construction Industry Scheme registration for contractors & subcontractors in the UK\",\"breadcrumb\":{\"@id\":\"https:\\\/\\\/www.taxes4u.co.uk\\\/blog-cis-registration-uk-everything-you-need-to-know-about#breadcrumb\"},\"inLanguage\":\"ro-RO\",\"potentialAction\":[{\"@type\":\"ReadAction\",\"target\":[\"https:\\\/\\\/www.taxes4u.co.uk\\\/blog-cis-registration-uk-everything-you-need-to-know-about\"]}]},{\"@type\":\"ImageObject\",\"inLanguage\":\"ro-RO\",\"@id\":\"https:\\\/\\\/www.taxes4u.co.uk\\\/blog-cis-registration-uk-everything-you-need-to-know-about#primaryimage\",\"url\":\"http:\\\/\\\/www.taxes4u.co.uk\\\/wp-content\\\/uploads\\\/2019\\\/06\\\/feature1-free-img-1.png\",\"contentUrl\":\"http:\\\/\\\/www.taxes4u.co.uk\\\/wp-content\\\/uploads\\\/2019\\\/06\\\/feature1-free-img-1.png\"},{\"@type\":\"BreadcrumbList\",\"@id\":\"https:\\\/\\\/www.taxes4u.co.uk\\\/blog-cis-registration-uk-everything-you-need-to-know-about#breadcrumb\",\"itemListElement\":[{\"@type\":\"ListItem\",\"position\":1,\"name\":\"Home\",\"item\":\"https:\\\/\\\/www.taxes4u.co.uk\\\/\"},{\"@type\":\"ListItem\",\"position\":2,\"name\":\"CIS Registration UK: Everything You Need to Know About\"}]},{\"@type\":\"WebSite\",\"@id\":\"https:\\\/\\\/www.taxes4u.co.uk\\\/#website\",\"url\":\"https:\\\/\\\/www.taxes4u.co.uk\\\/\",\"name\":\"Taxes4u\",\"description\":\"Tax Returns, Payroll, Bookkeeping\",\"publisher\":{\"@id\":\"https:\\\/\\\/www.taxes4u.co.uk\\\/#organization\"},\"potentialAction\":[{\"@type\":\"SearchAction\",\"target\":{\"@type\":\"EntryPoint\",\"urlTemplate\":\"https:\\\/\\\/www.taxes4u.co.uk\\\/?s={search_term_string}\"},\"query-input\":{\"@type\":\"PropertyValueSpecification\",\"valueRequired\":true,\"valueName\":\"search_term_string\"}}],\"inLanguage\":\"ro-RO\"},{\"@type\":\"Organization\",\"@id\":\"https:\\\/\\\/www.taxes4u.co.uk\\\/#organization\",\"name\":\"Taxes4u\",\"url\":\"https:\\\/\\\/www.taxes4u.co.uk\\\/\",\"logo\":{\"@type\":\"ImageObject\",\"inLanguage\":\"ro-RO\",\"@id\":\"https:\\\/\\\/www.taxes4u.co.uk\\\/#\\\/schema\\\/logo\\\/image\\\/\",\"url\":\"https:\\\/\\\/www.taxes4u.co.uk\\\/wp-content\\\/uploads\\\/2020\\\/06\\\/cropped-3001_Taxes4u_RB_GR-02.png\",\"contentUrl\":\"https:\\\/\\\/www.taxes4u.co.uk\\\/wp-content\\\/uploads\\\/2020\\\/06\\\/cropped-3001_Taxes4u_RB_GR-02.png\",\"width\":396,\"height\":82,\"caption\":\"Taxes4u\"},\"image\":{\"@id\":\"https:\\\/\\\/www.taxes4u.co.uk\\\/#\\\/schema\\\/logo\\\/image\\\/\"}},{\"@type\":\"Person\",\"@id\":\"https:\\\/\\\/www.taxes4u.co.uk\\\/#\\\/schema\\\/person\\\/ee06b87a03cd2c51ef99b38e96b05669\",\"name\":\"Malaicik\",\"image\":{\"@type\":\"ImageObject\",\"inLanguage\":\"ro-RO\",\"@id\":\"https:\\\/\\\/www.taxes4u.co.uk\\\/wp-content\\\/litespeed\\\/avatar\\\/de51a5554b0ffb96c04957c773c33138.jpg?ver=1776458316\",\"url\":\"https:\\\/\\\/www.taxes4u.co.uk\\\/wp-content\\\/litespeed\\\/avatar\\\/de51a5554b0ffb96c04957c773c33138.jpg?ver=1776458316\",\"contentUrl\":\"https:\\\/\\\/www.taxes4u.co.uk\\\/wp-content\\\/litespeed\\\/avatar\\\/de51a5554b0ffb96c04957c773c33138.jpg?ver=1776458316\",\"caption\":\"Malaicik\"},\"sameAs\":[\"http:\\\/\\\/taxes4u.co.uk\"],\"url\":\"https:\\\/\\\/www.taxes4u.co.uk\\\/ro\\\/author\\\/malaicik\"}]}<\/script>\n<!-- \/ Yoast SEO plugin. -->","yoast_head_json":{"title":"\u00cenregistrare CIS \u00een Marea Britanie: tot ce trebuie s\u0103 \u015fti\u0163i | Taxes4u","description":"Afla\u0163i tot ce trebuie s\u0103 \u015fti\u0163i despre \u00eenregistrarea \u00een schema CIS din Marea Britanie \u2014 pentru antreprenori \u015fi subantreprenori. Ghid complet Taxes4u.","robots":{"index":"index","follow":"follow","max-snippet":"max-snippet:-1","max-image-preview":"max-image-preview:large","max-video-preview":"max-video-preview:-1"},"canonical":"https:\/\/www.taxes4u.co.uk\/ro\/blog-cis-registration-uk-everything-you-need-to-know-about\/","og_locale":"ro_RO","og_type":"article","og_title":"CIS Registration UK: Everything You Need to Know | Taxes4u Blog","og_description":"CIS Registration UK: Discover all you need to know about Construction Industry Scheme registration for contractors & subcontractors in the UK","og_url":"https:\/\/www.taxes4u.co.uk\/ro\/blog-cis-registration-uk-everything-you-need-to-know-about\/","og_site_name":"Taxes4u","article_modified_time":"2026-04-12T09:33:04+00:00","og_image":[{"url":"http:\/\/www.taxes4u.co.uk\/wp-content\/uploads\/2019\/06\/feature1-free-img-1.png","type":"","width":"","height":""}],"twitter_card":"summary_large_image","twitter_misc":{"Timp estimat pentru citire":"3 minute"},"schema":{"@context":"https:\/\/schema.org","@graph":[{"@type":["Article","BlogPosting"],"@id":"https:\/\/www.taxes4u.co.uk\/blog-cis-registration-uk-everything-you-need-to-know-about#article","isPartOf":{"@id":"https:\/\/www.taxes4u.co.uk\/blog-cis-registration-uk-everything-you-need-to-know-about"},"author":{"name":"Malaicik","@id":"https:\/\/www.taxes4u.co.uk\/#\/schema\/person\/ee06b87a03cd2c51ef99b38e96b05669"},"headline":"CIS Registration UK: Everything You Need to Know About","datePublished":"2023-03-11T11:01:02+00:00","dateModified":"2026-04-12T09:33:04+00:00","mainEntityOfPage":{"@id":"https:\/\/www.taxes4u.co.uk\/blog-cis-registration-uk-everything-you-need-to-know-about"},"wordCount":681,"publisher":{"@id":"https:\/\/www.taxes4u.co.uk\/#organization"},"image":{"@id":"https:\/\/www.taxes4u.co.uk\/blog-cis-registration-uk-everything-you-need-to-know-about#primaryimage"},"thumbnailUrl":"http:\/\/www.taxes4u.co.uk\/wp-content\/uploads\/2019\/06\/feature1-free-img-1.png","inLanguage":"ro-RO"},{"@type":"WebPage","@id":"https:\/\/www.taxes4u.co.uk\/blog-cis-registration-uk-everything-you-need-to-know-about","url":"https:\/\/www.taxes4u.co.uk\/blog-cis-registration-uk-everything-you-need-to-know-about","name":"\u00cenregistrare CIS \u00een Marea Britanie: tot ce trebuie s\u0103 \u015fti\u0163i | Taxes4u","isPartOf":{"@id":"https:\/\/www.taxes4u.co.uk\/#website"},"primaryImageOfPage":{"@id":"https:\/\/www.taxes4u.co.uk\/blog-cis-registration-uk-everything-you-need-to-know-about#primaryimage"},"image":{"@id":"https:\/\/www.taxes4u.co.uk\/blog-cis-registration-uk-everything-you-need-to-know-about#primaryimage"},"thumbnailUrl":"http:\/\/www.taxes4u.co.uk\/wp-content\/uploads\/2019\/06\/feature1-free-img-1.png","datePublished":"2023-03-11T11:01:02+00:00","dateModified":"2026-04-12T09:33:04+00:00","description":"Afla\u0163i tot ce trebuie s\u0103 \u015fti\u0163i despre \u00eenregistrarea \u00een schema CIS din Marea Britanie \u2014 pentru antreprenori \u015fi subantreprenori. Ghid complet Taxes4u.","breadcrumb":{"@id":"https:\/\/www.taxes4u.co.uk\/blog-cis-registration-uk-everything-you-need-to-know-about#breadcrumb"},"inLanguage":"ro-RO","potentialAction":[{"@type":"ReadAction","target":["https:\/\/www.taxes4u.co.uk\/blog-cis-registration-uk-everything-you-need-to-know-about"]}]},{"@type":"ImageObject","inLanguage":"ro-RO","@id":"https:\/\/www.taxes4u.co.uk\/blog-cis-registration-uk-everything-you-need-to-know-about#primaryimage","url":"http:\/\/www.taxes4u.co.uk\/wp-content\/uploads\/2019\/06\/feature1-free-img-1.png","contentUrl":"http:\/\/www.taxes4u.co.uk\/wp-content\/uploads\/2019\/06\/feature1-free-img-1.png"},{"@type":"BreadcrumbList","@id":"https:\/\/www.taxes4u.co.uk\/blog-cis-registration-uk-everything-you-need-to-know-about#breadcrumb","itemListElement":[{"@type":"ListItem","position":1,"name":"Home","item":"https:\/\/www.taxes4u.co.uk\/"},{"@type":"ListItem","position":2,"name":"CIS Registration UK: Everything You Need to Know About"}]},{"@type":"WebSite","@id":"https:\/\/www.taxes4u.co.uk\/#website","url":"https:\/\/www.taxes4u.co.uk\/","name":"Taxes4u","description":"Declara\u021bii Fiscale, Salarizare, Contabilitate","publisher":{"@id":"https:\/\/www.taxes4u.co.uk\/#organization"},"potentialAction":[{"@type":"SearchAction","target":{"@type":"EntryPoint","urlTemplate":"https:\/\/www.taxes4u.co.uk\/?s={search_term_string}"},"query-input":{"@type":"PropertyValueSpecification","valueRequired":true,"valueName":"search_term_string"}}],"inLanguage":"ro-RO"},{"@type":"Organization","@id":"https:\/\/www.taxes4u.co.uk\/#organization","name":"Taxes4u","url":"https:\/\/www.taxes4u.co.uk\/","logo":{"@type":"ImageObject","inLanguage":"ro-RO","@id":"https:\/\/www.taxes4u.co.uk\/#\/schema\/logo\/image\/","url":"https:\/\/www.taxes4u.co.uk\/wp-content\/uploads\/2020\/06\/cropped-3001_Taxes4u_RB_GR-02.png","contentUrl":"https:\/\/www.taxes4u.co.uk\/wp-content\/uploads\/2020\/06\/cropped-3001_Taxes4u_RB_GR-02.png","width":396,"height":82,"caption":"Taxes4u"},"image":{"@id":"https:\/\/www.taxes4u.co.uk\/#\/schema\/logo\/image\/"}},{"@type":"Person","@id":"https:\/\/www.taxes4u.co.uk\/#\/schema\/person\/ee06b87a03cd2c51ef99b38e96b05669","name":"Malaicik","image":{"@type":"ImageObject","inLanguage":"ro-RO","@id":"https:\/\/www.taxes4u.co.uk\/wp-content\/litespeed\/avatar\/de51a5554b0ffb96c04957c773c33138.jpg?ver=1776458316","url":"https:\/\/www.taxes4u.co.uk\/wp-content\/litespeed\/avatar\/de51a5554b0ffb96c04957c773c33138.jpg?ver=1776458316","contentUrl":"https:\/\/www.taxes4u.co.uk\/wp-content\/litespeed\/avatar\/de51a5554b0ffb96c04957c773c33138.jpg?ver=1776458316","caption":"Malaicik"},"sameAs":["http:\/\/taxes4u.co.uk"],"url":"https:\/\/www.taxes4u.co.uk\/ro\/author\/malaicik"}]}},"uagb_featured_image_src":{"full":false,"thumbnail":false,"medium":false,"medium_large":false,"large":false,"1536x1536":false,"2048x2048":false,"trp-custom-language-flag":false},"uagb_author_info":{"display_name":"Malaicik","author_link":"https:\/\/www.taxes4u.co.uk\/ro\/author\/malaicik"},"uagb_comment_info":0,"uagb_excerpt":"Blog CIS Registration UK: Everything You Need to Know About CIS Registration UK Everything You Need to Know About Construction Industry Scheme (CIS) Introduction:If you&#8217;re working in the construction industry in the UK, you&#8217;ve likely heard about the Construction Industry Scheme (CIS). The scheme is designed to regulate payments between contractors and subcontractors in the&hellip;","_links":{"self":[{"href":"https:\/\/www.taxes4u.co.uk\/ro\/wp-json\/wp\/v2\/pages\/1692","targetHints":{"allow":["GET"]}}],"collection":[{"href":"https:\/\/www.taxes4u.co.uk\/ro\/wp-json\/wp\/v2\/pages"}],"about":[{"href":"https:\/\/www.taxes4u.co.uk\/ro\/wp-json\/wp\/v2\/types\/page"}],"author":[{"embeddable":true,"href":"https:\/\/www.taxes4u.co.uk\/ro\/wp-json\/wp\/v2\/users\/1"}],"replies":[{"embeddable":true,"href":"https:\/\/www.taxes4u.co.uk\/ro\/wp-json\/wp\/v2\/comments?post=1692"}],"version-history":[{"count":12,"href":"https:\/\/www.taxes4u.co.uk\/ro\/wp-json\/wp\/v2\/pages\/1692\/revisions"}],"predecessor-version":[{"id":2226,"href":"https:\/\/www.taxes4u.co.uk\/ro\/wp-json\/wp\/v2\/pages\/1692\/revisions\/2226"}],"wp:attachment":[{"href":"https:\/\/www.taxes4u.co.uk\/ro\/wp-json\/wp\/v2\/media?parent=1692"}],"curies":[{"name":"wp","href":"https:\/\/api.w.org\/{rel}","templated":true}]}}