{"id":1708,"date":"2023-03-11T12:25:58","date_gmt":"2023-03-11T12:25:58","guid":{"rendered":"http:\/\/www.taxes4u.co.uk\/?page_id=1708"},"modified":"2023-03-26T21:08:06","modified_gmt":"2023-03-26T21:08:06","slug":"mortgage-broker-advise-and-support-uk","status":"publish","type":"page","link":"https:\/\/www.taxes4u.co.uk\/ro\/mortgage-broker-advise-and-support-uk","title":{"rendered":"Servicii Ipotecare"},"content":{"rendered":"<h5>\n\t\t\t\tServicii\n\t\t\t<\/h5>\n\t<h1>\n\t\t\t\tConsultan\u021b\u0103 \u0219i sprijin din partea brokerului ipotecar pentru achizi\u021bionarea de propriet\u0103\u021bi\n\t\t\t<\/h1>\n\t<h2>\n\t\t\t\tConsultan\u021b\u0103 \u0219i asisten\u021b\u0103 pentru brokerul ipotecar - Asigura\u021bi-v\u0103 casa de vis cu ajutorul exper\u021bilor no\u0219tri\n\t\t\t<\/h2>\n\t<h4>\n\t\t\t\tInten\u021biona\u021bi s\u0103 cump\u0103ra\u021bi o proprietate?\n\t\t\t<\/h4>\n\t\t\t<p>Achizi\u021bionarea unei locuin\u021be este o investi\u021bie interesant\u0103, dar semnificativ\u0103, iar ob\u021binerea unui credit ipotecar este un pas crucial \u00een acest proces. Cu toate acestea, navigarea pe pia\u021ba ipotecar\u0103 complex\u0103 poate fi cople\u0219itoare. Aici intervin serviciile noastre ipotecare. Echipa noastr\u0103 de consilieri ipotecari cu experien\u021b\u0103 v\u0103 poate ajuta s\u0103 g\u0103si\u021bi ipoteca potrivit\u0103 pentru nevoile dvs. \u0219i s\u0103 v\u0103 sprijine pe tot parcursul procesului. \u00cen acest articol, vom analiza modul \u00een care serviciile noastre ipotecare v\u0103 pot ajuta s\u0103 v\u0103 \u00eendeplini\u021bi visul de a deveni proprietar de cas\u0103.<\/p>\t\n\t<h4>\n\t\t\t\tCe oferim\n\t\t\t<\/h4>\n\t\t\t<p>Oferim o gam\u0103 larg\u0103 de servicii ipotecare pentru a v\u0103 ajuta s\u0103 g\u0103si\u021bi ipoteca potrivit\u0103 pentru nevoile dumneavoastr\u0103, inclusiv:\u00a0<\/p><ul><li>Consultan\u021b\u0103 \u0219i \u00eendrumare \u00een domeniul ipotecar: Echipa noastr\u0103 de exper\u021bi va lucra cu dvs. pentru a v\u0103 \u00een\u021belege situa\u021bia financiar\u0103 \u0219i pentru a v\u0103 ajuta s\u0103 stabili\u021bi cele mai bune op\u021biuni ipotecare disponibile.<\/li><li>Compara\u021bii ale produselor ipotecare: Avem acces la o gam\u0103 larg\u0103 de creditori \u0219i produse ipotecare, ceea ce faciliteaz\u0103 g\u0103sirea celei mai bune oferte pentru dvs.<\/li><li>Cereri \u0219i depuneri de ipoteci: V\u0103 vom ghida prin procesul de solicitare, asigur\u00e2ndu-ne c\u0103 toate documentele necesare sunt completate \u0219i depuse corect.<\/li><li>Negocieri cu creditorii: Ne vom folosi expertiza pentru a negocia cu creditorii \u00een numele dvs. pentru a ob\u021bine cea mai bun\u0103 ofert\u0103 posibil\u0103.<\/li><li>Asisten\u021b\u0103 cu actele \u0219i documenta\u021bia: Vom oferi \u00eendrumare \u0219i sprijin pe parcursul \u00eentregului proces, asigur\u00e2ndu-ne c\u0103 toate actele \u0219i documentele necesare sunt completate corect \u0219i la timp.<\/li><\/ul>\t\n\t<h4>\n\t\t\t\tDe ce s\u0103 alege\u021bi serviciile noastre ipotecare?\n\t\t\t<\/h4>\n\t\t\t<ul><li>Experien\u021b\u0103: Echipa noastr\u0103 de consilieri ipotecari are ani de experien\u021b\u0103 \u00een industrie \u0219i a ajutat nenum\u0103ra\u021bi clien\u021bi s\u0103 ob\u021bin\u0103 ipoteca potrivit\u0103 pentru nevoile lor.<\/li><li>Experien\u021b\u0103: Avem cuno\u0219tin\u021be vaste despre pia\u021ba ipotecar\u0103 \u0219i v\u0103 vom oferi sfaturi \u0219i \u00eendrum\u0103ri valoroase pe parcursul \u00eentregului proces.<\/li><li>Servicii personalizate: \u00cen\u021belegem c\u0103 nevoile fiec\u0103rui client sunt unice \u0219i vom lucra \u00eempreun\u0103 cu dvs. pentru a adapta serviciile noastre pentru a v\u0103 satisface nevoile specifice.<\/li><li>Comoditate: Oferim un ghi\u0219eu unic pentru toate nevoile dvs. ipotecare, credite ipotecare ini\u021biale sau reimobiliare, f\u0103c\u00e2nd procesul mai convenabil \u0219i mai eficient.<\/li><\/ul>\t\n\t<h4>\n\t\t\t\tL\u0103sa\u021bi-ne s\u0103 v\u0103 ajut\u0103m\n\t\t\t<\/h4>\n\t\t\t<p>Asigurarea unui credit ipotecar este un pas crucial \u00een achizi\u021bionarea unei locuin\u021be. Serviciile noastre ipotecare sunt concepute pentru a face procesul mai u\u0219or, mai rapid \u0219i mai accesibil. Cu echipa noastr\u0103 de consilieri ipotecari cu experien\u021b\u0103, pute\u021bi fi siguri c\u0103 ve\u021bi g\u0103si ipoteca potrivit\u0103 pentru nevoile dvs. <a href=\"http:\/\/www.taxes4u.co.uk\/ro\/contact\/\">Contacta\u021bi-ne ast\u0103zi<\/a> pentru a afla mai multe \u0219i a v\u0103 \u00eencepe c\u0103l\u0103toria c\u0103tre proprietatea unei locuin\u021be.<\/p>\t\n\t\t\t\t<img decoding=\"async\" src=\"http:\/\/www.taxes4u.co.uk\/wp-content\/uploads\/2019\/06\/feature2-free-img-1.png\" alt=\"Servicii de returnare a impozitelor, rambursare a impozitelor \u0219i servicii de brokeraj ipotecar \u00een Marea Britanie | Taxes4u\" title=\"Taxes4u. Returnarea Impozitelor Rambursarea Impozitelor \u0219i Broker Ipotecar\" itemprop=\"image\"\/>\n\t\t\t\t<img decoding=\"async\" src=\"http:\/\/www.taxes4u.co.uk\/wp-content\/uploads\/2019\/06\/feature1-free-img-1.png\" alt=\"Taxes4u. Declara\u021bie de Impozit, Rambursare de Impozit, Salarizare \u0219i Contabilitate\" title=\"Taxes4u. Declara\u021bie de Impozit, Rambursare de Impozit, Salarizare \u0219i Contabilitate\" itemprop=\"image\"\/>\n\t<h2>\n\t\t\t\tPost\u0103ri pe blog legate de ipotec\u0103\n\t\t\t<\/h2>\n\t\t\t<ul><li><a href=\"http:\/\/www.taxes4u.co.uk\/ro\/blog-mortgage-brokers-who-are-they-and-what-services-do-they-offer\/\">Brokeri ipotecari \u00een UK: cine sunt \u015fi ce servicii ofer\u0103?<\/a><\/li><li><a href=\"http:\/\/www.taxes4u.co.uk\/ro\/blog-interest-only-vs-repayment-uk-mortgages-understanding-the-differences-for-uk-homebuyers\/\">Ipoteci cu Dob\u00e2nd\u0103 sau cu Rambursare: \u00cen\u021belegerea Diferen\u021belor Pentru Cump\u0103r\u0103torii de Locuin\u021be din Marea Britanie<\/a><\/li><li><a href=\"http:\/\/www.taxes4u.co.uk\/ro\/blog-how-much-mortgage-can-i-borrow\/\">C\u00e2t de Mult pot \u00cemprumuta?<\/a><\/li><\/ul>\t\n\t<h5>\n\t\t\t\tEstimare Gratuit\u0103\n\t\t\t<\/h5>\n\t<h2>\n\t\t\t\tSolicita\u021bi o Ofert\u0103\n\t\t\t<\/h2>\n\t\t\t<p>Vre\u021bi s\u0103 discuta\u021bi despre serviciile de contabilitate pentru dvs. \u0219i afacerea dvs.? Contacta\u021bi-ne pentru o ofert\u0103 gratuit\u0103 \u0219i f\u0103r\u0103 obliga\u021bii.<\/p>\t\n\t\t\t<a href=\"http:\/\/www.taxes4u.co.uk\/ro\/contact\/\" target=\"_self\" role=\"button\" aria-label=\"Ob\u021bine\u021bi o Ofert\u0103\" rel=\"noopener\">\n\t\t\t\t\t\t\tOb\u021bine\u021bi o Ofert\u0103\n\t\t<\/a>","protected":false},"excerpt":{"rendered":"<p>Services Mortgage Broker Advice &#038; Support for Property Purchase Mortgage Broker Advice &#038; Support &#8211; Secure Your Dream Home with Our Expert Help Are you planning to buy a property? Purchasing a home is an exciting but significant investment, and securing a mortgage is a crucial step in the process. However, navigating the complex mortgage [&hellip;]<\/p>\n","protected":false},"author":1,"featured_media":0,"parent":0,"menu_order":0,"comment_status":"closed","ping_status":"closed","template":"","meta":{"_uag_custom_page_level_css":"","site-sidebar-layout":"default","site-content-layout":"page-builder","ast-site-content-layout":"default","site-content-style":"default","site-sidebar-style":"default","ast-global-header-display":"","ast-banner-title-visibility":"","ast-main-header-display":"","ast-hfb-above-header-display":"","ast-hfb-below-header-display":"","ast-hfb-mobile-header-display":"","site-post-title":"disabled","ast-breadcrumbs-content":"","ast-featured-img":"disabled","footer-sml-layout":"","ast-disable-related-posts":"","theme-transparent-header-meta":"enabled","adv-header-id-meta":"","stick-header-meta":"default","header-above-stick-meta":"","header-main-stick-meta":"","header-below-stick-meta":"","astra-migrate-meta-layouts":"default","ast-page-background-enabled":"default","ast-page-background-meta":{"desktop":{"background-color":"","background-image":"","background-repeat":"repeat","background-position":"center center","background-size":"auto","background-attachment":"scroll","background-type":"","background-media":"","overlay-type":"","overlay-color":"","overlay-opacity":"","overlay-gradient":""},"tablet":{"background-color":"","background-image":"","background-repeat":"repeat","background-position":"center center","background-size":"auto","background-attachment":"scroll","background-type":"","background-media":"","overlay-type":"","overlay-color":"","overlay-opacity":"","overlay-gradient":""},"mobile":{"background-color":"","background-image":"","background-repeat":"repeat","background-position":"center center","background-size":"auto","background-attachment":"scroll","background-type":"","background-media":"","overlay-type":"","overlay-color":"","overlay-opacity":"","overlay-gradient":""}},"ast-content-background-meta":{"desktop":{"background-color":"var(--ast-global-color-5)","background-image":"","background-repeat":"repeat","background-position":"center center","background-size":"auto","background-attachment":"scroll","background-type":"","background-media":"","overlay-type":"","overlay-color":"","overlay-opacity":"","overlay-gradient":""},"tablet":{"background-color":"var(--ast-global-color-5)","background-image":"","background-repeat":"repeat","background-position":"center center","background-size":"auto","background-attachment":"scroll","background-type":"","background-media":"","overlay-type":"","overlay-color":"","overlay-opacity":"","overlay-gradient":""},"mobile":{"background-color":"var(--ast-global-color-5)","background-image":"","background-repeat":"repeat","background-position":"center center","background-size":"auto","background-attachment":"scroll","background-type":"","background-media":"","overlay-type":"","overlay-color":"","overlay-opacity":"","overlay-gradient":""}},"footnotes":""},"class_list":["post-1708","page","type-page","status-publish","hentry"],"yoast_head":"<!-- This site is optimized with the Yoast SEO plugin v27.4 - https:\/\/yoast.com\/product\/yoast-seo-wordpress\/ -->\n<title>Mortgage Broker Advice &amp; Support for Property Purchase | Taxes4u<\/title>\n<meta name=\"description\" content=\"Mortgage Broker Advice &amp; Support for Your Property Purchase. Get Expert Guidance from Our Experienced Mortgage Advisors. Contact Us Today!\" \/>\n<meta name=\"robots\" content=\"index, follow, max-snippet:-1, max-image-preview:large, max-video-preview:-1\" \/>\n<link rel=\"canonical\" href=\"https:\/\/www.taxes4u.co.uk\/ro\/mortgage-broker-advise-and-support-uk\/\" \/>\n<meta property=\"og:locale\" content=\"ro_RO\" \/>\n<meta property=\"og:type\" content=\"article\" \/>\n<meta property=\"og:title\" content=\"Mortgage Broker Advice &amp; Support for Property Purchase | Taxes4u\" \/>\n<meta property=\"og:description\" content=\"Mortgage Broker Advice &amp; Support for Your Property Purchase. Get Expert Guidance from Our Experienced Mortgage Advisors. Contact Us Today!\" \/>\n<meta property=\"og:url\" content=\"https:\/\/www.taxes4u.co.uk\/ro\/mortgage-broker-advise-and-support-uk\/\" \/>\n<meta property=\"og:site_name\" content=\"Taxes4u\" \/>\n<meta property=\"article:modified_time\" content=\"2023-03-26T21:08:06+00:00\" \/>\n<meta property=\"og:image\" content=\"http:\/\/www.taxes4u.co.uk\/wp-content\/uploads\/2019\/06\/feature2-free-img-1.png\" \/>\n<meta name=\"twitter:card\" content=\"summary_large_image\" \/>\n<meta name=\"twitter:label1\" content=\"Timp estimat pentru citire\" \/>\n\t<meta name=\"twitter:data1\" content=\"3 minute\" \/>\n<script type=\"application\/ld+json\" class=\"yoast-schema-graph\">{\"@context\":\"https:\\\/\\\/schema.org\",\"@graph\":[{\"@type\":\"WebPage\",\"@id\":\"https:\\\/\\\/www.taxes4u.co.uk\\\/mortgage-broker-advise-and-support-uk\",\"url\":\"https:\\\/\\\/www.taxes4u.co.uk\\\/mortgage-broker-advise-and-support-uk\",\"name\":\"Mortgage Broker Advice & Support for Property Purchase | Taxes4u\",\"isPartOf\":{\"@id\":\"https:\\\/\\\/www.taxes4u.co.uk\\\/#website\"},\"primaryImageOfPage\":{\"@id\":\"https:\\\/\\\/www.taxes4u.co.uk\\\/mortgage-broker-advise-and-support-uk#primaryimage\"},\"image\":{\"@id\":\"https:\\\/\\\/www.taxes4u.co.uk\\\/mortgage-broker-advise-and-support-uk#primaryimage\"},\"thumbnailUrl\":\"http:\\\/\\\/www.taxes4u.co.uk\\\/wp-content\\\/uploads\\\/2019\\\/06\\\/feature2-free-img-1.png\",\"datePublished\":\"2023-03-11T12:25:58+00:00\",\"dateModified\":\"2023-03-26T21:08:06+00:00\",\"description\":\"Mortgage Broker Advice & Support for Your Property Purchase. Get Expert Guidance from Our Experienced Mortgage Advisors. Contact Us Today!\",\"breadcrumb\":{\"@id\":\"https:\\\/\\\/www.taxes4u.co.uk\\\/mortgage-broker-advise-and-support-uk#breadcrumb\"},\"inLanguage\":\"ro-RO\",\"potentialAction\":[{\"@type\":\"ReadAction\",\"target\":[\"https:\\\/\\\/www.taxes4u.co.uk\\\/mortgage-broker-advise-and-support-uk\"]}]},{\"@type\":\"ImageObject\",\"inLanguage\":\"ro-RO\",\"@id\":\"https:\\\/\\\/www.taxes4u.co.uk\\\/mortgage-broker-advise-and-support-uk#primaryimage\",\"url\":\"http:\\\/\\\/www.taxes4u.co.uk\\\/wp-content\\\/uploads\\\/2019\\\/06\\\/feature2-free-img-1.png\",\"contentUrl\":\"http:\\\/\\\/www.taxes4u.co.uk\\\/wp-content\\\/uploads\\\/2019\\\/06\\\/feature2-free-img-1.png\"},{\"@type\":\"BreadcrumbList\",\"@id\":\"https:\\\/\\\/www.taxes4u.co.uk\\\/mortgage-broker-advise-and-support-uk#breadcrumb\",\"itemListElement\":[{\"@type\":\"ListItem\",\"position\":1,\"name\":\"Home\",\"item\":\"https:\\\/\\\/www.taxes4u.co.uk\\\/\"},{\"@type\":\"ListItem\",\"position\":2,\"name\":\"Mortgage Services\"}]},{\"@type\":\"WebSite\",\"@id\":\"https:\\\/\\\/www.taxes4u.co.uk\\\/#website\",\"url\":\"https:\\\/\\\/www.taxes4u.co.uk\\\/\",\"name\":\"Taxes4u\",\"description\":\"Tax Returns, Payroll, Bookkeeping\",\"publisher\":{\"@id\":\"https:\\\/\\\/www.taxes4u.co.uk\\\/#organization\"},\"potentialAction\":[{\"@type\":\"SearchAction\",\"target\":{\"@type\":\"EntryPoint\",\"urlTemplate\":\"https:\\\/\\\/www.taxes4u.co.uk\\\/?s={search_term_string}\"},\"query-input\":{\"@type\":\"PropertyValueSpecification\",\"valueRequired\":true,\"valueName\":\"search_term_string\"}}],\"inLanguage\":\"ro-RO\"},{\"@type\":\"Organization\",\"@id\":\"https:\\\/\\\/www.taxes4u.co.uk\\\/#organization\",\"name\":\"Taxes4u\",\"url\":\"https:\\\/\\\/www.taxes4u.co.uk\\\/\",\"logo\":{\"@type\":\"ImageObject\",\"inLanguage\":\"ro-RO\",\"@id\":\"https:\\\/\\\/www.taxes4u.co.uk\\\/#\\\/schema\\\/logo\\\/image\\\/\",\"url\":\"https:\\\/\\\/www.taxes4u.co.uk\\\/wp-content\\\/uploads\\\/2020\\\/06\\\/cropped-3001_Taxes4u_RB_GR-02.png\",\"contentUrl\":\"https:\\\/\\\/www.taxes4u.co.uk\\\/wp-content\\\/uploads\\\/2020\\\/06\\\/cropped-3001_Taxes4u_RB_GR-02.png\",\"width\":396,\"height\":82,\"caption\":\"Taxes4u\"},\"image\":{\"@id\":\"https:\\\/\\\/www.taxes4u.co.uk\\\/#\\\/schema\\\/logo\\\/image\\\/\"}}]}<\/script>\n<!-- \/ Yoast SEO plugin. -->","yoast_head_json":{"title":"Consiliere \u0219i sprijin din partea brokerului ipotecar pentru achizi\u021bionarea unei propriet\u0103\u021bi | Taxes4u","description":"Consultan\u021b\u0103 \u0219i sprijin din partea brokerului ipotecar pentru achizi\u021bionarea propriet\u0103\u021bii dvs. Ob\u021bine\u021bi \u00eendrumare de la consilierii no\u0219tri ipotecari cu experien\u021b\u0103. Contacta\u021bi-ne ast\u0103zi!","robots":{"index":"index","follow":"follow","max-snippet":"max-snippet:-1","max-image-preview":"max-image-preview:large","max-video-preview":"max-video-preview:-1"},"canonical":"https:\/\/www.taxes4u.co.uk\/ro\/mortgage-broker-advise-and-support-uk\/","og_locale":"ro_RO","og_type":"article","og_title":"Mortgage Broker Advice & Support for Property Purchase | Taxes4u","og_description":"Mortgage Broker Advice & Support for Your Property Purchase. Get Expert Guidance from Our Experienced Mortgage Advisors. Contact Us Today!","og_url":"https:\/\/www.taxes4u.co.uk\/ro\/mortgage-broker-advise-and-support-uk\/","og_site_name":"Taxes4u","article_modified_time":"2023-03-26T21:08:06+00:00","og_image":[{"url":"http:\/\/www.taxes4u.co.uk\/wp-content\/uploads\/2019\/06\/feature2-free-img-1.png","type":"","width":"","height":""}],"twitter_card":"summary_large_image","twitter_misc":{"Timp estimat pentru citire":"3 minute"},"schema":{"@context":"https:\/\/schema.org","@graph":[{"@type":"WebPage","@id":"https:\/\/www.taxes4u.co.uk\/mortgage-broker-advise-and-support-uk","url":"https:\/\/www.taxes4u.co.uk\/mortgage-broker-advise-and-support-uk","name":"Consiliere \u0219i sprijin din partea brokerului ipotecar pentru achizi\u021bionarea unei propriet\u0103\u021bi | Taxes4u","isPartOf":{"@id":"https:\/\/www.taxes4u.co.uk\/#website"},"primaryImageOfPage":{"@id":"https:\/\/www.taxes4u.co.uk\/mortgage-broker-advise-and-support-uk#primaryimage"},"image":{"@id":"https:\/\/www.taxes4u.co.uk\/mortgage-broker-advise-and-support-uk#primaryimage"},"thumbnailUrl":"http:\/\/www.taxes4u.co.uk\/wp-content\/uploads\/2019\/06\/feature2-free-img-1.png","datePublished":"2023-03-11T12:25:58+00:00","dateModified":"2023-03-26T21:08:06+00:00","description":"Consultan\u021b\u0103 \u0219i sprijin din partea brokerului ipotecar pentru achizi\u021bionarea propriet\u0103\u021bii dvs. Ob\u021bine\u021bi \u00eendrumare de la consilierii no\u0219tri ipotecari cu experien\u021b\u0103. Contacta\u021bi-ne ast\u0103zi!","breadcrumb":{"@id":"https:\/\/www.taxes4u.co.uk\/mortgage-broker-advise-and-support-uk#breadcrumb"},"inLanguage":"ro-RO","potentialAction":[{"@type":"ReadAction","target":["https:\/\/www.taxes4u.co.uk\/mortgage-broker-advise-and-support-uk"]}]},{"@type":"ImageObject","inLanguage":"ro-RO","@id":"https:\/\/www.taxes4u.co.uk\/mortgage-broker-advise-and-support-uk#primaryimage","url":"http:\/\/www.taxes4u.co.uk\/wp-content\/uploads\/2019\/06\/feature2-free-img-1.png","contentUrl":"http:\/\/www.taxes4u.co.uk\/wp-content\/uploads\/2019\/06\/feature2-free-img-1.png"},{"@type":"BreadcrumbList","@id":"https:\/\/www.taxes4u.co.uk\/mortgage-broker-advise-and-support-uk#breadcrumb","itemListElement":[{"@type":"ListItem","position":1,"name":"Home","item":"https:\/\/www.taxes4u.co.uk\/"},{"@type":"ListItem","position":2,"name":"Mortgage Services"}]},{"@type":"WebSite","@id":"https:\/\/www.taxes4u.co.uk\/#website","url":"https:\/\/www.taxes4u.co.uk\/","name":"Taxes4u","description":"Declara\u021bii Fiscale, Salarizare, Contabilitate","publisher":{"@id":"https:\/\/www.taxes4u.co.uk\/#organization"},"potentialAction":[{"@type":"SearchAction","target":{"@type":"EntryPoint","urlTemplate":"https:\/\/www.taxes4u.co.uk\/?s={search_term_string}"},"query-input":{"@type":"PropertyValueSpecification","valueRequired":true,"valueName":"search_term_string"}}],"inLanguage":"ro-RO"},{"@type":"Organization","@id":"https:\/\/www.taxes4u.co.uk\/#organization","name":"Taxes4u","url":"https:\/\/www.taxes4u.co.uk\/","logo":{"@type":"ImageObject","inLanguage":"ro-RO","@id":"https:\/\/www.taxes4u.co.uk\/#\/schema\/logo\/image\/","url":"https:\/\/www.taxes4u.co.uk\/wp-content\/uploads\/2020\/06\/cropped-3001_Taxes4u_RB_GR-02.png","contentUrl":"https:\/\/www.taxes4u.co.uk\/wp-content\/uploads\/2020\/06\/cropped-3001_Taxes4u_RB_GR-02.png","width":396,"height":82,"caption":"Taxes4u"},"image":{"@id":"https:\/\/www.taxes4u.co.uk\/#\/schema\/logo\/image\/"}}]}},"uagb_featured_image_src":{"full":false,"thumbnail":false,"medium":false,"medium_large":false,"large":false,"1536x1536":false,"2048x2048":false,"trp-custom-language-flag":false},"uagb_author_info":{"display_name":"Malaicik","author_link":"https:\/\/www.taxes4u.co.uk\/ro\/author\/malaicik"},"uagb_comment_info":0,"uagb_excerpt":"Services Mortgage Broker Advice &#038; Support for Property Purchase Mortgage Broker Advice &#038; Support &#8211; Secure Your Dream Home with Our Expert Help Are you planning to buy a property? Purchasing a home is an exciting but significant investment, and securing a mortgage is a crucial step in the process. However, navigating the complex mortgage&hellip;","_links":{"self":[{"href":"https:\/\/www.taxes4u.co.uk\/ro\/wp-json\/wp\/v2\/pages\/1708","targetHints":{"allow":["GET"]}}],"collection":[{"href":"https:\/\/www.taxes4u.co.uk\/ro\/wp-json\/wp\/v2\/pages"}],"about":[{"href":"https:\/\/www.taxes4u.co.uk\/ro\/wp-json\/wp\/v2\/types\/page"}],"author":[{"embeddable":true,"href":"https:\/\/www.taxes4u.co.uk\/ro\/wp-json\/wp\/v2\/users\/1"}],"replies":[{"embeddable":true,"href":"https:\/\/www.taxes4u.co.uk\/ro\/wp-json\/wp\/v2\/comments?post=1708"}],"version-history":[{"count":18,"href":"https:\/\/www.taxes4u.co.uk\/ro\/wp-json\/wp\/v2\/pages\/1708\/revisions"}],"predecessor-version":[{"id":1819,"href":"https:\/\/www.taxes4u.co.uk\/ro\/wp-json\/wp\/v2\/pages\/1708\/revisions\/1819"}],"wp:attachment":[{"href":"https:\/\/www.taxes4u.co.uk\/ro\/wp-json\/wp\/v2\/media?parent=1708"}],"curies":[{"name":"wp","href":"https:\/\/api.w.org\/{rel}","templated":true}]}}