{"id":1770,"date":"2023-03-17T17:59:07","date_gmt":"2023-03-17T17:59:07","guid":{"rendered":"http:\/\/www.taxes4u.co.uk\/?page_id=1770"},"modified":"2024-04-21T20:45:03","modified_gmt":"2024-04-21T20:45:03","slug":"blog-how-much-mortgage-can-i-borrow","status":"publish","type":"page","link":"https:\/\/www.taxes4u.co.uk\/ro\/blog-how-much-mortgage-can-i-borrow","title":{"rendered":"C\u00e2t de Mult pot \u00cemprumuta?"},"content":{"rendered":"<h5>\n\t\t\t\tBlog\n\t\t\t<\/h5>\n\t<h1>\n\t\t\t\tC\u00e2t de mult pot \u00eemprumuta din creditul ipotecar?\n\t\t\t<\/h1>\n\t<h2>\n\t\t\t\tC\u00e2t pot \u00eemprumuta pentru ipotec\u0103 \u00een Marea Britanie? | Taxes4u \n\t\t\t<\/h2>\n\t<h2>\n\t\t\t\tFactorii care determin\u0103 valoarea creditului ipotecar pe care \u00eel pute\u021bi contracta\n\t\t\t<\/h2>\n\t\t\t<p>The amount of mortgage you can borrow depends on several factors, including your income, expenses, credit history, and the lender&#8217;s criteria. Here are some of the key factors that lenders typically consider when determining how much mortgage you can borrow:\u00a0<ol><li><strong>Venituri<\/strong>: Creditorii vor lua \u00een considerare venitul dumneavoastr\u0103, inclusiv orice bonusuri sau plata orelor suplimentare, pentru a determina capacitatea dumneavoastr\u0103 de a face pl\u0103\u021bi ipotecare. Majoritatea creditorilor vor solicita ca plata ipotecar\u0103 s\u0103 nu dep\u0103\u0219easc\u0103 un anumit procent din venitul dumneavoastr\u0103, de obicei \u00eentre 28% \u0219i 36%.<\/li><li><strong>Cheltuieli<\/strong>: De asemenea, creditorii se vor uita la celelalte cheltuieli ale dvs., cum ar fi pl\u0103\u021bile cardurilor de credit, creditele auto \u0219i alte pl\u0103\u021bi lunare, pentru a determina capacitatea dvs. de a face pl\u0103\u021bi ipotecare. Ace\u0219tia v\u0103 vor calcula raportul datorie\/venit (DTI) pentru a determina c\u00e2t de mult v\u0103 pute\u021bi permite s\u0103 pl\u0103ti\u021bi ipoteca. De obicei, creditorii prefer\u0103 un raport DTI de 43% sau mai mic.<\/li><li><strong>Istoric de credit<\/strong>: Istoricul dvs. de credit \u0219i scorul dvs. de credit vor fi, de asemenea, factori importan\u021bi \u00een stabilirea sumei ipotecare pe care o pute\u021bi \u00eemprumuta. Un istoric de credit bun \u0219i un scor de credit ridicat v\u0103 vor face mai atractiv pentru creditori \u0219i v\u0103 pot permite s\u0103 \u00eemprumuta\u021bi mai mult.<\/li><li><strong>Plata ini\u021bial\u0103<\/strong>: Valoarea avansului dvs. va avea, de asemenea, un impact asupra valorii creditului ipotecar pe care \u00eel pute\u021bi \u00eemprumuta. Cu c\u00e2t avansul este mai mare, cu at\u00e2t va fi mai pu\u021bin necesar s\u0103 \u00eemprumuta\u021bi \u0219i cu at\u00e2t este mai probabil s\u0103 vi se aprobe un credit ipotecar mai mare.<\/li><li><strong>Ratele dob\u00e2nzilor<\/strong>: Ratele actuale ale dob\u00e2nzii oferite de creditori vor afecta, de asemenea, valoarea creditului ipotecar pe care \u00eel pute\u021bi \u00eemprumuta. Ratele sc\u0103zute ale dob\u00e2nzii \u00eenseamn\u0103 c\u0103 v\u0103 pute\u021bi permite un credit ipotecar mai mare, \u00een timp ce ratele ridicate ale dob\u00e2nzii pot limita suma pe care o pute\u021bi \u00eemprumuta.<\/li><\/ol>\u00a0Pentru a v\u0103 face o idee mai precis\u0103 despre creditul ipotecar pe care \u00eel pute\u021bi \u00eemprumuta, <a href=\"http:\/\/www.taxes4u.co.uk\/ro\/contact\/\">contacta\u021bi brokerul nostru<\/a> care v\u0103 poate evalua situa\u021bia financiar\u0103 \u0219i v\u0103 poate oferi consiliere personalizat\u0103.\u00a0<a href=\"http:\/\/www.taxes4u.co.uk\/ro\/mortgage-calculator\/\">Calculator ipotecar gratuit<\/a>\u00a0&#8211; Estimate your monthly repayments, total interest, and more. Use our free Mortgage Calculator today!<\/p>\t\n\t<h4>\n\t\t\t\tAlte articole de pe blog care v-ar putea interesa\n\t\t\t<\/h4>\n\t\t\t<ul><li><a href=\"https:\/\/www.taxes4u.co.uk\/ro\/blog-ultimate-guide-to-self-employed-mortgages-in-the-uk-navigating-tax-returns-sa302-and-more\/\">Ghidul suprem pentru creditele ipotecare pentru lucr\u0103torii independen\u021bi din Marea Britanie: Cum s\u0103 naviga\u021bi printre declara\u021biile fiscale, SA302 \u0219i multe altele<\/a><\/li><li><a href=\"http:\/\/www.taxes4u.co.uk\/ro\/blog-mortgage-brokers-who-are-they-and-what-services-do-they-offer\/\">Brokeri ipotecari \u00een UK: cine sunt \u015fi ce servicii ofer\u0103?<\/a><\/li><li><a href=\"http:\/\/www.taxes4u.co.uk\/ro\/blog-interest-only-vs-repayment-uk-mortgages-understanding-the-differences-for-uk-homebuyers\/\">Ipoteci cu Dob\u00e2nd\u0103 sau cu Rambursare: \u00cen\u021belegerea Diferen\u021belor Pentru Cump\u0103r\u0103torii de Locuin\u021be din Marea Britanie<\/a><\/li><li><a href=\"https:\/\/www.taxes4u.co.uk\/ro\/blog-uk-buy-to-let-mortgage-rates-types-a-comprehensive-guide\/\">Ipotec\u0103 buy-to-let \u00een UK: rate \u015fi tipuri | Taxes4u<\/a><\/li><li><a href=\"http:\/\/www.taxes4u.co.uk\/ro\/blog-timelines-guidelines-and-recommendations-for-the-uk-tax-return-submission\/\">Termene, orient\u0103ri \u0219i recomand\u0103ri pentru depunerea declara\u021biei fiscale \u00een Marea Britanie<\/a><\/li><li><a href=\"http:\/\/www.taxes4u.co.uk\/ro\/blog-late-tax-return-penalties-and-appeals\/\">Penalit\u0103\u021bi \u0219i recursuri pentru declara\u021biile fiscale \u00eent\u00e2rziate - Ce sunt \u0219i cum s\u0103 le gestiona\u021bi?<\/a><\/li><li><a href=\"http:\/\/www.taxes4u.co.uk\/ro\/blog-how-to-register-as-self-employed-in-the-uk-a-step-by-step-guide\/\">Cum s\u0103 v\u0103 \u00cenregistra\u021bi ca Lucr\u0103tor Independent \u00een Marea Britanie: Un Ghid Pas cu Pas<\/a><\/li><\/ul>\t\n\t\t\t\t<img decoding=\"async\" src=\"http:\/\/www.taxes4u.co.uk\/wp-content\/uploads\/2019\/06\/feature2-free-img-1.png\" alt=\"Servicii de returnare a impozitelor, rambursare a impozitelor \u0219i servicii de brokeraj ipotecar \u00een Marea Britanie | Taxes4u\" title=\"Taxes4u. Returnarea Impozitelor Rambursarea Impozitelor \u0219i Broker Ipotecar\" itemprop=\"image\"\/>\n\t<h5>\n\t\t\t\tEstimare Gratuit\u0103\n\t\t\t<\/h5>\n\t<h2>\n\t\t\t\tSolicita\u021bi o Ofert\u0103\n\t\t\t<\/h2>\n\t\t\t<p>Vre\u021bi s\u0103 discuta\u021bi despre serviciile de contabilitate pentru dvs. \u0219i afacerea dvs.? Contacta\u021bi-ne pentru o ofert\u0103 gratuit\u0103 \u0219i f\u0103r\u0103 obliga\u021bii.<\/p>\t\n\t\t\t<a href=\"http:\/\/www.taxes4u.co.uk\/ro\/contact\/\" target=\"_self\" role=\"button\" aria-label=\"Ob\u021bine\u021bi o Ofert\u0103\" rel=\"noopener\">\n\t\t\t\t\t\t\tOb\u021bine\u021bi o Ofert\u0103\n\t\t<\/a>","protected":false},"excerpt":{"rendered":"<p>Blog How Much Mortgage Can I Borrow? How Much Mortgage Can I Borrow? Tips and Factors to Consider Factors That Determine How Much Mortgage You Can Borrow The amount of mortgage you can borrow depends on several factors, including your income, expenses, credit history, and the lender&#8217;s criteria. Here are some of the key factors [&hellip;]<\/p>\n","protected":false},"author":1,"featured_media":0,"parent":0,"menu_order":0,"comment_status":"closed","ping_status":"closed","template":"","meta":{"_uag_custom_page_level_css":"","site-sidebar-layout":"default","site-content-layout":"page-builder","ast-site-content-layout":"default","site-content-style":"default","site-sidebar-style":"default","ast-global-header-display":"","ast-banner-title-visibility":"","ast-main-header-display":"","ast-hfb-above-header-display":"","ast-hfb-below-header-display":"","ast-hfb-mobile-header-display":"","site-post-title":"disabled","ast-breadcrumbs-content":"","ast-featured-img":"disabled","footer-sml-layout":"","ast-disable-related-posts":"","theme-transparent-header-meta":"enabled","adv-header-id-meta":"","stick-header-meta":"default","header-above-stick-meta":"","header-main-stick-meta":"","header-below-stick-meta":"","astra-migrate-meta-layouts":"default","ast-page-background-enabled":"default","ast-page-background-meta":{"desktop":{"background-color":"","background-image":"","background-repeat":"repeat","background-position":"center center","background-size":"auto","background-attachment":"scroll","background-type":"","background-media":"","overlay-type":"","overlay-color":"","overlay-opacity":"","overlay-gradient":""},"tablet":{"background-color":"","background-image":"","background-repeat":"repeat","background-position":"center center","background-size":"auto","background-attachment":"scroll","background-type":"","background-media":"","overlay-type":"","overlay-color":"","overlay-opacity":"","overlay-gradient":""},"mobile":{"background-color":"","background-image":"","background-repeat":"repeat","background-position":"center center","background-size":"auto","background-attachment":"scroll","background-type":"","background-media":"","overlay-type":"","overlay-color":"","overlay-opacity":"","overlay-gradient":""}},"ast-content-background-meta":{"desktop":{"background-color":"var(--ast-global-color-5)","background-image":"","background-repeat":"repeat","background-position":"center center","background-size":"auto","background-attachment":"scroll","background-type":"","background-media":"","overlay-type":"","overlay-color":"","overlay-opacity":"","overlay-gradient":""},"tablet":{"background-color":"var(--ast-global-color-5)","background-image":"","background-repeat":"repeat","background-position":"center center","background-size":"auto","background-attachment":"scroll","background-type":"","background-media":"","overlay-type":"","overlay-color":"","overlay-opacity":"","overlay-gradient":""},"mobile":{"background-color":"var(--ast-global-color-5)","background-image":"","background-repeat":"repeat","background-position":"center center","background-size":"auto","background-attachment":"scroll","background-type":"","background-media":"","overlay-type":"","overlay-color":"","overlay-opacity":"","overlay-gradient":""}},"footnotes":""},"class_list":["post-1770","page","type-page","status-publish","hentry"],"yoast_head":"<!-- This site is optimized with the Yoast SEO plugin v27.4 - https:\/\/yoast.com\/product\/yoast-seo-wordpress\/ -->\n<title>How Much Mortgage Can I Borrow? Tips and Factors to Consider<\/title>\n<meta name=\"description\" content=\"How Much Mortgage Can I Borrow? Learn about key factors that can affect your borrowing: income, expenses, credit history, and down payment.\" \/>\n<meta name=\"robots\" content=\"index, follow, max-snippet:-1, max-image-preview:large, max-video-preview:-1\" \/>\n<link rel=\"canonical\" href=\"https:\/\/www.taxes4u.co.uk\/ro\/blog-how-much-mortgage-can-i-borrow\/\" \/>\n<meta property=\"og:locale\" content=\"ro_RO\" \/>\n<meta property=\"og:type\" content=\"article\" \/>\n<meta property=\"og:title\" content=\"How Much Mortgage Can I Borrow? Tips and Factors to Consider\" \/>\n<meta property=\"og:description\" content=\"How Much Mortgage Can I Borrow? Learn about key factors that can affect your borrowing: income, expenses, credit history, and down payment.\" \/>\n<meta property=\"og:url\" content=\"https:\/\/www.taxes4u.co.uk\/ro\/blog-how-much-mortgage-can-i-borrow\/\" \/>\n<meta property=\"og:site_name\" content=\"Taxes4u\" \/>\n<meta property=\"article:modified_time\" content=\"2024-04-21T20:45:03+00:00\" \/>\n<meta property=\"og:image\" content=\"http:\/\/www.taxes4u.co.uk\/wp-content\/uploads\/2019\/06\/feature2-free-img-1.png\" \/>\n<meta name=\"twitter:card\" content=\"summary_large_image\" \/>\n<script type=\"application\/ld+json\" class=\"yoast-schema-graph\">{\"@context\":\"https:\\\/\\\/schema.org\",\"@graph\":[{\"@type\":[\"Article\",\"BlogPosting\"],\"@id\":\"https:\\\/\\\/www.taxes4u.co.uk\\\/blog-how-much-mortgage-can-i-borrow#article\",\"isPartOf\":{\"@id\":\"https:\\\/\\\/www.taxes4u.co.uk\\\/blog-how-much-mortgage-can-i-borrow\"},\"author\":{\"name\":\"Malaicik\",\"@id\":\"https:\\\/\\\/www.taxes4u.co.uk\\\/#\\\/schema\\\/person\\\/ee06b87a03cd2c51ef99b38e96b05669\"},\"headline\":\"How much mortgage can I borrow?\",\"datePublished\":\"2023-03-17T17:59:07+00:00\",\"dateModified\":\"2024-04-21T20:45:03+00:00\",\"mainEntityOfPage\":{\"@id\":\"https:\\\/\\\/www.taxes4u.co.uk\\\/blog-how-much-mortgage-can-i-borrow\"},\"wordCount\":454,\"publisher\":{\"@id\":\"https:\\\/\\\/www.taxes4u.co.uk\\\/#organization\"},\"image\":{\"@id\":\"https:\\\/\\\/www.taxes4u.co.uk\\\/blog-how-much-mortgage-can-i-borrow#primaryimage\"},\"thumbnailUrl\":\"http:\\\/\\\/www.taxes4u.co.uk\\\/wp-content\\\/uploads\\\/2019\\\/06\\\/feature2-free-img-1.png\",\"inLanguage\":\"ro-RO\"},{\"@type\":\"WebPage\",\"@id\":\"https:\\\/\\\/www.taxes4u.co.uk\\\/blog-how-much-mortgage-can-i-borrow\",\"url\":\"https:\\\/\\\/www.taxes4u.co.uk\\\/blog-how-much-mortgage-can-i-borrow\",\"name\":\"How Much Mortgage Can I Borrow? Tips and Factors to Consider\",\"isPartOf\":{\"@id\":\"https:\\\/\\\/www.taxes4u.co.uk\\\/#website\"},\"primaryImageOfPage\":{\"@id\":\"https:\\\/\\\/www.taxes4u.co.uk\\\/blog-how-much-mortgage-can-i-borrow#primaryimage\"},\"image\":{\"@id\":\"https:\\\/\\\/www.taxes4u.co.uk\\\/blog-how-much-mortgage-can-i-borrow#primaryimage\"},\"thumbnailUrl\":\"http:\\\/\\\/www.taxes4u.co.uk\\\/wp-content\\\/uploads\\\/2019\\\/06\\\/feature2-free-img-1.png\",\"datePublished\":\"2023-03-17T17:59:07+00:00\",\"dateModified\":\"2024-04-21T20:45:03+00:00\",\"description\":\"How Much Mortgage Can I Borrow? Learn about key factors that can affect your borrowing: income, expenses, credit history, and down payment.\",\"breadcrumb\":{\"@id\":\"https:\\\/\\\/www.taxes4u.co.uk\\\/blog-how-much-mortgage-can-i-borrow#breadcrumb\"},\"inLanguage\":\"ro-RO\",\"potentialAction\":[{\"@type\":\"ReadAction\",\"target\":[\"https:\\\/\\\/www.taxes4u.co.uk\\\/blog-how-much-mortgage-can-i-borrow\"]}]},{\"@type\":\"ImageObject\",\"inLanguage\":\"ro-RO\",\"@id\":\"https:\\\/\\\/www.taxes4u.co.uk\\\/blog-how-much-mortgage-can-i-borrow#primaryimage\",\"url\":\"http:\\\/\\\/www.taxes4u.co.uk\\\/wp-content\\\/uploads\\\/2019\\\/06\\\/feature2-free-img-1.png\",\"contentUrl\":\"http:\\\/\\\/www.taxes4u.co.uk\\\/wp-content\\\/uploads\\\/2019\\\/06\\\/feature2-free-img-1.png\"},{\"@type\":\"BreadcrumbList\",\"@id\":\"https:\\\/\\\/www.taxes4u.co.uk\\\/blog-how-much-mortgage-can-i-borrow#breadcrumb\",\"itemListElement\":[{\"@type\":\"ListItem\",\"position\":1,\"name\":\"Home\",\"item\":\"https:\\\/\\\/www.taxes4u.co.uk\\\/\"},{\"@type\":\"ListItem\",\"position\":2,\"name\":\"How much mortgage can I borrow?\"}]},{\"@type\":\"WebSite\",\"@id\":\"https:\\\/\\\/www.taxes4u.co.uk\\\/#website\",\"url\":\"https:\\\/\\\/www.taxes4u.co.uk\\\/\",\"name\":\"Taxes4u\",\"description\":\"Tax Returns, Payroll, Bookkeeping\",\"publisher\":{\"@id\":\"https:\\\/\\\/www.taxes4u.co.uk\\\/#organization\"},\"potentialAction\":[{\"@type\":\"SearchAction\",\"target\":{\"@type\":\"EntryPoint\",\"urlTemplate\":\"https:\\\/\\\/www.taxes4u.co.uk\\\/?s={search_term_string}\"},\"query-input\":{\"@type\":\"PropertyValueSpecification\",\"valueRequired\":true,\"valueName\":\"search_term_string\"}}],\"inLanguage\":\"ro-RO\"},{\"@type\":\"Organization\",\"@id\":\"https:\\\/\\\/www.taxes4u.co.uk\\\/#organization\",\"name\":\"Taxes4u\",\"url\":\"https:\\\/\\\/www.taxes4u.co.uk\\\/\",\"logo\":{\"@type\":\"ImageObject\",\"inLanguage\":\"ro-RO\",\"@id\":\"https:\\\/\\\/www.taxes4u.co.uk\\\/#\\\/schema\\\/logo\\\/image\\\/\",\"url\":\"https:\\\/\\\/www.taxes4u.co.uk\\\/wp-content\\\/uploads\\\/2020\\\/06\\\/cropped-3001_Taxes4u_RB_GR-02.png\",\"contentUrl\":\"https:\\\/\\\/www.taxes4u.co.uk\\\/wp-content\\\/uploads\\\/2020\\\/06\\\/cropped-3001_Taxes4u_RB_GR-02.png\",\"width\":396,\"height\":82,\"caption\":\"Taxes4u\"},\"image\":{\"@id\":\"https:\\\/\\\/www.taxes4u.co.uk\\\/#\\\/schema\\\/logo\\\/image\\\/\"}},{\"@type\":\"Person\",\"@id\":\"https:\\\/\\\/www.taxes4u.co.uk\\\/#\\\/schema\\\/person\\\/ee06b87a03cd2c51ef99b38e96b05669\",\"name\":\"Malaicik\",\"image\":{\"@type\":\"ImageObject\",\"inLanguage\":\"ro-RO\",\"@id\":\"https:\\\/\\\/www.taxes4u.co.uk\\\/wp-content\\\/litespeed\\\/avatar\\\/de51a5554b0ffb96c04957c773c33138.jpg?ver=1776458316\",\"url\":\"https:\\\/\\\/www.taxes4u.co.uk\\\/wp-content\\\/litespeed\\\/avatar\\\/de51a5554b0ffb96c04957c773c33138.jpg?ver=1776458316\",\"contentUrl\":\"https:\\\/\\\/www.taxes4u.co.uk\\\/wp-content\\\/litespeed\\\/avatar\\\/de51a5554b0ffb96c04957c773c33138.jpg?ver=1776458316\",\"caption\":\"Malaicik\"},\"sameAs\":[\"http:\\\/\\\/taxes4u.co.uk\"],\"url\":\"https:\\\/\\\/www.taxes4u.co.uk\\\/ro\\\/author\\\/malaicik\"}]}<\/script>\n<!-- \/ Yoast SEO plugin. -->","yoast_head_json":{"title":"C\u00e2t pot \u00eemprumuta pentru ipotec\u0103 \u00een Marea Britanie? | Taxes4u","description":"Afla\u0163i despre factorii cheie care influen\u0163eaz\u0103 suma \u00eemprumutat\u0103 pentru ipotec\u0103 \u00een UK: venit, cheltuieli, istoricul de credit \u015fi avansul.","robots":{"index":"index","follow":"follow","max-snippet":"max-snippet:-1","max-image-preview":"max-image-preview:large","max-video-preview":"max-video-preview:-1"},"canonical":"https:\/\/www.taxes4u.co.uk\/ro\/blog-how-much-mortgage-can-i-borrow\/","og_locale":"ro_RO","og_type":"article","og_title":"How Much Mortgage Can I Borrow? Tips and Factors to Consider","og_description":"How Much Mortgage Can I Borrow? Learn about key factors that can affect your borrowing: income, expenses, credit history, and down payment.","og_url":"https:\/\/www.taxes4u.co.uk\/ro\/blog-how-much-mortgage-can-i-borrow\/","og_site_name":"Taxes4u","article_modified_time":"2024-04-21T20:45:03+00:00","og_image":[{"url":"http:\/\/www.taxes4u.co.uk\/wp-content\/uploads\/2019\/06\/feature2-free-img-1.png","type":"","width":"","height":""}],"twitter_card":"summary_large_image","schema":{"@context":"https:\/\/schema.org","@graph":[{"@type":["Article","BlogPosting"],"@id":"https:\/\/www.taxes4u.co.uk\/blog-how-much-mortgage-can-i-borrow#article","isPartOf":{"@id":"https:\/\/www.taxes4u.co.uk\/blog-how-much-mortgage-can-i-borrow"},"author":{"name":"Malaicik","@id":"https:\/\/www.taxes4u.co.uk\/#\/schema\/person\/ee06b87a03cd2c51ef99b38e96b05669"},"headline":"How much mortgage can I borrow?","datePublished":"2023-03-17T17:59:07+00:00","dateModified":"2024-04-21T20:45:03+00:00","mainEntityOfPage":{"@id":"https:\/\/www.taxes4u.co.uk\/blog-how-much-mortgage-can-i-borrow"},"wordCount":454,"publisher":{"@id":"https:\/\/www.taxes4u.co.uk\/#organization"},"image":{"@id":"https:\/\/www.taxes4u.co.uk\/blog-how-much-mortgage-can-i-borrow#primaryimage"},"thumbnailUrl":"http:\/\/www.taxes4u.co.uk\/wp-content\/uploads\/2019\/06\/feature2-free-img-1.png","inLanguage":"ro-RO"},{"@type":"WebPage","@id":"https:\/\/www.taxes4u.co.uk\/blog-how-much-mortgage-can-i-borrow","url":"https:\/\/www.taxes4u.co.uk\/blog-how-much-mortgage-can-i-borrow","name":"C\u00e2t pot \u00eemprumuta pentru ipotec\u0103 \u00een Marea Britanie? | Taxes4u","isPartOf":{"@id":"https:\/\/www.taxes4u.co.uk\/#website"},"primaryImageOfPage":{"@id":"https:\/\/www.taxes4u.co.uk\/blog-how-much-mortgage-can-i-borrow#primaryimage"},"image":{"@id":"https:\/\/www.taxes4u.co.uk\/blog-how-much-mortgage-can-i-borrow#primaryimage"},"thumbnailUrl":"http:\/\/www.taxes4u.co.uk\/wp-content\/uploads\/2019\/06\/feature2-free-img-1.png","datePublished":"2023-03-17T17:59:07+00:00","dateModified":"2024-04-21T20:45:03+00:00","description":"Afla\u0163i despre factorii cheie care influen\u0163eaz\u0103 suma \u00eemprumutat\u0103 pentru ipotec\u0103 \u00een UK: venit, cheltuieli, istoricul de credit \u015fi avansul.","breadcrumb":{"@id":"https:\/\/www.taxes4u.co.uk\/blog-how-much-mortgage-can-i-borrow#breadcrumb"},"inLanguage":"ro-RO","potentialAction":[{"@type":"ReadAction","target":["https:\/\/www.taxes4u.co.uk\/blog-how-much-mortgage-can-i-borrow"]}]},{"@type":"ImageObject","inLanguage":"ro-RO","@id":"https:\/\/www.taxes4u.co.uk\/blog-how-much-mortgage-can-i-borrow#primaryimage","url":"http:\/\/www.taxes4u.co.uk\/wp-content\/uploads\/2019\/06\/feature2-free-img-1.png","contentUrl":"http:\/\/www.taxes4u.co.uk\/wp-content\/uploads\/2019\/06\/feature2-free-img-1.png"},{"@type":"BreadcrumbList","@id":"https:\/\/www.taxes4u.co.uk\/blog-how-much-mortgage-can-i-borrow#breadcrumb","itemListElement":[{"@type":"ListItem","position":1,"name":"Home","item":"https:\/\/www.taxes4u.co.uk\/"},{"@type":"ListItem","position":2,"name":"How much mortgage can I borrow?"}]},{"@type":"WebSite","@id":"https:\/\/www.taxes4u.co.uk\/#website","url":"https:\/\/www.taxes4u.co.uk\/","name":"Taxes4u","description":"Declara\u021bii Fiscale, Salarizare, Contabilitate","publisher":{"@id":"https:\/\/www.taxes4u.co.uk\/#organization"},"potentialAction":[{"@type":"SearchAction","target":{"@type":"EntryPoint","urlTemplate":"https:\/\/www.taxes4u.co.uk\/?s={search_term_string}"},"query-input":{"@type":"PropertyValueSpecification","valueRequired":true,"valueName":"search_term_string"}}],"inLanguage":"ro-RO"},{"@type":"Organization","@id":"https:\/\/www.taxes4u.co.uk\/#organization","name":"Taxes4u","url":"https:\/\/www.taxes4u.co.uk\/","logo":{"@type":"ImageObject","inLanguage":"ro-RO","@id":"https:\/\/www.taxes4u.co.uk\/#\/schema\/logo\/image\/","url":"https:\/\/www.taxes4u.co.uk\/wp-content\/uploads\/2020\/06\/cropped-3001_Taxes4u_RB_GR-02.png","contentUrl":"https:\/\/www.taxes4u.co.uk\/wp-content\/uploads\/2020\/06\/cropped-3001_Taxes4u_RB_GR-02.png","width":396,"height":82,"caption":"Taxes4u"},"image":{"@id":"https:\/\/www.taxes4u.co.uk\/#\/schema\/logo\/image\/"}},{"@type":"Person","@id":"https:\/\/www.taxes4u.co.uk\/#\/schema\/person\/ee06b87a03cd2c51ef99b38e96b05669","name":"Malaicik","image":{"@type":"ImageObject","inLanguage":"ro-RO","@id":"https:\/\/www.taxes4u.co.uk\/wp-content\/litespeed\/avatar\/de51a5554b0ffb96c04957c773c33138.jpg?ver=1776458316","url":"https:\/\/www.taxes4u.co.uk\/wp-content\/litespeed\/avatar\/de51a5554b0ffb96c04957c773c33138.jpg?ver=1776458316","contentUrl":"https:\/\/www.taxes4u.co.uk\/wp-content\/litespeed\/avatar\/de51a5554b0ffb96c04957c773c33138.jpg?ver=1776458316","caption":"Malaicik"},"sameAs":["http:\/\/taxes4u.co.uk"],"url":"https:\/\/www.taxes4u.co.uk\/ro\/author\/malaicik"}]}},"uagb_featured_image_src":{"full":false,"thumbnail":false,"medium":false,"medium_large":false,"large":false,"1536x1536":false,"2048x2048":false,"trp-custom-language-flag":false},"uagb_author_info":{"display_name":"Malaicik","author_link":"https:\/\/www.taxes4u.co.uk\/ro\/author\/malaicik"},"uagb_comment_info":0,"uagb_excerpt":"Blog How Much Mortgage Can I Borrow? How Much Mortgage Can I Borrow? Tips and Factors to Consider Factors That Determine How Much Mortgage You Can Borrow The amount of mortgage you can borrow depends on several factors, including your income, expenses, credit history, and the lender&#8217;s criteria. Here are some of the key factors&hellip;","_links":{"self":[{"href":"https:\/\/www.taxes4u.co.uk\/ro\/wp-json\/wp\/v2\/pages\/1770","targetHints":{"allow":["GET"]}}],"collection":[{"href":"https:\/\/www.taxes4u.co.uk\/ro\/wp-json\/wp\/v2\/pages"}],"about":[{"href":"https:\/\/www.taxes4u.co.uk\/ro\/wp-json\/wp\/v2\/types\/page"}],"author":[{"embeddable":true,"href":"https:\/\/www.taxes4u.co.uk\/ro\/wp-json\/wp\/v2\/users\/1"}],"replies":[{"embeddable":true,"href":"https:\/\/www.taxes4u.co.uk\/ro\/wp-json\/wp\/v2\/comments?post=1770"}],"version-history":[{"count":6,"href":"https:\/\/www.taxes4u.co.uk\/ro\/wp-json\/wp\/v2\/pages\/1770\/revisions"}],"predecessor-version":[{"id":1885,"href":"https:\/\/www.taxes4u.co.uk\/ro\/wp-json\/wp\/v2\/pages\/1770\/revisions\/1885"}],"wp:attachment":[{"href":"https:\/\/www.taxes4u.co.uk\/ro\/wp-json\/wp\/v2\/media?parent=1770"}],"curies":[{"name":"wp","href":"https:\/\/api.w.org\/{rel}","templated":true}]}}