{"id":1228,"date":"2020-06-06T13:09:53","date_gmt":"2020-06-06T13:09:53","guid":{"rendered":"http:\/\/www.taxes4u.co.uk\/?page_id=1228"},"modified":"2025-04-06T13:42:47","modified_gmt":"2025-04-06T13:42:47","slug":"services-penalties-and-appeals-for-late-tax-return-submissions","status":"publish","type":"page","link":"https:\/\/www.taxes4u.co.uk\/ru\/services-penalties-and-appeals-for-late-tax-return-submissions","title":{"rendered":"\u0428\u0442\u0440\u0430\u0444\u044b \u0438 A\u043f\u0435\u043b\u043b\u044f\u0446\u0438\u0438"},"content":{"rendered":"<h5>\n\t\t\t\t\u0423\u0441\u043b\u0443\u0433\u0438\n\t\t\t<\/h5>\n\t<h1>\n\t\t\t\tPenalties &#038; Appeals for late Tax Return submission\n\t\t\t<\/h1>\n\t\t\t\t<img decoding=\"async\" src=\"https:\/\/www.taxes4u.co.uk\/wp-content\/uploads\/bb-plugin\/cache\/Taxes4u-Penalties-Appeals-for-late-Tax-Return-submission-square.png\" alt=\"\u0428\u0442\u0440\u0430\u0444\u044b \u0438 \u0430\u043f\u0435\u043b\u043b\u044f\u0446\u0438\u0438 \u0437\u0430 \u043d\u0435\u0441\u0432\u043e\u0435\u0432\u0440\u0435\u043c\u0435\u043d\u043d\u0443\u044e \u043f\u043e\u0434\u0430\u0447\u0443 \u043d\u0430\u043b\u043e\u0433\u043e\u0432\u043e\u0439 \u0434\u0435\u043a\u043b\u0430\u0440\u0430\u0446\u0438\u0438. \u0428\u0442\u0440\u0430\u0444\u044b \u0438 \u0430\u043f\u0435\u043b\u043b\u044f\u0446\u0438\u0438 \u0437\u0430 \u043d\u0435\u0441\u0432\u043e\u0435\u0432\u0440\u0435\u043c\u0435\u043d\u043d\u043e\u0435 \u043f\u0440\u0435\u0434\u0441\u0442\u0430\u0432\u043b\u0435\u043d\u0438\u0435 \u043d\u0430\u043b\u043e\u0433\u043e\u0432\u043e\u0439 \u0434\u0435\u043a\u043b\u0430\u0440\u0430\u0446\u0438\u0438. \u0428\u0442\u0440\u0430\u0444\u044b \u0438 \u0430\u043f\u0435\u043b\u043b\u044f\u0446\u0438\u0438 \u0437\u0430 \u043d\u0435\u0441\u0432\u043e\u0435\u0432\u0440\u0435\u043c\u0435\u043d\u043d\u0443\u044e \u043f\u043e\u0434\u0430\u0447\u0443 \u043d\u0430\u043b\u043e\u0433\u043e\u0432\u043e\u0439 \u0434\u0435\u043a\u043b\u0430\u0440\u0430\u0446\u0438\u0438. Baudos ir apeliacijos u\u017e pav\u0117luot\u0105 mokes\u010di\u0173 deklaracijos pateikim\u0105.\" title=\"Taxes4u - \u0428\u0442\u0440\u0430\u0444\u044b \u0438 \u0430\u043f\u0435\u043b\u043b\u044f\u0446\u0438\u0438 \u0437\u0430 \u043d\u0435\u0441\u0432\u043e\u0435\u0432\u0440\u0435\u043c\u0435\u043d\u043d\u0443\u044e \u043f\u043e\u0434\u0430\u0447\u0443 \u043d\u0430\u043b\u043e\u0433\u043e\u0432\u043e\u0439 \u0434\u0435\u043a\u043b\u0430\u0440\u0430\u0446\u0438\u0438\" itemprop=\"image\"\/>\n\t<h2>\n\t\t\t\tPenalties &#038; Appeals for late Tax Return submission\n\t\t\t<\/h2>\n\t<h4>\n\t\t\t\t\u0427\u0442\u043e \u043c\u044b \u043f\u0440\u0435\u0434\u043b\u0430\u0433\u0430\u0435\u043c\n\t\t\t<\/h4>\n\t\t\t<p>\u0415\u0441\u043b\u0438 \u0432\u044b \u043d\u0435 \u043f\u043e\u0434\u0430\u043b\u0438 \u043d\u0430\u043b\u043e\u0433\u043e\u0432\u0443\u044e \u0434\u0435\u043a\u043b\u0430\u0440\u0430\u0446\u0438\u044e \u0432\u043e\u0432\u0440\u0435\u043c\u044f, \u043c\u044b \u043c\u043e\u0436\u0435\u043c \u043f\u043e\u043c\u043e\u0447\u044c \u0432\u0430\u043c \u043e\u0431\u0436\u0430\u043b\u043e\u0432\u0430\u0442\u044c \u0448\u0442\u0440\u0430\u0444 \u0437\u0430 \u043d\u0435\u0441\u0432\u043e\u0435\u0432\u0440\u0435\u043c\u0435\u043d\u043d\u0443\u044e \u043e\u0442\u043f\u0440\u0430\u0432\u043a\u0443 \u043d\u0430\u043b\u043e\u0433\u043e\u0432\u043e\u0439 \u0434\u0435\u043a\u043b\u0430\u0440\u0430\u0446\u0438\u0438, \u0435\u0441\u043b\u0438 \u0443 \u0432\u0430\u0441 \u0435\u0441\u0442\u044c \u0440\u0430\u0437\u0443\u043c\u043d\u0430\u044f \u043f\u0440\u0438\u0447\u0438\u043d\u0430.<\/p>\t\n\t<h4>\n\t\t\t\t\u0421\u0440\u043e\u043a\u0438 \u0438 \u0448\u0442\u0440\u0430\u0444\u044b\n\t\t\t<\/h4>\n\t\t\t<p>HM Revenue and Customs (HMRC) must receive your Tax Return and any money you owe by the deadline.The Last tax year started 6 April 2024 and ended on 5 April 2025.<strong>\u0421\u0440\u043e\u043a\u0438<\/strong><table><tbody><tr><td width=\"301\">\u0417\u0430\u0440\u0435\u0433\u0438\u0441\u0442\u0440\u0438\u0440\u043e\u0432\u0430\u0442\u044c\u0441\u044f \u0434\u043b\u044f \u0438\u043d\u0434\u0438\u0432\u0438\u0434\u0443\u0430\u043b\u044c\u043d\u043e\u0439 \u043e\u0446\u0435\u043d\u043a\u0438 (Self Assessment)<\/td><td width=\"301\">5 \u043e\u043a\u0442\u044f\u0431\u0440\u044f 2025 \u0433.<\/td><\/tr><tr><td width=\"301\">\u041d\u0430\u043b\u043e\u0433\u043e\u0432\u0430\u044f \u0434\u0435\u043a\u043b\u0430\u0440\u0430\u0446\u0438\u044f \u0432 \u0431\u0443\u043c\u0430\u0436\u043d\u043e\u0439 \u0444\u043e\u0440\u043c\u0435<\/td><td width=\"301\">\u041f\u043e\u043b\u043d\u043e\u0447\u044c 31 \u043e\u043a\u0442\u044f\u0431\u0440\u044f 2025 \u0433.<\/td><\/tr><tr><td width=\"301\">\u041d\u0430\u043b\u043e\u0433\u043e\u0432\u0430\u044f \u0434\u0435\u043a\u043b\u0430\u0440\u0430\u0446\u0438\u044f \u043e\u043d\u043b\u0430\u0439\u043d (Online Tax Return)<\/td><td width=\"301\">\u041f\u043e\u043b\u043d\u043e\u0447\u044c 31 \u043e\u043a\u0442\u044f\u0431\u0440\u044f 2025 \u0433.<\/td><\/tr><tr><td width=\"301\">\u0417\u0430\u043f\u043b\u0430\u0442\u0438\u0442\u044c \u043d\u0430\u043b\u043e\u0433, \u043a\u043e\u0442\u043e\u0440\u044b\u0439 \u0432\u044b \u0434\u043e\u043b\u0436\u043d\u044b<\/td><td width=\"301\">\u041f\u043e\u043b\u043d\u043e\u0447\u044c 31 \u043e\u043a\u0442\u044f\u0431\u0440\u044f 2025 \u0433.<\/td><\/tr><\/tbody><\/table>\u0415\u0441\u043b\u0438 \u0432\u044b \u0432\u043d\u043e\u0441\u0438\u0442\u0435 \u0430\u0432\u0430\u043d\u0441\u043e\u0432\u044b\u0439 \u043f\u043b\u0430\u0442\u0435\u0436 \u0432 \u0441\u0447\u0435\u0442, \u0438\u0437\u0432\u0435\u0441\u0442\u043d\u044b\u0439 \u043a\u0430\u043a \"\u041e\u043f\u043b\u0430\u0442\u0430 \u043f\u043e \u0441\u0447\u0435\u0442\u0443\", \u043c\u043e\u0436\u0435\u0442 \u0431\u044b\u0442\u044c \u0443\u0441\u0442\u0430\u043d\u043e\u0432\u043b\u0435\u043d \u0432\u0442\u043e\u0440\u043e\u0439 \u0441\u0440\u043e\u043a \u043e\u043f\u043b\u0430\u0442\u044b - 31 \u0438\u044e\u043b\u044f.<strong>\u0428\u0442\u0440\u0430\u0444\u044b:<\/strong>\u0412 \u043e\u0442\u043d\u043e\u0448\u0435\u043d\u0438\u0438 \u0434\u0435\u043a\u043b\u0430\u0440\u0430\u0446\u0438\u0439 \u043f\u043e \u043b\u0438\u0447\u043d\u043e\u043c\u0443 \u043f\u043e\u0434\u043e\u0445\u043e\u0434\u043d\u043e\u043c\u0443 \u043d\u0430\u043b\u043e\u0433\u0443 \u0441 \u043e\u043f\u043e\u0437\u0434\u0430\u043d\u0438\u0435\u043c \u043f\u0440\u0438\u043c\u0435\u043d\u044f\u044e\u0442\u0441\u044f \u0441\u043b\u0435\u0434\u0443\u044e\u0449\u0438\u0435 \u0448\u0442\u0440\u0430\u0444\u043d\u044b\u0435 \u0441\u0430\u043d\u043a\u0446\u0438\u0438:<ul><li>\u0428\u0442\u0440\u0430\u0444 \u0432 \u0440\u0430\u0437\u043c\u0435\u0440\u0435 \u00a3100 \u0441\u0440\u0430\u0437\u0443 \u0436\u0435 \u043f\u043e\u0441\u043b\u0435 \u0438\u0441\u0442\u0435\u0447\u0435\u043d\u0438\u044f \u0441\u0440\u043e\u043a\u0430 \u043f\u043e\u0434\u0430\u0447\u0438 \u0437\u0430\u044f\u0432\u043a\u0438 (\u0434\u0430\u0436\u0435 \u0435\u0441\u043b\u0438 \u043d\u0435\u0442 \u043d\u0435\u043e\u0431\u0445\u043e\u0434\u0438\u043c\u043e\u0441\u0442\u0438 \u043f\u043b\u0430\u0442\u0438\u0442\u044c \u043d\u0430\u043b\u043e\u0433 \u0438\u043b\u0438 \u043f\u0440\u0438\u0447\u0438\u0442\u0430\u044e\u0449\u0438\u0439\u0441\u044f \u043d\u0430\u043b\u043e\u0433 \u0443\u0436\u0435 \u0443\u043f\u043b\u0430\u0447\u0435\u043d).<\/li><\/ul>\u0414\u043e\u043f\u043e\u043b\u043d\u0438\u0442\u0435\u043b\u044c\u043d\u044b\u0435 \u0448\u0442\u0440\u0430\u0444\u044b \u043c\u043e\u0433\u0443\u0442 \u0431\u044b\u0442\u044c \u0432\u0437\u044b\u0441\u043a\u0430\u043d\u044b \u0441\u043b\u0435\u0434\u0443\u044e\u0449\u0438\u043c \u043e\u0431\u0440\u0430\u0437\u043e\u043c:<\/p><ul><li>over 3 months late &#8211; a \u00a310 daily penalty up to a maximum of \u00a3900<\/li><li>over 6 months late &#8211; an additional \u00a3300 or 5% of the tax due if higher<\/li><li>over 12 months late &#8211; a further \u00a3300 or a further 5% of the tax due if higher. In particularly serious cases there is a penalty of up to 100% of the tax due<\/li><\/ul>\t\n\t<h4>\n\t\t\t\t\u0421\u0442\u043e\u0438\u043c\u043e\u0441\u0442\u044c \u0443\u0441\u043b\u0443\u0433\u0438\n\t\t\t<\/h4>\n\t\t\t<p>\u00a355<\/p>\t\n\t<h5>\n\t\t\t\t\u0411\u0435\u0441\u043f\u043b\u0430\u0442\u043d\u0430\u044f \u043e\u0446\u0435\u043d\u043a\u0430 \u0443\u0441\u043b\u0443\u0433\n\t\t\t<\/h5>\n\t<h2>\n\t\t\t\t\u0417\u0430\u043f\u0440\u043e\u0441 \u0440\u0430\u0441\u0446\u0435\u043d\u043e\u043a\n\t\t\t<\/h2>\n\t\t\t<p>\u041d\u0443\u0436\u043d\u043e \u043e\u0431\u0441\u0443\u0434\u0438\u0442\u044c \u0431\u0443\u0445\u0433\u0430\u043b\u0442\u0435\u0440\u0441\u043a\u0438\u0435 \u0443\u0441\u043b\u0443\u0433\u0438 \u0434\u043b\u044f \u0432\u0430\u0441 \u0438 \u0432\u0430\u0448\u0435\u0433\u043e \u0431\u0438\u0437\u043d\u0435\u0441\u0430? \u0421\u0432\u044f\u0436\u0438\u0442\u0435\u0441\u044c \u0441 \u043d\u0430\u043c\u0438, \u0447\u0442\u043e\u0431\u044b \u043f\u043e\u043b\u0443\u0447\u0438\u0442\u044c \u0431\u0435\u0441\u043f\u043b\u0430\u0442\u043d\u043e\u0435 \u0446\u0435\u043d\u043e\u0432\u043e\u0435 \u043f\u0440\u0435\u0434\u043b\u043e\u0436\u0435\u043d\u0438\u0435 \u0431\u0435\u0437 \u043e\u0431\u044f\u0437\u0430\u0442\u0435\u043b\u044c\u0441\u0442\u0432.<\/p>\t\n\t\t\t<a href=\"http:\/\/www.taxes4u.co.uk\/ru\/contact\/\" title=\"Click Here\" target=\"_self\"   role=\"button\" aria-label=\"\u041f\u043e\u043b\u0443\u0447\u0438\u0442\u044c \u043e\u0446\u0435\u043d\u043a\u0443\">\n\t\t\t\t\t\t\t\u041f\u043e\u043b\u0443\u0447\u0438\u0442\u044c \u043e\u0446\u0435\u043d\u043a\u0443\n\t\t<\/a>","protected":false},"excerpt":{"rendered":"<p>Services Penalties &#038; Appeals for late Tax Return submission Penalties &#038; Appeals for late Tax Return submission What we offer If you have not submitted your Tax Return on time we can help you to appeal against a penalty for sending your Tax return late, if you have reasonable excuse Deadlines and penalties HM Revenue [&hellip;]<\/p>\n","protected":false},"author":1,"featured_media":0,"parent":0,"menu_order":0,"comment_status":"closed","ping_status":"closed","template":"","meta":{"_uag_custom_page_level_css":"","site-sidebar-layout":"default","site-content-layout":"page-builder","ast-site-content-layout":"default","site-content-style":"default","site-sidebar-style":"default","ast-global-header-display":"","ast-banner-title-visibility":"","ast-main-header-display":"","ast-hfb-above-header-display":"","ast-hfb-below-header-display":"","ast-hfb-mobile-header-display":"","site-post-title":"disabled","ast-breadcrumbs-content":"","ast-featured-img":"disabled","footer-sml-layout":"","ast-disable-related-posts":"","theme-transparent-header-meta":"enabled","adv-header-id-meta":"","stick-header-meta":"default","header-above-stick-meta":"","header-main-stick-meta":"","header-below-stick-meta":"","astra-migrate-meta-layouts":"default","ast-page-background-enabled":"default","ast-page-background-meta":{"desktop":{"background-color":"","background-image":"","background-repeat":"repeat","background-position":"center center","background-size":"auto","background-attachment":"scroll","background-type":"","background-media":"","overlay-type":"","overlay-color":"","overlay-opacity":"","overlay-gradient":""},"tablet":{"background-color":"","background-image":"","background-repeat":"repeat","background-position":"center center","background-size":"auto","background-attachment":"scroll","background-type":"","background-media":"","overlay-type":"","overlay-color":"","overlay-opacity":"","overlay-gradient":""},"mobile":{"background-color":"","background-image":"","background-repeat":"repeat","background-position":"center center","background-size":"auto","background-attachment":"scroll","background-type":"","background-media":"","overlay-type":"","overlay-color":"","overlay-opacity":"","overlay-gradient":""}},"ast-content-background-meta":{"desktop":{"background-color":"var(--ast-global-color-5)","background-image":"","background-repeat":"repeat","background-position":"center center","background-size":"auto","background-attachment":"scroll","background-type":"","background-media":"","overlay-type":"","overlay-color":"","overlay-opacity":"","overlay-gradient":""},"tablet":{"background-color":"var(--ast-global-color-5)","background-image":"","background-repeat":"repeat","background-position":"center center","background-size":"auto","background-attachment":"scroll","background-type":"","background-media":"","overlay-type":"","overlay-color":"","overlay-opacity":"","overlay-gradient":""},"mobile":{"background-color":"var(--ast-global-color-5)","background-image":"","background-repeat":"repeat","background-position":"center center","background-size":"auto","background-attachment":"scroll","background-type":"","background-media":"","overlay-type":"","overlay-color":"","overlay-opacity":"","overlay-gradient":""}},"footnotes":""},"class_list":["post-1228","page","type-page","status-publish","hentry"],"yoast_head":"<!-- This site is optimized with the Yoast SEO plugin v27.4 - https:\/\/yoast.com\/product\/yoast-seo-wordpress\/ -->\n<title>Penalties And Appeals For Late Tax Return Submission - Taxes4u<\/title>\n<meta name=\"description\" content=\"We can assist you with Penalties And Appeals for late Tax Return Submission if you have not submitted your Tax Return on time and have reasonable excuse.\" \/>\n<meta name=\"robots\" content=\"index, follow, max-snippet:-1, max-image-preview:large, max-video-preview:-1\" \/>\n<link rel=\"canonical\" href=\"https:\/\/www.taxes4u.co.uk\/ru\/services-penalties-and-appeals-for-late-tax-return-submissions\/\" \/>\n<meta property=\"og:locale\" content=\"ru_RU\" \/>\n<meta property=\"og:type\" content=\"article\" \/>\n<meta property=\"og:title\" content=\"Penalties And Appeals For Late Tax Return Submission - Taxes4u\" \/>\n<meta property=\"og:description\" content=\"We can assist you with Penalties And Appeals for late Tax Return Submission if you have not submitted your Tax Return on time and have reasonable excuse.\" \/>\n<meta property=\"og:url\" content=\"https:\/\/www.taxes4u.co.uk\/ru\/services-penalties-and-appeals-for-late-tax-return-submissions\/\" \/>\n<meta property=\"og:site_name\" content=\"Taxes4u\" \/>\n<meta property=\"article:modified_time\" content=\"2025-04-06T13:42:47+00:00\" \/>\n<meta property=\"og:image\" content=\"https:\/\/www.taxes4u.co.uk\/wp-content\/uploads\/bb-plugin\/cache\/Taxes4u-Penalties-Appeals-for-late-Tax-Return-submission-square.png\" \/>\n<meta name=\"twitter:card\" content=\"summary_large_image\" \/>\n<meta name=\"twitter:label1\" content=\"\u041f\u0440\u0438\u043c\u0435\u0440\u043d\u043e\u0435 \u0432\u0440\u0435\u043c\u044f \u0434\u043b\u044f \u0447\u0442\u0435\u043d\u0438\u044f\" \/>\n\t<meta name=\"twitter:data1\" content=\"1 \u043c\u0438\u043d\u0443\u0442\u0430\" \/>\n<script type=\"application\/ld+json\" class=\"yoast-schema-graph\">{\"@context\":\"https:\\\/\\\/schema.org\",\"@graph\":[{\"@type\":\"WebPage\",\"@id\":\"https:\\\/\\\/www.taxes4u.co.uk\\\/services-penalties-and-appeals-for-late-tax-return-submissions\",\"url\":\"https:\\\/\\\/www.taxes4u.co.uk\\\/services-penalties-and-appeals-for-late-tax-return-submissions\",\"name\":\"Penalties And Appeals For Late Tax Return Submission - Taxes4u\",\"isPartOf\":{\"@id\":\"https:\\\/\\\/www.taxes4u.co.uk\\\/#website\"},\"primaryImageOfPage\":{\"@id\":\"https:\\\/\\\/www.taxes4u.co.uk\\\/services-penalties-and-appeals-for-late-tax-return-submissions#primaryimage\"},\"image\":{\"@id\":\"https:\\\/\\\/www.taxes4u.co.uk\\\/services-penalties-and-appeals-for-late-tax-return-submissions#primaryimage\"},\"thumbnailUrl\":\"https:\\\/\\\/www.taxes4u.co.uk\\\/wp-content\\\/uploads\\\/bb-plugin\\\/cache\\\/Taxes4u-Penalties-Appeals-for-late-Tax-Return-submission-square.png\",\"datePublished\":\"2020-06-06T13:09:53+00:00\",\"dateModified\":\"2025-04-06T13:42:47+00:00\",\"description\":\"We can assist you with Penalties And Appeals for late Tax Return Submission if you have not submitted your Tax Return on time and have reasonable excuse.\",\"breadcrumb\":{\"@id\":\"https:\\\/\\\/www.taxes4u.co.uk\\\/services-penalties-and-appeals-for-late-tax-return-submissions#breadcrumb\"},\"inLanguage\":\"ru-RU\",\"potentialAction\":[{\"@type\":\"ReadAction\",\"target\":[\"https:\\\/\\\/www.taxes4u.co.uk\\\/services-penalties-and-appeals-for-late-tax-return-submissions\"]}]},{\"@type\":\"ImageObject\",\"inLanguage\":\"ru-RU\",\"@id\":\"https:\\\/\\\/www.taxes4u.co.uk\\\/services-penalties-and-appeals-for-late-tax-return-submissions#primaryimage\",\"url\":\"https:\\\/\\\/www.taxes4u.co.uk\\\/wp-content\\\/uploads\\\/bb-plugin\\\/cache\\\/Taxes4u-Penalties-Appeals-for-late-Tax-Return-submission-square.png\",\"contentUrl\":\"https:\\\/\\\/www.taxes4u.co.uk\\\/wp-content\\\/uploads\\\/bb-plugin\\\/cache\\\/Taxes4u-Penalties-Appeals-for-late-Tax-Return-submission-square.png\"},{\"@type\":\"BreadcrumbList\",\"@id\":\"https:\\\/\\\/www.taxes4u.co.uk\\\/services-penalties-and-appeals-for-late-tax-return-submissions#breadcrumb\",\"itemListElement\":[{\"@type\":\"ListItem\",\"position\":1,\"name\":\"Home\",\"item\":\"https:\\\/\\\/www.taxes4u.co.uk\\\/\"},{\"@type\":\"ListItem\",\"position\":2,\"name\":\"Penalties &#038; Appeals\"}]},{\"@type\":\"WebSite\",\"@id\":\"https:\\\/\\\/www.taxes4u.co.uk\\\/#website\",\"url\":\"https:\\\/\\\/www.taxes4u.co.uk\\\/\",\"name\":\"Taxes4u\",\"description\":\"Tax Returns, Payroll, Bookkeeping\",\"publisher\":{\"@id\":\"https:\\\/\\\/www.taxes4u.co.uk\\\/#organization\"},\"potentialAction\":[{\"@type\":\"SearchAction\",\"target\":{\"@type\":\"EntryPoint\",\"urlTemplate\":\"https:\\\/\\\/www.taxes4u.co.uk\\\/?s={search_term_string}\"},\"query-input\":{\"@type\":\"PropertyValueSpecification\",\"valueRequired\":true,\"valueName\":\"search_term_string\"}}],\"inLanguage\":\"ru-RU\"},{\"@type\":\"Organization\",\"@id\":\"https:\\\/\\\/www.taxes4u.co.uk\\\/#organization\",\"name\":\"Taxes4u\",\"url\":\"https:\\\/\\\/www.taxes4u.co.uk\\\/\",\"logo\":{\"@type\":\"ImageObject\",\"inLanguage\":\"ru-RU\",\"@id\":\"https:\\\/\\\/www.taxes4u.co.uk\\\/#\\\/schema\\\/logo\\\/image\\\/\",\"url\":\"https:\\\/\\\/www.taxes4u.co.uk\\\/wp-content\\\/uploads\\\/2020\\\/06\\\/cropped-3001_Taxes4u_RB_GR-02.png\",\"contentUrl\":\"https:\\\/\\\/www.taxes4u.co.uk\\\/wp-content\\\/uploads\\\/2020\\\/06\\\/cropped-3001_Taxes4u_RB_GR-02.png\",\"width\":396,\"height\":82,\"caption\":\"Taxes4u\"},\"image\":{\"@id\":\"https:\\\/\\\/www.taxes4u.co.uk\\\/#\\\/schema\\\/logo\\\/image\\\/\"}}]}<\/script>\n<!-- \/ Yoast SEO plugin. -->","yoast_head_json":{"title":"\u0428\u0442\u0440\u0430\u0444\u044b \u0438 \u0430\u043f\u0435\u043b\u043b\u044f\u0446\u0438\u0438 \u0437\u0430 \u043f\u0440\u043e\u0441\u0440\u043e\u0447\u043a\u0443 \u043d\u0430\u043b\u043e\u0433\u043e\u0432\u043e\u0439 \u0434\u0435\u043a\u043b\u0430\u0440\u0430\u0446\u0438\u0438 | Taxes4u","description":"\u041f\u043e\u043c\u043e\u0433\u0430\u0435\u043c \u043e\u0431\u0436\u0430\u043b\u043e\u0432\u0430\u0442\u044c \u0448\u0442\u0440\u0430\u0444\u044b HMRC \u0437\u0430 \u043d\u0435\u0441\u0432\u043e\u0435\u0432\u0440\u0435\u043c\u0435\u043d\u043d\u0443\u044e \u043f\u043e\u0434\u0430\u0447\u0443 \u0434\u0435\u043a\u043b\u0430\u0440\u0430\u0446\u0438\u0438 \u043f\u0440\u0438 \u043d\u0430\u043b\u0438\u0447\u0438\u0438 \u0443\u0432\u0430\u0436\u0438\u0442\u0435\u043b\u044c\u043d\u043e\u0439 \u043f\u0440\u0438\u0447\u0438\u043d\u044b. \u0421\u0432\u044f\u0436\u0438\u0442\u0435\u0441\u044c \u0441 Taxes4u \u0441\u0435\u0433\u043e\u0434\u043d\u044f.","robots":{"index":"index","follow":"follow","max-snippet":"max-snippet:-1","max-image-preview":"max-image-preview:large","max-video-preview":"max-video-preview:-1"},"canonical":"https:\/\/www.taxes4u.co.uk\/ru\/services-penalties-and-appeals-for-late-tax-return-submissions\/","og_locale":"ru_RU","og_type":"article","og_title":"Penalties And Appeals For Late Tax Return Submission - Taxes4u","og_description":"We can assist you with Penalties And Appeals for late Tax Return Submission if you have not submitted your Tax Return on time and have reasonable excuse.","og_url":"https:\/\/www.taxes4u.co.uk\/ru\/services-penalties-and-appeals-for-late-tax-return-submissions\/","og_site_name":"Taxes4u","article_modified_time":"2025-04-06T13:42:47+00:00","og_image":[{"url":"https:\/\/www.taxes4u.co.uk\/wp-content\/uploads\/bb-plugin\/cache\/Taxes4u-Penalties-Appeals-for-late-Tax-Return-submission-square.png","type":"","width":"","height":""}],"twitter_card":"summary_large_image","twitter_misc":{"\u041f\u0440\u0438\u043c\u0435\u0440\u043d\u043e\u0435 \u0432\u0440\u0435\u043c\u044f \u0434\u043b\u044f \u0447\u0442\u0435\u043d\u0438\u044f":"1 \u043c\u0438\u043d\u0443\u0442\u0430"},"schema":{"@context":"https:\/\/schema.org","@graph":[{"@type":"WebPage","@id":"https:\/\/www.taxes4u.co.uk\/services-penalties-and-appeals-for-late-tax-return-submissions","url":"https:\/\/www.taxes4u.co.uk\/services-penalties-and-appeals-for-late-tax-return-submissions","name":"\u0428\u0442\u0440\u0430\u0444\u044b \u0438 \u0430\u043f\u0435\u043b\u043b\u044f\u0446\u0438\u0438 \u0437\u0430 \u043f\u0440\u043e\u0441\u0440\u043e\u0447\u043a\u0443 \u043d\u0430\u043b\u043e\u0433\u043e\u0432\u043e\u0439 \u0434\u0435\u043a\u043b\u0430\u0440\u0430\u0446\u0438\u0438 | Taxes4u","isPartOf":{"@id":"https:\/\/www.taxes4u.co.uk\/#website"},"primaryImageOfPage":{"@id":"https:\/\/www.taxes4u.co.uk\/services-penalties-and-appeals-for-late-tax-return-submissions#primaryimage"},"image":{"@id":"https:\/\/www.taxes4u.co.uk\/services-penalties-and-appeals-for-late-tax-return-submissions#primaryimage"},"thumbnailUrl":"https:\/\/www.taxes4u.co.uk\/wp-content\/uploads\/bb-plugin\/cache\/Taxes4u-Penalties-Appeals-for-late-Tax-Return-submission-square.png","datePublished":"2020-06-06T13:09:53+00:00","dateModified":"2025-04-06T13:42:47+00:00","description":"\u041f\u043e\u043c\u043e\u0433\u0430\u0435\u043c \u043e\u0431\u0436\u0430\u043b\u043e\u0432\u0430\u0442\u044c \u0448\u0442\u0440\u0430\u0444\u044b HMRC \u0437\u0430 \u043d\u0435\u0441\u0432\u043e\u0435\u0432\u0440\u0435\u043c\u0435\u043d\u043d\u0443\u044e \u043f\u043e\u0434\u0430\u0447\u0443 \u0434\u0435\u043a\u043b\u0430\u0440\u0430\u0446\u0438\u0438 \u043f\u0440\u0438 \u043d\u0430\u043b\u0438\u0447\u0438\u0438 \u0443\u0432\u0430\u0436\u0438\u0442\u0435\u043b\u044c\u043d\u043e\u0439 \u043f\u0440\u0438\u0447\u0438\u043d\u044b. \u0421\u0432\u044f\u0436\u0438\u0442\u0435\u0441\u044c \u0441 Taxes4u \u0441\u0435\u0433\u043e\u0434\u043d\u044f.","breadcrumb":{"@id":"https:\/\/www.taxes4u.co.uk\/services-penalties-and-appeals-for-late-tax-return-submissions#breadcrumb"},"inLanguage":"ru-RU","potentialAction":[{"@type":"ReadAction","target":["https:\/\/www.taxes4u.co.uk\/services-penalties-and-appeals-for-late-tax-return-submissions"]}]},{"@type":"ImageObject","inLanguage":"ru-RU","@id":"https:\/\/www.taxes4u.co.uk\/services-penalties-and-appeals-for-late-tax-return-submissions#primaryimage","url":"https:\/\/www.taxes4u.co.uk\/wp-content\/uploads\/bb-plugin\/cache\/Taxes4u-Penalties-Appeals-for-late-Tax-Return-submission-square.png","contentUrl":"https:\/\/www.taxes4u.co.uk\/wp-content\/uploads\/bb-plugin\/cache\/Taxes4u-Penalties-Appeals-for-late-Tax-Return-submission-square.png"},{"@type":"BreadcrumbList","@id":"https:\/\/www.taxes4u.co.uk\/services-penalties-and-appeals-for-late-tax-return-submissions#breadcrumb","itemListElement":[{"@type":"ListItem","position":1,"name":"Home","item":"https:\/\/www.taxes4u.co.uk\/"},{"@type":"ListItem","position":2,"name":"Penalties &#038; Appeals"}]},{"@type":"WebSite","@id":"https:\/\/www.taxes4u.co.uk\/#website","url":"https:\/\/www.taxes4u.co.uk\/","name":"Taxes4u","description":"\u041d\u0430\u043b\u043e\u0433\u043e\u0432\u044b\u0435 \u0434\u0435\u043a\u043b\u0430\u0440\u0430\u0446\u0438\u0438, \u0417\u0430\u0440\u043f\u043b\u0430\u0442\u0430, \u0411\u0443\u0445\u0433\u0430\u043b\u0442\u0435\u0440\u0441\u043a\u0438\u0439 \u0443\u0447\u0435\u0442","publisher":{"@id":"https:\/\/www.taxes4u.co.uk\/#organization"},"potentialAction":[{"@type":"SearchAction","target":{"@type":"EntryPoint","urlTemplate":"https:\/\/www.taxes4u.co.uk\/?s={search_term_string}"},"query-input":{"@type":"PropertyValueSpecification","valueRequired":true,"valueName":"search_term_string"}}],"inLanguage":"ru-RU"},{"@type":"Organization","@id":"https:\/\/www.taxes4u.co.uk\/#organization","name":"Taxes4u","url":"https:\/\/www.taxes4u.co.uk\/","logo":{"@type":"ImageObject","inLanguage":"ru-RU","@id":"https:\/\/www.taxes4u.co.uk\/#\/schema\/logo\/image\/","url":"https:\/\/www.taxes4u.co.uk\/wp-content\/uploads\/2020\/06\/cropped-3001_Taxes4u_RB_GR-02.png","contentUrl":"https:\/\/www.taxes4u.co.uk\/wp-content\/uploads\/2020\/06\/cropped-3001_Taxes4u_RB_GR-02.png","width":396,"height":82,"caption":"Taxes4u"},"image":{"@id":"https:\/\/www.taxes4u.co.uk\/#\/schema\/logo\/image\/"}}]}},"uagb_featured_image_src":{"full":false,"thumbnail":false,"medium":false,"medium_large":false,"large":false,"1536x1536":false,"2048x2048":false,"trp-custom-language-flag":false},"uagb_author_info":{"display_name":"Malaicik","author_link":"https:\/\/www.taxes4u.co.uk\/ru\/author\/malaicik"},"uagb_comment_info":0,"uagb_excerpt":"Services Penalties &#038; Appeals for late Tax Return submission Penalties &#038; Appeals for late Tax Return submission What we offer If you have not submitted your Tax Return on time we can help you to appeal against a penalty for sending your Tax return late, if you have reasonable excuse Deadlines and penalties HM Revenue&hellip;","_links":{"self":[{"href":"https:\/\/www.taxes4u.co.uk\/ru\/wp-json\/wp\/v2\/pages\/1228","targetHints":{"allow":["GET"]}}],"collection":[{"href":"https:\/\/www.taxes4u.co.uk\/ru\/wp-json\/wp\/v2\/pages"}],"about":[{"href":"https:\/\/www.taxes4u.co.uk\/ru\/wp-json\/wp\/v2\/types\/page"}],"author":[{"embeddable":true,"href":"https:\/\/www.taxes4u.co.uk\/ru\/wp-json\/wp\/v2\/users\/1"}],"replies":[{"embeddable":true,"href":"https:\/\/www.taxes4u.co.uk\/ru\/wp-json\/wp\/v2\/comments?post=1228"}],"version-history":[{"count":18,"href":"https:\/\/www.taxes4u.co.uk\/ru\/wp-json\/wp\/v2\/pages\/1228\/revisions"}],"predecessor-version":[{"id":1993,"href":"https:\/\/www.taxes4u.co.uk\/ru\/wp-json\/wp\/v2\/pages\/1228\/revisions\/1993"}],"wp:attachment":[{"href":"https:\/\/www.taxes4u.co.uk\/ru\/wp-json\/wp\/v2\/media?parent=1228"}],"curies":[{"name":"wp","href":"https:\/\/api.w.org\/{rel}","templated":true}]}}